{"id":14039,"date":"2020-05-01T12:02:29","date_gmt":"2020-05-01T10:02:29","guid":{"rendered":"https:\/\/www.elettrowebstore.com\/?post_type=product&#038;p=14039"},"modified":"2021-01-21T06:34:39","modified_gmt":"2021-01-21T05:34:39","slug":"paratia-snodabile-barriera-tra-postazioni-protezione-anticontagio-plexiglass-120x182-cm","status":"publish","type":"product","link":"https:\/\/www.elettrowebstore.com\/es\/shop\/plexiglas-120x182-cm-mampara-articulada-barrera-entre-postes\/","title":{"rendered":"Mampara de barrera articulada de plexigl\u00e1s 120\u00d7182 cm entre postes"},"content":{"rendered":"<h2 style=\"text-align: left\"><strong>Mampara de barrera articulada de plexigl\u00e1s 120\u00d7182 cm entre postes<br \/>\n<\/strong><\/h2>\n<p><span class=\"fontstyle0\"><a href=\"https:\/\/www.elettrowebstore.com\/shop\/paratia-snodabile-barriera-tra-postazioni-protezione-anticontagio-plexiglass-120x182-cm\/\"><strong>Mampara de barrera articulada de plexigl\u00e1s 120\u00d7182 cm entre postes<\/strong><\/a> es un <strong>panel divisorio acr\u00edlico<\/strong>Puede colocarse en el suelo. De hecho, el producto tiene un bastidor articulado, lo que permite colocarlo entre distintas mesas o entre distintas zonas de trabajo. Adem\u00e1s, la posibilidad de ser articulado le permite tener un armaz\u00f3n ligero pero, al mismo tiempo, estable en el suelo. Por tanto, puede desplazarse f\u00e1cilmente.<br \/>\n<\/span><\/p>\n<p><img loading=\"lazy\" decoding=\"async\" class=\"aligncenter wp-image-14048 size-full\" src=\"https:\/\/www.elettrowebstore.com\/EWS_Store\/wp-content\/uploads\/2020\/05\/paratia-autoportante-protezione-anticontagio-covid19-uffici-plexiglass-pannello-trasparente-120x182-1.jpg\" alt=\"Mampara de barrera articulada de plexigl\u00e1s 120x182 cm entre postes\" width=\"800\" height=\"600\" srcset=\"https:\/\/www.elettrowebstore.com\/EWS_Store\/wp-content\/uploads\/paratia-autoportante-protezione-anticontagio-covid19-uffici-plexiglass-pannello-trasparente-120x182-1.jpg 800w, https:\/\/www.elettrowebstore.com\/EWS_Store\/wp-content\/uploads\/paratia-autoportante-protezione-anticontagio-covid19-uffici-plexiglass-pannello-trasparente-120x182-1-600x450.jpg 600w, https:\/\/www.elettrowebstore.com\/EWS_Store\/wp-content\/uploads\/paratia-autoportante-protezione-anticontagio-covid19-uffici-plexiglass-pannello-trasparente-120x182-1-768x576.jpg 768w\" sizes=\"auto, (max-width: 800px) 100vw, 800px\" \/><\/p>\n<p>&nbsp;<\/p>\n<p><span class=\"fontstyle0\">Es una herramienta ideal para entornos de trabajo, tanto en oficinas como en zonas de producci\u00f3n. Permite separar varios puestos de trabajo sin dejar de dejar pasar la luz entre ellos. Es extremadamente f\u00e1cil de instalar y barato. De este modo, los operarios pueden verse entre s\u00ed pero permanecen protegidos unos de otros. La superficie es f\u00e1cil de limpiar con cualquier tipo de detergente. Permite mantener una distancia de seguridad y protege contra <\/span><span class=\"fontstyle0\">gota. <\/span><\/p>\n<p><span class=\"fontstyle0\">De hecho, son esas \"gotitas\" de saliva m\u00e1s o menos grandes que pueden desplazarse por el aire al hablar, toser o estornudar. Este tipo de barreras protegen pero, al mismo tiempo, permiten ver a trav\u00e9s de ellas.<br \/>\n<\/span><\/p>\n<p><strong> <img loading=\"lazy\" decoding=\"async\" class=\"aligncenter size-full wp-image-14045\" src=\"https:\/\/www.elettrowebstore.com\/EWS_Store\/wp-content\/uploads\/2020\/05\/paratia-autoportante-protezione-anticontagio-covid19-uffici-plexiglass-pannello-trasparente-120x182-3.jpg\" alt=\"Mampara de barrera articulada de plexigl\u00e1s 120x182 cm entre postes\" width=\"800\" height=\"386\" srcset=\"https:\/\/www.elettrowebstore.com\/EWS_Store\/wp-content\/uploads\/paratia-autoportante-protezione-anticontagio-covid19-uffici-plexiglass-pannello-trasparente-120x182-3.jpg 800w, https:\/\/www.elettrowebstore.com\/EWS_Store\/wp-content\/uploads\/paratia-autoportante-protezione-anticontagio-covid19-uffici-plexiglass-pannello-trasparente-120x182-3-600x290.jpg 600w, https:\/\/www.elettrowebstore.com\/EWS_Store\/wp-content\/uploads\/paratia-autoportante-protezione-anticontagio-covid19-uffici-plexiglass-pannello-trasparente-120x182-3-768x371.jpg 768w\" sizes=\"auto, (max-width: 800px) 100vw, 800px\" \/><\/strong><\/p>\n<h2><strong>Especificaciones t\u00e9cnicas<\/strong><\/h2>\n<p>A continuaci\u00f3n se exponen las principales caracter\u00edsticas t\u00e9cnicas del<strong> <span class=\"fontstyle0\"><a href=\"https:\/\/www.elettrowebstore.com\/shop\/paratia-snodabile-barriera-tra-postazioni-protezione-anticontagio-plexiglass-120x182-cm\/\">plexigl\u00e1s 120\u00d7182 cm barrera articulada mampara entre postes<\/a><\/span>:<br \/>\n<\/strong><\/p>\n<ul>\n<li>espesor de la chapa 3 mm<\/li>\n<li>totalmente de plexigl\u00e1s, con armaz\u00f3n articulado autoportante<\/li>\n<li><span class=\"fontstyle0\">tama\u00f1o fijo, con una anchura de 120 cent\u00edmetros (cuando est\u00e1 totalmente extendida) y una altura de 182 cent\u00edmetros<\/span><span class=\"fontstyle0\"><br \/>\n<\/span><\/li>\n<li><span class=\"fontstyle0\">ligero, transparente, irrompible, se puede higienizar con cualquier producto qu\u00edmico<\/span><\/li>\n<li><span class=\"fontstyle0\">sin tornillos, adhesivos u otros sistemas de fijaci\u00f3n<\/span><\/li>\n<li>100% Fabricado en Italia<\/li>\n<\/ul>\n<h2><strong><img loading=\"lazy\" decoding=\"async\" class=\"aligncenter size-full wp-image-14046\" src=\"https:\/\/www.elettrowebstore.com\/EWS_Store\/wp-content\/uploads\/2020\/05\/paratia-autoportante-protezione-anticontagio-covid19-uffici-plexiglass-pannello-trasparente-120x182-2.jpg\" alt=\"Mampara de barrera articulada de plexigl\u00e1s 120x182 cm entre postes\" width=\"800\" height=\"600\" srcset=\"https:\/\/www.elettrowebstore.com\/EWS_Store\/wp-content\/uploads\/paratia-autoportante-protezione-anticontagio-covid19-uffici-plexiglass-pannello-trasparente-120x182-2.jpg 800w, https:\/\/www.elettrowebstore.com\/EWS_Store\/wp-content\/uploads\/paratia-autoportante-protezione-anticontagio-covid19-uffici-plexiglass-pannello-trasparente-120x182-2-600x450.jpg 600w, https:\/\/www.elettrowebstore.com\/EWS_Store\/wp-content\/uploads\/paratia-autoportante-protezione-anticontagio-covid19-uffici-plexiglass-pannello-trasparente-120x182-2-768x576.jpg 768w\" sizes=\"auto, (max-width: 800px) 100vw, 800px\" \/><\/strong><\/h2>\n<h2><strong><img loading=\"lazy\" decoding=\"async\" class=\"aligncenter size-full wp-image-14047\" src=\"https:\/\/www.elettrowebstore.com\/EWS_Store\/wp-content\/uploads\/2020\/05\/paratia-autoportante-protezione-anticontagio-covid19-uffici-plexiglass-pannello-trasparente-120x182-4.jpg\" alt=\"Mampara de barrera articulada de plexigl\u00e1s 120x182 cm entre postes\" width=\"600\" height=\"800\" \/><\/strong><\/h2>\n<h2><strong>\u00a0 <img loading=\"lazy\" decoding=\"async\" class=\"aligncenter size-full wp-image-14044\" src=\"https:\/\/www.elettrowebstore.com\/EWS_Store\/wp-content\/uploads\/2020\/05\/paratia-autoportante-protezione-anticontagio-covid19-uffici-plexiglass-pannello-trasparente-120x182-5.jpg\" alt=\"Mampara de barrera articulada de plexigl\u00e1s 120x182 cm entre postes\" width=\"600\" height=\"800\" \/><\/strong><\/h2>\n<h2><strong>Descripci\u00f3n <span class=\"fontstyle0\"><a href=\"https:\/\/www.elettrowebstore.com\/shop\/paratia-snodabile-barriera-tra-postazioni-protezione-anticontagio-plexiglass-120x182-cm\/\">plexigl\u00e1s 120\u00d7182 cm barrera articulada mampara entre postes<\/a><\/span><br \/>\n<\/strong><\/h2>\n<p>Esta barrera protectora proporciona de forma r\u00e1pida y sencilla una protecci\u00f3n completa frente al peligro de infecci\u00f3n. Tiene una estructura articulada autoportante. Esto permite utilizar el producto como separaci\u00f3n entre varios puestos de trabajo. Su estructura transparente permite no crear puestos de trabajo, sino dejar la vista entre los distintos operarios.<\/p>\n<p>Al mismo tiempo, sin embargo, proporciona protecci\u00f3n contra el contacto f\u00edsico y la dispersi\u00f3n de peque\u00f1as gotas de saliva posiblemente contagiosas.<\/p>\n<p>Gracias a su estructura de plexigl\u00e1s totalmente inerte, puede higienizarse f\u00e1cilmente en muy poco tiempo, sin problemas entre operarios.<\/p>\n<p>El espesor del plexigl\u00e1s es de 3 mil\u00edmetros y es pr\u00e1cticamente invisible.<\/p>\n<p>Es una herramienta excelente, barata y f\u00e1cil de usar para garantizar la seguridad de todo el personal en oficinas, pero tambi\u00e9n en talleres o f\u00e1bricas.<\/p>\n<p>&nbsp;<\/p>\n<h2><strong>Cr\u00e9dito fiscal para el saneamiento del lugar de trabajo<\/strong><\/h2>\n<p>Este producto entra en el \u00e1mbito de aplicaci\u00f3n del art\u00edculo 30 del Decreto-Ley n\u00ba 23, de 8 de abril de 2020, y del art\u00edculo 64 del Decreto-Ley n\u00ba 18, de 17 de marzo de 2020, que regulan la desgravaci\u00f3n fiscal por la adquisici\u00f3n de equipos de protecci\u00f3n individual en el lugar de trabajo.<\/p>\n<p>Por lo tanto, al solicitar la factura, \u00a1tambi\u00e9n es posible deducir de sus impuestos la prestaci\u00f3n 50% como cr\u00e9dito fiscal!<\/p>\n<p>Para m\u00e1s informaci\u00f3n, visite <a href=\"https:\/\/www.ilsole24ore.com\/art\/cresce-l-obbligo-mascherine-ecco-sgravi-dispositivi-protezione-individuale-ADPoliI?refresh_ce=1\"><strong>Il Sole 24 Ore<\/strong><\/a> o sitios especializados.<\/p>\n<p>&nbsp;<\/p>\n<h2><strong>Descuentos por compras al por mayor<\/strong><\/h2>\n<p>Si compra al menos 7 piezas del mismo art\u00edculo, podr\u00e1 beneficiarse de un descuento adicional. P\u00f3ngase en contacto con nosotros y revisaremos su presupuesto.<\/p>\n<p>&nbsp;<\/p>\n<h2><strong>Plazo de entrega <\/strong><strong>plexigl\u00e1s 120\u00d7182 cm barrera articulada mampara entre postes<\/strong><\/h2>\n<p>Este producto est\u00e1 disponible por encargo. De hecho, est\u00e1 a punto de ser entregado en nuestras instalaciones. Por lo tanto, puede pedirlo ya para adquirir prioridad de pedido. Al tratarse de un producto muy demandado, tramitaremos los pedidos en funci\u00f3n de la fecha y hora de recepci\u00f3n del pago. Estimamos la entrega para el 10 de mayo de 2020.<\/p>\n<p>Adem\u00e1s, todos los env\u00edos de ElettroWebStore est\u00e1n exentos de gastos de env\u00edo.<\/p>\n<p><a href=\"https:\/\/www.elettrowebstore.com\/spedizioni-consegne-prodotti-italia-estero\/\"><img loading=\"lazy\" decoding=\"async\" class=\"aligncenter wp-image-5149 size-full\" src=\"https:\/\/www.elettrowebstore.com\/EWS_Store\/wp-content\/uploads\/2020\/04\/elettrowebstore-spedizione-con-corrieri-brt-sda-dhl_n75nxd.jpg\" alt=\"ElettroWebStore env\u00eda con mensajer\u00eda r\u00e1pida BRT SDA DHL\" width=\"649\" height=\"175\" srcset=\"https:\/\/www.elettrowebstore.com\/EWS_Store\/wp-content\/uploads\/elettrowebstore-spedizione-con-corrieri-brt-sda-dhl_n75nxd.jpg 649w, https:\/\/www.elettrowebstore.com\/EWS_Store\/wp-content\/uploads\/elettrowebstore-spedizione-con-corrieri-brt-sda-dhl_n75nxd-600x162.jpg 600w\" sizes=\"auto, (max-width: 649px) 100vw, 649px\" \/><\/a><\/p>\n<p>&nbsp;<\/p>\n<h2><strong>Formas de pago aceptadas<\/strong><\/h2>\n<p><strong>En el sitio web de ElettroWebStore puede pagar con todos los m\u00e9todos habituales<\/strong>tanto espec\u00edficas de Internet (como las tarjetas prepago) como tradicionales (como las tarjetas de cr\u00e9dito cl\u00e1sicas).<\/p>\n<p><a href=\"https:\/\/www.elettrowebstore.com\/pagamenti-sicuri-sul-sito-elettrowebstore\/\"><img loading=\"lazy\" decoding=\"async\" class=\"aligncenter size-full wp-image-5151\" src=\"https:\/\/www.elettrowebstore.com\/EWS_Store\/wp-content\/uploads\/2020\/04\/elettrowebstore-pagamenti_berj9q.jpg\" alt=\"Formas de pago aceptadas en el sitio ElettroWebStore\" width=\"649\" height=\"226\" srcset=\"https:\/\/www.elettrowebstore.com\/EWS_Store\/wp-content\/uploads\/elettrowebstore-pagamenti_berj9q.jpg 649w, https:\/\/www.elettrowebstore.com\/EWS_Store\/wp-content\/uploads\/elettrowebstore-pagamenti_berj9q-600x209.jpg 600w\" sizes=\"auto, (max-width: 649px) 100vw, 649px\" \/><\/a><\/p>\n<p>&nbsp;<\/p>\n<p>Todos los pagos se gestionan a trav\u00e9s del <a href=\"https:\/\/www.paypal.com\/it\/webapps\/mpp\/paypal-safety-and-security\"><strong>Paypal<\/strong><\/a>. Adem\u00e1s, aunque no dispongas de Paypal, puedes pagar sin necesidad de registrarte y guardar tus credenciales. Todo lo que tienes que hacer es introducir tus datos en las p\u00e1ginas de Paypal.<\/p>\n<p>En ning\u00fan caso <a href=\"http:\/\/www.elettrowebstore.com\"><strong>ElettroWebStore<\/strong><\/a> gestionar los datos de sus tarjetas de pago o darse cuenta de ellos. De hecho <a href=\"http:\/\/www.elettrowebstore.com\"><strong>ElettroWebStore<\/strong><\/a> s\u00f3lo ver\u00e1 si el pago se ha efectuado o no.<\/p>\n<p>Nuestro sitio utiliza protocolos HTTPS, que garantizan un alto nivel de seguridad para los usuarios.<\/p>","protected":false},"excerpt":{"rendered":"<p>Mampara de barrera de plexigl\u00e1s 120\u00d7182 cm. <span style=\"color: #ff0000\"><strong>Env\u00edo gratuito a Italia<\/strong><\/span><\/p>","protected":false},"featured_media":14048,"template":"","meta":[],"product_brand":[],"product_cat":[1584],"product_tag":[1588,1562,1576,1180,1586,1577,1585,1578,1579,846,1565,1580,1587],"class_list":{"0":"post-14039","1":"product","2":"type-product","3":"status-publish","4":"has-post-thumbnail","6":"product_cat-dispositivi-anti-covid-19","7":"product_tag-120x182","8":"product_tag-anti-covid19","9":"product_tag-anticontagio","10":"product_tag-barriera","11":"product_tag-con-supporto","12":"product_tag-contagio","13":"product_tag-parasputi","14":"product_tag-paratia","15":"product_tag-plexiglass","16":"product_tag-protezione","17":"product_tag-protezione-individuale","18":"product_tag-sanificazione","19":"product_tag-separe-tra-postazioni","20":"product_shipping_class-pe10","22":"first","23":"outofstock","24":"sale","25":"featured","26":"taxable","27":"shipping-taxable","28":"purchasable","29":"product-type-simple"},"_links":{"self":[{"href":"https:\/\/www.elettrowebstore.com\/es\/wp-json\/wp\/v2\/product\/14039","targetHints":{"allow":["GET"]}}],"collection":[{"href":"https:\/\/www.elettrowebstore.com\/es\/wp-json\/wp\/v2\/product"}],"about":[{"href":"https:\/\/www.elettrowebstore.com\/es\/wp-json\/wp\/v2\/types\/product"}],"wp:featuredmedia":[{"embeddable":true,"href":"https:\/\/www.elettrowebstore.com\/es\/wp-json\/wp\/v2\/media\/14048"}],"wp:attachment":[{"href":"https:\/\/www.elettrowebstore.com\/es\/wp-json\/wp\/v2\/media?parent=14039"}],"wp:term":[{"taxonomy":"product_brand","embeddable":true,"href":"https:\/\/www.elettrowebstore.com\/es\/wp-json\/wp\/v2\/product_brand?post=14039"},{"taxonomy":"product_cat","embeddable":true,"href":"https:\/\/www.elettrowebstore.com\/es\/wp-json\/wp\/v2\/product_cat?post=14039"},{"taxonomy":"product_tag","embeddable":true,"href":"https:\/\/www.elettrowebstore.com\/es\/wp-json\/wp\/v2\/product_tag?post=14039"}],"curies":[{"name":"wp","href":"https:\/\/api.w.org\/{rel}","templated":true}]}}