{"id":14026,"date":"2020-05-01T10:59:16","date_gmt":"2020-05-01T08:59:16","guid":{"rendered":"https:\/\/www.elettrowebstore.com\/?post_type=product&#038;p=14026"},"modified":"2021-01-21T03:35:33","modified_gmt":"2021-01-21T02:35:33","slug":"paratia-con-supporto-barriera-protezione-anticontagio-plexiglass","status":"publish","type":"product","link":"https:\/\/www.elettrowebstore.com\/es\/shop\/mamparo-con-soporte-de-proteccion-de-barrera-de-plexiglas\/","title":{"rendered":"Mamparo con soporte de barrera de plexigl\u00e1s"},"content":{"rendered":"<h2 style=\"text-align: left\"><strong>Mamparo con soporte de barrera de plexigl\u00e1s<\/strong><\/h2>\n<p><span class=\"fontstyle0\"><a href=\"https:\/\/www.elettrowebstore.com\/shop\/paratia-con-supporto-barriera-protezione-anticontagio-plexiglass\/\"><strong>Mamparo con soporte de barrera de plexigl\u00e1s<\/strong><\/a> es un <strong>panel divisorio acr\u00edlico<\/strong>Puede colocarse en superficies planas. De hecho, el producto tiene un bonito marco de aluminio pintado de blanco. Esto le confiere una gran estabilidad y la posibilidad de trasladarlo f\u00e1cilmente.<br \/>\n<\/span><\/p>\n<p><img loading=\"lazy\" decoding=\"async\" class=\"aligncenter size-full wp-image-14034\" src=\"https:\/\/www.elettrowebstore.com\/EWS_Store\/wp-content\/uploads\/2020\/05\/paratia-con-supporto-protezione-anticontagio-covid19-uffici-plexiglass-pannello-trasparente-3.jpg\" alt=\"Mamparo con soporte de barrera de plexigl\u00e1s\" width=\"800\" height=\"600\" srcset=\"https:\/\/www.elettrowebstore.com\/EWS_Store\/wp-content\/uploads\/paratia-con-supporto-protezione-anticontagio-covid19-uffici-plexiglass-pannello-trasparente-3.jpg 800w, https:\/\/www.elettrowebstore.com\/EWS_Store\/wp-content\/uploads\/paratia-con-supporto-protezione-anticontagio-covid19-uffici-plexiglass-pannello-trasparente-3-600x450.jpg 600w, https:\/\/www.elettrowebstore.com\/EWS_Store\/wp-content\/uploads\/paratia-con-supporto-protezione-anticontagio-covid19-uffici-plexiglass-pannello-trasparente-3-768x576.jpg 768w\" sizes=\"auto, (max-width: 800px) 100vw, 800px\" \/><\/p>\n<p><img loading=\"lazy\" decoding=\"async\" class=\"aligncenter size-full wp-image-14031\" src=\"https:\/\/www.elettrowebstore.com\/EWS_Store\/wp-content\/uploads\/2020\/05\/paratia-con-supporto-protezione-anticontagio-covid19-uffici-plexiglass-pannello-trasparente-1.jpg\" alt=\"Mamparo con soporte de barrera de plexigl\u00e1s\" width=\"800\" height=\"600\" \/><\/p>\n<p><span class=\"fontstyle0\">Es una herramienta ideal para escritorios, bancos de trabajo, mostradores de atenci\u00f3n al cliente o mostradores de recepci\u00f3n. De hecho, esta barrera transparente puede utilizarse en todos aquellos lugares a los que se acerca la gente. Hoy en d\u00eda, es necesario que se mantenga una distancia de seguridad contra las gotas. <\/span><\/p>\n<p><span class=\"fontstyle0\">De hecho, se denominan gotitas a esas \"gotitas\" m\u00e1s o menos diminutas de saliva que pueden desplazarse por el aire al hablar, toser o estornudar. Este tipo de barreras protegen y permiten ver a trav\u00e9s de ellas. Adem\u00e1s, se limpian f\u00e1cilmente con todo tipo de detergentes.<br \/>\n<\/span><\/p>\n<p><strong>\u00a0<\/strong><\/p>\n<h2><strong>Especificaciones t\u00e9cnicas<\/strong><\/h2>\n<p>A continuaci\u00f3n se exponen las principales caracter\u00edsticas t\u00e9cnicas del<strong> <span class=\"fontstyle0\"><a href=\"https:\/\/www.elettrowebstore.com\/shop\/paratia-con-supporto-barriera-protezione-anticontagio-plexiglass\/\">mamparo con soporte de protecci\u00f3n de barrera de plexigl\u00e1s<\/a><\/span>:<br \/>\n<\/strong><\/p>\n<ul>\n<li>espesor de la chapa 3 mm<\/li>\n<li>totalmente de plexigl\u00e1s, con marco de aluminio pintado<\/li>\n<li><span class=\"fontstyle0\">disponible en varios tama\u00f1os (ancho x alto): 85\u00d770; <\/span><span class=\"fontstyle0\">120&#215;70; <\/span><span class=\"fontstyle0\">85&#215;100; 120&#215;100<br \/>\n<\/span><\/li>\n<li><span class=\"fontstyle0\">apertura de documentos - mercanc\u00edas<br \/>\n<\/span><\/li>\n<li><span class=\"fontstyle0\">ligero, transparente, irrompible, se puede higienizar con cualquier producto qu\u00edmico<\/span><\/li>\n<li><span class=\"fontstyle0\">sin tornillos, adhesivos u otros sistemas de fijaci\u00f3n<\/span><\/li>\n<li>100% Fabricado en Italia<\/li>\n<\/ul>\n<h2><strong><img loading=\"lazy\" decoding=\"async\" class=\"aligncenter size-full wp-image-14033\" src=\"https:\/\/www.elettrowebstore.com\/EWS_Store\/wp-content\/uploads\/2020\/05\/paratia-con-supporto-protezione-anticontagio-covid19-uffici-plexiglass-pannello-trasparente-4.jpg\" alt=\"Mamparo con soporte de barrera de plexigl\u00e1s\" width=\"800\" height=\"600\" \/><\/strong><\/h2>\n<h2><strong><img loading=\"lazy\" decoding=\"async\" class=\"aligncenter size-full wp-image-14030\" src=\"https:\/\/www.elettrowebstore.com\/EWS_Store\/wp-content\/uploads\/2020\/05\/paratia-con-supporto-protezione-anticontagio-covid19-uffici-plexiglass-pannello-trasparente-5.jpg\" alt=\"Mamparo con soporte de barrera de plexigl\u00e1s\" width=\"800\" height=\"600\" \/><\/strong><\/h2>\n<p>&nbsp;<\/p>\n<h2><strong><img loading=\"lazy\" decoding=\"async\" class=\"aligncenter size-full wp-image-14032\" src=\"https:\/\/www.elettrowebstore.com\/EWS_Store\/wp-content\/uploads\/2020\/05\/paratia-con-supporto-protezione-anticontagio-covid19-uffici-plexiglass-pannello-trasparente-2.jpg\" alt=\"Mamparo con soporte de barrera de plexigl\u00e1s\" width=\"600\" height=\"800\" \/><\/strong><\/h2>\n<p>&nbsp;<\/p>\n<h2><strong>Otras opciones disponibles previa solicitud<\/strong><\/h2>\n<p>Adem\u00e1s de lo que se muestra en este anuncio, tambi\u00e9n puede solicitar variantes como las que se muestran a continuaci\u00f3n:<\/p>\n<ul>\n<li>Espesor del plexigl\u00e1s a 5 mil\u00edmetros<\/li>\n<li>aplicaci\u00f3n de vidrio en lugar de plexigl\u00e1s<\/li>\n<\/ul>\n<p>Para m\u00e1s informaci\u00f3n, p\u00f3ngase en contacto con nosotros <a href=\"https:\/\/www.elettrowebstore.com\/contatta-lo-staff-di-elettrowebstore\/\"><strong>haciendo clic aqu\u00ed<\/strong><\/a>.<\/p>\n<p>&nbsp;<\/p>\n<h2><strong>Descripci\u00f3n<\/strong><\/h2>\n<p>Esta barrera protectora proporciona de forma r\u00e1pida y sencilla una protecci\u00f3n completa frente al peligro de infecci\u00f3n. Tiene un marco de aluminio pintado de blanco.<\/p>\n<p>El grosor del plexigl\u00e1s es de 3 mil\u00edmetros y es pr\u00e1cticamente invisible. La parte inferior act\u00faa como abertura y permite el paso de documentos y paquetes peque\u00f1os.<\/p>\n<p>Es una herramienta excelente, barata y f\u00e1cil de usar para garantizar su seguridad y la de sus interlocutores. Tambi\u00e9n est\u00e1 disponible en <strong>diferentes dimensiones<\/strong>i, por lo que es posible encontrar la soluci\u00f3n \u00f3ptima en funci\u00f3n de d\u00f3nde deba colocarse.<\/p>\n<p>&nbsp;<\/p>\n<h2><strong>Cr\u00e9dito fiscal para el saneamiento del lugar de trabajo<\/strong><\/h2>\n<p>Este producto entra en el \u00e1mbito de aplicaci\u00f3n del art\u00edculo 30 del Decreto-Ley n\u00ba 23, de 8 de abril de 2020, y del art\u00edculo 64 del Decreto-Ley n\u00ba 18, de 17 de marzo de 2020, que regulan la desgravaci\u00f3n fiscal por la adquisici\u00f3n de equipos de protecci\u00f3n individual en el lugar de trabajo.<\/p>\n<p>Por lo tanto, al solicitar la factura, \u00a1tambi\u00e9n es posible deducir de sus impuestos la prestaci\u00f3n 50% como cr\u00e9dito fiscal!<\/p>\n<p>Para m\u00e1s informaci\u00f3n, visite <a href=\"https:\/\/www.ilsole24ore.com\/art\/cresce-l-obbligo-mascherine-ecco-sgravi-dispositivi-protezione-individuale-ADPoliI?refresh_ce=1\"><strong>Il Sole 24 Ore<\/strong><\/a> o sitios especializados.<\/p>\n<p>&nbsp;<\/p>\n<h2><strong>Plazo de entrega <\/strong><strong>mamparo con soporte de protecci\u00f3n de barrera de plexigl\u00e1s<br \/>\n<\/strong><\/h2>\n<p>Este producto est\u00e1 disponible por encargo. De hecho, est\u00e1 a punto de ser entregado en nuestras instalaciones. Por lo tanto, puede pedirlo ya para adquirir prioridad de pedido. Al tratarse de un producto muy demandado, tramitaremos los pedidos en funci\u00f3n de la fecha y hora de recepci\u00f3n del pago. Estimamos la entrega para el 10 de mayo de 2020.<\/p>\n<p>Adem\u00e1s, todos los env\u00edos de ElettroWebStore est\u00e1n exentos de gastos de env\u00edo.<\/p>\n<p><a href=\"https:\/\/www.elettrowebstore.com\/spedizioni-consegne-prodotti-italia-estero\/\"><img loading=\"lazy\" decoding=\"async\" class=\"aligncenter wp-image-5149 size-full\" src=\"https:\/\/www.elettrowebstore.com\/EWS_Store\/wp-content\/uploads\/2020\/04\/elettrowebstore-spedizione-con-corrieri-brt-sda-dhl_n75nxd.jpg\" alt=\"ElettroWebStore env\u00eda con mensajer\u00eda r\u00e1pida BRT SDA DHL\" width=\"649\" height=\"175\" srcset=\"https:\/\/www.elettrowebstore.com\/EWS_Store\/wp-content\/uploads\/elettrowebstore-spedizione-con-corrieri-brt-sda-dhl_n75nxd.jpg 649w, https:\/\/www.elettrowebstore.com\/EWS_Store\/wp-content\/uploads\/elettrowebstore-spedizione-con-corrieri-brt-sda-dhl_n75nxd-600x162.jpg 600w\" sizes=\"auto, (max-width: 649px) 100vw, 649px\" \/><\/a><\/p>\n<p>&nbsp;<\/p>\n<h2><strong>Formas de pago aceptadas<\/strong><\/h2>\n<p><strong>En el sitio web de ElettroWebStore puede pagar con todos los m\u00e9todos habituales<\/strong>tanto espec\u00edficas de Internet (como las tarjetas prepago) como tradicionales (como las tarjetas de cr\u00e9dito cl\u00e1sicas).<\/p>\n<p><a href=\"https:\/\/www.elettrowebstore.com\/pagamenti-sicuri-sul-sito-elettrowebstore\/\"><img loading=\"lazy\" decoding=\"async\" class=\"aligncenter size-full wp-image-5151\" src=\"https:\/\/www.elettrowebstore.com\/EWS_Store\/wp-content\/uploads\/2020\/04\/elettrowebstore-pagamenti_berj9q.jpg\" alt=\"Formas de pago aceptadas en el sitio ElettroWebStore\" width=\"649\" height=\"226\" srcset=\"https:\/\/www.elettrowebstore.com\/EWS_Store\/wp-content\/uploads\/elettrowebstore-pagamenti_berj9q.jpg 649w, https:\/\/www.elettrowebstore.com\/EWS_Store\/wp-content\/uploads\/elettrowebstore-pagamenti_berj9q-600x209.jpg 600w\" sizes=\"auto, (max-width: 649px) 100vw, 649px\" \/><\/a><\/p>\n<p>&nbsp;<\/p>\n<p>Todos los pagos se gestionan a trav\u00e9s del <a href=\"https:\/\/www.paypal.com\/it\/webapps\/mpp\/paypal-safety-and-security\"><strong>Paypal<\/strong><\/a>. Adem\u00e1s, aunque no dispongas de Paypal, puedes pagar sin necesidad de registrarte y guardar tus credenciales. Todo lo que tienes que hacer es introducir tus datos en las p\u00e1ginas de Paypal.<\/p>\n<p>En ning\u00fan caso <a href=\"http:\/\/www.elettrowebstore.com\"><strong>ElettroWebStore<\/strong><\/a> gestionar los datos de sus tarjetas de pago o darse cuenta de ellos. De hecho <a href=\"http:\/\/www.elettrowebstore.com\"><strong>ElettroWebStore<\/strong><\/a> s\u00f3lo ver\u00e1 si el pago se ha efectuado o no.<\/p>\n<p>Nuestro sitio utiliza protocolos HTTPS, que garantizan un alto nivel de seguridad para los usuarios.<\/p>","protected":false},"excerpt":{"rendered":"<p>Mampara de plexigl\u00e1s de barrera contra derrames con soporte. <span style=\"color: #ff0000\"><strong>Env\u00edo gratuito a Italia<\/strong><\/span><\/p>","protected":false},"featured_media":14034,"template":"","meta":[],"product_brand":[],"product_cat":[1584],"product_tag":[1562,1576,1180,1586,1577,1585,1578,1579,846,1565,1580],"class_list":{"0":"post-14026","1":"product","2":"type-product","3":"status-publish","4":"has-post-thumbnail","6":"product_cat-dispositivi-anti-covid-19","7":"product_tag-anti-covid19","8":"product_tag-anticontagio","9":"product_tag-barriera","10":"product_tag-con-supporto","11":"product_tag-contagio","12":"product_tag-parasputi","13":"product_tag-paratia","14":"product_tag-plexiglass","15":"product_tag-protezione","16":"product_tag-protezione-individuale","17":"product_tag-sanificazione","18":"product_shipping_class-pe10","20":"first","21":"outofstock","22":"featured","23":"taxable","24":"shipping-taxable","25":"product-type-variable"},"_links":{"self":[{"href":"https:\/\/www.elettrowebstore.com\/es\/wp-json\/wp\/v2\/product\/14026","targetHints":{"allow":["GET"]}}],"collection":[{"href":"https:\/\/www.elettrowebstore.com\/es\/wp-json\/wp\/v2\/product"}],"about":[{"href":"https:\/\/www.elettrowebstore.com\/es\/wp-json\/wp\/v2\/types\/product"}],"wp:featuredmedia":[{"embeddable":true,"href":"https:\/\/www.elettrowebstore.com\/es\/wp-json\/wp\/v2\/media\/14034"}],"wp:attachment":[{"href":"https:\/\/www.elettrowebstore.com\/es\/wp-json\/wp\/v2\/media?parent=14026"}],"wp:term":[{"taxonomy":"product_brand","embeddable":true,"href":"https:\/\/www.elettrowebstore.com\/es\/wp-json\/wp\/v2\/product_brand?post=14026"},{"taxonomy":"product_cat","embeddable":true,"href":"https:\/\/www.elettrowebstore.com\/es\/wp-json\/wp\/v2\/product_cat?post=14026"},{"taxonomy":"product_tag","embeddable":true,"href":"https:\/\/www.elettrowebstore.com\/es\/wp-json\/wp\/v2\/product_tag?post=14026"}],"curies":[{"name":"wp","href":"https:\/\/api.w.org\/{rel}","templated":true}]}}