{"id":13988,"date":"2020-04-23T06:02:55","date_gmt":"2020-04-23T04:02:55","guid":{"rendered":"https:\/\/www.elettrowebstore.com\/?post_type=product&#038;p=13988"},"modified":"2021-01-18T12:44:42","modified_gmt":"2021-01-18T11:44:42","slug":"mascherine-ffp2-marchio-ce-dispositivi-di-protezione-personale-200-pezzi","status":"publish","type":"product","link":"https:\/\/www.elettrowebstore.com\/es\/shop\/ffp2-mascarillas-ce-equipos-de-proteccion-individual-200-unidades\/","title":{"rendered":"Mascarillas FFP2 Equipo de protecci\u00f3n individual con marcado CE 200 unidades"},"content":{"rendered":"<h2><strong>Mascarillas FFP2 Equipo de protecci\u00f3n individual con marcado CE 200 unidades<br \/>\n<\/strong><\/h2>\n<p>Mascarillas FFP2 Equipo de protecci\u00f3n individual con marcado CE de 200 piezas, dise\u00f1ado para uso profesional en entornos de trabajo. De hecho, este tipo de producto lleva la marca CE y est\u00e1 dise\u00f1ado para ser un EPI, es decir, un equipo de protecci\u00f3n individual. <strong>Este anuncio se refiere a la compra de 1 caja entera de 200 mascarillas.<\/strong><\/p>\n<p><img loading=\"lazy\" decoding=\"async\" class=\"aligncenter size-full wp-image-14016\" src=\"https:\/\/www.elettrowebstore.com\/EWS_Store\/wp-content\/uploads\/2020\/04\/mascherine-ffp2-ce-professionali-certificate-kn95-dispositivo-protezione-individuale-individual-protection-masks-ce-marked.jpg\" alt=\"FFP2 ce equipo de protecci\u00f3n individual certificado profesional mascarillas\" width=\"800\" height=\"340\" srcset=\"https:\/\/www.elettrowebstore.com\/EWS_Store\/wp-content\/uploads\/mascherine-ffp2-ce-professionali-certificate-kn95-dispositivo-protezione-individuale-individual-protection-masks-ce-marked.jpg 800w, https:\/\/www.elettrowebstore.com\/EWS_Store\/wp-content\/uploads\/mascherine-ffp2-ce-professionali-certificate-kn95-dispositivo-protezione-individuale-individual-protection-masks-ce-marked-600x255.jpg 600w, https:\/\/www.elettrowebstore.com\/EWS_Store\/wp-content\/uploads\/mascherine-ffp2-ce-professionali-certificate-kn95-dispositivo-protezione-individuale-individual-protection-masks-ce-marked-768x326.jpg 768w\" sizes=\"auto, (max-width: 800px) 100vw, 800px\" \/><\/p>\n<p><strong>La imagen de arriba es s\u00f3lo indicativa<\/strong>.<\/p>\n<p><span style=\"color: #ff0000\"><strong>El producto se entrega en aproximadamente 10 d\u00edas laborables. En caso de problemas, se le notificar\u00e1 a tiempo<\/strong><\/span>.<\/p>\n<p>Este anuncio se refiere a la compra de una caja entera de m\u00e1scaras, es decir, de 200 unidades.<\/p>\n<p>&nbsp;<\/p>\n<h2><strong>Especificaciones t\u00e9cnicas<\/strong><\/h2>\n<ul>\n<li>Pa\u00eds de origen: Pa\u00edses no pertenecientes a la UE.<\/li>\n<li>Marcado CE: De conformidad con el Decreto Legislativo 37\/2010 por el que se aplica la Directiva 2007\/47\/CE, como dispositivo no invasivo de uso temporal.<\/li>\n<li>Clasificaci\u00f3n de protecci\u00f3n: FFP2, es decir, protege contra el polvo, el humo y los aerosoles s\u00f3lidos y l\u00edquidos.<\/li>\n<li>\u00cdndice de filtraci\u00f3n: m\u00ednimo 94%, es decir, tama\u00f1o de part\u00edcula de hasta 0,6 micras metro<\/li>\n<li>\u00cdndice de fuga hacia el exterior: m\u00e1ximo 8%<\/li>\n<li>Tama\u00f1o: \u00danico<\/li>\n<li>Materia prima: Tela no tejida de polipropileno<\/li>\n<li>Conservar a una temperatura entre -5\u00b0 y 40\u00b0C, en un ambiente seco, no exponer a la luz solar directa<\/li>\n<\/ul>\n<p>&nbsp;<\/p>\n<h2><strong>Equipo de protecci\u00f3n individual con mascarilla facial. \u00bfQu\u00e9 significa?<\/strong><\/h2>\n<p>Un equipo de protecci\u00f3n individual, abreviado EPI, es un instrumento destinado a ser llevado por los trabajadores. Su finalidad es proteger al trabajador de los riesgos presentes en la actividad laboral que realiza.<\/p>\n<p>Por lo tanto, este dispositivo es obligatorio porque as\u00ed lo exige la ley, bas\u00e1ndose en disposiciones espec\u00edficas.<\/p>\n<p>La mascarilla FFP2 se utiliza generalmente en entornos con presencia de humos o polvo fino.<\/p>\n<p><strong>Con la crisis del virus COVID-19, este equipo de protecci\u00f3n individual es el \u00fanico modelo certificado para uso profesional<\/strong>.<\/p>\n<p>De hecho, es muy importante destacar que <strong>s\u00f3lo y exclusivamente podr\u00e1n utilizarse en el lugar de trabajo EPI con certificaci\u00f3n CE<\/strong>. No se pueden utilizar mascarillas quir\u00fargicas ni productos similares, para cumplir la normativa.<\/p>\n<p>Adem\u00e1s, la mascarilla FFP2 ofrece un excelente compromiso entre la facilidad de respiraci\u00f3n que deja al trabajador y el filtrado. De hecho, la certificaci\u00f3n garantiza que tambi\u00e9n puede retener el virus, en caso de que el trabajador entre en contacto con \u00e9l o sea portador, sin que ello afecte a la posibilidad de trabajar con seguridad, tranquilidad y comodidad.<\/p>\n<p>Debe sustituirse tras un d\u00eda de uso y no es lavable. Por lo tanto, es aconsejable, al comienzo de cada turno, proporcionar al trabajador la mascarilla adecuada antes de entrar en el lugar de trabajo.<\/p>\n<p>Por otro lado,<strong> el uso de mascarilla por parte del trabajador no es una opci\u00f3n, sino una obligaci\u00f3n<\/strong>. Esto es v\u00e1lido tanto para la protecci\u00f3n de su seguridad como, con ocasi\u00f3n del virus corona, para garantizar la salud de sus compa\u00f1eros de trabajo y los intereses de la empresa.<\/p>\n<p>Por lo tanto, es importante elegir productos certificados, aunque normalmente cuesten m\u00e1s que los productos no certificados o que los productos que no son equipos de protecci\u00f3n individual.<\/p>\n<p>&nbsp;<\/p>\n<h2><strong>Cr\u00e9dito fiscal para el saneamiento del lugar de trabajo<\/strong><\/h2>\n<p>Este producto entra en el \u00e1mbito de aplicaci\u00f3n del art\u00edculo 30 del Decreto-Ley n\u00ba 23, de 8 de abril de 2020, y del art\u00edculo 64 del Decreto-Ley n\u00ba 18, de 17 de marzo de 2020, que regulan la desgravaci\u00f3n fiscal por la adquisici\u00f3n de equipos de protecci\u00f3n individual en el lugar de trabajo.<\/p>\n<p>Por lo tanto, al solicitar la factura, \u00a1tambi\u00e9n es posible deducir de sus impuestos la prestaci\u00f3n 50% como cr\u00e9dito fiscal!<\/p>\n<p>Para m\u00e1s informaci\u00f3n, visite <a href=\"https:\/\/www.ilsole24ore.com\/art\/cresce-l-obbligo-mascherine-ecco-sgravi-dispositivi-protezione-individuale-ADPoliI?refresh_ce=1\"><strong>Il Sole 24 Ore<\/strong><\/a> o sitios especializados.<\/p>\n<p>&nbsp;<\/p>\n<h2><strong>Plazo de entrega<\/strong><\/h2>\n<p>Producto actualmente disponible. Normalmente se entregan en unos 10 d\u00edas laborables.<\/p>\n<p>Adem\u00e1s, todos los env\u00edos de ElettroWebStore est\u00e1n exentos de gastos de env\u00edo.<\/p>\n<p><a href=\"https:\/\/www.elettrowebstore.com\/spedizioni-consegne-prodotti-italia-estero\/\"><img loading=\"lazy\" decoding=\"async\" class=\"aligncenter wp-image-5149 size-full\" src=\"https:\/\/www.elettrowebstore.com\/EWS_Store\/wp-content\/uploads\/2020\/04\/elettrowebstore-spedizione-con-corrieri-brt-sda-dhl_n75nxd.jpg\" alt=\"ElettroWebStore env\u00eda con mensajer\u00eda r\u00e1pida BRT SDA DHL\" width=\"649\" height=\"175\" srcset=\"https:\/\/www.elettrowebstore.com\/EWS_Store\/wp-content\/uploads\/elettrowebstore-spedizione-con-corrieri-brt-sda-dhl_n75nxd.jpg 649w, https:\/\/www.elettrowebstore.com\/EWS_Store\/wp-content\/uploads\/elettrowebstore-spedizione-con-corrieri-brt-sda-dhl_n75nxd-600x162.jpg 600w\" sizes=\"auto, (max-width: 649px) 100vw, 649px\" \/><\/a><\/p>\n<p>&nbsp;<\/p>\n<h2><strong>Formas de pago aceptadas<\/strong><\/h2>\n<p><strong>En el sitio web de ElettroWebStore puede pagar con todos los m\u00e9todos habituales<\/strong>tanto espec\u00edficas de Internet (como las tarjetas prepago) como tradicionales (como las tarjetas de cr\u00e9dito cl\u00e1sicas).<\/p>\n<p><a href=\"https:\/\/www.elettrowebstore.com\/pagamenti-sicuri-sul-sito-elettrowebstore\/\"><img loading=\"lazy\" decoding=\"async\" class=\"aligncenter size-full wp-image-5151\" src=\"https:\/\/www.elettrowebstore.com\/EWS_Store\/wp-content\/uploads\/2020\/04\/elettrowebstore-pagamenti_berj9q.jpg\" alt=\"Formas de pago aceptadas en el sitio ElettroWebStore\" width=\"649\" height=\"226\" srcset=\"https:\/\/www.elettrowebstore.com\/EWS_Store\/wp-content\/uploads\/elettrowebstore-pagamenti_berj9q.jpg 649w, https:\/\/www.elettrowebstore.com\/EWS_Store\/wp-content\/uploads\/elettrowebstore-pagamenti_berj9q-600x209.jpg 600w\" sizes=\"auto, (max-width: 649px) 100vw, 649px\" \/><\/a><\/p>\n<p>&nbsp;<\/p>\n<p>Todos los pagos se gestionan a trav\u00e9s del <a href=\"https:\/\/www.paypal.com\/it\/webapps\/mpp\/paypal-safety-and-security\"><strong>Paypal<\/strong><\/a>. Adem\u00e1s, aunque no dispongas de Paypal, puedes pagar sin necesidad de registrarte y guardar tus credenciales. Todo lo que tienes que hacer es introducir tus datos en las p\u00e1ginas de Paypal.<\/p>\n<p>En ning\u00fan caso <a href=\"http:\/\/www.elettrowebstore.com\"><strong>ElettroWebStore<\/strong><\/a> gestionar los datos de sus tarjetas de pago o darse cuenta de ellos. De hecho <a href=\"http:\/\/www.elettrowebstore.com\"><strong>ElettroWebStore<\/strong><\/a> s\u00f3lo ver\u00e1 si el pago se ha efectuado o no.<\/p>\n<p>Nuestro sitio utiliza protocolos HTTPS, que garantizan un alto nivel de seguridad para los usuarios.<\/p>","protected":false},"excerpt":{"rendered":"<p>Mascarillas FFP2 Equipo de protecci\u00f3n individual con marcado CE 200 uds. Entrega en 10 d\u00edas laborables. <span style=\"color: #ff0000\"><strong>Env\u00edo gratuito a Italia<\/strong><\/span><\/p>","protected":false},"featured_media":14016,"template":"","meta":[],"product_brand":[],"product_cat":[1584,1558],"product_tag":[1564,1562,1563,1566,1561,1581,1559,1560,1583,1582,1565],"class_list":{"0":"post-13988","1":"product","2":"type-product","3":"status-publish","4":"has-post-thumbnail","6":"product_cat-dispositivi-anti-covid-19","7":"product_cat-mascherine","8":"product_tag-a-marchio-ce","9":"product_tag-anti-covid19","10":"product_tag-corona-virus","11":"product_tag-dpi","12":"product_tag-ffp2","13":"product_tag-invidual","14":"product_tag-mascherina","15":"product_tag-mascherine","16":"product_tag-mask","17":"product_tag-protection","18":"product_tag-protezione-individuale","19":"product_shipping_class-pe10","21":"first","22":"instock","23":"sale","24":"taxable","25":"shipping-taxable","26":"purchasable","27":"product-type-simple"},"_links":{"self":[{"href":"https:\/\/www.elettrowebstore.com\/es\/wp-json\/wp\/v2\/product\/13988","targetHints":{"allow":["GET"]}}],"collection":[{"href":"https:\/\/www.elettrowebstore.com\/es\/wp-json\/wp\/v2\/product"}],"about":[{"href":"https:\/\/www.elettrowebstore.com\/es\/wp-json\/wp\/v2\/types\/product"}],"wp:featuredmedia":[{"embeddable":true,"href":"https:\/\/www.elettrowebstore.com\/es\/wp-json\/wp\/v2\/media\/14016"}],"wp:attachment":[{"href":"https:\/\/www.elettrowebstore.com\/es\/wp-json\/wp\/v2\/media?parent=13988"}],"wp:term":[{"taxonomy":"product_brand","embeddable":true,"href":"https:\/\/www.elettrowebstore.com\/es\/wp-json\/wp\/v2\/product_brand?post=13988"},{"taxonomy":"product_cat","embeddable":true,"href":"https:\/\/www.elettrowebstore.com\/es\/wp-json\/wp\/v2\/product_cat?post=13988"},{"taxonomy":"product_tag","embeddable":true,"href":"https:\/\/www.elettrowebstore.com\/es\/wp-json\/wp\/v2\/product_tag?post=13988"}],"curies":[{"name":"wp","href":"https:\/\/api.w.org\/{rel}","templated":true}]}}