{"id":13762,"date":"2020-03-11T12:21:22","date_gmt":"2020-03-11T11:21:22","guid":{"rendered":"https:\/\/www.elettrowebstore.com\/?post_type=product&#038;p=13762"},"modified":"2022-12-16T17:57:37","modified_gmt":"2022-12-16T16:57:37","slug":"reber-turbogrill-eco-cm-53x32x42-9750neco","status":"publish","type":"product","link":"https:\/\/www.elettrowebstore.com\/es\/shop\/reber-turbogrill-eco-cm-53x32x42-9750neco\/","title":{"rendered":"REBER TURBOGRILL ECO cm. 53x32x42 9750NECO"},"content":{"rendered":"<h2><strong> REBER TURBOGRILL ECO cm. 53x32x42 9750NECO<\/strong><\/h2>\n<p><strong>REBER TURBOGRILL ECO cm. 53x32x42 9750NECO<\/strong> es un sistema de cocci\u00f3n a gas ultrarr\u00e1pido que reproduce las emisiones infrarrojas de las brasas mediante una cocina de gas de cer\u00e1mica microperforada. Este producto, <strong>para uso exterior y fabricado \u00edntegramente en acero inoxidable en Italia<\/strong>permite la <strong>cocci\u00f3n perfecta y ultrarr\u00e1pida<\/strong> de alimentos como carne, pescado, verduras, kebabs, pan, pizza y focaccia.<\/p>\n<p>&nbsp;<\/p>\n<p><img loading=\"lazy\" decoding=\"async\" class=\"size-full wp-image-149210 aligncenter\" src=\"https:\/\/www.elettrowebstore.com\/EWS_Store\/wp-content\/uploads\/.\/Reber-turbogrill-cottura-gas-grill-berbecue-9750NECO-acciaio-inox-spedizione_gratuita-4.jpg\" alt=\"REBER TURBOGRILL ECO cm. 53x32x42 9750NECO\" width=\"800\" height=\"600\" srcset=\"https:\/\/www.elettrowebstore.com\/EWS_Store\/wp-content\/uploads\/Reber-turbogrill-cottura-gas-grill-berbecue-9750NECO-acciaio-inox-spedizione_gratuita-4.jpg 800w, https:\/\/www.elettrowebstore.com\/EWS_Store\/wp-content\/uploads\/Reber-turbogrill-cottura-gas-grill-berbecue-9750NECO-acciaio-inox-spedizione_gratuita-4-600x450.jpg 600w, https:\/\/www.elettrowebstore.com\/EWS_Store\/wp-content\/uploads\/Reber-turbogrill-cottura-gas-grill-berbecue-9750NECO-acciaio-inox-spedizione_gratuita-4-768x576.jpg 768w\" sizes=\"auto, (max-width: 800px) 100vw, 800px\" \/><\/p>\n<p>&nbsp;<\/p>\n<h2><strong>Especificaciones t\u00e9cnicas <\/strong><strong>REBER TURBOGRILL ECO cm. 53x32x42 9750NECO<\/strong><\/h2>\n<p>Las principales caracter\u00edsticas del\u00a0<strong>REBER TURBOGRILL ECO cm. 53x32x42 9750NECO<\/strong><\/p>\n<ul>\n<li>Sistema de cocci\u00f3n ultrarr\u00e1pido que imita las emisiones infrarrojas de las brasas gracias a una cocina de gas de cer\u00e1mica microperforada<\/li>\n<li>Temperatura de cocci\u00f3n superior a 800\u00b0.<\/li>\n<li>Reduce las emisiones de humo y las quemaduras con llama abierta<\/li>\n<li>Cocci\u00f3n perfecta y ultrarr\u00e1pida de carne, pescado, verduras, brochetas, pan, pizza y bollos<\/li>\n<li>Bastidor de acero de 2,0 mm de grosor<\/li>\n<li>Rejilla de soporte de alimentos y asa de extracci\u00f3n grosor mm. 3,0 tama\u00f1o cm. 35\u00d722<\/li>\n<li>Completamente de acero inoxidable<\/li>\n<li>\n<div align=\"left\">Dimensiones totales: cm. 53x32xh.42<\/div>\n<\/li>\n<li>\n<div align=\"left\">Peso Kg. 20<\/div>\n<\/li>\n<li>\n<div align=\"left\">Accesorios que se pueden adquirir por separado: soporte para pinchos; tapa de piedra refractaria<\/div>\n<\/li>\n<\/ul>\n<p><img loading=\"lazy\" decoding=\"async\" class=\"size-full wp-image-149206 aligncenter\" src=\"https:\/\/www.elettrowebstore.com\/EWS_Store\/wp-content\/uploads\/Reber-turbogrill-cottura-gas-grill-berbecue-9750NECO-acciaio-inox-spedizione_gratuita-3.jpg\" alt=\"REBER TURBOGRILL ECO cm. 53x32x42 9750NECO\" width=\"800\" height=\"600\" srcset=\"https:\/\/www.elettrowebstore.com\/EWS_Store\/wp-content\/uploads\/Reber-turbogrill-cottura-gas-grill-berbecue-9750NECO-acciaio-inox-spedizione_gratuita-3.jpg 800w, https:\/\/www.elettrowebstore.com\/EWS_Store\/wp-content\/uploads\/Reber-turbogrill-cottura-gas-grill-berbecue-9750NECO-acciaio-inox-spedizione_gratuita-3-600x450.jpg 600w, https:\/\/www.elettrowebstore.com\/EWS_Store\/wp-content\/uploads\/Reber-turbogrill-cottura-gas-grill-berbecue-9750NECO-acciaio-inox-spedizione_gratuita-3-768x576.jpg 768w\" sizes=\"auto, (max-width: 800px) 100vw, 800px\" \/><\/p>\n<h2><strong>Descripci\u00f3n\u00a0<\/strong><strong>REBER TURBOGRILL ECO cm. 53x32x42 9750NECO<\/strong><\/h2>\n<p><strong>REBER TURBOGRILL ECO cm. 53x32x42 9750NECO<\/strong> es un sistema de cocci\u00f3n a gas ultrarr\u00e1pido que permite <strong>cocci\u00f3n perfecta y ultrarr\u00e1pida<\/strong> de alimentos como carne, pescado, verduras, kebabs, pan, pizza y focaccia.<\/p>\n<p>Se trata de una barbacoa fabricada \u00edntegramente en acero inoxidable en Italia, dise\u00f1ada para su uso en exteriores. El quemador del aparato alcanza temperaturas superiores a 800\u00b0, por lo que los tiempos de cocci\u00f3n son muy cortos.<\/p>\n<p><strong>ADVERTENCIA: Este aparato debe funcionar con un regulador de presi\u00f3n y mangueras de conexi\u00f3n NO SUMINISTRADOS CON EL APARATO. El Turbogrill est\u00e1 preparado para su uso con bombonas de gas GLP; se recomiendan bombonas con una capacidad no inferior a 5 kg. El aparato tambi\u00e9n puede utilizarse con bombonas de gas butano y propano; en este caso deben utilizarse reguladores de presi\u00f3n y mangueras de conexi\u00f3n espec\u00edficos. Como alternativa, el Turbogrill puede ser conectado a la red de gas natural por un t\u00e9cnico cualificado y competente que garantice una conexi\u00f3n correcta, segura y sin fugas. <\/strong><\/p>\n<p>Tras un precalentamiento de 5 a 7 minutos, los alimentos a cocinar pueden colocarse sobre la rejilla de cocci\u00f3n, a la altura deseada; el turbo grill est\u00e1 equipado con correderas de rejilla especiales. La bandeja recogegrasa, en cambio, debe colocarse en la parte inferior del aparato. La temperatura y el consiguiente tiempo de cocci\u00f3n se regulan colocando los alimentos m\u00e1s o menos cerca del quemador. Para una mejor cocci\u00f3n, es aconsejable precalentar o precocinar los alimentos al vac\u00edo para mejorar la homogeneidad y el sabor de los alimentos.<\/p>\n<p><img loading=\"lazy\" decoding=\"async\" class=\"size-full wp-image-149208 aligncenter\" src=\"https:\/\/www.elettrowebstore.com\/EWS_Store\/wp-content\/uploads\/.\/Reber-turbogrill-cottura-gas-grill-berbecue-9750NECO-acciaio-inox-spedizione_gratuita-2.jpg\" alt=\"REBER TURBOGRILL ECO cm. 53x32x42 9750NECO\" width=\"800\" height=\"600\" srcset=\"https:\/\/www.elettrowebstore.com\/EWS_Store\/wp-content\/uploads\/Reber-turbogrill-cottura-gas-grill-berbecue-9750NECO-acciaio-inox-spedizione_gratuita-2.jpg 800w, https:\/\/www.elettrowebstore.com\/EWS_Store\/wp-content\/uploads\/Reber-turbogrill-cottura-gas-grill-berbecue-9750NECO-acciaio-inox-spedizione_gratuita-2-600x450.jpg 600w, https:\/\/www.elettrowebstore.com\/EWS_Store\/wp-content\/uploads\/Reber-turbogrill-cottura-gas-grill-berbecue-9750NECO-acciaio-inox-spedizione_gratuita-2-768x576.jpg 768w\" sizes=\"auto, (max-width: 800px) 100vw, 800px\" \/><\/p>\n<h2><strong>Informaci\u00f3n sobre el producto REBER<\/strong><\/h2>\n<p><a href=\"http:\/\/www.rebersrl.it\" target=\"_blank\" rel=\"noopener noreferrer\"><img loading=\"lazy\" decoding=\"async\" class=\"alignleft wp-image-5331 size-full\" src=\"https:\/\/www.elettrowebstore.com\/EWS_Store\/wp-content\/uploads\/2020\/04\/reber-logo_rhhra7_53313b98c.png\" alt=\"Logotipo REBER\" width=\"250\" height=\"110\" \/><\/a><\/p>\n<p><a href=\"http:\/\/www.rebersrl.it\"><strong>REBER<\/strong> <\/a>es l\u00edder en Italia y en el extranjero en la producci\u00f3n y distribuci\u00f3n de art\u00edculos para el hogar y para profesionales. De hecho, sus art\u00edculos est\u00e1n espec\u00edficamente dise\u00f1ados para disponer de productos de gran fiabilidad en el hogar o el taller, pensados para durar mucho tiempo.<\/p>\n<p>Adem\u00e1s, todos los motores y accesorios cumplen siempre todas las normativas aplicables, tanto en materia de tecnolog\u00eda de fabricaci\u00f3n como de contacto de los alimentos con los materiales.<\/p>\n<p>De hecho, todos los art\u00edculos REBER van acompa\u00f1ados de una declaraci\u00f3n de conformidad. Por lo tanto, \u00a1garantizan siempre la m\u00e1xima satisfacci\u00f3n de todos los usuarios!<\/p>\n<p>&nbsp;<\/p>\n<h2><strong>Garant\u00eda<\/strong><\/h2>\n<p>El producto est\u00e1 cubierto por <a href=\"https:\/\/www.elettrowebstore.com\/due-anni-di-garanzia-su-ogni-prodotto-acquistato\/\"><strong>garant\u00eda legal<\/strong><\/a>seg\u00fan la p\u00e1gina correspondiente de nuestro sitio web, que le invitamos a leer. Tambi\u00e9n proporcionamos informaci\u00f3n clara sobre el ejercicio de la <a href=\"https:\/\/www.elettrowebstore.com\/diritto-di-recesso-restituzione-prodotti\/\"><strong>derecho de retractaci\u00f3n<\/strong><\/a>.<\/p>\n<p>Para facilitar el ejercicio de este derecho, el fabricante dispone de Centros de Asistencia T\u00e9cnica autorizados en todo el territorio nacional.<\/p>\n<p>Encontrar\u00e1 m\u00e1s informaci\u00f3n sobre la legislaci\u00f3n pertinente en el sitio web de la<a href=\"http:\/\/www.agcm.it\/consumatore\/decalogo\/5102-garanzia-del-venditore-guida-per-il-consumatore.html\"><strong>Autoridad de Competencia y Mercado<\/strong><\/a>.<\/p>\n<p>Con el fin de mejorar la calidad del producto, el fabricante se reserva el derecho de modificar los materiales y las caracter\u00edsticas t\u00e9cnicas del art\u00edculo sin previo aviso.  Adem\u00e1s, las descripciones e im\u00e1genes que aqu\u00ed se ofrecen son, por tanto, orientativas y pueden variar ligeramente respecto al producto final.<\/p>\n<p>&nbsp;<\/p>\n<h2><strong>Plazo de entrega<\/strong><\/h2>\n<p>Este producto est\u00e1 siempre disponible para su entrega inmediata. De hecho, puede pedirse inmediatamente y ElettroWebStore lo env\u00eda en un plazo de 10 d\u00edas laborables a partir de la fecha de compra.<\/p>\n<p>Adem\u00e1s, todos los env\u00edos de ElettroWebStore est\u00e1n exentos de gastos de env\u00edo.<\/p>\n<p><a href=\"https:\/\/www.elettrowebstore.com\/spedizioni-consegne-prodotti-italia-estero\/\"><img loading=\"lazy\" decoding=\"async\" class=\"aligncenter wp-image-5149 size-full\" src=\"https:\/\/www.elettrowebstore.com\/EWS_Store\/wp-content\/uploads\/2020\/04\/elettrowebstore-spedizione-con-corrieri-brt-sda-dhl_n75nxd.jpg\" alt=\"ElettroWebStore env\u00eda con mensajer\u00eda r\u00e1pida BRT SDA DHL\" width=\"649\" height=\"175\" srcset=\"https:\/\/www.elettrowebstore.com\/EWS_Store\/wp-content\/uploads\/elettrowebstore-spedizione-con-corrieri-brt-sda-dhl_n75nxd.jpg 649w, https:\/\/www.elettrowebstore.com\/EWS_Store\/wp-content\/uploads\/elettrowebstore-spedizione-con-corrieri-brt-sda-dhl_n75nxd-600x162.jpg 600w\" sizes=\"auto, (max-width: 649px) 100vw, 649px\" \/><\/a><\/p>\n<p>&nbsp;<\/p>\n<h2><strong>Formas de pago aceptadas<\/strong><\/h2>\n<p><strong>En el sitio web de ElettroWebStore puede pagar con todos los m\u00e9todos habituales<\/strong>tanto espec\u00edficas de Internet (como las tarjetas prepago) como tradicionales (como las tarjetas de cr\u00e9dito cl\u00e1sicas).<\/p>\n<p><a href=\"https:\/\/www.elettrowebstore.com\/pagamenti-sicuri-sul-sito-elettrowebstore\/\"><img loading=\"lazy\" decoding=\"async\" class=\"aligncenter size-full wp-image-5151\" src=\"https:\/\/www.elettrowebstore.com\/EWS_Store\/wp-content\/uploads\/2020\/04\/elettrowebstore-pagamenti_berj9q.jpg\" alt=\"Formas de pago aceptadas en el sitio ElettroWebStore\" width=\"649\" height=\"226\" srcset=\"https:\/\/www.elettrowebstore.com\/EWS_Store\/wp-content\/uploads\/elettrowebstore-pagamenti_berj9q.jpg 649w, https:\/\/www.elettrowebstore.com\/EWS_Store\/wp-content\/uploads\/elettrowebstore-pagamenti_berj9q-600x209.jpg 600w\" sizes=\"auto, (max-width: 649px) 100vw, 649px\" \/><\/a><\/p>\n<p>&nbsp;<\/p>\n<p>Todos los pagos se gestionan a trav\u00e9s del <a href=\"https:\/\/www.paypal.com\/it\/webapps\/mpp\/paypal-safety-and-security\"><strong>Paypal<\/strong><\/a>. Adem\u00e1s, aunque no dispongas de Paypal, puedes pagar sin necesidad de registrarte y guardar tus credenciales. Todo lo que tienes que hacer es introducir tus datos en las p\u00e1ginas de Paypal.<\/p>\n<p>En ning\u00fan caso <a href=\"http:\/\/www.elettrowebstore.com\"><strong>ElettroWebStore<\/strong><\/a> gestionar los datos de sus tarjetas de pago o darse cuenta de ellos. De hecho <a href=\"http:\/\/www.elettrowebstore.com\"><strong>ElettroWebStore<\/strong><\/a> s\u00f3lo ver\u00e1 si el pago se ha efectuado o no.<\/p>\n<p>Nuestro sitio utiliza protocolos HTTPS, que garantizan un alto nivel de seguridad para los usuarios.<\/p>","protected":false},"excerpt":{"rendered":"<p>REBER TURBOGRILL ECO cm. 53x32x42 9750NECO es un sistema de cocci\u00f3n a gas ultrarr\u00e1pido para uso en exteriores y fabricado totalmente en acero inoxidable. <span style=\"color: #ed1c24;\"><strong>Env\u00edo gratuito.<\/strong><\/span><\/p>","protected":false},"featured_media":149210,"template":"","meta":[],"product_brand":[],"product_cat":[1405],"product_tag":[1377,1376,407,364,430,130,1379,738,94,65,409,1378],"class_list":{"0":"post-13762","1":"product","2":"type-product","3":"status-publish","4":"has-post-thumbnail","6":"product_cat-barbecue-a-carbonella","7":"product_tag-9750-neco","8":"product_tag-9750neco","9":"product_tag-acciaio","10":"product_tag-acciaio-inox","11":"product_tag-barbecue","12":"product_tag-cottura","13":"product_tag-gas","14":"product_tag-grill","15":"product_tag-inox","16":"product_tag-reber","17":"product_tag-spedizione-gratuita","18":"product_tag-turbogrill","19":"product_shipping_class-pe10","21":"first","22":"instock","23":"taxable","24":"shipping-taxable","25":"purchasable","26":"product-type-simple"},"_links":{"self":[{"href":"https:\/\/www.elettrowebstore.com\/es\/wp-json\/wp\/v2\/product\/13762","targetHints":{"allow":["GET"]}}],"collection":[{"href":"https:\/\/www.elettrowebstore.com\/es\/wp-json\/wp\/v2\/product"}],"about":[{"href":"https:\/\/www.elettrowebstore.com\/es\/wp-json\/wp\/v2\/types\/product"}],"wp:featuredmedia":[{"embeddable":true,"href":"https:\/\/www.elettrowebstore.com\/es\/wp-json\/wp\/v2\/media\/149210"}],"wp:attachment":[{"href":"https:\/\/www.elettrowebstore.com\/es\/wp-json\/wp\/v2\/media?parent=13762"}],"wp:term":[{"taxonomy":"product_brand","embeddable":true,"href":"https:\/\/www.elettrowebstore.com\/es\/wp-json\/wp\/v2\/product_brand?post=13762"},{"taxonomy":"product_cat","embeddable":true,"href":"https:\/\/www.elettrowebstore.com\/es\/wp-json\/wp\/v2\/product_cat?post=13762"},{"taxonomy":"product_tag","embeddable":true,"href":"https:\/\/www.elettrowebstore.com\/es\/wp-json\/wp\/v2\/product_tag?post=13762"}],"curies":[{"name":"wp","href":"https:\/\/api.w.org\/{rel}","templated":true}]}}