{"id":13735,"date":"2020-03-10T19:57:48","date_gmt":"2020-03-10T18:57:48","guid":{"rendered":"https:\/\/www.elettrowebstore.com\/?post_type=product&#038;p=13735"},"modified":"2021-01-18T13:08:54","modified_gmt":"2021-01-18T12:08:54","slug":"marchioro-mangiatoia-rifugio-uccelli-in-liberta-jok-1-24x26x23","status":"publish","type":"product","link":"https:\/\/www.elettrowebstore.com\/es\/shop\/marchioro-comedero-para-pajaros-en-la-naturaleza-jok-1-24x26x23\/","title":{"rendered":"Comedero para p\u00e1jaros camperos Marchioro JOK 1 24x26x23"},"content":{"rendered":"<h2><strong>Comedero para p\u00e1jaros camperos Marchioro JOK 1 24x26x23<\/strong><\/h2>\n<p><a href=\"https:\/\/www.elettrowebstore.com\/shop\/marchioro-mangiatoia-rifugio-uccelli-in-liberta-jok-1-24x26x23\/\"><strong>Comedero para p\u00e1jaros camperos Marchioro JOK 1 24x26x23<\/strong><\/a> es un producto de calidad, de color marr\u00f3n, dise\u00f1ado para las aves. Este producto se presenta como un comedero modular, con tres compartimentos y un cierre de pl\u00e1stico transparente.<\/p>\n<p><img loading=\"lazy\" decoding=\"async\" class=\"aligncenter size-full wp-image-13737\" src=\"https:\/\/www.elettrowebstore.com\/EWS_Store\/wp-content\/uploads\/2020\/04\/mangiatoia-rifugio-per-uccelli-in-liberta-marchioro-jok1-1.jpg\" alt=\"Comedero para p\u00e1jaros camperos Marchioro JOK 1 24x26x23\" width=\"800\" height=\"600\" srcset=\"https:\/\/www.elettrowebstore.com\/EWS_Store\/wp-content\/uploads\/mangiatoia-rifugio-per-uccelli-in-liberta-marchioro-jok1-1.jpg 800w, https:\/\/www.elettrowebstore.com\/EWS_Store\/wp-content\/uploads\/mangiatoia-rifugio-per-uccelli-in-liberta-marchioro-jok1-1-600x450.jpg 600w, https:\/\/www.elettrowebstore.com\/EWS_Store\/wp-content\/uploads\/mangiatoia-rifugio-per-uccelli-in-liberta-marchioro-jok1-1-768x576.jpg 768w\" sizes=\"auto, (max-width: 800px) 100vw, 800px\" \/><\/p>\n<p>Si es necesario, generalmente en la \u00e9poca estival, este comedero puede transformarse en un refugio para aves de vuelo libre retirando la estructura de pl\u00e1stico transparente.<\/p>\n<p>La presencia de tres compartimentos permite separar adecuadamente varios tipos de frutos secos y semillas dentro de <a href=\"https:\/\/www.elettrowebstore.com\/shop\/marchioro-mangiatoia-rifugio-uccelli-in-liberta-jok-1-24x26x23\/\"><strong>Comedero para p\u00e1jaros camperos Marchioro JOK 1 24x26x23<\/strong><\/a>.<\/p>\n<p>Los productos MARCHIORO se dise\u00f1an y fabrican \u00edntegramente en Italia.<\/p>\n<p>&nbsp;<\/p>\n<h2><strong>Caracter\u00edsticas t\u00e9cnicas del comedero para p\u00e1jaros ambulantes Marchioro JOK 1 24x26x23<br \/>\n<\/strong><\/h2>\n<ul>\n<li>Dimensiones: 36x26x23 h cm<\/li>\n<li>muy robusto, ligero y manejable<\/li>\n<li>se caracteriza por la CALIDAD SUPERIOR del dise\u00f1o y los materiales utilizados<\/li>\n<li>muy f\u00e1cil de montar<\/li>\n<li>\u00fanico, dividido en 3 compartimentos, se puede rellenar con 1 \u00f3 2 \u00f3 3 tipos de semillas o frutos secos<\/li>\n<li>es un producto para cuatro estaciones: en verano, quitando las partes transparentes, se convierte en un c\u00f3modo refugio<\/li>\n<li>disponible en marr\u00f3n<\/li>\n<li>ESTE ART\u00cdCULO EST\u00c1 DISE\u00d1ADO Y FABRICADO \u00cdNTEGRAMENTE EN ITALIA<strong><br \/>\n<\/strong><\/li>\n<\/ul>\n<p>&nbsp;<\/p>\n<h2><strong>Informaci\u00f3n sobre el producto Marchioro<br \/>\n<\/strong><\/h2>\n<p>Marchioro fabrica art\u00edculos para mascotas y jardiner\u00eda, utilizando materiales de calidad y las m\u00e1s modernas tecnolog\u00edas de moldeo por inyecci\u00f3n y rotacional, procesamiento de alambre y pintura. Productos que, gracias a su calidad, han sido repetidamente galardonados en todo el mundo.<\/p>\n<p>&nbsp;<\/p>\n<h2><strong>Garant\u00eda<\/strong><\/h2>\n<p>El producto est\u00e1 cubierto por <a href=\"https:\/\/www.elettrowebstore.com\/due-anni-di-garanzia-su-ogni-prodotto-acquistato\/\"><strong>garant\u00eda legal<\/strong><\/a>seg\u00fan la p\u00e1gina correspondiente de nuestro sitio web, que le invitamos a leer. Tambi\u00e9n proporcionamos informaci\u00f3n clara sobre el ejercicio de la <a href=\"https:\/\/www.elettrowebstore.com\/diritto-di-recesso-restituzione-prodotti\/\"><strong>derecho de retractaci\u00f3n<\/strong><\/a>.<\/p>\n<p>&nbsp;<\/p>\n<h2><strong>Plazo de entrega<\/strong><\/h2>\n<p>Este producto est\u00e1 disponible inmediatamente.<\/p>\n<p>Adem\u00e1s, \u00a1todos los env\u00edos de ElettroWebStore en Italia est\u00e1n exentos de gastos de transporte (excepto los env\u00edos a zonas especialmente inc\u00f3modas)!<\/p>\n<p>Si compra desde fuera de Italia, el sistema calcula los gastos de env\u00edo a tanto alzado. Si observa que, en relaci\u00f3n con el peso del producto elegido, los gastos de env\u00edo le parecen excesivos o desproporcionados, finalice su pedido sin pagar y <a href=\"https:\/\/www.elettrowebstore.com\/contatta-lo-staff-di-elettrowebstore\/\"><strong>Contacto<\/strong><\/a>\u00a1! Evaluaremos y, si es necesario, ajustaremos los gastos de env\u00edo al extranjero.<\/p>\n<p><a href=\"https:\/\/www.elettrowebstore.com\/spedizioni-consegne-prodotti-italia-estero\/\"><img loading=\"lazy\" decoding=\"async\" class=\"aligncenter wp-image-5149 size-full\" src=\"https:\/\/www.elettrowebstore.com\/EWS_Store\/wp-content\/uploads\/2020\/04\/elettrowebstore-spedizione-con-corrieri-brt-sda-dhl_n75nxd.jpg\" alt=\"ElettroWebStore env\u00eda con mensajer\u00eda r\u00e1pida BRT SDA DHL\" width=\"649\" height=\"175\" srcset=\"https:\/\/www.elettrowebstore.com\/EWS_Store\/wp-content\/uploads\/elettrowebstore-spedizione-con-corrieri-brt-sda-dhl_n75nxd.jpg 649w, https:\/\/www.elettrowebstore.com\/EWS_Store\/wp-content\/uploads\/elettrowebstore-spedizione-con-corrieri-brt-sda-dhl_n75nxd-600x162.jpg 600w\" sizes=\"auto, (max-width: 649px) 100vw, 649px\" \/><\/a><\/p>\n<p>&nbsp;<\/p>\n<h2><strong>Formas de pago aceptadas<\/strong><\/h2>\n<p><strong>En el sitio web de ElettroWebStore puede pagar con todos los m\u00e9todos habituales<\/strong>tanto espec\u00edficas de Internet (como las tarjetas prepago) como tradicionales (como las tarjetas de cr\u00e9dito cl\u00e1sicas).<\/p>\n<p><a href=\"https:\/\/www.elettrowebstore.com\/pagamenti-sicuri-sul-sito-elettrowebstore\/\"><img loading=\"lazy\" decoding=\"async\" class=\"aligncenter size-full wp-image-5151\" src=\"https:\/\/www.elettrowebstore.com\/EWS_Store\/wp-content\/uploads\/2020\/04\/elettrowebstore-pagamenti_berj9q.jpg\" alt=\"Formas de pago aceptadas en el sitio ElettroWebStore\" width=\"649\" height=\"226\" srcset=\"https:\/\/www.elettrowebstore.com\/EWS_Store\/wp-content\/uploads\/elettrowebstore-pagamenti_berj9q.jpg 649w, https:\/\/www.elettrowebstore.com\/EWS_Store\/wp-content\/uploads\/elettrowebstore-pagamenti_berj9q-600x209.jpg 600w\" sizes=\"auto, (max-width: 649px) 100vw, 649px\" \/><\/a><\/p>\n<p>&nbsp;<\/p>\n<p>Todos los pagos se gestionan a trav\u00e9s de <a href=\"https:\/\/www.paypal.com\/it\/webapps\/mpp\/paypal-safety-and-security\"><strong>Paypal<\/strong><\/a>. Adem\u00e1s, aunque no dispongas de Paypal, puedes pagar sin necesidad de registrarte y almacenar tus credenciales. Todo lo que tiene que hacer es introducir sus datos en los campos correspondientes. El sistema est\u00e1 encriptado y protegido y sus datos no ser\u00e1n facilitados a ElettroWebStore de ninguna manera. De hecho, ElettroWebStore s\u00f3lo puede ver si su pago se ha realizado o no y \u00a1s\u00f3lo la informaci\u00f3n que usted decida introducir!<\/p>\n<p>En ning\u00fan caso <a href=\"http:\/\/www.elettrowebstore.com\"><strong>ElettroWebStore<\/strong><\/a> gestionar los datos de sus tarjetas de pago o darse cuenta de ellos. De hecho <a href=\"http:\/\/www.elettrowebstore.com\"><strong>ElettroWebStore<\/strong><\/a> s\u00f3lo ver\u00e1 si el pago se ha efectuado o no.<\/p>\n<p>Nuestro sitio utiliza protocolos HTTPS, que garantizan un alto nivel de seguridad para los usuarios.<\/p>","protected":false},"excerpt":{"rendered":"<p>Comedero para p\u00e1jaros de corral Marchioro JOK 1 24x26x23. <span style=\"color: #ff0000\"><strong>Env\u00edo gratuito a Italia<\/strong><\/span><\/p>","protected":false},"featured_media":13737,"template":"","meta":[],"product_brand":[],"product_cat":[26],"product_tag":[667,1449,1445,41,1446],"class_list":{"0":"post-13735","1":"product","2":"type-product","3":"status-publish","4":"has-post-thumbnail","6":"product_cat-agricoltura-animaleria","7":"product_tag-animali","8":"product_tag-jok-1","9":"product_tag-mangiatoia","10":"product_tag-marchioro","11":"product_tag-rifugio","12":"product_shipping_class-pe","14":"first","15":"instock","16":"sale","17":"taxable","18":"shipping-taxable","19":"purchasable","20":"product-type-simple"},"_links":{"self":[{"href":"https:\/\/www.elettrowebstore.com\/es\/wp-json\/wp\/v2\/product\/13735","targetHints":{"allow":["GET"]}}],"collection":[{"href":"https:\/\/www.elettrowebstore.com\/es\/wp-json\/wp\/v2\/product"}],"about":[{"href":"https:\/\/www.elettrowebstore.com\/es\/wp-json\/wp\/v2\/types\/product"}],"wp:featuredmedia":[{"embeddable":true,"href":"https:\/\/www.elettrowebstore.com\/es\/wp-json\/wp\/v2\/media\/13737"}],"wp:attachment":[{"href":"https:\/\/www.elettrowebstore.com\/es\/wp-json\/wp\/v2\/media?parent=13735"}],"wp:term":[{"taxonomy":"product_brand","embeddable":true,"href":"https:\/\/www.elettrowebstore.com\/es\/wp-json\/wp\/v2\/product_brand?post=13735"},{"taxonomy":"product_cat","embeddable":true,"href":"https:\/\/www.elettrowebstore.com\/es\/wp-json\/wp\/v2\/product_cat?post=13735"},{"taxonomy":"product_tag","embeddable":true,"href":"https:\/\/www.elettrowebstore.com\/es\/wp-json\/wp\/v2\/product_tag?post=13735"}],"curies":[{"name":"wp","href":"https:\/\/api.w.org\/{rel}","templated":true}]}}