{"id":13516,"date":"2020-02-21T16:31:20","date_gmt":"2020-02-21T15:31:20","guid":{"rendered":"https:\/\/www.elettrowebstore.com\/?post_type=product&#038;p=13516"},"modified":"2025-09-18T17:18:08","modified_gmt":"2025-09-18T15:18:08","slug":"batteria-di-gabbie-cm-100x50-h-180-a-6-posti-mod-l51","status":"publish","type":"product","link":"https:\/\/www.elettrowebstore.com\/es\/shop\/bateria-de-jaulas-de-6-plazas-100x50-h-180-cm-mod-l51\/","title":{"rendered":"Juego de 6 jaulas CM 100X50 H 180 - MOD. L51"},"content":{"rendered":"<h2><strong>Juego de 6 jaulas CM 100X50 H 180 - MOD. L51<\/strong><\/h2>\n<p>La <strong>bater\u00eda de jaulas cm 100\u00d750 h 180 con 6 plazas mod. L51<\/strong> est\u00e1 dise\u00f1ado para veterinarios y asociaciones que necesitan alojar con seguridad a varios animales al mismo tiempo. Consta de tres m\u00f3dulos, cada uno con dos jaulas: el primero tiene patas y ruedas y los otros dos son apilables. En caso necesario, los m\u00f3dulos pueden utilizarse por separado.<\/p>\n<p>El primer m\u00f3dulo con ruedas permite desplazarlo f\u00e1cilmente. Los otros dos m\u00f3dulos apilables pueden montarse uno encima del otro o utilizarse tumbados en el suelo por separado.<\/p>\n<p>Esta jaula est\u00e1 construida enteramente de<strong> malla y chapa galvanizada<\/strong>Est\u00e1 recubierto de polvo y endurecido al horno a 180 grados. Es un <strong>producto totalmente italiano<\/strong>.<\/p>\n<p>Cada m\u00f3dulo tiene dos jaulas, cada una con su propia puerta, de apertura independiente. Los separadores entre las dos jaulas del m\u00f3dulo individual pueden extraerse para crear una \u00fanica sala de 100 cm de ancho.<\/p>\n<p><img loading=\"lazy\" decoding=\"async\" class=\"wp-image-13517 aligncenter\" src=\"https:\/\/www.elettrowebstore.com\/EWS_Store\/wp-content\/uploads\/2020\/04\/batteria-gabbie-cani-gatti-lamiera-6_posti-zincata-rete-L51-3.jpg\" alt=\"BATER\u00cdA DE JAULAS DE 6 PLAZAS 100X50 H 180 CM - MOD. L51\" width=\"647\" height=\"485\" srcset=\"https:\/\/www.elettrowebstore.com\/EWS_Store\/wp-content\/uploads\/batteria-gabbie-cani-gatti-lamiera-6_posti-zincata-rete-L51-3.jpg 800w, https:\/\/www.elettrowebstore.com\/EWS_Store\/wp-content\/uploads\/batteria-gabbie-cani-gatti-lamiera-6_posti-zincata-rete-L51-3-600x450.jpg 600w, https:\/\/www.elettrowebstore.com\/EWS_Store\/wp-content\/uploads\/batteria-gabbie-cani-gatti-lamiera-6_posti-zincata-rete-L51-3-768x576.jpg 768w\" sizes=\"auto, (max-width: 647px) 100vw, 647px\" \/><\/p>\n<p>Adem\u00e1s, cada jaula individual tiene una rejilla en la base que separa al animal de la bandeja de excrementos. Como puedes ver en las fotos de abajo, tanto la bandeja individual como la rejilla se pueden retirar, por si deseas realizar una mejor limpieza.<\/p>\n<h2><img loading=\"lazy\" decoding=\"async\" class=\"wp-image-13518 aligncenter\" src=\"https:\/\/www.elettrowebstore.com\/EWS_Store\/wp-content\/uploads\/2020\/04\/batteria-gabbie-cani-gatti-lamiera-6_posti-zincata-rete-L51-5.jpg\" alt=\"BATER\u00cdA DE JAULAS DE 6 PLAZAS 100X50 H 180 CM - MOD. L51\" width=\"650\" height=\"487\" srcset=\"https:\/\/www.elettrowebstore.com\/EWS_Store\/wp-content\/uploads\/batteria-gabbie-cani-gatti-lamiera-6_posti-zincata-rete-L51-5.jpg 800w, https:\/\/www.elettrowebstore.com\/EWS_Store\/wp-content\/uploads\/batteria-gabbie-cani-gatti-lamiera-6_posti-zincata-rete-L51-5-600x450.jpg 600w, https:\/\/www.elettrowebstore.com\/EWS_Store\/wp-content\/uploads\/batteria-gabbie-cani-gatti-lamiera-6_posti-zincata-rete-L51-5-768x576.jpg 768w\" sizes=\"auto, (max-width: 650px) 100vw, 650px\" \/><\/h2>\n<h2><strong>Especificaciones t\u00e9cnicas<\/strong><\/h2>\n<ul>\n<li>dimensiones totales: 100x50x180 h cm<\/li>\n<li>dimensiones individuales de la jaula: 50x50x60h<\/li>\n<li>seis plazas<\/li>\n<li>separadores de chapa desmontables<\/li>\n<li>Malla cuadrada de 19\u00d719 mm<\/li>\n<li>di\u00e1metro neto del alambre 1,6 mm<\/li>\n<\/ul>\n<p>&nbsp;<\/p>\n<h2><strong>Garant\u00eda<\/strong><\/h2>\n<p>El producto est\u00e1 cubierto por <a href=\"https:\/\/www.elettrowebstore.com\/due-anni-di-garanzia-su-ogni-prodotto-acquistato\/\" target=\"_blank\" rel=\"noopener\"><strong>garant\u00eda legal<\/strong><\/a>seg\u00fan la p\u00e1gina correspondiente de nuestro sitio web, que le invitamos a leer.<\/p>\n<p>&nbsp;<\/p>\n<h2><strong>Exclusi\u00f3n del derecho de desistimiento<\/strong><\/h2>\n<p>Todas las jaulas presentadas en nuestro sitio son artesanales. Por lo tanto, se montan y env\u00edan espec\u00edficamente para el cliente que las adquiere. Por este motivo, no es posible hacer uso del derecho de desistimiento al comprar este tipo de art\u00edculos.<\/p>\n<p>Para m\u00e1s informaci\u00f3n, visite nuestra p\u00e1gina sobre el <a href=\"https:\/\/www.elettrowebstore.com\/diritto-di-recesso-restituzione-prodotti\/\" target=\"_blank\" rel=\"noopener\"><strong>derecho de retractaci\u00f3n<\/strong><\/a>.<\/p>\n<p>&nbsp;<\/p>\n<p>&nbsp;<\/p>\n<h2><strong>Plazo de entrega<\/strong><\/h2>\n<p>Este producto NO est\u00e1 disponible actualmente y el plazo de entrega es de 40 d\u00edas laborables desde el momento del pago. No utilizamos servicios de mensajer\u00eda urgente, sino servicios de mensajer\u00eda locales que pueden realizar la entrega con la debida atenci\u00f3n (por lo tanto, no BRT, SDA, TNT), pero le avisaremos antes de la entrega.<\/p>\n<p>Adem\u00e1s, \u00a1todos los env\u00edos de ElettroWebStore en Italia est\u00e1n exentos de gastos de transporte (excepto los env\u00edos a zonas especialmente inc\u00f3modas)!<\/p>\n<p>Si compra desde fuera de Italia, el sistema calcula los gastos de env\u00edo a tanto alzado. Si observa que, en relaci\u00f3n con el peso del producto elegido, los gastos de env\u00edo le parecen excesivos o desproporcionados, finalice su pedido sin pagar y <a href=\"https:\/\/www.elettrowebstore.com\/contatta-lo-staff-di-elettrowebstore\/\"><strong>Contacto<\/strong><\/a>\u00a1! Evaluaremos y, si es necesario, ajustaremos los gastos de env\u00edo al extranjero.<\/p>\n<p><a href=\"https:\/\/www.elettrowebstore.com\/spedizioni-consegne-prodotti-italia-estero\/\"><img loading=\"lazy\" decoding=\"async\" class=\"aligncenter wp-image-5149 size-full\" src=\"https:\/\/www.elettrowebstore.com\/EWS_Store\/wp-content\/uploads\/2020\/04\/elettrowebstore-spedizione-con-corrieri-brt-sda-dhl_n75nxd.jpg\" alt=\"ElettroWebStore env\u00eda con mensajer\u00eda r\u00e1pida BRT SDA DHL\" width=\"649\" height=\"175\" srcset=\"https:\/\/www.elettrowebstore.com\/EWS_Store\/wp-content\/uploads\/elettrowebstore-spedizione-con-corrieri-brt-sda-dhl_n75nxd.jpg 649w, https:\/\/www.elettrowebstore.com\/EWS_Store\/wp-content\/uploads\/elettrowebstore-spedizione-con-corrieri-brt-sda-dhl_n75nxd-600x162.jpg 600w\" sizes=\"auto, (max-width: 649px) 100vw, 649px\" \/><\/a><\/p>\n<p>&nbsp;<\/p>\n<h2><strong>Formas de pago aceptadas<\/strong><\/h2>\n<p><strong>En el sitio web de ElettroWebStore puede pagar con todos los m\u00e9todos habituales<\/strong>tanto espec\u00edficas de Internet (como las tarjetas prepago) como tradicionales (como las tarjetas de cr\u00e9dito cl\u00e1sicas).<\/p>\n<p><a href=\"https:\/\/www.elettrowebstore.com\/pagamenti-sicuri-sul-sito-elettrowebstore\/\"><img loading=\"lazy\" decoding=\"async\" class=\"aligncenter size-full wp-image-5151\" src=\"https:\/\/www.elettrowebstore.com\/EWS_Store\/wp-content\/uploads\/2020\/04\/elettrowebstore-pagamenti_berj9q.jpg\" alt=\"Formas de pago aceptadas en el sitio ElettroWebStore\" width=\"649\" height=\"226\" srcset=\"https:\/\/www.elettrowebstore.com\/EWS_Store\/wp-content\/uploads\/elettrowebstore-pagamenti_berj9q.jpg 649w, https:\/\/www.elettrowebstore.com\/EWS_Store\/wp-content\/uploads\/elettrowebstore-pagamenti_berj9q-600x209.jpg 600w\" sizes=\"auto, (max-width: 649px) 100vw, 649px\" \/><\/a><\/p>\n<p>&nbsp;<\/p>\n<p>Todos los pagos se gestionan a trav\u00e9s de <a href=\"https:\/\/www.paypal.com\/it\/webapps\/mpp\/paypal-safety-and-security\"><strong>Paypal<\/strong><\/a>. Adem\u00e1s, aunque no dispongas de Paypal, puedes pagar sin necesidad de registrarte y almacenar tus credenciales. Todo lo que tiene que hacer es introducir sus datos en los campos correspondientes. El sistema est\u00e1 encriptado y protegido y sus datos no ser\u00e1n facilitados a ElettroWebStore de ninguna manera. De hecho, ElettroWebStore s\u00f3lo puede ver si su pago se ha realizado o no y \u00a1s\u00f3lo la informaci\u00f3n que usted decida introducir!<\/p>\n<p>En ning\u00fan caso <a href=\"http:\/\/www.elettrowebstore.com\"><strong>ElettroWebStore<\/strong><\/a> gestionar los datos de sus tarjetas de pago o darse cuenta de ellos. De hecho <a href=\"http:\/\/www.elettrowebstore.com\"><strong>ElettroWebStore<\/strong><\/a> s\u00f3lo ver\u00e1 si el pago se ha efectuado o no.<\/p>\n<p>Nuestro sitio utiliza protocolos HTTPS, que garantizan un alto nivel de seguridad para los usuarios.<\/p>","protected":false},"excerpt":{"rendered":"<p><strong>Juego de jaulas CM 100X50 H 180 con 6 plazas - MOD. L51 cm 100x50x180 6 plazas art. L51. <span style=\"color: #ed1c24;\">Los env\u00edos se reanudar\u00e1n a partir de septiembre de 2021.<\/span><br \/>\n<\/strong><\/p>","protected":false},"featured_media":13520,"template":"","meta":[],"product_brand":[],"product_cat":[975],"product_tag":[1428,667,296,982,42,1427,1426,979],"class_list":{"0":"post-13516","1":"product","2":"type-product","3":"status-publish","4":"has-post-thumbnail","6":"product_cat-articoli-per-animali","7":"product_tag-6-posti","8":"product_tag-animali","9":"product_tag-batteria","10":"product_tag-cani","11":"product_tag-gabbia","12":"product_tag-gabbie","13":"product_tag-gatti","14":"product_tag-lamiera","15":"product_shipping_class-garden","17":"first","18":"instock","19":"taxable","20":"shipping-taxable","21":"purchasable","22":"product-type-simple"},"_links":{"self":[{"href":"https:\/\/www.elettrowebstore.com\/es\/wp-json\/wp\/v2\/product\/13516","targetHints":{"allow":["GET"]}}],"collection":[{"href":"https:\/\/www.elettrowebstore.com\/es\/wp-json\/wp\/v2\/product"}],"about":[{"href":"https:\/\/www.elettrowebstore.com\/es\/wp-json\/wp\/v2\/types\/product"}],"wp:featuredmedia":[{"embeddable":true,"href":"https:\/\/www.elettrowebstore.com\/es\/wp-json\/wp\/v2\/media\/13520"}],"wp:attachment":[{"href":"https:\/\/www.elettrowebstore.com\/es\/wp-json\/wp\/v2\/media?parent=13516"}],"wp:term":[{"taxonomy":"product_brand","embeddable":true,"href":"https:\/\/www.elettrowebstore.com\/es\/wp-json\/wp\/v2\/product_brand?post=13516"},{"taxonomy":"product_cat","embeddable":true,"href":"https:\/\/www.elettrowebstore.com\/es\/wp-json\/wp\/v2\/product_cat?post=13516"},{"taxonomy":"product_tag","embeddable":true,"href":"https:\/\/www.elettrowebstore.com\/es\/wp-json\/wp\/v2\/product_tag?post=13516"}],"curies":[{"name":"wp","href":"https:\/\/api.w.org\/{rel}","templated":true}]}}