{"id":12811,"date":"2020-02-10T18:02:35","date_gmt":"2020-02-10T17:02:35","guid":{"rendered":"https:\/\/www.elettrowebstore.com\/?post_type=product&#038;p=12811"},"modified":"2021-12-23T09:59:46","modified_gmt":"2021-12-23T08:59:46","slug":"reber-tritacarne-n-8-elettrico-400-watt-9508n","status":"publish","type":"product","link":"https:\/\/www.elettrowebstore.com\/es\/shop\/reber-picadora-de-carne-n-8-electrica-400-vatios-9508n\/","title":{"rendered":"REBER picadora de carne n\u00ba 8 el\u00e9ctrica 400 W 9508N"},"content":{"rendered":"<h2><strong>REBER picadora de carne n\u00ba 8 el\u00e9ctrica 400 W 9508N<\/strong><\/h2>\n<p><strong>REBER picadora de carne n\u00ba 8 el\u00e9ctrica 400 W 9508N<\/strong> le permite picar una buena cantidad de carne en poco tiempo y sin esfuerzo. De hecho, esta picadora de carne el\u00e9ctrica REBER est\u00e1 equipada con un motor que consume 400 vatios de corriente el\u00e9ctrica, capaz de generar 0,3 CV (algo menos de medio caballo de potencia) de potencia de salida. Se trata de un producto dise\u00f1ado para un uso semiprofesional, caracterizado por la carcasa del motor fabricada en acero inoxidable AISI 430 y los accesorios de la picadora de carne en acero inoxidable AISI 304.<\/p>\n<p>&nbsp;<\/p>\n<p>&nbsp;<\/p>\n<p><img loading=\"lazy\" decoding=\"async\" class=\"size-large wp-image-13485 aligncenter\" src=\"https:\/\/res.cloudinary.com\/dl3yepmtd\/images\/w_800,h_600\/v1610991850\/reber-tritacarne-elettrico-semiprofessionale-inox-made_in_italy-macinato-9508N-6\/reber-tritacarne-elettrico-semiprofessionale-inox-made_in_italy-macinato-9508N-6.jpg?_i=AA\" alt=\"REBER picadora de carne n\u00ba 8 el\u00e9ctrica 400 W 9508N\" width=\"800\" height=\"600\" srcset=\"https:\/\/www.elettrowebstore.com\/EWS_Store\/wp-content\/uploads\/reber-tritacarne-elettrico-semiprofessionale-inox-made_in_italy-macinato-9508N-6.jpg 800w, https:\/\/www.elettrowebstore.com\/EWS_Store\/wp-content\/uploads\/reber-tritacarne-elettrico-semiprofessionale-inox-made_in_italy-macinato-9508N-6-600x450.jpg 600w, https:\/\/www.elettrowebstore.com\/EWS_Store\/wp-content\/uploads\/reber-tritacarne-elettrico-semiprofessionale-inox-made_in_italy-macinato-9508N-6-768x576.jpg 768w\" sizes=\"auto, (max-width: 800px) 100vw, 800px\" \/> <img loading=\"lazy\" decoding=\"async\" class=\"size-large wp-image-13465 aligncenter\" src=\"https:\/\/res.cloudinary.com\/dl3yepmtd\/images\/w_600,h_800\/v1610991852\/reber-tritacarne-elettrico-semiprofessionale-inox-made_in_italy-macinato-9508N\/reber-tritacarne-elettrico-semiprofessionale-inox-made_in_italy-macinato-9508N.jpg?_i=AA\" alt=\"REBER picadora de carne n\u00ba 8 el\u00e9ctrica 400 W 9508N\" width=\"600\" height=\"800\" \/><\/p>\n<h2><strong>Especificaciones t\u00e9cnicas<\/strong><\/h2>\n<p>Las principales caracter\u00edsticas del\u00a0<strong>REBER picadora de carne n\u00ba 8 el\u00e9ctrica 400 W 9508N<\/strong><\/p>\n<ul>\n<li>Motor el\u00e9ctrico de inducci\u00f3n, servicio continuo<\/li>\n<li>Caja de cambios con engranajes de nailon en ba\u00f1o de aceite, que no requieren mantenimiento ni cambio\/sustituci\u00f3n<\/li>\n<li>El aceite utilizado es del tipo \"Long Life\" y es adecuado para el contacto accidental con productos alimenticios.<\/li>\n<li>Carcasa del motorreductor de acero inoxidable AISI 430<\/li>\n<li>Chapa de acero inoxidable<\/li>\n<li>Incluye un mortero de pl\u00e1stico apto para el contacto con alimentos<\/li>\n<li>Tambi\u00e9n se puede ensacar con los accesorios adecuados (se pueden adquirir por separado tres embudos de ensacado de 15, 20 y 25 mm)<\/li>\n<li>\n<div align=\"left\">Cuerpo de la picadora, h\u00e9lice y virola de acero inoxidable AISI 304<\/div>\n<\/li>\n<li>\n<div align=\"left\">Interruptor de 1 velocidad<\/div>\n<\/li>\n<li>\n<div align=\"left\">Placa (tambi\u00e9n llamada matriz) con orificios de 6 mm de di\u00e1metro y cuchilla autoafilable suministrada en acero inoxidable<\/div>\n<\/li>\n<li>Placas opcionales con diferentes di\u00e1metros de orificio disponibles en acero inoxidable<\/li>\n<li>Otros accesorios aplicables al motorreductor: exprimidor de tomates, rallador, prensa para pasta<\/li>\n<li>Dimensiones: cm. 36x20x30(h)<\/li>\n<\/ul>\n<p>&nbsp;<\/p>\n<h2><strong>Descripci\u00f3n <\/strong><strong>REBER picadora de carne n\u00ba 8 el\u00e9ctrica 400 W 9508N<\/strong><\/h2>\n<p><strong>REBER picadora de carne n\u00ba 8 el\u00e9ctrica 400 W 9508N<\/strong> est\u00e1 dise\u00f1ada para un uso semiprofesional y permite picar una buena cantidad de carne en poco tiempo y sin esfuerzo.<\/p>\n<p>El Sistema Integrado Profesional de Reber tambi\u00e9n permite el uso de diferentes accesorios en la misma unidad de motor. Los accesorios que pueden adquirirse por separado y aplicarse al motor de esta picadora el\u00e9ctrica (debe retirarse la parte delantera, es decir, el accesorio) son:<\/p>\n<ul>\n<li><a href=\"https:\/\/www.elettrowebstore.com\/shop\/reber-accessorio-spremipomodoro-n-3-optional-8710n\/\"><strong>REBER exprimidor de tomates opcional n\u00ba 3<\/strong><\/a><\/li>\n<li><a href=\"https:\/\/www.elettrowebstore.com\/shop\/reber-accessorio-torchio-per-pasta-n-3-optional-8410n\/\"><strong>REBER No.3 prensa de pasta opcional<\/strong><\/a><\/li>\n<li><a href=\"https:\/\/www.elettrowebstore.com\/shop\/reber-accessorio-grattugia-n-3-optional-8910n\/\"><strong>Rallador n\u00ba 3 opcional REBER<\/strong><\/a><\/li>\n<\/ul>\n<p>Todos los tipos de accesorios aplicables a los motores REBER <a href=\"https:\/\/www.elettrowebstore.com\/categoria-prodotto\/casalinghi\/accessori-per-reber\/\"><strong>est\u00e1n disponibles en la ElettroWebStore<\/strong><\/a>!<\/p>\n<p>&nbsp;<\/p>\n<h3><em><strong>Motor de 400 vatios y 0,3 CV de potencia<\/strong><\/em><\/h3>\n<p>El motor del\u00a0<strong>REBER picadora de carne n\u00ba 8 el\u00e9ctrica 400 W 9508N<\/strong> proporciona una <strong>potencia de 0,3 caballos<\/strong>equivalente a un consumo de 400 vatios del sistema el\u00e9ctrico.<\/p>\n<p>La fuerza de los motores <strong>REBER<\/strong> suele expresarse en <strong>Watts<\/strong>. El vataje de los motores indica generalmente la cantidad de potencia en vatios que el motor consume de la red el\u00e9ctrica. Multiplicando este valor instant\u00e1neo por las horas se obtiene el consumo de corriente en vatios\/hora.<\/p>\n<p>Por el contrario, la expresi\u00f3n del poder en <strong>HP<\/strong>es decir, en caballos de potencia del motor, indica cu\u00e1nta potencia puede transformar el motor en trabajo. Cuanto mayor sea la potencia absorbida de la red en trabajo, mayor ser\u00e1 la potencia del motor. De hecho, muchos motores absorben mucha energ\u00eda de la red pero no son muy potentes. Esto se debe a que absorben energ\u00eda pero no la transforman en trabajo, sino que la dispersan, normalmente en calor y rotaci\u00f3n interna del rotor in\u00fatil para la aplicaci\u00f3n para la que est\u00e1n dise\u00f1ados.<\/p>\n<p>I<strong>l motor tiene un bobinado el\u00e9ctrico de 4 polos y produce la mitad de revoluciones por minuto (2.800) que muchos motores de la competencia.<\/strong>. Esto significa que para la misma cantidad de corriente absorbida (400 vatios), el motor REBER tiene un mejor rendimiento. De hecho, transforma m\u00e1s energ\u00eda en trabajo, dispersando menos en calor.<\/p>\n<p>&nbsp;<\/p>\n<h3><em><strong>Engranajes y carcasa del motor<\/strong><\/em><\/h3>\n<p>Dispone de un interruptor de una velocidad (<strong>marcha adelante) <\/strong>y de <strong>engranajes de nailon,\u00a0<\/strong>que s\u00f3lo son accesibles desmontando la brida delantera. En caso de problemas, se sustituyen f\u00e1cilmente mediante la compra de la adecuada <strong>kit de engranajes de nailon<\/strong> que ofrece nuestra tienda, en combinaci\u00f3n con el <a href=\"https:\/\/www.elettrowebstore.com\/shop\/reber-flacone-olio-lubrificante-per-motori-long-life-1073a\/\"><strong>botella de aceite<\/strong><\/a> espec\u00edficos de esta m\u00e1quina.<\/p>\n<p>La carcasa del motor est\u00e1 completamente protegida por el <strong>carcasa de acero inoxidable Aisi 430<\/strong> garantizando una limpieza \u00f3ptima y la protecci\u00f3n contra fallos accidentales y accidentes.<\/p>\n<p><strong> <img loading=\"lazy\" decoding=\"async\" class=\"size-large wp-image-13455 aligncenter\" src=\"https:\/\/res.cloudinary.com\/dl3yepmtd\/images\/w_800,h_600\/v1610991853\/reber-tritacarne-elettrico-semiprofessionale-inox-made_in_italy-macinato-9508N-3\/reber-tritacarne-elettrico-semiprofessionale-inox-made_in_italy-macinato-9508N-3.jpg?_i=AA\" alt=\"REBER picadora de carne n\u00ba 8 el\u00e9ctrica 400 W 9508N\" width=\"800\" height=\"600\" srcset=\"https:\/\/www.elettrowebstore.com\/EWS_Store\/wp-content\/uploads\/reber-tritacarne-elettrico-semiprofessionale-inox-made_in_italy-macinato-9508N-3.jpg 800w, https:\/\/www.elettrowebstore.com\/EWS_Store\/wp-content\/uploads\/reber-tritacarne-elettrico-semiprofessionale-inox-made_in_italy-macinato-9508N-3-600x450.jpg 600w, https:\/\/www.elettrowebstore.com\/EWS_Store\/wp-content\/uploads\/reber-tritacarne-elettrico-semiprofessionale-inox-made_in_italy-macinato-9508N-3-768x576.jpg 768w\" sizes=\"auto, (max-width: 800px) 100vw, 800px\" \/><\/strong><\/p>\n<p>&nbsp;<\/p>\n<p>Otra peculiaridad de esta <strong>REBER picadora de carne n\u00ba 8 el\u00e9ctrica 400 vatios 9508N<\/strong> es la fijaci\u00f3n del cuerpo, que es mejor que en las picadoras de carne dom\u00e9sticas. De hecho, el cuerpo encaja en la brida con la ayuda de un cilindro negro, como puede verse en las fotos siguientes, y se bloquea muy f\u00e1cilmente con un tornillo con pomo. As\u00ed que es <strong>m\u00e1s f\u00e1cil y r\u00e1pido de contratar<\/strong> en comparaci\u00f3n con las amoladoras dom\u00e9sticas, en las que es necesario insertar los tornillos y pernos manualmente. Adem\u00e1s, la conexi\u00f3n en \"flor\" garantiza un mejor agarre de la h\u00e9lice dentro de la brida.<\/p>\n<p><img loading=\"lazy\" decoding=\"async\" class=\"size-large wp-image-13445 aligncenter\" src=\"https:\/\/res.cloudinary.com\/dl3yepmtd\/images\/w_800,h_567\/v1610991855\/reber-tritacarne-elettrico-semiprofessionale-inox-made_in_italy-macinato-9508N-8\/reber-tritacarne-elettrico-semiprofessionale-inox-made_in_italy-macinato-9508N-8.jpg?_i=AA\" alt=\"REBER picadora de carne n\u00ba 8 el\u00e9ctrica 400 W 9508N\" width=\"800\" height=\"567\" srcset=\"https:\/\/www.elettrowebstore.com\/EWS_Store\/wp-content\/uploads\/reber-tritacarne-elettrico-semiprofessionale-inox-made_in_italy-macinato-9508N-8.jpg 800w, https:\/\/www.elettrowebstore.com\/EWS_Store\/wp-content\/uploads\/reber-tritacarne-elettrico-semiprofessionale-inox-made_in_italy-macinato-9508N-8-600x425.jpg 600w, https:\/\/www.elettrowebstore.com\/EWS_Store\/wp-content\/uploads\/reber-tritacarne-elettrico-semiprofessionale-inox-made_in_italy-macinato-9508N-8-768x544.jpg 768w\" sizes=\"auto, (max-width: 800px) 100vw, 800px\" \/> <img loading=\"lazy\" decoding=\"async\" class=\"size-large wp-image-13460 aligncenter\" src=\"https:\/\/res.cloudinary.com\/dl3yepmtd\/images\/w_800,h_600\/v1610991857\/reber-tritacarne-elettrico-semiprofessionale-inox-made_in_italy-macinato-9508N-7\/reber-tritacarne-elettrico-semiprofessionale-inox-made_in_italy-macinato-9508N-7.jpg?_i=AA\" alt=\"REBER picadora de carne n\u00ba 8 el\u00e9ctrica 400 W 9508N\" width=\"800\" height=\"600\" srcset=\"https:\/\/www.elettrowebstore.com\/EWS_Store\/wp-content\/uploads\/reber-tritacarne-elettrico-semiprofessionale-inox-made_in_italy-macinato-9508N-7.jpg 800w, https:\/\/www.elettrowebstore.com\/EWS_Store\/wp-content\/uploads\/reber-tritacarne-elettrico-semiprofessionale-inox-made_in_italy-macinato-9508N-7-600x450.jpg 600w, https:\/\/www.elettrowebstore.com\/EWS_Store\/wp-content\/uploads\/reber-tritacarne-elettrico-semiprofessionale-inox-made_in_italy-macinato-9508N-7-768x576.jpg 768w\" sizes=\"auto, (max-width: 800px) 100vw, 800px\" \/><\/p>\n<h3><em><strong>Accesorios de la picadora fabricados \u00edntegramente en acero inoxidable AISI 304<\/strong><\/em><\/h3>\n<p>Los dem\u00e1s accesorios del <strong>REBER picadora de carne n\u00ba 8 el\u00e9ctrica 400 W 9508N<\/strong> se realicen plenamente <strong>de acero inoxidable AISI 304<\/strong>. Esto garantiza unas excelentes propiedades de contacto con los alimentos y una gran durabilidad. Adem\u00e1s, confiere al producto una sensaci\u00f3n de calidad y profesionalidad. Nos referimos en particular a las siguientes piezas, que tambi\u00e9n est\u00e1n disponibles como recambios:<\/p>\n<ul>\n<li><strong>cuerpo de la picadora<\/strong><\/li>\n<li><strong>anillo<\/strong><\/li>\n<li><strong>placa picadora<\/strong><\/li>\n<li><strong>h\u00e9lice<\/strong><\/li>\n<\/ul>\n<p>&nbsp;<\/p>\n<h3><em><strong>Plato y cuchillo<\/strong><\/em><\/h3>\n<p>Plato y cuchillo de esto\u00a0<strong>REBER picadora de carne n\u00ba 8 el\u00e9ctrica 400 W 9508N<\/strong> son de acero inoxidable.<\/p>\n<p><strong>REBER picadora de carne n\u00ba 8 el\u00e9ctrica 400 W 9508N<\/strong> llega con la placa suministrada con orificios de 6 mm. Se pueden solicitar placas adicionales con diferentes di\u00e1metros de orificio: <strong>mm. 4,5 - 8 - 10 - 12 - 14 - 16<\/strong>.<\/p>\n<p><img loading=\"lazy\" decoding=\"async\" class=\"size-large wp-image-13470 aligncenter\" src=\"https:\/\/res.cloudinary.com\/dl3yepmtd\/images\/w_800,h_510\/v1610991859\/reber-tritacarne-elettrico-semiprofessionale-inox-made_in_italy-macinato-9508N-9\/reber-tritacarne-elettrico-semiprofessionale-inox-made_in_italy-macinato-9508N-9.jpg?_i=AA\" alt=\"REBER picadora de carne n\u00ba 8 el\u00e9ctrica 400 W 9508N\" width=\"800\" height=\"510\" srcset=\"https:\/\/www.elettrowebstore.com\/EWS_Store\/wp-content\/uploads\/reber-tritacarne-elettrico-semiprofessionale-inox-made_in_italy-macinato-9508N-9.jpg 800w, https:\/\/www.elettrowebstore.com\/EWS_Store\/wp-content\/uploads\/reber-tritacarne-elettrico-semiprofessionale-inox-made_in_italy-macinato-9508N-9-600x383.jpg 600w, https:\/\/www.elettrowebstore.com\/EWS_Store\/wp-content\/uploads\/reber-tritacarne-elettrico-semiprofessionale-inox-made_in_italy-macinato-9508N-9-768x490.jpg 768w\" sizes=\"auto, (max-width: 800px) 100vw, 800px\" \/><\/p>\n<p>Usted recibe la caja con el motor blindado de acero inoxidable en su interior con el enchufe el\u00e9ctrico ya insertado y el accesorio de la picadora de carne compuesto en su totalidad por componentes de acero inoxidable: cuerpo, h\u00e9lice, placa, cuchilla y virola. La \u00fanica pieza que no es de acero en este modelo es la prensa de carne, que es de pl\u00e1stico.<\/p>\n<p>El cuerpo tiene una ranura especial en el interior, que ayuda a picar la carne, mientras que las picadoras de carne dom\u00e9sticas suelen tener la parte interior del cuerpo lisa.<\/p>\n<p><img loading=\"lazy\" decoding=\"async\" class=\"size-large wp-image-13480 aligncenter\" src=\"https:\/\/res.cloudinary.com\/dl3yepmtd\/images\/w_800,h_600\/v1610991861\/reber-tritacarne-elettrico-semiprofessionale-inox-made_in_italy-macinato-9508N-10\/reber-tritacarne-elettrico-semiprofessionale-inox-made_in_italy-macinato-9508N-10.jpg?_i=AA\" alt=\"REBER picadora de carne n\u00ba 8 el\u00e9ctrica 400 W 9508N\" width=\"800\" height=\"600\" srcset=\"https:\/\/www.elettrowebstore.com\/EWS_Store\/wp-content\/uploads\/reber-tritacarne-elettrico-semiprofessionale-inox-made_in_italy-macinato-9508N-10.jpg 800w, https:\/\/www.elettrowebstore.com\/EWS_Store\/wp-content\/uploads\/reber-tritacarne-elettrico-semiprofessionale-inox-made_in_italy-macinato-9508N-10-600x450.jpg 600w, https:\/\/www.elettrowebstore.com\/EWS_Store\/wp-content\/uploads\/reber-tritacarne-elettrico-semiprofessionale-inox-made_in_italy-macinato-9508N-10-768x576.jpg 768w\" sizes=\"auto, (max-width: 800px) 100vw, 800px\" \/><\/p>\n<h2><strong>Informaci\u00f3n sobre el producto REBER<\/strong><\/h2>\n<p><a href=\"http:\/\/www.rebersrl.it\" target=\"_blank\" rel=\"noopener noreferrer\"><img loading=\"lazy\" decoding=\"async\" class=\"alignleft wp-image-5331 size-full\" src=\"https:\/\/res.cloudinary.com\/dl3yepmtd\/images\/w_250,h_110\/v1610967060\/reber-logo_rhhra7_53313b98c\/reber-logo_rhhra7_53313b98c.png?_i=AA\" alt=\"Logotipo REBER\" width=\"250\" height=\"110\" \/><\/a><\/p>\n<p><a href=\"http:\/\/www.rebersrl.it\"><strong>REBER<\/strong> <\/a>es l\u00edder en Italia y en el extranjero en la producci\u00f3n y distribuci\u00f3n de art\u00edculos para el hogar y para profesionales. De hecho, sus art\u00edculos est\u00e1n espec\u00edficamente dise\u00f1ados para disponer de productos de gran fiabilidad en el hogar o el taller, pensados para durar mucho tiempo.<\/p>\n<p>Adem\u00e1s, todos los motores y accesorios cumplen siempre todas las normativas aplicables, tanto en materia de tecnolog\u00eda de fabricaci\u00f3n como de contacto de los alimentos con los materiales.<\/p>\n<p>De hecho, todos los art\u00edculos REBER van acompa\u00f1ados de una declaraci\u00f3n de conformidad. Por lo tanto, \u00a1garantizan siempre la m\u00e1xima satisfacci\u00f3n de todos los usuarios!<\/p>\n<p>&nbsp;<\/p>\n<h2><strong>Garant\u00eda<\/strong><\/h2>\n<p>El producto est\u00e1 cubierto por <a href=\"https:\/\/www.elettrowebstore.com\/due-anni-di-garanzia-su-ogni-prodotto-acquistato\/\"><strong>garant\u00eda legal<\/strong><\/a>seg\u00fan la p\u00e1gina correspondiente de nuestro sitio web, que le invitamos a leer. Tambi\u00e9n proporcionamos informaci\u00f3n clara sobre el ejercicio de la <a href=\"https:\/\/www.elettrowebstore.com\/diritto-di-recesso-restituzione-prodotti\/\"><strong>derecho de retractaci\u00f3n<\/strong><\/a>.<\/p>\n<p>Para facilitar el ejercicio de este derecho, el fabricante dispone de Centros de Asistencia T\u00e9cnica autorizados en todo el territorio nacional.<\/p>\n<p>Encontrar\u00e1 m\u00e1s informaci\u00f3n sobre la legislaci\u00f3n pertinente en el sitio web de la<a href=\"http:\/\/www.agcm.it\/consumatore\/decalogo\/5102-garanzia-del-venditore-guida-per-il-consumatore.html\"><strong>Autoridad de Competencia y Mercado<\/strong><\/a>.<\/p>\n<p>Con el fin de mejorar la calidad del producto, el fabricante se reserva el derecho de modificar los materiales y las caracter\u00edsticas t\u00e9cnicas del art\u00edculo sin previo aviso.  Adem\u00e1s, las descripciones e im\u00e1genes que aqu\u00ed se ofrecen son, por tanto, orientativas y pueden variar ligeramente respecto al producto final.<\/p>\n<p>&nbsp;<\/p>\n<h2><strong>Plazo de entrega<\/strong><\/h2>\n<p>Este producto NO siempre est\u00e1 disponible para entrega inmediata. Pero se puede pedir de inmediato y ser\u00e1 enviado por ElettroWebStore dentro de 10-15 d\u00edas h\u00e1biles a partir de la fecha de compra.<\/p>\n<p>Adem\u00e1s, todos los env\u00edos de ElettroWebStore est\u00e1n exentos de gastos de env\u00edo.<\/p>\n<p><a href=\"https:\/\/www.elettrowebstore.com\/spedizioni-consegne-prodotti-italia-estero\/\"><img loading=\"lazy\" decoding=\"async\" class=\"aligncenter wp-image-5149 size-full\" src=\"https:\/\/res.cloudinary.com\/dl3yepmtd\/images\/w_649,h_175\/v1533464356\/elettrowebstore-spedizione-con-corrieri-brt-sda-dhl_n75nxd\/elettrowebstore-spedizione-con-corrieri-brt-sda-dhl_n75nxd.jpg?_i=AA\" alt=\"ElettroWebStore env\u00eda con mensajer\u00eda r\u00e1pida BRT SDA DHL\" width=\"649\" height=\"175\" srcset=\"https:\/\/www.elettrowebstore.com\/EWS_Store\/wp-content\/uploads\/elettrowebstore-spedizione-con-corrieri-brt-sda-dhl_n75nxd.jpg 649w, https:\/\/www.elettrowebstore.com\/EWS_Store\/wp-content\/uploads\/elettrowebstore-spedizione-con-corrieri-brt-sda-dhl_n75nxd-600x162.jpg 600w\" sizes=\"auto, (max-width: 649px) 100vw, 649px\" \/><\/a><\/p>\n<p>&nbsp;<\/p>\n<h2><strong>Formas de pago aceptadas<\/strong><\/h2>\n<p><strong>En el sitio web de ElettroWebStore puede pagar con todos los m\u00e9todos habituales<\/strong>tanto espec\u00edficas de Internet (como las tarjetas prepago) como tradicionales (como las tarjetas de cr\u00e9dito cl\u00e1sicas).<\/p>\n<p><a href=\"https:\/\/www.elettrowebstore.com\/pagamenti-sicuri-sul-sito-elettrowebstore\/\"><img loading=\"lazy\" decoding=\"async\" class=\"aligncenter size-full wp-image-5151\" src=\"https:\/\/res.cloudinary.com\/dl3yepmtd\/images\/w_649,h_226\/v1533464354\/elettrowebstore-pagamenti_berj9q\/elettrowebstore-pagamenti_berj9q.jpg?_i=AA\" alt=\"Formas de pago aceptadas en el sitio ElettroWebStore\" width=\"649\" height=\"226\" srcset=\"https:\/\/www.elettrowebstore.com\/EWS_Store\/wp-content\/uploads\/elettrowebstore-pagamenti_berj9q.jpg 649w, https:\/\/www.elettrowebstore.com\/EWS_Store\/wp-content\/uploads\/elettrowebstore-pagamenti_berj9q-600x209.jpg 600w\" sizes=\"auto, (max-width: 649px) 100vw, 649px\" \/><\/a><\/p>\n<p>&nbsp;<\/p>\n<p>Todos los pagos se gestionan a trav\u00e9s del <a href=\"https:\/\/www.paypal.com\/it\/webapps\/mpp\/paypal-safety-and-security\"><strong>Paypal<\/strong><\/a>. Adem\u00e1s, aunque no dispongas de Paypal, puedes pagar sin necesidad de registrarte y guardar tus credenciales. Todo lo que tienes que hacer es introducir tus datos en las p\u00e1ginas de Paypal.<\/p>\n<p>En ning\u00fan caso <a href=\"http:\/\/www.elettrowebstore.com\"><strong>ElettroWebStore<\/strong><\/a> gestionar los datos de sus tarjetas de pago o darse cuenta de ellos. De hecho <a href=\"http:\/\/www.elettrowebstore.com\"><strong>ElettroWebStore<\/strong><\/a> s\u00f3lo ver\u00e1 si el pago se ha efectuado o no.<\/p>\n<p>Nuestro sitio utiliza protocolos HTTPS, que garantizan un alto nivel de seguridad para los usuarios.<\/p>","protected":false},"excerpt":{"rendered":"<p><strong>REBER picadora de carne n\u00ba 8 el\u00e9ctrica 400 W 9508N<\/strong> Permite picar una buena cantidad de carne en poco tiempo y sin esfuerzo. Motor con carcasa de acero inoxidable. <span style=\"color: #ed1c24;\"><strong>Env\u00edo gratuito.<\/strong><\/span><\/p>","protected":false},"featured_media":13490,"template":"","meta":[],"product_brand":[],"product_cat":[17,618],"product_tag":[1375,407,364,351,201,619,411,94,358,701,65,518,409,373,350],"class_list":{"0":"post-12811","1":"product","2":"type-product","3":"status-publish","4":"has-post-thumbnail","6":"product_cat-casalinghi-cura-casa","7":"product_cat-tritacarne-elettrici","8":"product_tag-9508n","9":"product_tag-acciaio","10":"product_tag-acciaio-inox","11":"product_tag-carne","12":"product_tag-elettrico","13":"product_tag-elettrodomestico","14":"product_tag-free-shipping","15":"product_tag-inox","16":"product_tag-macinato","17":"product_tag-made-in-italy","18":"product_tag-reber","19":"product_tag-semi-professionale","20":"product_tag-spedizione-gratuita","21":"product_tag-trita","22":"product_tag-tritacarne","23":"product_shipping_class-pe10","25":"first","26":"instock","27":"sale","28":"taxable","29":"shipping-taxable","30":"purchasable","31":"product-type-simple"},"_links":{"self":[{"href":"https:\/\/www.elettrowebstore.com\/es\/wp-json\/wp\/v2\/product\/12811","targetHints":{"allow":["GET"]}}],"collection":[{"href":"https:\/\/www.elettrowebstore.com\/es\/wp-json\/wp\/v2\/product"}],"about":[{"href":"https:\/\/www.elettrowebstore.com\/es\/wp-json\/wp\/v2\/types\/product"}],"wp:featuredmedia":[{"embeddable":true,"href":"https:\/\/www.elettrowebstore.com\/es\/wp-json\/wp\/v2\/media\/13490"}],"wp:attachment":[{"href":"https:\/\/www.elettrowebstore.com\/es\/wp-json\/wp\/v2\/media?parent=12811"}],"wp:term":[{"taxonomy":"product_brand","embeddable":true,"href":"https:\/\/www.elettrowebstore.com\/es\/wp-json\/wp\/v2\/product_brand?post=12811"},{"taxonomy":"product_cat","embeddable":true,"href":"https:\/\/www.elettrowebstore.com\/es\/wp-json\/wp\/v2\/product_cat?post=12811"},{"taxonomy":"product_tag","embeddable":true,"href":"https:\/\/www.elettrowebstore.com\/es\/wp-json\/wp\/v2\/product_tag?post=12811"}],"curies":[{"name":"wp","href":"https:\/\/api.w.org\/{rel}","templated":true}]}}