{"id":78661,"date":"2021-03-09T15:21:11","date_gmt":"2021-03-09T14:21:11","guid":{"rendered":"https:\/\/www.elettrowebstore.com\/?post_type=product&#038;p=78661"},"modified":"2023-03-27T09:34:39","modified_gmt":"2023-03-27T07:34:39","slug":"gaggia-grangaggia-deluxe-macchina-caffe-domestica-a-polvere-e-cialde-ri8425-11","status":"publish","type":"product","link":"https:\/\/www.elettrowebstore.com\/de\/shop\/gaggia-grangaggia-deluxe-kaffeemaschine-fur-zuhause-mit-pulver-und-pads-ri8425-11\/","title":{"rendered":"Gaggia Grangaggia Deluxe Haushaltskaffeemaschine f\u00fcr Pulver und Pads RI8425\/11"},"content":{"rendered":"<h2><strong>Gaggia Grangaggia Deluxe Haushaltskaffeemaschine f\u00fcr Pulver und Pads RI8425\/11<\/strong><\/h2>\n<p>Gaggia Grangaggia Deluxe Kaffeemaschine mit Pulver und Pads RI8425\/11 ist eine GAGGIA Kaffeemaschine f\u00fcr den Hausgebrauch.<\/p>\n<p><img loading=\"lazy\" decoding=\"async\" class=\"aligncenter size-full wp-image-651593\" src=\"https:\/\/www.elettrowebstore.com\/EWS_Store\/wp-content\/uploads\/gaggia-grangaggia-deluxe-macchina-caffe-polvere-cialde-made-in-italy-cappuccino-8425-11.jpg\" alt=\"gaggia-deluxe-kaffeemaschine-pulver-kaffee-made-in-italy-cappuccino-RI8425\/11\" width=\"600\" height=\"600\" srcset=\"https:\/\/www.elettrowebstore.com\/EWS_Store\/wp-content\/uploads\/gaggia-grangaggia-deluxe-macchina-caffe-polvere-cialde-made-in-italy-cappuccino-8425-11.jpg 600w, https:\/\/www.elettrowebstore.com\/EWS_Store\/wp-content\/uploads\/gaggia-grangaggia-deluxe-macchina-caffe-polvere-cialde-made-in-italy-cappuccino-8425-11-200x200.jpg 200w, https:\/\/www.elettrowebstore.com\/EWS_Store\/wp-content\/uploads\/gaggia-grangaggia-deluxe-macchina-caffe-polvere-cialde-made-in-italy-cappuccino-8425-11-100x100.jpg 100w\" sizes=\"auto, (max-width: 600px) 100vw, 600px\" \/><\/p>\n<p>Diese manuelle Kaffeemaschine verbindet das moderne Design der elektrischen Kaffeemaschinen von GAGGIA mit der Sorgfalt der Materialien, dank der soliden schwarzen ABS-Konstruktion.<\/p>\n<p>Dazu geh\u00f6rt auch der klassische Pannarello, mit dem Sie Milch emulgieren k\u00f6nnen, um Sahne und Cappuccino-Creme zu erhalten. Die Schnittstelle dieser Maschine ist der Klassiker schlechthin, analog, mit Lichtern und Tasten, die einen direkten Zugang zu den Bedienelementen \"wie in alten Zeiten\" erm\u00f6glichen!<\/p>\n<p>Wir sprechen von einer manuellen Kaffeemaschine, weil der Benutzer das Kaffeepulver oder die Papierkapsel in den Filterhalter einlegen muss. Die GAGGIA Grangaggia Deluxe Kaffeemaschine ist sowohl mit Kaffeepulver, d.h. gemahlenem Kaffee, als auch mit Papierkapseln kompatibel. Sie kann nicht mit Kapseln verwendet werden.<\/p>\n<p>Alle GAGGIA-Kaffeemaschinen werden in Italien hergestellt, mit gr\u00f6\u00dfter Aufmerksamkeit f\u00fcr die Details und die allgemeine Produktqualit\u00e4t. Kaufen Sie italienische und nicht importierte Produkte!<\/p>\n<p>Die Qualit\u00e4t der GAGGIA-Kaffeemaschinen zeigt sich nicht nur an der Bedeutung des Markennamens. Der Gr\u00fcnder war n\u00e4mlich der Erfinder der Espresso-Barmaschinen, wie wir sie heute kennen. Der von den GAGGIA-Kaffeemaschinen gelieferte Kaffee ist von h\u00f6chster Qualit\u00e4t und \"bar\u00e4hnlich\", selbst f\u00fcr Haushaltsmaschinen.<\/p>\n<p>Zu diesen Merkmalen kommt jedoch noch die Best\u00e4ndigkeit und Robustheit der Rahmen der Kaffeemaschinen sowie der verwendeten internen Komponenten hinzu.<\/p>\n<p>Die Kaffeemaschinen von GAGGIA werden jetzt von Philips CATs gewartet. Dies ist eine Garantie f\u00fcr ein schnelles Eingreifen bei allen Bed\u00fcrfnissen und Notf\u00e4llen, denn in Italien \"genie\u00dft man Kaffee jeden Tag!<\/p>\n<p>&nbsp;<\/p>\n<h2><strong>Technische Daten<\/strong><\/h2>\n<p>Im Folgenden werden die wichtigsten Merkmale des <strong>GAGGIA Grangaggia Deluxe Haushaltskaffeemaschine f\u00fcr Pulver und Pads RI8425-11<\/strong><\/p>\n<ul>\n<li>Schnittstelle: ANALOG<\/li>\n<li>Druckfilterhalter perfekte Creme<\/li>\n<li>Hei\u00dfwasser-\/Dampfspender<\/li>\n<li>KLASSISCHER EDELSTAHL-PANNARELLO<\/li>\n<li>Becherhalter aus Edelstahl<\/li>\n<li>Karosseriefarben: <span class=\"fs-xs-8 fs-lg-14\">SCHWARZ und EDELSTAHL<\/span><\/li>\n<li>Espressokaffee zubereiten<\/li>\n<li>Dampferzeugung<\/li>\n<li>Erzeugung von Warmwasser<\/li>\n<li>Kompatibel mit gemahlenem Kaffee und Kaffeepads<\/li>\n<li>Pumpendruck: 15 bar<\/li>\n<li>Mitgelieferte Filter: 2 (1-2 CAPS, PRESSURIZED PODS 'perfect cream')<\/li>\n<li>Fassungsverm\u00f6gen des Wassertanks: 1 Liter<\/li>\n<li>Abnehmbare Komponenten: WASSERBECKEN: von oben, ABLAGE: vorne, PANEL<\/li>\n<li>Gleichzeitige Ausgabe von 2 Tassen Kaffee<\/li>\n<li>Entkalkungszyklus MANUELL<\/li>\n<li>Produktabmessungen (B x H x T): 20 x 29,7 x 26,5 cm<\/li>\n<li>Gewicht des Produkts: 4,5 kg<\/li>\n<li>Gruppe und Filterhalter: Aluminium und Kunststoff<\/li>\n<li>Ausf\u00fchrung Pannarello: Edelstahl mit Kunststoffgriff<\/li>\n<li>Karosserie: ABS-Kunststoff<\/li>\n<li>Oberfl\u00e4che der Frontplatte: EDELSTAHL SATINLESS<\/li>\n<li>Ausf\u00fchrung der Tropfschale: PLASTIC AND STAINLESS STEEL<\/li>\n<li>Stromversorgung: automatisches Stand-by<\/li>\n<li>Kessel: Aluminium<\/li>\n<li>Stromversorgung: 230-240V 50HZ 1025W<\/li>\n<li>Enthaltenes Zubeh\u00f6r: Spender f\u00fcr gemahlenen Kaffee, Kaffeepresse, Tassenhalterung aus Edelstahl<\/li>\n<\/ul>\n<p>&nbsp;<\/p>\n<h2><strong>Beschreibung\u00a0<\/strong><strong>GAGGIA Grangaggia Deluxe Haushaltskaffeemaschine f\u00fcr Pulver und Pads RI8425-11<\/strong><\/h2>\n<p>Die manuellen Gaggia-Maschinen sind die ideale Wahl f\u00fcr alle, die zu Hause das Beste aus der traditionellen Kaffeezubereitung herausholen wollen.<\/p>\n<p>Es handelt sich um Haushaltsmaschinen mit professionellen Komponenten, die Espresso mit perfekter Crema zubereiten.<\/p>\n<p>Der professionelle Pannarello erm\u00f6glicht auch die Zubereitung von hei\u00dfer Milch, Cappuccinos und Milchkaffees.<\/p>\n<p>Mit der einfachen Praxis des t\u00e4glichen Gebrauchs ist es m\u00f6glich, zu Hause einen Kaffee wie in der Bar zu erhalten und dabei die D\u00fcfte der besten auf dem Markt erh\u00e4ltlichen Pulvermischungen zu genie\u00dfen.<\/p>\n<p>&nbsp;<\/p>\n<h2><strong>\u00dcber Gaggia-Produkte<\/strong><\/h2>\n<p><a href=\"https:\/\/www.gaggia.it\"><strong>Gaggia<\/strong><\/a>\u00a0ist ein weltweit f\u00fchrender Hersteller von Kaffeemaschinen. Die Gaggia-Kaffeemaschinen gehen auf die futuristischen Forschungen von Achille Gaggia zur\u00fcck, der das auf die Herstellung von Espressomaschinen spezialisierte Unternehmen in den 1930er Jahren gr\u00fcndete.<\/p>\n<p>Seit mehr als einem halben Jahrhundert stellt GAGGIA innovative und hochmoderne Kaffeemaschinen f\u00fcr den professionellen und privaten Gebrauch her, immer mit dem Ziel, einen Espresso von h\u00f6chster Qualit\u00e4t zu erhalten. Die Forschung konzentriert sich seit jeher auf die Verbesserung der Extraktion des Kaffees und die Erzielung einer weichen Schicht \"nat\u00fcrlicher Crema\" auf dem Kaffee, auf der Suche nach einem immer besseren Geschmack.<\/p>\n<p>Von da an wurde GAGGIA, zun\u00e4chst mit Kaffeemaschinen f\u00fcr Bars, dann f\u00fcr den Hausgebrauch, zum Marktf\u00fchrer.<\/p>\n<p>Im Jahr 1999 fusionierte Gaggia mit Saeco und f\u00fchrte seine Linie der automatischen Espressomaschinen ein: Auf Knopfdruck mahlt die Maschine den Kaffee, presst ihn und gibt ihn direkt in die Tasse aus! Zehn Jahre sp\u00e4ter wurde Gaggia an PHILIPS ELECTRONICS verkauft und geh\u00f6rt seither zu einem der gr\u00f6\u00dften europ\u00e4ischen Industriekonzerne im Bereich der Haushaltsger\u00e4te und der Elektronik mit einem sehr ausgedehnten Netz von autorisierten Servicezentren.<\/p>\n<p>&nbsp;<\/p>\n<h2><strong>Garantie<\/strong><\/h2>\n<p>Das Produkt ist abgedeckt durch <a href=\"https:\/\/www.elettrowebstore.com\/due-anni-di-garanzia-su-ogni-prodotto-acquistato\/\"><strong>gesetzliche Garantie<\/strong><\/a>gem\u00e4\u00df der entsprechenden Seite auf unserer Website, die wir Sie bitten zu lesen. Wir bieten auch klare Informationen \u00fcber die Aus\u00fcbung der <a href=\"https:\/\/www.elettrowebstore.com\/diritto-di-recesso-restituzione-prodotti\/\"><strong>R\u00fccktrittsrecht<\/strong><\/a>.<\/p>\n<p>Um die Aus\u00fcbung dieses Rechts zu erleichtern, stellt der Hersteller im ganzen Land autorisierte Zentren f\u00fcr technische Unterst\u00fctzung zur Verf\u00fcgung.<\/p>\n<p>Weitere Informationen zu den einschl\u00e4gigen Rechtsvorschriften finden Sie auf der Website der<a href=\"http:\/\/www.agcm.it\/consumatore\/decalogo\/5102-garanzia-del-venditore-guida-per-il-consumatore.html\"><strong>Beh\u00f6rde f\u00fcr Wettbewerb und Markt<\/strong><\/a>.<\/p>\n<p>Um die Qualit\u00e4t des Produkts zu verbessern, beh\u00e4lt sich der Hersteller das Recht vor, die Materialien und technischen Merkmale des Artikels ohne vorherige Ank\u00fcndigung zu \u00e4ndern.  Dar\u00fcber hinaus sind die Beschreibungen und Bilder hier angegeben sind daher indikativ und kann leicht von dem Endprodukt abweichen.<\/p>\n<p>Service und Garantie f\u00fcr GAGGIA Produkte werden in ganz Italien und Europa direkt von den Philips Servicezentren angeboten. Bei Problemen mit diesen Ger\u00e4ten, auch wenn sie gerade erst gekauft wurden oder mehr als zwei Jahre alt sind, k\u00f6nnen sich alle Kunden an die Philips CATs wenden.<\/p>\n<p>&nbsp;<\/p>\n<h2><strong>Lieferfrist<\/strong><\/h2>\n<p>Dieses Produkt ist immer zur sofortigen Lieferung verf\u00fcgbar. In der Tat kann es sofort bestellt werden und wird von ElettroWebStore innerhalb von 2 Werktagen ab dem Kaufdatum versandt.<\/p>\n<p>Dar\u00fcber hinaus sind alle Sendungen von ElettroWebStore frachtfrei!<\/p>\n<p>&nbsp;<\/p>\n<h2><strong>Akzeptierte Zahlungsmittel<\/strong><\/h2>\n<p><strong>Auf der Website von ElettroWebStore k\u00f6nnen Sie mit allen g\u00e4ngigen Methoden bezahlen<\/strong>sowohl internetspezifische (z. B. Prepaid-Karten) als auch traditionelle (z. B. klassische Kreditkarten).<\/p>\n<p>Um alle akzeptierten Zahlungsarten zu \u00fcberpr\u00fcfen, besuchen Sie bitte unsere Seite auf <a href=\"https:\/\/www.elettrowebstore.com\/pagamenti-sicuri-sul-sito-elettrowebstore\/\" target=\"_blank\" rel=\"noopener\"><strong>Zahlungsm\u00f6glichkeiten auf der Website von ElettroWebStore<\/strong><\/a>. In keinem Fall <strong>ElettroWebStore<\/strong> Ihre Zahlungskartendaten zu verwalten oder von ihnen Kenntnis zu erlangen. In der Tat <strong>ElettroWebStore<\/strong> wird nur angezeigt, ob die Zahlung erfolgt ist oder nicht!<\/p>\n<p>Unsere Website verwendet HTTPS-Protokolle, die hohe Sicherheitsstandards f\u00fcr die Nutzer garantieren!<\/p>","protected":false},"excerpt":{"rendered":"<p>Gaggia Grangaggia Deluxe Haushaltskaffeemaschine mit Pulver und Pads RI8425\/11 ist kompatibel mit Kaffeepads und Pulver. <span style=\"color: #ed1c24;\"><strong>Kostenloser Versand nach Italien!<\/strong><\/span><\/p>\n<p><a href=\"https:\/\/www.elettrowebstore.com\/shop\/estensione-di-garanzia-elettrodomestici-3-anni-fino-a-250-euro\/\"><span style=\"color: #0000ff;\"><strong>Erweiterte Garantie verf\u00fcgbar<\/strong><\/span><\/a><\/p>","protected":false},"featured_media":651593,"template":"","meta":[],"product_brand":[],"product_cat":[17,644],"product_tag":[554,648,612,1881,68,630,647,1882],"class_list":{"0":"post-78661","1":"product","2":"type-product","3":"status-publish","4":"has-post-thumbnail","6":"product_cat-casalinghi-cura-casa","7":"product_cat-macchine-del-caffe-domestiche","8":"product_tag-caffe","9":"product_tag-cialde","10":"product_tag-gaggia","11":"product_tag-grangaggia-deluxe","12":"product_tag-macchina","13":"product_tag-philips","14":"product_tag-polvere","15":"product_tag-ri8425-11","16":"product_shipping_class-pe","18":"first","19":"outofstock","20":"sale","21":"taxable","22":"shipping-taxable","23":"purchasable","24":"product-type-simple"},"_links":{"self":[{"href":"https:\/\/www.elettrowebstore.com\/de\/wp-json\/wp\/v2\/product\/78661","targetHints":{"allow":["GET"]}}],"collection":[{"href":"https:\/\/www.elettrowebstore.com\/de\/wp-json\/wp\/v2\/product"}],"about":[{"href":"https:\/\/www.elettrowebstore.com\/de\/wp-json\/wp\/v2\/types\/product"}],"wp:featuredmedia":[{"embeddable":true,"href":"https:\/\/www.elettrowebstore.com\/de\/wp-json\/wp\/v2\/media\/651593"}],"wp:attachment":[{"href":"https:\/\/www.elettrowebstore.com\/de\/wp-json\/wp\/v2\/media?parent=78661"}],"wp:term":[{"taxonomy":"product_brand","embeddable":true,"href":"https:\/\/www.elettrowebstore.com\/de\/wp-json\/wp\/v2\/product_brand?post=78661"},{"taxonomy":"product_cat","embeddable":true,"href":"https:\/\/www.elettrowebstore.com\/de\/wp-json\/wp\/v2\/product_cat?post=78661"},{"taxonomy":"product_tag","embeddable":true,"href":"https:\/\/www.elettrowebstore.com\/de\/wp-json\/wp\/v2\/product_tag?post=78661"}],"curies":[{"name":"wp","href":"https:\/\/api.w.org\/{rel}","templated":true}]}}