{"id":7764,"date":"2019-11-11T09:19:14","date_gmt":"2019-11-11T08:19:14","guid":{"rendered":"https:\/\/www.elettrowebstore.com\/?post_type=product&#038;p=7764"},"modified":"2025-02-17T12:44:20","modified_gmt":"2025-02-17T11:44:20","slug":"reber-coltello-per-tritacarne-elettrico-in-acciaio-al-carbonio","status":"publish","type":"product","link":"https:\/\/www.elettrowebstore.com\/de\/shop\/reber-kohlenstoffstahl-elektrische-fleischwolf-messer\/","title":{"rendered":"REBER Elektrisches Fleischwolfmesser aus Kohlenstoffstahl"},"content":{"rendered":"<h2><strong>REBER Elektrisches Fleischwolfmesser aus Kohlenstoffstahl<br \/>\n<\/strong><\/h2>\n<p>Das REBER-Elektro-Fleischwolfmesser aus Kohlenstoffstahl ist die ideale Erg\u00e4nzung f\u00fcr die Reber-Elektro-Fleischw\u00f6lfe mit den Fleischwolfk\u00f6rpern No. 5 - No. 12 - No. 22 - No. 32.<\/p>\n<p>Das Messer ist selbstsch\u00e4rfend und in verschiedenen Gr\u00f6\u00dfen erh\u00e4ltlich, die Sie je nach Art des Fleischwolfs ausw\u00e4hlen k\u00f6nnen (Nr. 5 - Nr. 12 - Nr. 22 - Nr. 32). Sie k\u00f6nnen den gew\u00fcnschten Messertyp aus dem Dropdown-Men\u00fc ausw\u00e4hlen.<\/p>\n<p><strong>Dieses Messer ist beim Kauf eines elektrischen Fleischwolfs von Reber im Lieferumfang enthalten.<\/strong>. Es ist daher m\u00f6glich, \u00fcber diese Anzeige ein Ersatzmesser zu erwerben.<\/p>\n<p>&nbsp;<\/p>\n<p>&nbsp;<\/p>\n<h2><strong>Technische Daten <\/strong><strong>REBER Elektrisches Fleischwolfmesser aus Kohlenstoffstahl<br \/>\n<\/strong><\/h2>\n<ul>\n<li>\n<div>Hergestellt aus C55-Kohlenstoffstahl<\/div>\n<\/li>\n<li>Zur Verwendung mit Reber-Elektrow\u00f6lfen, die die Wolfk\u00f6rper Nr. 5 - Nr. 12 - Nr. 22 - Nr. 32 aufnehmen<\/li>\n<li>Geeignet f\u00fcr den Kontakt mit Lebensmitteln<\/li>\n<li>Abmessungen des Hackmessers Nr. 5: Durchmesser cm. 4,6; Dicke cm. 0,9; Durchmesser des zentralen Lochs cm. 1<\/li>\n<li>Abmessungen des Hackmessers Nr. 12: Durchmesser cm. 6; Dicke cm. 1; Durchmesser des zentralen Lochs cm. 1,1<\/li>\n<li>Ma\u00dfe des Fleischwolfmessers Nr. 22: Durchmesser 7,2 cm; Dicke 1,1 cm; Durchmesser des Mittellochs 1,3 cm<\/li>\n<li>Abmessungen des Hackmessers Nr. 32: Durchmesser 8,8 cm; Dicke 1,3 cm; Durchmesser des zentralen Lochs 1,5 cm<\/li>\n<li>Verpackung in Blisterpackungen oder Pappkartons, die mit dem Strichcode des Artikels versehen sind<\/li>\n<\/ul>\n<p>&nbsp;<\/p>\n<p>&nbsp;<\/p>\n<h2><strong>Beschreibung\u00a0<\/strong><strong>REBER Elektrisches Fleischwolfmesser aus Kohlenstoffstahl<br \/>\n<\/strong><\/h2>\n<p>Das elektrische Fleischwolfmesser von REBER aus Kohlenstoffstahl ist die ideale Erg\u00e4nzung f\u00fcr die elektrischen Fleischw\u00f6lfe von Reber, die auf die Geh\u00e4use der Fleischw\u00f6lfe Nr. 5 - Nr. 12 - Nr. 22 - Nr. 32 montiert werden. Der C55-Kohlenstoffstahl hat einen H\u00e4rtegrad, der dem von rostfreiem Stahl entspricht; daher sind die Lebensdauer und das Schnittbild denen von rostfreiem Stahl sehr \u00e4hnlich. Optisch wirkt die Oberfl\u00e4che des Messers satiniert\/matt.<\/p>\n<p>Es ist wichtig, immer zu pr\u00fcfen, ob das Messer scharf ist. Wenn das Messer n\u00e4mlich mit Knochen- oder Schwartenst\u00fccken in Ber\u00fchrung kommt, kann die Klinge besch\u00e4digt werden und das Messer muss nachgeschliffen werden.<\/p>\n<p>Das Messer muss im Inneren des Fleischwolfs angebracht werden, wobei die scharfe Seite zur Platte zeigt.<\/p>\n<p>Die gew\u00fcnschte Messergr\u00f6\u00dfe kann aus dem Dropdown-Men\u00fc ausgew\u00e4hlt werden.<\/p>\n<p>&nbsp;<\/p>\n<h2><strong>Modalit\u00e4ten der Nutzung <\/strong><strong>REBER <\/strong><strong>Elektrisches Fleischwolfmesser aus Kohlenstoffstahl<\/strong><\/h2>\n<p align=\"left\"><span style=\"font-family: Verdana;\">Vor dem Gebrauch sollte das elektrische Fleischwolfmesser von Reber mit lauwarmem Wasser gewaschen werden, wobei darauf zu achten ist, dass man sich nicht schneidet. Unmittelbar nach dem Waschen muss das <\/span><span style=\"font-family: Verdana;\">gr\u00fcndlich getrocknet und in Gebrauch genommen.<\/span><\/p>\n<p align=\"left\"><span style=\"font-family: Verdana;\">Nach dem Gebrauch sollte das Messer mit lauwarmem Wasser und milder Seife abgewaschen und anschlie\u00dfend schnell getrocknet werden. <\/span><span style=\"font-family: Verdana;\"><br \/>\n<\/span><\/p>\n<p align=\"left\"><span style=\"font-family: Verdana;\">Durch die Erstreinigung k\u00f6nnen Staub-, Kaschierungs- und Verpackungsr\u00fcckst\u00e4nde entfernt werden. <\/span><span style=\"font-family: Verdana;\">Eventuelle R\u00fcckst\u00e4nde von Verpackungsmaterial sind normal und verschwinden nach der ersten W\u00e4sche.<\/span><\/p>\n<p align=\"left\">Die Messer- und Fleischwolfplatten werden mit lebensmittelechten \u00d6len leicht eingefettet. Die Verwendung von lebensmittelechtem \u00d6l verhindert das Rosten. Es ist wichtig, das elektrische Fleischwolfmesser von Reber aus Kohlenstoffstahl mit lebensmittelechtem \u00d6l nachzufetten. Es kann n\u00e4mlich rosten. Das Auftragen einer \u00d6lschicht hingegen verhindert den Angriff von Oxigen und die Bildung von Rost.<\/p>\n<p align=\"left\">Rostbildung ist normal. Es liegt in der Verantwortung des Endverbrauchers, Rostbildung zu verhindern. Im Falle von Rostbildung kann das Produkt NICHT ersetzt werden, da es sich nicht um einen Defekt handelt, sondern um eine normale Verschlechterung des Materials aufgrund mangelnder Wartung.<\/p>","protected":false},"excerpt":{"rendered":"<p>Das REBER-Fleischwolfmesser aus Karbonstahl ist selbstsch\u00e4rfend und die ideale Erg\u00e4nzung zum Reber-Fleischwolf. Kann rosten, wenn es nach Gebrauch nicht ge\u00f6lt wird. <span style=\"color: #ff0000;\"><strong>Kostenloser Versand bei Bestellungen \u00fcber 29,90 Euro!<\/strong><\/span><\/p>","protected":false},"featured_media":7769,"template":"","meta":[],"product_brand":[],"product_cat":[702,984],"product_tag":[407,1066,986,987,351,1065,990,65,350],"class_list":{"0":"post-7764","1":"product","2":"type-product","3":"status-publish","4":"has-post-thumbnail","6":"product_cat-ricambi-botta-greenwood-imperia-monferrina-paini-reber","7":"product_cat-piastre-e-coltelli-per-tritacarne-reber","8":"product_tag-acciaio","9":"product_tag-autoaffilante","10":"product_tag-c55","11":"product_tag-carbonio","12":"product_tag-carne","13":"product_tag-coltello","14":"product_tag-macinatura","15":"product_tag-reber","16":"product_tag-tritacarne","17":"product_shipping_class-pe","19":"first","20":"instock","21":"sale","22":"taxable","23":"shipping-taxable","24":"purchasable","25":"product-type-variable","26":"has-default-attributes"},"_links":{"self":[{"href":"https:\/\/www.elettrowebstore.com\/de\/wp-json\/wp\/v2\/product\/7764","targetHints":{"allow":["GET"]}}],"collection":[{"href":"https:\/\/www.elettrowebstore.com\/de\/wp-json\/wp\/v2\/product"}],"about":[{"href":"https:\/\/www.elettrowebstore.com\/de\/wp-json\/wp\/v2\/types\/product"}],"wp:featuredmedia":[{"embeddable":true,"href":"https:\/\/www.elettrowebstore.com\/de\/wp-json\/wp\/v2\/media\/7769"}],"wp:attachment":[{"href":"https:\/\/www.elettrowebstore.com\/de\/wp-json\/wp\/v2\/media?parent=7764"}],"wp:term":[{"taxonomy":"product_brand","embeddable":true,"href":"https:\/\/www.elettrowebstore.com\/de\/wp-json\/wp\/v2\/product_brand?post=7764"},{"taxonomy":"product_cat","embeddable":true,"href":"https:\/\/www.elettrowebstore.com\/de\/wp-json\/wp\/v2\/product_cat?post=7764"},{"taxonomy":"product_tag","embeddable":true,"href":"https:\/\/www.elettrowebstore.com\/de\/wp-json\/wp\/v2\/product_tag?post=7764"}],"curies":[{"name":"wp","href":"https:\/\/api.w.org\/{rel}","templated":true}]}}