{"id":7752,"date":"2019-11-06T15:52:38","date_gmt":"2019-11-06T14:52:38","guid":{"rendered":"https:\/\/www.elettrowebstore.com\/?post_type=product&#038;p=7752"},"modified":"2024-02-23T09:36:40","modified_gmt":"2024-02-23T08:36:40","slug":"qlima-stufa-a-pellet-tectro-tbh146-slim-4620-watt","status":"publish","type":"product","link":"https:\/\/www.elettrowebstore.com\/de\/shop\/qlima-tectro-tbh146-schlank-4620-watt-pellet-ofen\/","title":{"rendered":"Qlima-Pelletofen Tectro TBH146 Slim 4620 Watt"},"content":{"rendered":"<h2><strong>Qlima-Pelletofen Tectro TBH146 Slim 4620 Watt 4,6 kW<br \/>\n<\/strong><\/h2>\n<p>Der Qlima-Pelletofen Tectro TBH146 Slim 4620 Watt 4,6 kW ist ein <strong>innovatives, effizientes und kosteng\u00fcnstiges System f\u00fcr den Bau einer Heizungsanlage<\/strong>. <span class=\"fontstyle0\">Der Tectro-Pelletofen von Qlima besteht aus hochwertigen Materialien und verf\u00fcgt \u00fcber spezielle Vorrichtungen, die eine gleichm\u00e4\u00dfige und lange W\u00e4rmeausbreitung erm\u00f6glichen, was zu einer hervorragenden W\u00e4rmeleistung f\u00fchrt.<\/span><\/p>\n<p>Dieses Produkt <strong>wird in Italien hergestellt. Hergestellt in Italien 100%. 24-monatige Garantie.<br \/>\n<\/strong><\/p>\n<p><img loading=\"lazy\" decoding=\"async\" class=\"aligncenter size-full wp-image-7831\" src=\"https:\/\/www.elettrowebstore.com\/EWS_Store\/wp-content\/uploads\/2020\/04\/qlima-stufa-pellet-tectro-TBH146-Slim-4620-Watt-1.jpg\" alt=\"Qlima-Pelletofen Tectro TBH146 Slim 4620 Watt\" width=\"600\" height=\"800\" \/><\/p>\n<p>Der Tectro TBH146 Pelletofen ist <strong>zertifiziert mit A+ f\u00fcr Energieeffizienz<\/strong>!<\/p>\n<p>Dieser Pelletofen zeichnet sich aus durch <strong>besonders effiziente Werte<\/strong>. Die Energieausbeute ist n\u00e4mlich besonders hoch. Dar\u00fcber hinaus werden auch die Emissionen reduziert. All dies macht den Tectro TBH146 Slim Pelletofen konform mit den gesetzlichen Anforderungen.<\/p>\n<p>Dieser Ofen ist in der Slim-Version. Das bedeutet, dass er sehr wenig Platz einnimmt und gleichzeitig eine gro\u00dfe Heizleistung hat. In der Tat, seine Abmessungen sind:<\/p>\n<ul>\n<li>H\u00f6he: 85 cm<\/li>\n<li>Breite: 43 cm<\/li>\n<li>Tiefe: 26 cm<\/li>\n<\/ul>\n<p><img loading=\"lazy\" decoding=\"async\" class=\"aligncenter size-full wp-image-7830\" src=\"https:\/\/www.elettrowebstore.com\/EWS_Store\/wp-content\/uploads\/2020\/04\/qlima-stufa-pellet-tectro-TBH146-Slim-4620-Watt-3.jpg\" alt=\"Qlima-Pelletofen Tectro TBH146 Slim 4620 Watt\" width=\"600\" height=\"800\" \/><\/p>\n<p><img loading=\"lazy\" decoding=\"async\" class=\"aligncenter size-full wp-image-7786\" src=\"https:\/\/www.elettrowebstore.com\/EWS_Store\/wp-content\/uploads\/2020\/04\/Qlima-Stufa-A-Pellet-TECTRO-TBH-146-Slim-4620-Watt-05.jpg\" alt=\"Qlima TECTRO Pelletofen TBH 146 Slim 4620 Watt\" width=\"771\" height=\"280\" srcset=\"https:\/\/www.elettrowebstore.com\/EWS_Store\/wp-content\/uploads\/Qlima-Stufa-A-Pellet-TECTRO-TBH-146-Slim-4620-Watt-05.jpg 771w, https:\/\/www.elettrowebstore.com\/EWS_Store\/wp-content\/uploads\/Qlima-Stufa-A-Pellet-TECTRO-TBH-146-Slim-4620-Watt-05-600x218.jpg 600w, https:\/\/www.elettrowebstore.com\/EWS_Store\/wp-content\/uploads\/Qlima-Stufa-A-Pellet-TECTRO-TBH-146-Slim-4620-Watt-05-768x279.jpg 768w\" sizes=\"auto, (max-width: 771px) 100vw, 771px\" \/><\/p>\n<p>&nbsp;<\/p>\n<p>&nbsp;<\/p>\n<h2><strong>Produktmerkmale Qlima-Pelletofen Tectro TBH146 Slim 4620 Watt<br \/>\n<\/strong><\/h2>\n<ul>\n<li>Art des Ofens: Pellet-Ofen<\/li>\n<li>Min\/max Leistung: kW 2,4 - 4,6<\/li>\n<li>Leistungsaufnahme: W 300 \/ 100<\/li>\n<li>Stromversorgung: V\/Hz 230\/~50<\/li>\n<li>Thermischer Wirkungsgrad bei Nennleistung\/reduzierter Leistung: % 88,02 \/ 89,68<\/li>\n<li>Kohlenmonoxidgehalt bei 13% nominal\/reduzierter Sauerstoffkapazit\u00e4t: % 0,016 \/ 0,022<\/li>\n<li>Durchschnittlicher Staubgehalt bei 13% Sauerstoff: mg\/Nm\u00b3 24<\/li>\n<li>F\u00fcr R\u00e4ume bis zu: m\u00b3 145 (nur als Richtwert)<\/li>\n<li>Durchmesser des Abflussrohrs: mm 80<\/li>\n<li>Abgastemperatur: 157 - 104 \u00b0C<\/li>\n<li>Kammersenkung: Pa 11<\/li>\n<li>Der Ofen muss einen eigenen Schornstein haben: Nein<\/li>\n<li>Kraftstofftyp: \u00d8 6 mm Din+\/\u00d6norm+\/EN+<\/li>\n<li>Nennl\u00e4nge\/Durchmesser des Kraftstoffs: mm 30 \/ 06<\/li>\n<li>Fassungsverm\u00f6gen des Pelletbeh\u00e4lters: kg 9<\/li>\n<li>Autonomie (min-max): h 4,8 - 8,4<\/li>\n<li>Prim\u00e4rlufteinlass: Ja<\/li>\n<li>Ventilator: Ja<\/li>\n<li>Luftfilter: Nein<\/li>\n<li>Nettogewicht: 48 kg<\/li>\n<li>CE-gekennzeichneter Ofen<\/li>\n<\/ul>\n<p><img loading=\"lazy\" decoding=\"async\" class=\"aligncenter size-full wp-image-7827\" src=\"https:\/\/www.elettrowebstore.com\/EWS_Store\/wp-content\/uploads\/2020\/04\/qlima-stufa-pellet-tectro-TBH146-Slim-4620-Watt-2.jpg\" alt=\"Qlima-Pelletofen Tectro TBH146 Slim 4620 Watt\" width=\"600\" height=\"800\" \/><\/p>\n<p>&nbsp;<\/p>\n<h2><strong>Haben Sie Zweifel an der technischen Unterst\u00fctzung? Qlima bietet technische Unterst\u00fctzung in ganz Italien!<\/strong><\/h2>\n<p>Wenn Sie Zweifel an der Verwendung von Qlima-Produkten haben, k\u00f6nnen Sie jetzt die Website besuchen <a href=\"https:\/\/www.qlima.it\" target=\"_blank\" rel=\"noopener noreferrer\"><strong>www.qlima.it<\/strong><\/a> f\u00fcr alle technischen Informationen \u00fcber die Produkte. Es gibt eine F\u00fclle von Informationen \u00fcber die Verwendung und Wartung der Produkte auf der Website.<\/p>\n<p>Wenn Sie technische Unterst\u00fctzung in Ihrer N\u00e4he ben\u00f6tigen, wenden Sie sich einfach an die folgenden Nummern:<\/p>\n<ul>\n<li>E-Mail: assistenza@pvg.eu<\/li>\n<li>Fax: 0571628504<\/li>\n<li>Telefon: 0571628500 (B\u00fcrozeiten 9.00 - 13.00 \/ 14.00 - 18.00 Uhr)<\/li>\n<\/ul>\n<p>Unser Fachpersonal wird Ihnen bei der L\u00f6sung Ihres Problems mit dem Pelletofen Tectro TBH146 Slim zur Seite stehen!<\/p>\n<p><img loading=\"lazy\" decoding=\"async\" class=\"aligncenter size-full wp-image-7829\" src=\"https:\/\/www.elettrowebstore.com\/EWS_Store\/wp-content\/uploads\/2020\/04\/qlima-stufa-pellet-tectro-TBH146-Slim-4620-Watt-9.jpg\" alt=\"Qlima-Pelletofen Tectro TBH146 Slim 4620 Watt\" width=\"600\" height=\"800\" \/><\/p>\n<p>&nbsp;<\/p>\n<h2><strong>Was sind die Eigenschaften des Qlima Pelletofen Tectro TBH146 Slim 4620 Watt<\/strong><\/h2>\n<p>Le<strong> Pellet\u00f6fen<\/strong> haben sich als solides Unternehmen etabliert <strong>Alternative zu Erdgaskesseln, \u00d6fen und holzbefeuerten Kaminen<\/strong> f\u00fcr die Beheizung von Wohnr\u00e4umen. Es gibt mehrere <strong>gute Gr\u00fcnde f\u00fcr die Wahl von Pellet\u00f6fen<\/strong>:<\/p>\n<ul>\n<li>haben einen geringeren Verbrauch als Erdgasheizkessel<\/li>\n<li>umweltfreundlicher sind<\/li>\n<li>gro\u00dfe Autonomie und individuelle Anpassung des Verbrauchs bieten<\/li>\n<\/ul>\n<p>Andererseits m\u00fcssen Pellet\u00f6fen trotz dieser Vorteile regelm\u00e4\u00dfig gewartet werden.<\/p>\n<p>Der Qlima Pelletofen TECTRO TBH 146 Slim 4620 Watt hat eine \u00e4hnliche Funktion wie ein Kaminofen. <strong>Erzeugt Hei\u00dfluft durch Verbrennung von Pellets<\/strong>. Der Herd ist mit einem <strong>Tank<\/strong> in die die zu verbrauchenden Pellets im Voraus geladen werden. Durch eine <strong>Thermostat<\/strong>\u00a0Die Ein- und Ausschaltzeit ist programmierbar und die Temperatur kann reguliert werden. Es handelt sich also um ein Heizsystem mit einer guten <strong>Autonomie<\/strong>die im Voraus programmiert werden kann und das Haus schrittweise aufheizt.<\/p>\n<p><img loading=\"lazy\" decoding=\"async\" class=\"aligncenter size-full wp-image-7828\" src=\"https:\/\/www.elettrowebstore.com\/EWS_Store\/wp-content\/uploads\/2020\/04\/qlima-stufa-pellet-tectro-TBH146-Slim-4620-Watt-5.jpg\" alt=\"Qlima-Pelletofen Tectro TBH146 Slim 4620 Watt\" width=\"600\" height=\"800\" \/><\/p>\n<p><img loading=\"lazy\" decoding=\"async\" class=\"aligncenter size-full wp-image-7833\" src=\"https:\/\/www.elettrowebstore.com\/EWS_Store\/wp-content\/uploads\/2020\/04\/qlima-stufa-pellet-tectro-TBH146-Slim-4620-Watt-6.jpg\" alt=\"Qlima-Pelletofen Tectro TBH146 Slim 4620 Watt\" width=\"600\" height=\"800\" \/><\/p>\n<p><img loading=\"lazy\" decoding=\"async\" class=\"aligncenter size-full wp-image-7832\" src=\"https:\/\/www.elettrowebstore.com\/EWS_Store\/wp-content\/uploads\/2020\/04\/qlima-stufa-pellet-tectro-TBH146-Slim-4620-Watt-7.jpg\" alt=\"Qlima-Pelletofen Tectro TBH146 Slim 4620 Watt\" width=\"600\" height=\"800\" \/><\/p>\n<p><img loading=\"lazy\" decoding=\"async\" class=\"aligncenter size-full wp-image-7826\" src=\"https:\/\/www.elettrowebstore.com\/EWS_Store\/wp-content\/uploads\/2020\/04\/qlima-stufa-pellet-tectro-TBH146-Slim-4620-Watt-8.jpg\" alt=\"Qlima-Pelletofen Tectro TBH146 Slim 4620 Watt\" width=\"600\" height=\"800\" \/><\/p>\n<h2><strong>Erstinstallation des Pelletofens<\/strong><\/h2>\n<p><span class=\"fontstyle0\">La <strong>erste Inbetriebnahme<\/strong> des Qlima Pelletofens TECTRO TBH 146 Slim 4620 Watt muss von einem Fachmann durchgef\u00fchrt werden. <strong>autorisierter Techniker<\/strong> um diese Aufgabe zu erf\u00fcllen. Der Kaminofen muss bei der ersten Inbetriebnahme eingestellt werden, um das richtige Verh\u00e4ltnis von Luft und Brennstoff in jeder der f\u00fcnf Verbrennungsstufen zu erreichen. Das richtige Verh\u00e4ltnis h\u00e4ngt stark vom installierten Schornstein ab und kann erst nach der Installation des Ofens eingestellt werden. Ein falsches Luft\/Brennstoff-Verh\u00e4ltnis kann zu schweren Sch\u00e4den am Kaminofen und zu einem h\u00f6heren Brennstoffverbrauch f\u00fchren.<\/span><\/p>\n<p>Wenn der Qlima Pelletofen TECTRO TBH 146 Slim 4620 Watt installiert wird, muss der Ofen <strong>an das elektrische System und einen Schornstein angeschlossen<\/strong>der daf\u00fcr sorgt, dass der bei der Verbrennung der Pellets entstehende Rauch entweicht. Der Ofen muss au\u00dferdem an einen <strong>Lufteinlass,<\/strong> was dazu dient, seinen Sauerstoffverbrauch auszugleichen.<\/p>\n<p><span class=\"fontstyle0\">Der Ofen ist aus hochwertigem Stahl mit einer Schutzschicht gefertigt. W\u00e4hrend der ersten Anz\u00fcndzyklen h\u00e4rtet die Schutzschicht aus und der Stahl setzt sich. Dieser Vorgang kann einige Zeit in Anspruch nehmen. Bei der ersten Inbetriebnahme ist es normal, dass ein unangenehmer Geruch entsteht. Achten Sie darauf, den Raum w\u00e4hrend dieser Zeit lange zu l\u00fcften.<\/span>.<\/p>\n<p>F\u00fcr weitere technische Informationen \u00fcber das Produkt, <a href=\"https:\/\/www.qlima.it\/product-media\/9987\/User%20Manual\/man_TBH146%20S-Line('18)%20V6.pdf?index=0\" target=\"_blank\" rel=\"noopener noreferrer\"><strong>Laden Sie die offizielle Bedienungsanleitung des Herstellers \u00fcber diesen Link herunter<\/strong><\/a>.<\/p>\n<p>&nbsp;<\/p>\n<p><strong>BITTE BEACHTEN SIE: KAMIN\u00d6FEN OHNE SCHORNSTEIN K\u00d6NNEN NICHT IN SCHLAFZIMMERN, BADEZIMMERN, STUDIOS, KELLERN, WOHNMOBILEN, WOHNWAGEN UND R\u00c4UMEN MIT EINEM VOLUMEN VON WENIGER ALS 15 M3 VERWENDET WERDEN. KAMIN\u00d6FEN BEN\u00d6TIGEN PERMANENTE \u00d6FFNUNGEN F\u00dcR DEN LUFTAUSTAUSCH.<br \/>\n<\/strong><\/p>\n<p>&nbsp;<\/p>\n<h2><strong>Konformit\u00e4tserkl\u00e4rung f\u00fcr das Produkt<\/strong><\/h2>\n<p>Der Pelletofen Qlima Tectro TBH146 erf\u00fcllt alle CE-Vorschriften, dank der Konformit\u00e4tskennzeichnung, die unten abgebildet ist.<\/p>\n<p><img loading=\"lazy\" decoding=\"async\" class=\"aligncenter size-full wp-image-7834\" src=\"https:\/\/www.elettrowebstore.com\/EWS_Store\/wp-content\/uploads\/2020\/04\/qlima-stufa-pellet-tectro-TBH146-Slim-4620-Watt-4.jpg\" alt=\"Qlima-Pelletofen Tectro TBH146 Slim 4620 Watt\" width=\"600\" height=\"800\" \/><\/p>\n<p>&nbsp;<\/p>\n<h2><strong>\u00dcber Qlima<\/strong><strong>?<\/strong><\/h2>\n<p><img loading=\"lazy\" decoding=\"async\" class=\"wp-image-7785 alignleft\" src=\"https:\/\/www.elettrowebstore.com\/EWS_Store\/wp-content\/uploads\/2020\/04\/Qlima-Stufa-A-Pellet-TECTRO-TBH-146-Slim-4620-Watt-04.jpg\" alt=\"Qlima TECTRO Pelletofen TBH 146 Slim 4620 Watt\" width=\"162\" height=\"73\" srcset=\"https:\/\/www.elettrowebstore.com\/EWS_Store\/wp-content\/uploads\/Qlima-Stufa-A-Pellet-TECTRO-TBH-146-Slim-4620-Watt-04.jpg 811w, https:\/\/www.elettrowebstore.com\/EWS_Store\/wp-content\/uploads\/Qlima-Stufa-A-Pellet-TECTRO-TBH-146-Slim-4620-Watt-04-600x269.jpg 600w, https:\/\/www.elettrowebstore.com\/EWS_Store\/wp-content\/uploads\/Qlima-Stufa-A-Pellet-TECTRO-TBH-146-Slim-4620-Watt-04-768x345.jpg 768w\" sizes=\"auto, (max-width: 162px) 100vw, 162px\" \/><a href=\"https:\/\/www.qlima.it\/\"><strong>Qlima<\/strong><\/a> vertreibt seit 30 Jahren in ganz Europa Produkte aus dem Bereich \"Klimaanlagen und Wellness\". Seit vielen Jahren ist Qlima ein Synonym f\u00fcr zuverl\u00e4ssigen Service und langlebige Produkte. Qlima bietet eine breite Palette von Produkten f\u00fcr die h\u00e4usliche Klimatisierung: tragbare Fl\u00fcssigbrennstoff\u00f6fen, Brennstoffe, Pellet\u00f6fen, Klimager\u00e4te, Luftentfeuchter, Luftbefeuchter und Luftreinigungsprodukte. Die Produkte von Qlima tragen dazu bei, in jedem Raum einen optimalen Komfort zu schaffen: ein perfektes Gleichgewicht zwischen Temperatur, Feuchtigkeit und Luftqualit\u00e4t.<\/p>\n<p>&nbsp;<\/p>\n<h2><strong>Garantie<\/strong><\/h2>\n<p>Das Produkt ist abgedeckt durch <a href=\"https:\/\/www.elettrowebstore.com\/due-anni-di-garanzia-su-ogni-prodotto-acquistato\/\"><strong>gesetzliche Garantie<\/strong><\/a>gem\u00e4\u00df der entsprechenden Seite auf unserer Website, die wir Sie bitten zu lesen. Wir bieten auch klare Informationen \u00fcber die Aus\u00fcbung der <a href=\"https:\/\/www.elettrowebstore.com\/diritto-di-recesso-restituzione-prodotti\/\"><strong>R\u00fccktrittsrecht<\/strong><\/a>.<\/p>\n<p>Um die Aus\u00fcbung dieses Rechts zu erleichtern, stellt der Hersteller im ganzen Land autorisierte Zentren f\u00fcr technische Unterst\u00fctzung zur Verf\u00fcgung.<\/p>\n<p>Weitere Informationen zu den einschl\u00e4gigen Rechtsvorschriften finden Sie auf der Website der<a href=\"http:\/\/www.agcm.it\/consumatore\/decalogo\/5102-garanzia-del-venditore-guida-per-il-consumatore.html\"><strong>Beh\u00f6rde f\u00fcr Wettbewerb und Markt<\/strong><\/a>.<\/p>\n<p>Um die Qualit\u00e4t des Produkts zu verbessern, beh\u00e4lt sich der Hersteller das Recht vor, die Materialien und technischen Merkmale des Artikels ohne vorherige Ank\u00fcndigung zu \u00e4ndern.  Dar\u00fcber hinaus sind die Beschreibungen und Bilder hier angegeben sind daher indikativ und kann leicht von dem Endprodukt abweichen.<\/p>\n<p>&nbsp;<\/p>\n<h2><strong>Lieferfrist<\/strong><\/h2>\n<p>Dieses Produkt ist immer zur sofortigen Lieferung verf\u00fcgbar. Es kann sofort bestellt werden und wird von ElettroWebStore innerhalb von 10 Arbeitstagen nach dem Kaufdatum versandt.<\/p>\n<p>Dar\u00fcber hinaus sind alle Sendungen von ElettroWebStore frachtfrei!<\/p>\n<p><a href=\"https:\/\/www.elettrowebstore.com\/spedizioni-consegne-prodotti-italia-estero\/\"><img loading=\"lazy\" decoding=\"async\" class=\"aligncenter wp-image-5149 size-full\" src=\"https:\/\/www.elettrowebstore.com\/EWS_Store\/wp-content\/uploads\/2020\/04\/elettrowebstore-spedizione-con-corrieri-brt-sda-dhl_n75nxd.jpg\" alt=\"ElettroWebStore versendet mit schnellen Kurieren BRT SDA DHL\" width=\"649\" height=\"175\" srcset=\"https:\/\/www.elettrowebstore.com\/EWS_Store\/wp-content\/uploads\/elettrowebstore-spedizione-con-corrieri-brt-sda-dhl_n75nxd.jpg 649w, https:\/\/www.elettrowebstore.com\/EWS_Store\/wp-content\/uploads\/elettrowebstore-spedizione-con-corrieri-brt-sda-dhl_n75nxd-600x162.jpg 600w\" sizes=\"auto, (max-width: 649px) 100vw, 649px\" \/><\/a><\/p>\n<p>&nbsp;<\/p>\n<h2><strong>Akzeptierte Zahlungsmittel<\/strong><\/h2>\n<p><strong>Auf der Website von ElettroWebStore k\u00f6nnen Sie mit allen g\u00e4ngigen Methoden bezahlen<\/strong>sowohl internetspezifische (z. B. Prepaid-Karten) als auch traditionelle (z. B. klassische Kreditkarten).<\/p>\n<p><a href=\"https:\/\/www.elettrowebstore.com\/pagamenti-sicuri-sul-sito-elettrowebstore\/\"><img loading=\"lazy\" decoding=\"async\" class=\"aligncenter size-full wp-image-5151\" src=\"https:\/\/www.elettrowebstore.com\/EWS_Store\/wp-content\/uploads\/2020\/04\/elettrowebstore-pagamenti_berj9q.jpg\" alt=\"Auf der Website von ElettroWebStore akzeptierte Zahlungsarten\" width=\"649\" height=\"226\" srcset=\"https:\/\/www.elettrowebstore.com\/EWS_Store\/wp-content\/uploads\/elettrowebstore-pagamenti_berj9q.jpg 649w, https:\/\/www.elettrowebstore.com\/EWS_Store\/wp-content\/uploads\/elettrowebstore-pagamenti_berj9q-600x209.jpg 600w\" sizes=\"auto, (max-width: 649px) 100vw, 649px\" \/><\/a><\/p>\n<p>&nbsp;<\/p>\n<p>Alle Zahlungen werden \u00fcber die <a href=\"https:\/\/www.paypal.com\/it\/webapps\/mpp\/paypal-safety-and-security\"><strong>Paypal<\/strong><\/a>. Auch wenn Sie nicht \u00fcber Paypal verf\u00fcgen, k\u00f6nnen Sie bezahlen, ohne sich zu registrieren und Ihre Anmeldedaten zu speichern. Sie m\u00fcssen lediglich Ihre Daten auf den Paypal-Seiten eingeben.<\/p>\n<p>In keinem Fall <a href=\"http:\/\/www.elettrowebstore.com\"><strong>ElettroWebStore<\/strong><\/a> Ihre Zahlungskartendaten zu verwalten oder von ihnen Kenntnis zu erlangen. In der Tat <a href=\"http:\/\/www.elettrowebstore.com\"><strong>ElettroWebStore<\/strong><\/a> wird nur angezeigt, ob die Zahlung erfolgt ist oder nicht!<\/p>\n<p>Unsere Website verwendet HTTPS-Protokolle, die hohe Sicherheitsstandards f\u00fcr die Nutzer garantieren!<\/p>","protected":false},"excerpt":{"rendered":"<p>Der Qlima-Pelletofen Tectro TBH146 Slim 4620 Watt 4,6 kW ist ein <strong>innovatives, effizientes und kosteng\u00fcnstiges System f\u00fcr den Bau einer Heizungsanlage<\/strong>. <span class=\"fontstyle0\">Der Tectro-Pelletofen von Qlima besteht aus hochwertigen Materialien und verf\u00fcgt \u00fcber spezielle Vorrichtungen, die eine gleichm\u00e4\u00dfige und lange W\u00e4rmeausbreitung erm\u00f6glichen, was zu einer hervorragenden W\u00e4rmeleistung f\u00fchrt.<\/span>. Hergestellt in Italien! <strong><span style=\"color: #ff0000\">Kostenloser Versand!<\/span><\/strong><\/p>","protected":false},"featured_media":7831,"template":"","meta":[],"product_brand":[],"product_cat":[1073],"product_tag":[1111,701,1113,1114,1077,1075,1123,1129,1112],"class_list":{"0":"post-7752","1":"product","2":"type-product","3":"status-publish","4":"has-post-thumbnail","6":"product_cat-riscaldamento","7":"product_tag-4620-watt","8":"product_tag-made-in-italy","9":"product_tag-pellet","10":"product_tag-qlima","11":"product_tag-riscaldamento","12":"product_tag-stufa","13":"product_tag-tbh-146","14":"product_tag-tbh146","15":"product_tag-tectro","16":"product_shipping_class-pe10","18":"first","19":"outofstock","20":"sale","21":"taxable","22":"shipping-taxable","23":"purchasable","24":"product-type-simple"},"_links":{"self":[{"href":"https:\/\/www.elettrowebstore.com\/de\/wp-json\/wp\/v2\/product\/7752","targetHints":{"allow":["GET"]}}],"collection":[{"href":"https:\/\/www.elettrowebstore.com\/de\/wp-json\/wp\/v2\/product"}],"about":[{"href":"https:\/\/www.elettrowebstore.com\/de\/wp-json\/wp\/v2\/types\/product"}],"wp:featuredmedia":[{"embeddable":true,"href":"https:\/\/www.elettrowebstore.com\/de\/wp-json\/wp\/v2\/media\/7831"}],"wp:attachment":[{"href":"https:\/\/www.elettrowebstore.com\/de\/wp-json\/wp\/v2\/media?parent=7752"}],"wp:term":[{"taxonomy":"product_brand","embeddable":true,"href":"https:\/\/www.elettrowebstore.com\/de\/wp-json\/wp\/v2\/product_brand?post=7752"},{"taxonomy":"product_cat","embeddable":true,"href":"https:\/\/www.elettrowebstore.com\/de\/wp-json\/wp\/v2\/product_cat?post=7752"},{"taxonomy":"product_tag","embeddable":true,"href":"https:\/\/www.elettrowebstore.com\/de\/wp-json\/wp\/v2\/product_tag?post=7752"}],"curies":[{"name":"wp","href":"https:\/\/api.w.org\/{rel}","templated":true}]}}