{"id":7622,"date":"2019-10-03T06:51:02","date_gmt":"2019-10-03T04:51:02","guid":{"rendered":"https:\/\/www.elettrowebstore.com\/?post_type=product&#038;p=7622"},"modified":"2021-10-19T09:52:05","modified_gmt":"2021-10-19T07:52:05","slug":"sicar-stufa-infrarossi-gpl-euro90-grigia-4200-watt","status":"publish","type":"product","link":"https:\/\/www.elettrowebstore.com\/de\/shop\/sicar-infrarot-lpg-ofen-euro90-grau-4200-watt\/","title":{"rendered":"Sicar Infrarotheizung LPG EURO90 grau 4200 Watt - LAST MINUTE ANGEBOT"},"content":{"rendered":"<h2><strong>Sicar Infrarotheizung LPG EURO90 grau 4200 Watt<\/strong><\/h2>\n<h2><strong><span style=\"color: #ed1c24;\">ANGEBOT! LETZTES ST\u00dcCK VERF\u00dcGBAR!<\/span><br \/>\n<\/strong><\/h2>\n<p>Sicar Infrarot-Gasherd EURO90 grau 4200 Watt <strong>vollst\u00e4ndig in Italien hergestellt<\/strong>. Die italienische Produktion garantiert die Qualit\u00e4t der verwendeten Materialien, hervorragende thermische Leistung und sicheren Gaskontakt. Daher ist das Sicar-Produkt insgesamt ein Synonym f\u00fcr h\u00f6chste Qualit\u00e4t 100% made in Italy.<\/p>\n<p><span style=\"color: #ed1c24;\"><strong>ACHTUNG: DER HERD IST AUSSCHLIESSLICH F\u00dcR DEN ITALIENISCHEN MARKT BESTIMMT! ES IST DAHER NICHT M\u00d6GLICH, DAS PRODUKT INS AUSLAND ZU VERSENDEN!<\/strong><\/span><\/p>\n<p>&nbsp;<\/p>\n<p><img loading=\"lazy\" decoding=\"async\" class=\"size-large wp-image-7683 aligncenter\" src=\"https:\/\/res.cloudinary.com\/dl3yepmtd\/images\/w_600,h_800,c_scale\/v1610990651\/SICEURO90\/sicar-euro90-euro-90-grigia-stufa-catalitica-4200-watt-riscaldamento-ruote-portabombola-04\/sicar-euro90-euro-90-grigia-stufa-catalitica-4200-watt-riscaldamento-ruote-portabombola-04.jpg\" alt=\"Sicar Infrarotheizung LPG EURO90 grau 4200 Watt\" width=\"600\" height=\"800\" \/><\/p>\n<p><img loading=\"lazy\" decoding=\"async\" class=\"aligncenter size-full wp-image-7623\" src=\"https:\/\/res.cloudinary.com\/dl3yepmtd\/images\/w_600,h_800,c_scale\/v1610969297\/sicar-euro90-euro-90-grigia-stufa-catalitica-4200-watt-riscaldamento-ruote-portabombola\/sicar-euro90-euro-90-grigia-stufa-catalitica-4200-watt-riscaldamento-ruote-portabombola.jpg\" alt=\"Sicar Infrarotheizung LPG EURO90 grau 4200 W\" width=\"600\" height=\"800\" \/><\/p>\n<p>&nbsp;<\/p>\n<h2><strong>Produktmerkmale<\/strong><\/h2>\n<ul>\n<li>Infrarotbrenner 3 Keramikfliesen<\/li>\n<li>Leistungsanpassung in 3 Stufen (Einzelfliese\/Doppelfliese\/Doppelfliese zusammen)<\/li>\n<li>Kratzfeste Epoxidbeschichtung<\/li>\n<li>Hitzebest\u00e4ndige und selbstverl\u00f6schende Abdeckung (UL94HB)<\/li>\n<li>Piezo-Z\u00fcndung<\/li>\n<li>15-kg-Flaschenfach.<\/li>\n<li>Lenkbare Rollen<\/li>\n<li>Ventilhahn<\/li>\n<li>Doppeltes Sicherheits-Stoppgas\" mit Atmosph\u00e4renanalysator<\/li>\n<li>Verbindungssatz zwischen Flasche und Herd im Paket enthalten (Druckregler, 0,50 m Gummischlauch und 2 Schlauchschellen)<\/li>\n<li>Verf\u00fcgbare Farben Modell Euro 90: grau, blau, gr\u00fcn, rot, gelb, wei\u00df<\/li>\n<li>CE-gekennzeichneter Ofen<\/li>\n<li>Vollst\u00e4ndig in Italien hergestellt<\/li>\n<\/ul>\n<p><img loading=\"lazy\" decoding=\"async\" class=\"aligncenter size-full wp-image-7624\" src=\"https:\/\/res.cloudinary.com\/dl3yepmtd\/images\/w_600,h_800,c_scale\/v1610990649\/sicar-euro90-euro-90-stufa-catalitica-4200-watt-riscaldamento-ruote-portabombola-certificazione\/sicar-euro90-euro-90-stufa-catalitica-4200-watt-riscaldamento-ruote-portabombola-certificazione.jpg\" alt=\"Sicar Infrarotheizung LPG EURO90 grau 4200 W Konformit\u00e4tsbescheinigung\" width=\"600\" height=\"800\" \/><\/p>\n<h2><strong>Technische Daten:<\/strong><\/h2>\n<ul>\n<li>Arbeitsdruck: 28-30 mbar<\/li>\n<li>St\u00fcndlicher Verbrauch: 305 Gramm pro Stunde<\/li>\n<li>Maximal beheizbares Volumen: 110 Kubikmeter (entspricht etwa einem Raum von 35-40 Quadratmetern)<\/li>\n<li>Abmessungen (Tiefe x H\u00f6he x Breite): 405x445x770 mm<\/li>\n<li>Nettogewicht: 12,5 kg<\/li>\n<li>Heizleistung: 4.200 Watt<\/li>\n<\/ul>\n<p>&nbsp;<\/p>\n<h2><strong>Was sind die Merkmale des Sicar Infrarot-LPG-Ofens EURO90 grau 4200 Watt<\/strong><\/h2>\n<p>Sicar Infrarotheizung LPG EURO90 grau 4200 Watt ist ein Heizsystem <strong>vollst\u00e4ndig in Italien hergestellt<\/strong> mit italienischen Materialien und Verarbeitung, von einer italienischen Firma! Das ist sehr wichtig, denn dieser Artikel kommt mit Gas in Ber\u00fchrung und wird im Winter zum Heizen verwendet! In der Tat <strong>der Kontakt mit dem Gas muss unbedingt sicher sein<\/strong>dass es keine Leckagen in die Umwelt gibt und dass die Materialien, aus denen der Ofen hergestellt ist, geeignet sind.<strong><br \/>\n<\/strong><\/p>\n<p>Die italienische Produktion gew\u00e4hrleistet, dass die<strong> Platten und Komponenten sind alle f\u00fcr die Verwendung in einer Heizungsanlage zertifiziert<\/strong> und von hoher Qualit\u00e4t sind. Au\u00dferdem wird dadurch sichergestellt, dass sie<strong> Ersatzteile verf\u00fcgbar<\/strong> und die technischen Kundendienststellen in dem betreffenden Gebiet, falls Probleme auftreten. Au\u00dferdem ist dieses Produkt <strong>robuster als importierte Produkte<\/strong>. Dies sorgt f\u00fcr eine l\u00e4ngere Haltbarkeit und verbesserte Leistung und Komfort im Laufe der Zeit.<\/p>\n<p>Le <strong>Malerei<\/strong> werden unter Einhaltung der einschl\u00e4gigen Vorschriften durchgef\u00fchrt. Dank dieser Suche nach Qualit\u00e4tsmaterialien erzeugt das Produkt keine unangenehmen Ger\u00fcche, die auf chemische Reaktionen zwischen der Farbe und dem Gas zur\u00fcckzuf\u00fchren sind.<\/p>\n<p>Die <strong>Doppel-Stopp-Gas-System<\/strong>Au\u00dferdem wird er in Italien entworfen und konstruiert. Dies gew\u00e4hrleistet, dass die Kontrolle der Flammenl\u00f6schung und des Austretens von Kohlendioxid unter Kontrolle ist.<\/p>\n<p>Die <strong>strahlende Gruppe<\/strong> dieser Infrarotheizung besteht aus mehreren Keramikplatten, die unterschiedliche Heizleistungen erbringen k\u00f6nnen. Die Infrarotenergie erw\u00e4rmt nicht die Luft, sondern nur die Oberfl\u00e4chen, was einen geringeren Verbrauch erm\u00f6glicht.<\/p>\n<p>Der Kaminofen SICAR EURO 90 ist <strong>CE-Zeichen<\/strong> und in Italien am Hauptsitz von SICAR hergestellt.<\/p>\n<p><img loading=\"lazy\" decoding=\"async\" class=\"size-large wp-image-7689 aligncenter\" src=\"https:\/\/res.cloudinary.com\/dl3yepmtd\/images\/w_800,h_539,c_scale\/v1610990654\/sicar-euro90-euro-90-grigia-stufa-catalitica-4200-watt-riscaldamento-ruote-portabombola-10\/sicar-euro90-euro-90-grigia-stufa-catalitica-4200-watt-riscaldamento-ruote-portabombola-10.jpg\" alt=\"Sicar Infrarotheizung LPG EURO90 grau 4200 Watt\" width=\"800\" height=\"539\" srcset=\"https:\/\/www.elettrowebstore.com\/EWS_Store\/wp-content\/uploads\/sicar-euro90-euro-90-grigia-stufa-catalitica-4200-watt-riscaldamento-ruote-portabombola-10.jpg 800w, https:\/\/www.elettrowebstore.com\/EWS_Store\/wp-content\/uploads\/sicar-euro90-euro-90-grigia-stufa-catalitica-4200-watt-riscaldamento-ruote-portabombola-10-600x404.jpg 600w, https:\/\/www.elettrowebstore.com\/EWS_Store\/wp-content\/uploads\/sicar-euro90-euro-90-grigia-stufa-catalitica-4200-watt-riscaldamento-ruote-portabombola-10-768x517.jpg 768w\" sizes=\"auto, (max-width: 800px) 100vw, 800px\" \/><\/p>\n<h2><strong>Was sind die Installationsanforderungen f\u00fcr einen Zylinderofen?<\/strong><\/h2>\n<p>Bei der Installation von \u00d6fen ohne Schornstein ist \u00e4u\u00dferste Vorsicht geboten. Der Schornstein hat n\u00e4mlich die Aufgabe, die vom Ofen erzeugten Gase w\u00e4hrend des Betriebs abzuleiten.<\/p>\n<p>La <strong>Der Ofen SICAR ist nicht mit einem Schornstein ausgestattet.<\/strong>. Es ist daher erforderlich, dass der Aufstellungsort \u00fcber st\u00e4ndige \u00d6ffnungen f\u00fcr den Luftaustausch verf\u00fcgt. Es ist daher nicht geeignet, als prim\u00e4res Heizsystem des Aufstellungsortes zu dienen.<\/p>\n<p><strong>Es wird nicht empfohlen, den Heizl\u00fcfter in R\u00e4umen wie Schlafzimmern, Badezimmern, Studios, Kellern, Wohnmobilen oder Wohnwagen zu installieren.<\/strong>. Au\u00dferdem ist es nicht empfehlenswert, den Tankofen in R\u00e4umen mit einer Fl\u00e4che von weniger als 15 Kubikmetern aufzustellen.<\/p>\n<p>Schlie\u00dflich ist zu beachten, dass die <strong>LPG ist ein schwereres Gas als Luft<\/strong>. Daher neigt es in geschlossenen R\u00e4umen ohne Bel\u00fcftung dazu, am Boden zu stagnieren und die Luft zu s\u00e4ttigen.<strong><br \/>\n<\/strong><\/p>\n<p>&nbsp;<\/p>\n<h2><strong>Was bedeutet es, dass der Kaminofen Sicar EURO 90 \u00fcber einen doppelten Gasleckschutz verf\u00fcgt?<\/strong><\/h2>\n<p>Dieses Produkt ist mit einem doppelten Gaskontrollsystem ausgestattet, um die Sicherheit der Benutzer zu gew\u00e4hrleisten. Insbesondere die<strong>der Ofen schaltet sich automatisch aus, wenn ein Kohlendioxidgehalt von 1,5% oder mehr festgestellt wird<\/strong>. Auf diese Weise kann der Kocher D\u00e4mpfe erkennen, die f\u00fcr die Sicherheit der Benutzer \u00e4u\u00dferst gef\u00e4hrlich sein k\u00f6nnen.<\/p>\n<p>Au\u00dferdem unterbricht das Produkt automatisch die Gaszufuhr, wenn der Herd versehentlich abgeschaltet wird. Bei einem normalen Kaminofen w\u00fcrde die Gaszufuhr im Falle einer versehentlichen Abschaltung weiterlaufen. Bei diesem Sicar-Herd hingegen wird die<strong>die Gaszufuhr im Falle einer Abschaltung sofort unterbrochen wird<\/strong>.<\/p>\n<p>In der Tat ist der Sicar-Ofen <strong>ausgestattet mit einem Atmosph\u00e4renanalysator<\/strong> die die \u00dcberwachung der oben genannten Parameter erm\u00f6glicht.<\/p>\n<p>&nbsp;<\/p>\n<h2><strong>Was bedeutet Infrarotheizung?<\/strong><\/h2>\n<p>La <strong>Infrarotheizung<\/strong> ist ein Produkt, das den Raum, in dem es installiert ist, mit Infrarottechnik erw\u00e4rmt. Diese Technologie hat die Eigenschaft, effizienter zu sein als normale Heizger\u00e4te und keine Luft (und keinen Staub) zu bewegen. Folglich <strong>der mit diesem Ofentyp erreichte Komfort ist h\u00f6her als bei anderen Strahlungsheizungssystemen<\/strong>.<\/p>\n<p>Es wurde gemessen, dass <strong>Infrarotheizungen k\u00f6nnen bis zu 96% W\u00e4rme aus absorbierter Energie erzeugen<\/strong>. Sie sind daher besonders effizient. Ein herk\u00f6mmlicher Kaminofen hat n\u00e4mlich einen durchschnittlichen Wirkungsgrad von nur 50%.<\/p>\n<p>Dar\u00fcber hinaus ist die von diesem Ofen ausgehende Infrarotstrahlung <strong>folgen dem gleichen Prinzip wie die von der Sonne ausgehenden Strahlen<\/strong>. Sie heizen also, indem sie die Luft durchstr\u00f6men, ohne sie zu bewegen. Heizk\u00f6rper hingegen erzeugen Konvektionsbewegungen in der Luft, die bei der Erw\u00e4rmung aufsteigt und die k\u00fchlere Luft im Raum absteigen l\u00e4sst. Diese Art von Ofen erzeugt n\u00e4mlich eine <strong>angenehmes Gef\u00fchl von W\u00e4rme<\/strong> wenn sie auf den durch sie erw\u00e4rmten Strom treffen und <strong>trocknen die Luft nicht aus und wirbeln keinen Staub auf<\/strong>.<\/p>\n<p>Dieselbe Technologie <strong>keine gesundheitlichen Probleme verursacht<\/strong>. Es wird sogar zum Beheizen von Saunen verwendet!<\/p>\n<p>Infrarot\u00f6fen heizen \u00e4hnlich wie die Sonne, d.h. durch Strahlung. Da sie die Luft nicht durch Ventilatoren bewegen, verbrauchen sie viel weniger Energie als herk\u00f6mmliche \u00d6fen.<\/p>\n<p>&nbsp;<\/p>\n<h2><strong><img loading=\"lazy\" decoding=\"async\" class=\"size-full wp-image-7625 alignleft\" src=\"https:\/\/res.cloudinary.com\/dl3yepmtd\/images\/w_242,h_107,c_scale\/v1610987812\/SICEURO90\/Sicar-stufe-infrarossi-catalitiche-riscaldamento-logo\/Sicar-stufe-infrarossi-catalitiche-riscaldamento-logo.jpg\" alt=\"\" width=\"242\" height=\"107\" \/>Wer ist Sicar?<\/strong><\/h2>\n<p><strong><a href=\"http:\/\/www.sicarsrl.it\/\">S<\/a><\/strong><strong><a href=\"http:\/\/www.sicarsrl.it\/\">icar<\/a><\/strong> ist ein 100% italienisches Unternehmen, das 1981 gegr\u00fcndet wurde. Alle Sicar-Produkte werden in Italien mit italienischen Komponenten in der Fabrik in Guastalla, in der Provinz Reggio Emilia, hergestellt. In diesem Werk produziert und bietet das Unternehmen eine breite Palette von katalytischen und Infrarot\u00f6fen, Zylinder- und Wand\u00f6fen, bel\u00fcfteten \u00d6fen, Elektro\u00f6fen mit Steatit oder Quarz und Konvektoren an. Die Marke Sicar hat sich im Laufe der Zeit dank der Qualit\u00e4t ihrer Produkte und einer <a href=\"http:\/\/www.sicarsrl.it\/assistenza.php\"><strong>landesweiter technischer Hilfsdienst<\/strong><\/a>.<\/p>\n<p>&nbsp;<\/p>\n<h2><strong>Garantie<\/strong><\/h2>\n<p>Das Produkt ist abgedeckt durch <a href=\"https:\/\/www.elettrowebstore.com\/due-anni-di-garanzia-su-ogni-prodotto-acquistato\/\"><strong>gesetzliche Garantie<\/strong><\/a>gem\u00e4\u00df der entsprechenden Seite auf unserer Website, die wir Sie bitten zu lesen. Wir bieten auch klare Informationen \u00fcber die Aus\u00fcbung der <a href=\"https:\/\/www.elettrowebstore.com\/diritto-di-recesso-restituzione-prodotti\/\"><strong>R\u00fccktrittsrecht<\/strong><\/a>.<\/p>\n<p>Um die Aus\u00fcbung dieses Rechts zu erleichtern, stellt der Hersteller im ganzen Land autorisierte Zentren f\u00fcr technische Unterst\u00fctzung zur Verf\u00fcgung.<\/p>\n<p>Weitere Informationen zu den einschl\u00e4gigen Rechtsvorschriften finden Sie auf der Website der<a href=\"http:\/\/www.agcm.it\/consumatore\/decalogo\/5102-garanzia-del-venditore-guida-per-il-consumatore.html\"><strong>Beh\u00f6rde f\u00fcr Wettbewerb und Markt<\/strong><\/a>.<\/p>\n<p>Um die Qualit\u00e4t des Produkts zu verbessern, beh\u00e4lt sich der Hersteller das Recht vor, die Materialien und technischen Merkmale des Artikels ohne vorherige Ank\u00fcndigung zu \u00e4ndern.  Dar\u00fcber hinaus sind die Beschreibungen und Bilder hier angegeben sind daher indikativ und kann leicht von dem Endprodukt abweichen.<\/p>\n<p>&nbsp;<\/p>\n<h2><strong>Lieferfrist<\/strong><\/h2>\n<p>Dieses Produkt ist immer zur sofortigen Lieferung verf\u00fcgbar. In der Tat kann es sofort bestellt werden und wird von ElettroWebStore innerhalb von 2 Werktagen ab dem Kaufdatum versandt.<\/p>\n<p>Dar\u00fcber hinaus sind alle Sendungen von ElettroWebStore frachtfrei!<\/p>\n<p><a href=\"https:\/\/www.elettrowebstore.com\/spedizioni-consegne-prodotti-italia-estero\/\"><img loading=\"lazy\" decoding=\"async\" class=\"aligncenter wp-image-5149 size-full\" src=\"https:\/\/www.elettrowebstore.com\/EWS_Store\/wp-content\/uploads\/2020\/04\/elettrowebstore-spedizione-con-corrieri-brt-sda-dhl_n75nxd.jpg\" alt=\"ElettroWebStore versendet mit schnellen Kurieren BRT SDA DHL\" width=\"649\" height=\"175\" srcset=\"https:\/\/www.elettrowebstore.com\/EWS_Store\/wp-content\/uploads\/elettrowebstore-spedizione-con-corrieri-brt-sda-dhl_n75nxd.jpg 649w, https:\/\/www.elettrowebstore.com\/EWS_Store\/wp-content\/uploads\/elettrowebstore-spedizione-con-corrieri-brt-sda-dhl_n75nxd-600x162.jpg 600w\" sizes=\"auto, (max-width: 649px) 100vw, 649px\" \/><\/a><\/p>\n<p>&nbsp;<\/p>\n<h2><strong>Akzeptierte Zahlungsmittel<\/strong><\/h2>\n<p><strong>Auf der Website von ElettroWebStore k\u00f6nnen Sie mit allen g\u00e4ngigen Methoden bezahlen<\/strong>sowohl internetspezifische (z. B. Prepaid-Karten) als auch traditionelle (z. B. klassische Kreditkarten).<\/p>\n<p><a href=\"https:\/\/www.elettrowebstore.com\/pagamenti-sicuri-sul-sito-elettrowebstore\/\"><img loading=\"lazy\" decoding=\"async\" class=\"aligncenter size-full wp-image-5151\" src=\"https:\/\/www.elettrowebstore.com\/EWS_Store\/wp-content\/uploads\/2020\/04\/elettrowebstore-pagamenti_berj9q.jpg\" alt=\"Auf der Website von ElettroWebStore akzeptierte Zahlungsarten\" width=\"649\" height=\"226\" srcset=\"https:\/\/www.elettrowebstore.com\/EWS_Store\/wp-content\/uploads\/elettrowebstore-pagamenti_berj9q.jpg 649w, https:\/\/www.elettrowebstore.com\/EWS_Store\/wp-content\/uploads\/elettrowebstore-pagamenti_berj9q-600x209.jpg 600w\" sizes=\"auto, (max-width: 649px) 100vw, 649px\" \/><\/a><\/p>\n<p>&nbsp;<\/p>\n<p>Alle Zahlungen werden \u00fcber die <a href=\"https:\/\/www.paypal.com\/it\/webapps\/mpp\/paypal-safety-and-security\"><strong>Paypal<\/strong><\/a>. Auch wenn Sie nicht \u00fcber Paypal verf\u00fcgen, k\u00f6nnen Sie bezahlen, ohne sich zu registrieren und Ihre Anmeldedaten zu speichern. Sie m\u00fcssen lediglich Ihre Daten auf den Paypal-Seiten eingeben.<\/p>\n<p>In keinem Fall <a href=\"http:\/\/www.elettrowebstore.com\"><strong>ElettroWebStore<\/strong><\/a> Ihre Zahlungskartendaten zu verwalten oder von ihnen Kenntnis zu erlangen. In der Tat <a href=\"http:\/\/www.elettrowebstore.com\"><strong>ElettroWebStore<\/strong><\/a> wird nur angezeigt, ob die Zahlung erfolgt ist oder nicht!<\/p>\n<p>Unsere Website verwendet HTTPS-Protokolle, die hohe Sicherheitsstandards f\u00fcr die Nutzer garantieren!<\/p>","protected":false},"excerpt":{"rendered":"<p>Sicar Infrarotheizung LPG EURO 90 grau 4200 W. <strong><span style=\"color: #ff0000;\">Kostenloser Versand!<\/span><\/strong><\/p>","protected":false},"featured_media":7623,"template":"","meta":[],"product_brand":[],"product_cat":[1073],"product_tag":[1083,1078,1082,1081,433,1085,1084,1077,1079,1075],"class_list":{"0":"post-7622","1":"product","2":"type-product","3":"status-publish","4":"has-post-thumbnail","6":"product_cat-riscaldamento","7":"product_tag-4200-watt","8":"product_tag-doppia-sicurezza","9":"product_tag-euro-90","10":"product_tag-euro90","11":"product_tag-gpl","12":"product_tag-porta-bombola","13":"product_tag-portabombola","14":"product_tag-riscaldamento","15":"product_tag-sicar","16":"product_tag-stufa","17":"product_shipping_class-pe","19":"first","20":"outofstock","21":"sale","22":"taxable","23":"shipping-taxable","24":"purchasable","25":"product-type-simple"},"_links":{"self":[{"href":"https:\/\/www.elettrowebstore.com\/de\/wp-json\/wp\/v2\/product\/7622","targetHints":{"allow":["GET"]}}],"collection":[{"href":"https:\/\/www.elettrowebstore.com\/de\/wp-json\/wp\/v2\/product"}],"about":[{"href":"https:\/\/www.elettrowebstore.com\/de\/wp-json\/wp\/v2\/types\/product"}],"wp:featuredmedia":[{"embeddable":true,"href":"https:\/\/www.elettrowebstore.com\/de\/wp-json\/wp\/v2\/media\/7623"}],"wp:attachment":[{"href":"https:\/\/www.elettrowebstore.com\/de\/wp-json\/wp\/v2\/media?parent=7622"}],"wp:term":[{"taxonomy":"product_brand","embeddable":true,"href":"https:\/\/www.elettrowebstore.com\/de\/wp-json\/wp\/v2\/product_brand?post=7622"},{"taxonomy":"product_cat","embeddable":true,"href":"https:\/\/www.elettrowebstore.com\/de\/wp-json\/wp\/v2\/product_cat?post=7622"},{"taxonomy":"product_tag","embeddable":true,"href":"https:\/\/www.elettrowebstore.com\/de\/wp-json\/wp\/v2\/product_tag?post=7622"}],"curies":[{"name":"wp","href":"https:\/\/api.w.org\/{rel}","templated":true}]}}