{"id":7616,"date":"2019-10-02T16:28:30","date_gmt":"2019-10-02T14:28:30","guid":{"rendered":"https:\/\/www.elettrowebstore.com\/?post_type=product&#038;p=7616"},"modified":"2021-02-01T10:18:14","modified_gmt":"2021-02-01T09:18:14","slug":"sicar-stufa-catalitica-gpl-euro80-grigia-2500-watt","status":"publish","type":"product","link":"https:\/\/www.elettrowebstore.com\/de\/shop\/sicar-lpg-katalytischer-herd-euro80-grau-2500-watt\/","title":{"rendered":"Sicar Catalyst Fl\u00fcssiggasherd EURO80 Grau 2500 Watt"},"content":{"rendered":"<h2><strong>Sicar Catalyst Fl\u00fcssiggasherd EURO80 Grau 2500 Watt<\/strong><\/h2>\n<p>Sicar Grey EURO80 LPG Katalytischer Ofen 2500 Watt ist einer der <strong>die besten Produkte, die derzeit auf dem Markt f\u00fcr Gas- und Elektro\u00f6fen erh\u00e4ltlich sind<\/strong>. Dieser Kaminofen wird vollst\u00e4ndig in Italien hergestellt, mit italienischen Komponenten, die ein Produkt von h\u00f6chster Qualit\u00e4t garantieren.<span class=\"fontstyle0\">. <\/span><\/p>\n<p>Der Kocher ist mit einem 15-kg-Flaschenfach, schwenkbaren R\u00e4dern und einem Ventilhahn mit doppeltem Sicherheits-Gasstopp ausgestattet, der \u00fcber einen Atmosph\u00e4renanalysator verf\u00fcgt, der den Kocher automatisch abschaltet, wenn der ermittelte Kohlendioxidgehalt 1,5% erreicht, oder die Gaszufuhr im Falle eines versehentlichen Abschaltens automatisch unterbricht.<\/p>\n<p>Der Sicar Catalyst LPG-Ofen EURO80 grau 2500 Watt bietet 3 Heizstufen (min\/med\/max) und ist nur in dunkelgrau, mit matter Oberfl\u00e4che und kratzfester Epoxy-Lackierung erh\u00e4ltlich.<\/p>\n<p><span style=\"color: #ed1c24;\"><strong>ACHTUNG: DER HERD IST AUSSCHLIESSLICH F\u00dcR DEN ITALIENISCHEN MARKT BESTIMMT! ES IST DAHER NICHT M\u00d6GLICH, DAS PRODUKT INS AUSLAND ZU VERSENDEN! VERSAND IN 10\/15 ARBEITSTAGEN!<br \/>\n<\/strong><\/span><\/p>\n<p><img loading=\"lazy\" decoding=\"async\" class=\"size-large wp-image-7702 aligncenter\" src=\"https:\/\/res.cloudinary.com\/dl3yepmtd\/images\/w_600,h_652,c_scale\/v1610996480\/SICEURO80\/Sicar-Stufa-Catalitica-GPL-EURO80-2500-Watt-10\/Sicar-Stufa-Catalitica-GPL-EURO80-2500-Watt-10.jpg\" alt=\"Sicar Catalyst Fl\u00fcssiggasherd EURO80 Grau 2500 Watt\" width=\"600\" height=\"652\" \/><\/p>\n<p>&nbsp;<\/p>\n<p><img loading=\"lazy\" decoding=\"async\" class=\"size-full wp-image-7629 aligncenter\" src=\"https:\/\/res.cloudinary.com\/dl3yepmtd\/images\/w_600,h_800,c_scale\/v1610996480\/Sicar-Stufa-Catalitica-GPL-EURO80-2500-Watt-01\/Sicar-Stufa-Catalitica-GPL-EURO80-2500-Watt-01.jpg\" alt=\"Sicar Fl\u00fcssiggas-Katalytofen EURO80 2500 Watt\" width=\"600\" height=\"800\" \/><\/p>\n<p>&nbsp;<\/p>\n<h2><strong>Produktmerkmale<\/strong><\/h2>\n<ul>\n<li><span class=\"fontstyle0\">Katalytische Platte<\/span><\/li>\n<li><span class=\"fontstyle0\">3 Heizstufen (min\/med\/max)<\/span><\/li>\n<li><span class=\"fontstyle0\">Piezo-Z\u00fcndung<\/span><\/li>\n<li>Kraftstoffart: LPG<\/li>\n<li>Leistung (W): 2500<\/li>\n<li>Beheizbares Volumen: 75 m3<\/li>\n<li>Betriebsdruck (mbar): 28-30<\/li>\n<li>St\u00fcndlicher Verbrauch (gr\/h): 181<\/li>\n<li><span class=\"fontstyle0\">15-kg-Flaschenfach.<\/span><\/li>\n<li><span class=\"fontstyle0\">Lenkbare Rollen<\/span><\/li>\n<li><span class=\"fontstyle0\">Ventilhahn<\/span><\/li>\n<li><span class=\"fontstyle0\">Doppeltes Sicherheits-Stoppgas\" mit Atmosph\u00e4renanalysator<\/span> (<span class=\"fontstyle0\">schaltet den Herd automatisch ab, wenn der Kohlendioxidanteil 1,5% erreicht; unterbricht automatisch die Gaszufuhr bei versehentlichem Abschalten).<\/span><\/li>\n<li><span class=\"fontstyle0\">Verbindungssatz zwischen Flasche und Herd im Paket enthalten (Druckregler, 0,50 m Gummischlauch und 2 Schlauchschellen)<\/span><\/li>\n<li><span class=\"fontstyle0\">Farbe: dunkelgrau<\/span><\/li>\n<li>Kratzfeste Epoxidbeschichtung<\/li>\n<li>Gewicht: 13 kg.<\/li>\n<li>Abmessungen des montierten Artikels: 405x410x770 mm.<\/li>\n<li>CE-gekennzeichneter Ofen<\/li>\n<li>Vollst\u00e4ndig in Italien hergestellt<\/li>\n<\/ul>\n<p>&nbsp;<\/p>\n<p><img loading=\"lazy\" decoding=\"async\" class=\"size-full wp-image-7630 aligncenter\" src=\"https:\/\/res.cloudinary.com\/dl3yepmtd\/images\/w_600,h_800,c_scale\/v1610996476\/Sicar-Stufa-Catalitica-GPL-EURO80-2500-Watt-02\/Sicar-Stufa-Catalitica-GPL-EURO80-2500-Watt-02.jpg\" alt=\"Sicar Fl\u00fcssiggas-Katalytofen EURO80 2500 Watt\" width=\"600\" height=\"800\" \/><\/p>\n<p><img loading=\"lazy\" decoding=\"async\" class=\"size-large wp-image-7697 aligncenter\" src=\"https:\/\/res.cloudinary.com\/dl3yepmtd\/images\/w_600,h_800,c_scale\/v1610969312\/Sicar-Stufa-Catalitica-GPL-EURO80-2500-Watt-04\/Sicar-Stufa-Catalitica-GPL-EURO80-2500-Watt-04.jpg\" alt=\"Sicar Catalyst Fl\u00fcssiggasherd EURO80 Grau 2500 Watt\" width=\"600\" height=\"800\" \/><\/p>\n<p><img loading=\"lazy\" decoding=\"async\" class=\"size-large wp-image-7703 aligncenter\" src=\"https:\/\/res.cloudinary.com\/dl3yepmtd\/images\/w_800,h_600,c_scale\/v1610996478\/SICEURO80\/Sicar-Stufa-Catalitica-GPL-EURO80-2500-Watt-11\/Sicar-Stufa-Catalitica-GPL-EURO80-2500-Watt-11.jpg\" alt=\"Sicar Catalyst Fl\u00fcssiggasherd EURO80 Grau 2500 Watt\" width=\"800\" height=\"600\" srcset=\"https:\/\/www.elettrowebstore.com\/EWS_Store\/wp-content\/uploads\/Sicar-Stufa-Catalitica-GPL-EURO80-2500-Watt-11.jpg 800w, https:\/\/www.elettrowebstore.com\/EWS_Store\/wp-content\/uploads\/Sicar-Stufa-Catalitica-GPL-EURO80-2500-Watt-11-600x450.jpg 600w, https:\/\/www.elettrowebstore.com\/EWS_Store\/wp-content\/uploads\/Sicar-Stufa-Catalitica-GPL-EURO80-2500-Watt-11-768x576.jpg 768w\" sizes=\"auto, (max-width: 800px) 100vw, 800px\" \/><\/p>\n<h2><strong>Was sind die Merkmale der\u00a0<\/strong><strong>Sicar Catalyst Fl\u00fcssiggasherd EURO80 Grau 2500 Watt<\/strong><\/h2>\n<p>Der Sicar Katalysator-Kaminofen LPG EURO80 grau 2500 Watt ist mit einer katalytischen Platte ausgestattet, die verschiedene Heizleistungen liefern kann. Dieser Ofen wird vollst\u00e4ndig in Italien mit italienischen Komponenten hergestellt, was ein Produkt von h\u00f6chster Qualit\u00e4t garantiert.<span class=\"fontstyle0\">. Dar\u00fcber hinaus ist es CE-zertifiziert.<br \/>\n<\/span><\/p>\n<p>Der Kocher verf\u00fcgt \u00fcber ein 15-kg-Flaschenfach, schwenkbare R\u00e4der und einen Ventilhahn mit doppelter \"Gas-Stopp\"-Sicherheitsvorrichtung, die mit einem Atmosph\u00e4renanalysator ausgestattet ist, der den Kocher automatisch abschaltet, wenn der ermittelte Kohlendioxidgehalt 1,5% erreicht, oder die Gaszufuhr im Falle eines versehentlichen Abschaltens automatisch unterbricht. Der Kaminofen wird au\u00dferdem mit einem praktischen Anschlusskit f\u00fcr Gasflaschen und Kocher geliefert (<span class=\"fontstyle0\">Druckregler, 0,50 m Gummischlauch und 2 Schlauchschellen)<\/span>.<\/p>\n<p>Der Sicar Catalyst LPG-Ofen EURO80 grau 2500 Watt bietet 3 Heizstufen (min\/med\/max) und ist nur in dunkelgrau, mit matter Oberfl\u00e4che und kratzfester Epoxy-Lackierung erh\u00e4ltlich.<\/p>\n<p>&nbsp;<\/p>\n<p><strong>BITTE BEACHTEN SIE: KAMIN\u00d6FEN OHNE SCHORNSTEIN K\u00d6NNEN NICHT IN SCHLAFZIMMERN, BADEZIMMERN, STUDIOS, KELLERN, WOHNMOBILEN, WOHNWAGEN UND R\u00c4UMEN MIT EINEM VOLUMEN VON WENIGER ALS 15 M3 VERWENDET WERDEN. DIE \u00d6FEN BEN\u00d6TIGEN PERMANENTE \u00d6FFNUNGEN F\u00dcR DEN LUFTAUSTAUSCH. DIESES PRODUKT IST NICHT F\u00dcR DIE PRIM\u00c4RE HEIZFUNKTION GEEIGNET.<\/strong><\/p>\n<p>&nbsp;<\/p>\n<h2><img loading=\"lazy\" decoding=\"async\" class=\"size-full wp-image-7625 alignleft\" src=\"https:\/\/res.cloudinary.com\/dl3yepmtd\/images\/w_242,h_107,c_scale\/v1610987812\/SICEURO90\/Sicar-stufe-infrarossi-catalitiche-riscaldamento-logo\/Sicar-stufe-infrarossi-catalitiche-riscaldamento-logo.jpg\" alt=\"\" width=\"242\" height=\"107\" \/><\/h2>\n<h2><strong>Wer ist Sic<\/strong><strong>ar?<\/strong><\/h2>\n<p><strong><a href=\"http:\/\/www.sicarsrl.it\/\">S<\/a><\/strong><strong><a href=\"http:\/\/www.sicarsrl.it\/\">icar<\/a><\/strong> ist ein 100% italienisches Unternehmen, das 1981 gegr\u00fcndet wurde. Alle Sicar-Produkte werden in Italien mit italienischen Komponenten in der Fabrik in Guastalla, in der Provinz Reggio Emilia, hergestellt. In diesem Werk produziert und bietet das Unternehmen eine breite Palette von katalytischen und Infrarot\u00f6fen, Zylinder- und Wand\u00f6fen, bel\u00fcfteten \u00d6fen, Elektro\u00f6fen mit Steatit oder Quarz und Konvektoren an. Die Marke Sicar hat sich im Laufe der Zeit dank der Qualit\u00e4t ihrer Produkte und einer <a href=\"http:\/\/www.sicarsrl.it\/assistenza.php\"><strong>landesweiter technischer Hilfsdienst<\/strong><\/a>.<\/p>\n<p>&nbsp;<\/p>\n<p>&nbsp;<\/p>\n<h2><strong>Garantie<\/strong><\/h2>\n<p>Das Produkt ist abgedeckt durch <a href=\"https:\/\/www.elettrowebstore.com\/due-anni-di-garanzia-su-ogni-prodotto-acquistato\/\"><strong>gesetzliche Garantie<\/strong><\/a>gem\u00e4\u00df der entsprechenden Seite auf unserer Website, die wir Sie bitten zu lesen. Wir bieten auch klare Informationen \u00fcber die Aus\u00fcbung der <a href=\"https:\/\/www.elettrowebstore.com\/diritto-di-recesso-restituzione-prodotti\/\"><strong>R\u00fccktrittsrecht<\/strong><\/a>.<\/p>\n<p>Um die Aus\u00fcbung dieses Rechts zu erleichtern, stellt der Hersteller im ganzen Land autorisierte Zentren f\u00fcr technische Unterst\u00fctzung zur Verf\u00fcgung.<\/p>\n<p>Weitere Informationen zu den einschl\u00e4gigen Rechtsvorschriften finden Sie auf der Website der<a href=\"http:\/\/www.agcm.it\/consumatore\/decalogo\/5102-garanzia-del-venditore-guida-per-il-consumatore.html\"><strong>Beh\u00f6rde f\u00fcr Wettbewerb und Markt<\/strong><\/a>.<\/p>\n<p>Um die Qualit\u00e4t des Produkts zu verbessern, beh\u00e4lt sich der Hersteller das Recht vor, die Materialien und technischen Merkmale des Artikels ohne vorherige Ank\u00fcndigung zu \u00e4ndern.  Dar\u00fcber hinaus sind die Beschreibungen und Bilder hier angegeben sind daher indikativ und kann leicht von dem Endprodukt abweichen.<\/p>\n<p>&nbsp;<\/p>\n<h2><strong>Lieferfrist<\/strong><\/h2>\n<p>Dieses Produkt ist immer zur sofortigen Lieferung verf\u00fcgbar. Es kann sofort bestellt werden und wird von ElettroWebStore innerhalb von 10 bis 15 Arbeitstagen nach dem Kaufdatum versandt.<\/p>\n<p>Dar\u00fcber hinaus sind alle Sendungen von ElettroWebStore frachtfrei!<\/p>\n<p><a href=\"https:\/\/www.elettrowebstore.com\/spedizioni-consegne-prodotti-italia-estero\/\"><img loading=\"lazy\" decoding=\"async\" class=\"aligncenter wp-image-5149 size-full\" src=\"https:\/\/www.elettrowebstore.com\/EWS_Store\/wp-content\/uploads\/2020\/04\/elettrowebstore-spedizione-con-corrieri-brt-sda-dhl_n75nxd.jpg\" alt=\"ElettroWebStore versendet mit schnellen Kurieren BRT SDA DHL\" width=\"649\" height=\"175\" srcset=\"https:\/\/www.elettrowebstore.com\/EWS_Store\/wp-content\/uploads\/elettrowebstore-spedizione-con-corrieri-brt-sda-dhl_n75nxd.jpg 649w, https:\/\/www.elettrowebstore.com\/EWS_Store\/wp-content\/uploads\/elettrowebstore-spedizione-con-corrieri-brt-sda-dhl_n75nxd-600x162.jpg 600w\" sizes=\"auto, (max-width: 649px) 100vw, 649px\" \/><\/a><\/p>\n<p>&nbsp;<\/p>\n<h2><strong>Akzeptierte Zahlungsmittel<\/strong><\/h2>\n<p><strong>Auf der Website von ElettroWebStore k\u00f6nnen Sie mit allen g\u00e4ngigen Methoden bezahlen<\/strong>sowohl internetspezifische (z. B. Prepaid-Karten) als auch traditionelle (z. B. klassische Kreditkarten).<\/p>\n<p><a href=\"https:\/\/www.elettrowebstore.com\/pagamenti-sicuri-sul-sito-elettrowebstore\/\"><img loading=\"lazy\" decoding=\"async\" class=\"aligncenter size-full wp-image-5151\" src=\"https:\/\/www.elettrowebstore.com\/EWS_Store\/wp-content\/uploads\/2020\/04\/elettrowebstore-pagamenti_berj9q.jpg\" alt=\"Auf der Website von ElettroWebStore akzeptierte Zahlungsarten\" width=\"649\" height=\"226\" srcset=\"https:\/\/www.elettrowebstore.com\/EWS_Store\/wp-content\/uploads\/elettrowebstore-pagamenti_berj9q.jpg 649w, https:\/\/www.elettrowebstore.com\/EWS_Store\/wp-content\/uploads\/elettrowebstore-pagamenti_berj9q-600x209.jpg 600w\" sizes=\"auto, (max-width: 649px) 100vw, 649px\" \/><\/a><\/p>\n<p>&nbsp;<\/p>\n<p>Alle Zahlungen werden \u00fcber die <a href=\"https:\/\/www.paypal.com\/it\/webapps\/mpp\/paypal-safety-and-security\"><strong>Paypal<\/strong><\/a>. Auch wenn Sie nicht \u00fcber Paypal verf\u00fcgen, k\u00f6nnen Sie bezahlen, ohne sich zu registrieren und Ihre Anmeldedaten zu speichern. Sie m\u00fcssen lediglich Ihre Daten auf den Paypal-Seiten eingeben.<\/p>\n<p>In keinem Fall <a href=\"http:\/\/www.elettrowebstore.com\"><strong>ElettroWebStore<\/strong><\/a> Ihre Zahlungskartendaten zu verwalten oder von ihnen Kenntnis zu erlangen. In der Tat <a href=\"http:\/\/www.elettrowebstore.com\"><strong>ElettroWebStore<\/strong><\/a> wird nur angezeigt, ob die Zahlung erfolgt ist oder nicht!<\/p>\n<p>Unsere Website verwendet HTTPS-Protokolle, die hohe Sicherheitsstandards f\u00fcr die Nutzer garantieren!<\/p>","protected":false},"excerpt":{"rendered":"<p>Der Sicar Catalyst LPG-Ofen EURO80 grau 2500 Watt ist eines der besten Produkte auf dem Markt im Bereich der Gas- und Elektro\u00f6fen.\u00a0<strong><span style=\"color: #ff0000;\">Kostenloser Versand nach Italien!<\/span><\/strong><\/p>","protected":false},"featured_media":7697,"template":"","meta":[],"product_brand":[],"product_cat":[1073],"product_tag":[1087,1076,1078,1088,1086,433,1085,1084,1077,1079,1075],"class_list":{"0":"post-7616","1":"product","2":"type-product","3":"status-publish","4":"has-post-thumbnail","6":"product_cat-riscaldamento","7":"product_tag-2500-watt","8":"product_tag-catalitica","9":"product_tag-doppia-sicurezza","10":"product_tag-euro-80","11":"product_tag-euro80","12":"product_tag-gpl","13":"product_tag-porta-bombola","14":"product_tag-portabombola","15":"product_tag-riscaldamento","16":"product_tag-sicar","17":"product_tag-stufa","18":"product_shipping_class-pe10","20":"first","21":"outofstock","22":"sale","23":"taxable","24":"shipping-taxable","25":"purchasable","26":"product-type-simple"},"_links":{"self":[{"href":"https:\/\/www.elettrowebstore.com\/de\/wp-json\/wp\/v2\/product\/7616","targetHints":{"allow":["GET"]}}],"collection":[{"href":"https:\/\/www.elettrowebstore.com\/de\/wp-json\/wp\/v2\/product"}],"about":[{"href":"https:\/\/www.elettrowebstore.com\/de\/wp-json\/wp\/v2\/types\/product"}],"wp:featuredmedia":[{"embeddable":true,"href":"https:\/\/www.elettrowebstore.com\/de\/wp-json\/wp\/v2\/media\/7697"}],"wp:attachment":[{"href":"https:\/\/www.elettrowebstore.com\/de\/wp-json\/wp\/v2\/media?parent=7616"}],"wp:term":[{"taxonomy":"product_brand","embeddable":true,"href":"https:\/\/www.elettrowebstore.com\/de\/wp-json\/wp\/v2\/product_brand?post=7616"},{"taxonomy":"product_cat","embeddable":true,"href":"https:\/\/www.elettrowebstore.com\/de\/wp-json\/wp\/v2\/product_cat?post=7616"},{"taxonomy":"product_tag","embeddable":true,"href":"https:\/\/www.elettrowebstore.com\/de\/wp-json\/wp\/v2\/product_tag?post=7616"}],"curies":[{"name":"wp","href":"https:\/\/api.w.org\/{rel}","templated":true}]}}