{"id":7344,"date":"2019-08-16T05:41:47","date_gmt":"2019-08-16T03:41:47","guid":{"rendered":"https:\/\/www.elettrowebstore.com\/?post_type=product&#038;p=7344"},"modified":"2021-01-18T16:50:52","modified_gmt":"2021-01-18T15:50:52","slug":"samsung-xpress-m2875fd-stampante-fax-scanner-fotocopiatrice-multifunzione-laser-bianco-e-nero","status":"publish","type":"product","link":"https:\/\/www.elettrowebstore.com\/de\/shop\/samsung-xpress-m2875fd-drucker-fax-scanner-kopierer-multifunktionslaser-schwarz-weiss\/","title":{"rendered":"Samsung Xpress M2875FD Drucker Fax Scanner Kopierer Multifunktionsger\u00e4t schwarz\/wei\u00df Laser gebraucht"},"content":{"rendered":"<h2><strong>Samsung Xpress M2875FD Drucker Fax Scanner Kopierer Multifunktionsger\u00e4t schwarz\/wei\u00df Laser gebraucht<\/strong><\/h2>\n<p>Samsung Xpress M2875FD Drucker-Fax-Scanner-Multifunktions-Laserkopierer schwarz\/wei\u00df im Angebot auf dieser Seite! In der Tat handelt es sich um ein sehr selten benutztes, fast neues Multifunktionskopier-, Drucker-, Scanner- und Faxger\u00e4t. Die Z\u00e4hler zeigen weniger als 10.000 Drucke und weniger als 1500 Scans.<\/p>\n<p>Ausgezeichneter Betrieb. Hervorragende Ergiebigkeit. \u00c4u\u00dferst sparsam in der Handhabung, auch kompatibel mit preisg\u00fcnstigen kompatiblen Tonern.<\/p>\n<p>Ersetzt aufgrund der Umstellung auf Windows 10, die nicht die Schnittstelle des Scanners. Ansonsten und mit anderen Windows-Betriebssystemen, funktioniert es hervorragend!<\/p>\n<p>Wird mit wiederaufbereitetem Toner geliefert.<\/p>\n<p>Produkt au\u00dferhalb der Garantie. Gebraucht in sehr gutem Zustand.<\/p>\n<p><img loading=\"lazy\" decoding=\"async\" class=\"aligncenter size-full wp-image-7350\" src=\"https:\/\/www.elettrowebstore.com\/EWS_Store\/wp-content\/uploads\/2020\/04\/2.jpg\" alt=\"Samsung Xpress M2875FD Drucker Fax Scanner Kopierer Multifunktionsger\u00e4t schwarz\/wei\u00df Laser gebraucht\" width=\"1000\" height=\"1000\" \/><\/p>\n<p><img loading=\"lazy\" decoding=\"async\" class=\"aligncenter size-full wp-image-7351\" src=\"https:\/\/www.elettrowebstore.com\/EWS_Store\/wp-content\/uploads\/2020\/04\/7.jpg\" alt=\"Samsung Xpress M2875FD Drucker Fax Scanner Kopierer Multifunktionsger\u00e4t schwarz\/wei\u00df Laser gebraucht\" width=\"800\" height=\"800\" srcset=\"https:\/\/www.elettrowebstore.com\/EWS_Store\/wp-content\/uploads\/7.jpg 800w, https:\/\/www.elettrowebstore.com\/EWS_Store\/wp-content\/uploads\/7-200x200.jpg 200w, https:\/\/www.elettrowebstore.com\/EWS_Store\/wp-content\/uploads\/7-100x100.jpg 100w, https:\/\/www.elettrowebstore.com\/EWS_Store\/wp-content\/uploads\/7-600x600.jpg 600w, https:\/\/www.elettrowebstore.com\/EWS_Store\/wp-content\/uploads\/7-768x768.jpg 768w\" sizes=\"auto, (max-width: 800px) 100vw, 800px\" \/><\/p>\n<p>&nbsp;<\/p>\n<h2><strong>Technische Daten<\/strong><\/h2>\n<p><strong>TYP<\/strong><\/p>\n<ul>\n<li>Druckfunktion<\/li>\n<li>Funktion kopieren<\/li>\n<li>Fax-Funktion<\/li>\n<li>Scan-Funktion<\/li>\n<\/ul>\n<p>&nbsp;<\/p>\n<p><strong>DRUCKSYSTEM<\/strong><\/p>\n<ul>\n<li>Drucktyp Laser<\/li>\n<li>Drucktechnik: Elektrophotographisch<\/li>\n<\/ul>\n<p>&nbsp;<\/p>\n<p><strong>UNTERST\u00dcTZTE FORMATE<\/strong><\/p>\n<ul>\n<li>Maximal unterst\u00fctztes Format A4<\/li>\n<\/ul>\n<p><strong>DRUCKQUALIT\u00c4T<\/strong><\/p>\n<ul>\n<li>Monatliche Einschaltdauer 12.000 nr Seiten<\/li>\n<li>Normale S\/W-Druckgeschwindigkeit 28 Seiten pro Minute<\/li>\n<li>Maximale S\/W-Druckgeschwindigkeit 28 Seiten pro Minute<\/li>\n<li>Druckzeit der ersten Seite 8,5 Sekunden<\/li>\n<\/ul>\n<p>&nbsp;<\/p>\n<p><strong>DRUCKAUFL\u00d6SUNG<\/strong><\/p>\n<ul>\n<li>beste S\/W-Druckaufl\u00f6sung Horizontal 1.200 dpi<\/li>\n<li>s\/w beste Druckaufl\u00f6sung Vertikal 1.200 dpi<\/li>\n<\/ul>\n<p>&nbsp;<\/p>\n<p><strong>MEDIENMANAGEMENT<\/strong><\/p>\n<ul>\n<li>Automatischer Blatteinzug - ADF ja<\/li>\n<li>Automatischer Einzelblatteinzug von vorne nach hinten - ADFr: nein (das bedeutet, dass der ADF genannte Top-Loader keine Seiten von vorne nach hinten scannt, sondern nur die Vorderseite)<\/li>\n<li>Beidseitiger Druck vom Computer ja<\/li>\n<li>Anzahl der Standard-Papierf\u00e4cher 1 nr<\/li>\n<\/ul>\n<p>&nbsp;<\/p>\n<p><strong>KOPIEREN<\/strong><\/p>\n<ul>\n<li>Maximale Kopiergr\u00f6\u00dfe A4<\/li>\n<li>Maximale Kopiergeschwindigkeit S\/W 28 cpm<\/li>\n<li>Horizontale s\/w-Kopieraufl\u00f6sung 600 dpi<\/li>\n<li>Kopieraufl\u00f6sung s\/w Vertikal 600 dpi<\/li>\n<li>Maximale Anzahl von Kopien 99<\/li>\n<li>Automatische doppelseitige Kopienausgabe<\/li>\n<li>Erste Kopie s\/w Ausgabezeit 14 Sek.<\/li>\n<\/ul>\n<p>&nbsp;<\/p>\n<p><strong>FAX<\/strong><\/p>\n<ul>\n<li>Maximale \u00dcbertragungsgeschwindigkeit 33,6 kbps<\/li>\n<li>Faxaufl\u00f6sungen s\/w horizontal 300 dpi<\/li>\n<li>Faxaufl\u00f6sungen s\/w vertikal 300 dpi<\/li>\n<li>Faxversand \u00fcber PC nein<\/li>\n<li>Automatischer R\u00fcckruf<\/li>\n<\/ul>\n<p>&nbsp;<\/p>\n<p><strong>SCANNING<\/strong><\/p>\n<ul>\n<li>Scannendes Element<\/li>\n<li>Kontakt Bildsensor<\/li>\n<li>Scanning-Modi<\/li>\n<li>Fester Tisch\/ADF<\/li>\n<li>Maximale Scangr\u00f6\u00dfe A4<\/li>\n<li>Horizontale optische Aufl\u00f6sung 1.200 dpi<\/li>\n<li>Vertikale optische Aufl\u00f6sung 1.200 dpi<\/li>\n<li>Horizontale interpolierte Aufl\u00f6sung 4.800 dpi<\/li>\n<li>Vertikale interpolierte Aufl\u00f6sung 4.800 dpi<\/li>\n<li>Scangeschwindigkeit s\/w 17 Seiten pro Minute<\/li>\n<li>In E-Mail scannen ja<\/li>\n<li>Scannen zum PC ja<\/li>\n<li>Netzwerk-Scanning nein<\/li>\n<li>Es hat keine native Schnittstelle zu Windows 10. Funktioniert gut mit Windows 8.1<\/li>\n<\/ul>\n<p>&nbsp;<\/p>\n<p><strong>ANSCHLUSSF\u00c4HIGKEIT<\/strong><\/p>\n<ul>\n<li>Drahtloses Lan nein<\/li>\n<li>Ethernet 10\/100\/1000 Netzwerkkarte ja<\/li>\n<\/ul>\n<p>&nbsp;<\/p>\n<p><strong>SOFTWARE<\/strong><\/p>\n<ul>\n<li>Kompatibel mit Windows 8<\/li>\n<li>Mac-kompatibel<\/li>\n<li>Linux-kompatibel<\/li>\n<\/ul>\n<p>&nbsp;<\/p>","protected":false},"excerpt":{"rendered":"<p>Samsung Xpress M2875FD Drucker-Fax-Scanner-Kopierer-Multifunktionsger\u00e4t schwarz\/wei\u00df Laser gebraucht. <strong><span style=\"color: #ff0000\">Kostenloser Versand<\/span><\/strong><\/p>","protected":false},"featured_media":7350,"template":"","meta":[],"product_brand":[],"product_cat":[57],"product_tag":[52,54,1021,1024,55,1022,53,51,1023],"class_list":{"0":"post-7344","1":"product","2":"type-product","3":"status-publish","4":"has-post-thumbnail","6":"product_cat-elettronica","7":"product_tag-fax","8":"product_tag-fotocopiatrice","9":"product_tag-laser","10":"product_tag-m2875fd","11":"product_tag-multifunzione","12":"product_tag-samsung","13":"product_tag-scanner","14":"product_tag-stampante","15":"product_tag-xpress","16":"product_shipping_class-pe","18":"first","19":"outofstock","20":"taxable","21":"shipping-taxable","22":"purchasable","23":"product-type-simple"},"_links":{"self":[{"href":"https:\/\/www.elettrowebstore.com\/de\/wp-json\/wp\/v2\/product\/7344","targetHints":{"allow":["GET"]}}],"collection":[{"href":"https:\/\/www.elettrowebstore.com\/de\/wp-json\/wp\/v2\/product"}],"about":[{"href":"https:\/\/www.elettrowebstore.com\/de\/wp-json\/wp\/v2\/types\/product"}],"wp:featuredmedia":[{"embeddable":true,"href":"https:\/\/www.elettrowebstore.com\/de\/wp-json\/wp\/v2\/media\/7350"}],"wp:attachment":[{"href":"https:\/\/www.elettrowebstore.com\/de\/wp-json\/wp\/v2\/media?parent=7344"}],"wp:term":[{"taxonomy":"product_brand","embeddable":true,"href":"https:\/\/www.elettrowebstore.com\/de\/wp-json\/wp\/v2\/product_brand?post=7344"},{"taxonomy":"product_cat","embeddable":true,"href":"https:\/\/www.elettrowebstore.com\/de\/wp-json\/wp\/v2\/product_cat?post=7344"},{"taxonomy":"product_tag","embeddable":true,"href":"https:\/\/www.elettrowebstore.com\/de\/wp-json\/wp\/v2\/product_tag?post=7344"}],"curies":[{"name":"wp","href":"https:\/\/api.w.org\/{rel}","templated":true}]}}