{"id":670337,"date":"2023-10-29T08:46:24","date_gmt":"2023-10-29T07:46:24","guid":{"rendered":"https:\/\/www.elettrowebstore.com\/?post_type=product&#038;p=670337"},"modified":"2025-04-16T12:21:48","modified_gmt":"2025-04-16T10:21:48","slug":"reber-serie-tre-ingranaggi-nylon-e-fibra-carbonio-1020serpl","status":"publish","type":"product","link":"https:\/\/www.elettrowebstore.com\/de\/shop\/reber-set-drei-zahnrader-nylon-und-kohlefaser-1020serpl\/","title":{"rendered":"Reber Drei-Gang-Getriebe aus Nylon und Kohlefaser 1020SERPL"},"content":{"rendered":"<h2><strong>Reber Drei-Gang-Getriebe aus Nylon und Kohlefaser Code 1020SERPL<\/strong><\/h2>\n<p>Der Reber-Dreizahnradsatz aus Nylon und Kohlefaser 1020SERPL erm\u00f6glicht es, die Aluminiumzahnr\u00e4der, die in den 500- und 600-Watt-Getriebemotoren von Reber enthalten sind, durch ger\u00e4usch\u00e4rmere Nylon-Zahnr\u00e4der mit Kohlefaserverst\u00e4rkung zu ersetzen.<\/p>\n<p>Es handelt sich um einen einfach zu installierenden Satz, der gekauft werden sollte, wenn die alten Zahnr\u00e4der ersetzt werden m\u00fcssen, weil der Motor an Leistung verliert oder zu laut geworden ist. Das passiert n\u00e4mlich, wenn die Z\u00e4hne des Getriebes brechen, was neben dem Ger\u00e4usch auch zu einem Verlust der Motordrehzahl und der Kraft\u00fcbertragung f\u00fchrt. <strong>Dieser Bausatz enth\u00e4lt 3 Zahnr\u00e4der: das mittlere und das gro\u00dfe Zahnrad sind aus Nylon und Kohlefaser, das kleine Zahnrad ist aus Aluminium gefertigt.<\/strong>.<\/p>\n<p><strong>ACHTUNG! Dieses 3-Gang-Kit ist nur f\u00fcr Reber No. 5 500 und 600 Watt Getriebemotoren geeignet. Es wird nicht f\u00fcr die Verwendung mit 1200 Watt Getriebemotoren empfohlen und ist NICHT kompatibel mit No. 3 400\/450 Watt Getriebemotoren.<\/strong><\/p>\n<p>Nach dem Zusammenbau m\u00fcssen diese Zahnr\u00e4der gut ge\u00f6lt werden, damit sie beim Drehen nicht besch\u00e4digt werden und um Ger\u00e4usche und Rost zu vermeiden. Hierf\u00fcr k\u00f6nnen Sie die<a href=\"https:\/\/www.elettrowebstore.com\/shop\/reber-flacone-olio-lubrificante-per-motori-long-life-1073a\/\"><strong>geeignetes \u00d6l auf unserer Website verf\u00fcgbar<\/strong><\/a>.<\/p>\n<h2><\/h2>\n<h2><strong>Technische Daten der Reber Drei-Gang-Serie aus Nylon und Kohlefaser 1020SERPL<br \/>\n<\/strong><\/h2>\n<p>Nachfolgend die wichtigsten Merkmale der dreig\u00e4ngigen Serie 1020SERPL von Reber aus Nylon und Kohlefaser:<\/p>\n<ul>\n<li>Kit bestehend aus 3 Zahnr\u00e4dern: mittel und gro\u00df <strong>aus Nylon und Kohlefaser<\/strong>die Kleine in <strong>Aluminium<\/strong><\/li>\n<li>Kompatibel mit REBER No. 5 500 und 600 Watt Getriebemotoren<\/li>\n<li>Abmessungen des Getriebes: gro\u00df cm. 10x10xh.6.5; mittel cm. 10x10xh.5.5; klein cm. 3.5\u00d73.5xh.1.7; Scheibendurchmesser cm. 2.4<\/li>\n<li><strong>Es wird empfohlen, sie NICHT auf Motoren mit 1200 W anzuwenden.<\/strong>aufgrund ihrer hohen Leistung, die zu einer schnelleren Abnutzung der Zahnr\u00e4der f\u00fchren kann. F\u00fcr diese wird stattdessen der Einbau von <a href=\"https:\/\/www.elettrowebstore.com\/shop\/reber-serie-tre-ingranaggi-acciaio-codice-1021ser\/\" target=\"_blank\" rel=\"noopener\"><strong>Stahlzahnr\u00e4der Code 1021SER<\/strong><\/a> bei besonderer Beanspruchung<\/li>\n<li>Kompatible Motorcodes: 9601N - MOTOR-REDUZIERER HP 0,40; 9602N - MOTOR-REDUZIERER HP 0,80; 9601NSP - MOTOR-REDUZIERER HP. 0,40 - 500 W SP MIT EDELSTAHL-VERSCHLUSS; 9602NSP - MOTOR-REDUZIERER HP. 0,80 - 600 W SP MIT EDELSTAHL-VERSCHLUSS;<\/li>\n<li>Sie sind auch verf\u00fcgbar <a href=\"https:\/\/www.elettrowebstore.com\/shop\/reber-serie-3-ingranaggi-motori-grandi-in-alluminio-zama-1020ser\/\" target=\"_blank\" rel=\"noopener\"><strong>auf dieser Seite Zahnr\u00e4der aus Aluminium (Zamak)<\/strong><\/a><\/li>\n<\/ul>\n<p>&nbsp;<\/p>\n<h2><strong>REBER Produktinformation<\/strong><\/h2>\n<p><a href=\"http:\/\/www.rebersrl.it\"><strong>REBER<\/strong> <\/a>ist in Italien und im Ausland f\u00fchrend in der Herstellung und im Vertrieb von Artikeln f\u00fcr den Haushalt und f\u00fcr Profis. In der Tat, seine Artikel sind speziell entwickelt, um sehr zuverl\u00e4ssige Produkte in der Wohnung oder in der Werkstatt zu haben, entworfen, um eine lange Zeit dauern.<\/p>\n<p>Dar\u00fcber hinaus entsprechen alle Motoren und Zubeh\u00f6rteile stets allen geltenden Vorschriften, sowohl in Bezug auf die Fertigungstechnik als auch auf den Kontakt mit Lebensmitteln.<\/p>\n<p>Alle REBER-Artikel werden von einer Konformit\u00e4tserkl\u00e4rung begleitet. Daher garantieren sie immer maximale Zufriedenheit f\u00fcr alle Benutzer!<\/p>\n<p>&nbsp;<\/p>\n<h2><strong>Garantie<\/strong><\/h2>\n<p>Das Produkt ist abgedeckt durch <a href=\"https:\/\/www.elettrowebstore.com\/due-anni-di-garanzia-su-ogni-prodotto-acquistato\/\"><strong>gesetzliche Garantie<\/strong><\/a>gem\u00e4\u00df der entsprechenden Seite auf unserer Website, die wir Sie bitten zu lesen. Wir bieten auch klare Informationen \u00fcber die Aus\u00fcbung der <a href=\"https:\/\/www.elettrowebstore.com\/diritto-di-recesso-restituzione-prodotti\/\"><strong>R\u00fccktrittsrecht<\/strong><\/a>.<\/p>\n<p>Um die Aus\u00fcbung dieses Rechts zu erleichtern, stellt der Hersteller im ganzen Land autorisierte Zentren f\u00fcr technische Unterst\u00fctzung zur Verf\u00fcgung.<\/p>\n<p>Weitere Informationen zu den einschl\u00e4gigen Rechtsvorschriften finden Sie auf der Website der<a href=\"http:\/\/www.agcm.it\/consumatore\/decalogo\/5102-garanzia-del-venditore-guida-per-il-consumatore.html\"><strong>Beh\u00f6rde f\u00fcr Wettbewerb und Markt<\/strong><\/a>.<\/p>\n<p>Um die Qualit\u00e4t des Produkts zu verbessern, beh\u00e4lt sich der Hersteller das Recht vor, die Materialien und technischen Merkmale des Artikels ohne vorherige Ank\u00fcndigung zu \u00e4ndern.  Dar\u00fcber hinaus sind die Beschreibungen und Bilder hier angegeben sind daher indikativ und kann leicht von dem Endprodukt abweichen.<\/p>\n<p>&nbsp;<\/p>\n<h2><strong>Lieferfrist<\/strong><\/h2>\n<p>Dieses Produkt ist im Allgemeinen sofort lieferbar. In der Tat kann es sofort bestellt werden und wird von ElettroWebStore innerhalb von 2 Werktagen ab dem Kaufdatum versandt.<\/p>\n<p>&nbsp;<\/p>\n<h2><strong>Akzeptierte Zahlungsmittel<\/strong><\/h2>\n<p><strong>Auf der Website von ElettroWebStore k\u00f6nnen Sie mit allen g\u00e4ngigen Methoden bezahlen<\/strong>sowohl internetspezifische (z. B. Prepaid-Karten) als auch traditionelle (z. B. klassische Kreditkarten).<\/p>\n<p>In keinem Fall <a href=\"http:\/\/www.elettrowebstore.com\"><strong>ElettroWebStore<\/strong><\/a> Ihre Zahlungskartendaten zu verwalten oder von ihnen Kenntnis zu erlangen. In der Tat <a href=\"http:\/\/www.elettrowebstore.com\"><strong>ElettroWebStore<\/strong><\/a> wird nur angezeigt, ob die Zahlung erfolgt ist oder nicht!<\/p>\n<p>Unsere Website verwendet HTTPS-Protokolle, die hohe Sicherheitsstandards f\u00fcr die Nutzer garantieren!<\/p>","protected":false},"excerpt":{"rendered":"<p>Reber Serie drei Nylon- und Kohlefaserzahnr\u00e4der 1020SERPL, die die originalen Aluminiumzahnr\u00e4der ersetzen k\u00f6nnen. Sie reduzieren L\u00e4rm<\/p>","protected":false},"featured_media":723358,"template":"","meta":[],"product_brand":[],"product_cat":[273,17],"product_tag":[2768,2769,460,461,462,1607,65,478],"class_list":{"0":"post-670337","1":"product","2":"type-product","3":"status-publish","4":"has-post-thumbnail","6":"product_cat-accessori-per-reber","7":"product_cat-casalinghi-cura-casa","8":"product_tag-1020serpl","9":"product_tag-fibra-di-carbonio","10":"product_tag-ingranaggio","11":"product_tag-kit-ingranaggi","12":"product_tag-motori-n-5","13":"product_tag-nylon","14":"product_tag-reber","15":"product_tag-ricambio","16":"product_shipping_class-pe","18":"first","19":"instock","20":"taxable","21":"shipping-taxable","22":"purchasable","23":"product-type-simple"},"_links":{"self":[{"href":"https:\/\/www.elettrowebstore.com\/de\/wp-json\/wp\/v2\/product\/670337","targetHints":{"allow":["GET"]}}],"collection":[{"href":"https:\/\/www.elettrowebstore.com\/de\/wp-json\/wp\/v2\/product"}],"about":[{"href":"https:\/\/www.elettrowebstore.com\/de\/wp-json\/wp\/v2\/types\/product"}],"wp:featuredmedia":[{"embeddable":true,"href":"https:\/\/www.elettrowebstore.com\/de\/wp-json\/wp\/v2\/media\/723358"}],"wp:attachment":[{"href":"https:\/\/www.elettrowebstore.com\/de\/wp-json\/wp\/v2\/media?parent=670337"}],"wp:term":[{"taxonomy":"product_brand","embeddable":true,"href":"https:\/\/www.elettrowebstore.com\/de\/wp-json\/wp\/v2\/product_brand?post=670337"},{"taxonomy":"product_cat","embeddable":true,"href":"https:\/\/www.elettrowebstore.com\/de\/wp-json\/wp\/v2\/product_cat?post=670337"},{"taxonomy":"product_tag","embeddable":true,"href":"https:\/\/www.elettrowebstore.com\/de\/wp-json\/wp\/v2\/product_tag?post=670337"}],"curies":[{"name":"wp","href":"https:\/\/api.w.org\/{rel}","templated":true}]}}