{"id":6657,"date":"2019-03-12T17:45:30","date_gmt":"2019-03-12T16:45:30","guid":{"rendered":"https:\/\/www.elettrowebstore.com\/?post_type=product&#038;p=6657"},"modified":"2021-04-14T16:07:28","modified_gmt":"2021-04-14T14:07:28","slug":"portovenere-tavolo-6-sedie-dining-set-dsa10","status":"publish","type":"product","link":"https:\/\/www.elettrowebstore.com\/de\/shop\/portovenere-tisch-6-stuhle-esstischset-dsa10\/","title":{"rendered":"Portovenere Tisch + 6 St\u00fchle Esstisch-Set DSA10"},"content":{"rendered":"<h2><strong>Portovenere Tisch + 6 St\u00fchle Esstisch-Set DSA10<\/strong><\/h2>\n<p>Portovenere Tisch + 6 St\u00fchle Esstisch-Set DSA10 ist eine Outdoor-Komposition, bestehend aus einem Tisch und sechs St\u00fchlen. <span class=\"fontstyle0\">Der moderne Stil von Aluminiumm\u00f6beln passt perfekt zur Verwendung von Seilen, um ein neues Design mit weichen Linien zu schaffen.<\/span><\/p>\n<p><img loading=\"lazy\" decoding=\"async\" class=\"aligncenter wp-image-6720\" src=\"https:\/\/www.elettrowebstore.com\/EWS_Store\/wp-content\/uploads\/2020\/04\/greenwood-set-portovenere-alluminio-corda-sedie-tavolo-DSA10-1.jpg\" alt=\"Portovenere Tisch + 6 St\u00fchle Esstisch-Set DSA10\" width=\"800\" height=\"640\" srcset=\"https:\/\/www.elettrowebstore.com\/EWS_Store\/wp-content\/uploads\/greenwood-set-portovenere-alluminio-corda-sedie-tavolo-DSA10-1.jpg 1280w, https:\/\/www.elettrowebstore.com\/EWS_Store\/wp-content\/uploads\/greenwood-set-portovenere-alluminio-corda-sedie-tavolo-DSA10-1-600x480.jpg 600w, https:\/\/www.elettrowebstore.com\/EWS_Store\/wp-content\/uploads\/greenwood-set-portovenere-alluminio-corda-sedie-tavolo-DSA10-1-768x614.jpg 768w\" sizes=\"auto, (max-width: 800px) 100vw, 800px\" \/><\/p>\n<p>&nbsp;<\/p>\n<h2><strong>Beschreibung Portovenere Tisch + 6 St\u00fchle Esstisch-Set DSA10<\/strong><\/h2>\n<p>Das Portovenere-Set besteht aus einem bequemen Tisch und sechs Sesseln. Diese Komposition kann nur wie auf dem Foto gezeigt gekauft werden, d.h. bestehend aus dem Tisch und den St\u00fchlen.<\/p>\n<p>Die <strong>Tabelle<\/strong> hat eine 160 Zentimeter breite und 90 Zentimeter tiefe Platte und eine H\u00f6he von 74 Zentimetern \u00fcber dem Boden. Der Tisch ist ganz aus Aluminium gefertigt. Sowohl die Beine als auch die Platte sind aus diesem edlen Material gefertigt, das nicht rostet. Die Platte hat abgerundete Ecken und das Profil der Platte besteht ebenfalls aus Aluminium. Die Oberfl\u00e4che der Platte ist in einer ruhigen Holzoptik gehalten und f\u00fchlt sich glatt an. Die Beine sind mattwei\u00df lackiert. Die nicht gl\u00e4nzende, aber matte Oberfl\u00e4che wirkt modern und frisch und sorgt f\u00fcr eine hervorragende Farbabstimmung mit der Platte und den Sitzen.<\/p>\n<p><img loading=\"lazy\" decoding=\"async\" class=\"aligncenter wp-image-6718\" src=\"https:\/\/www.elettrowebstore.com\/EWS_Store\/wp-content\/uploads\/2020\/04\/greenwood-set-portovenere-alluminio-corda-sedie-tavolo-DSA10-3.jpg\" alt=\"Portovenere Tisch + 6 St\u00fchle Esstisch-Set DSA10\" width=\"640\" height=\"800\" srcset=\"https:\/\/www.elettrowebstore.com\/EWS_Store\/wp-content\/uploads\/greenwood-set-portovenere-alluminio-corda-sedie-tavolo-DSA10-3.jpg 1024w, https:\/\/www.elettrowebstore.com\/EWS_Store\/wp-content\/uploads\/greenwood-set-portovenere-alluminio-corda-sedie-tavolo-DSA10-3-600x750.jpg 600w, https:\/\/www.elettrowebstore.com\/EWS_Store\/wp-content\/uploads\/greenwood-set-portovenere-alluminio-corda-sedie-tavolo-DSA10-3-768x960.jpg 768w\" sizes=\"auto, (max-width: 640px) 100vw, 640px\" \/><\/p>\n<p>Le <strong>sechs St\u00fchle<\/strong>Die St\u00fchle haben die Form eines Sessels, sind 61 cm tief und 78 cm hoch (bis zum Ende der R\u00fcckenlehne), w\u00e4hrend die Breite der Sitzfl\u00e4che 60 cm betr\u00e4gt. Die Beine und die untere Zarge dieser St\u00fchle sind ebenfalls aus mattwei\u00dfem Aluminium, im gleichen Farbton wie die des Tisches. Die obere Polsterung und die R\u00fcckenlehne sind aus eleganten Kunstfaserseilen gefertigt. Aufgrund ihrer Kunststoffzusammensetzung sind sie unempfindlich gegen Witterungseinfl\u00fcsse. Sie sind sehr elastisch und garantieren einen bequemen Sitz.<\/p>\n<p><img loading=\"lazy\" decoding=\"async\" class=\"aligncenter wp-image-6719\" src=\"https:\/\/www.elettrowebstore.com\/EWS_Store\/wp-content\/uploads\/2020\/04\/greenwood-set-portovenere-alluminio-corda-sedie-tavolo-DSA10-2.jpg\" alt=\"Portovenere Tisch + 6 St\u00fchle Esstisch-Set DSA10\" width=\"640\" height=\"800\" srcset=\"https:\/\/www.elettrowebstore.com\/EWS_Store\/wp-content\/uploads\/greenwood-set-portovenere-alluminio-corda-sedie-tavolo-DSA10-2.jpg 1024w, https:\/\/www.elettrowebstore.com\/EWS_Store\/wp-content\/uploads\/greenwood-set-portovenere-alluminio-corda-sedie-tavolo-DSA10-2-600x750.jpg 600w, https:\/\/www.elettrowebstore.com\/EWS_Store\/wp-content\/uploads\/greenwood-set-portovenere-alluminio-corda-sedie-tavolo-DSA10-2-768x960.jpg 768w\" sizes=\"auto, (max-width: 640px) 100vw, 640px\" \/><\/p>\n<p>Im Preis inbegriffen sind Sitz- und R\u00fcckenkissen in der Farbe Esche und im gleichen Farbton wie auf dem Foto abgebildet. Die Kissen haben abnehmbare Bez\u00fcge f\u00fcr eine einfache Reinigung.<\/p>\n<p>Portovenere Tisch + 6 St\u00fchle Esstisch-Set DSA10 wird Ihren Au\u00dfenbereich einzigartig machen, mit Geschmack und Raffinesse!<\/p>\n<p>M\u00f6chten Sie Ihren Tisch vor dem Wetter sch\u00fctzen? Ihn vor den Elementen sch\u00fctzen? Sie k\u00f6nnten den Kauf eines <strong><a href=\"https:\/\/www.elettrowebstore.com\/shop\/cover-protettiva-per-tavolo-cvt01\/\">Schutzh\u00fclle<\/a><\/strong>speziell entwickelt, um Ihre Au\u00dfenm\u00f6bel zu sch\u00fctzen.<\/p>\n<p>&nbsp;<\/p>\n<h2><strong>Technische Daten<\/strong><\/h2>\n<ul>\n<li><span class=\"fontstyle0\">6 St\u00fchle cm. 60 x 61 x H. 78 aus wei\u00dfem Aluminium und grauem Seil<\/span><\/li>\n<li>Kissen von s<span class=\"fontstyle0\">und R\u00fcckenlehnen in Esche mit abnehmbaren Bez\u00fcgen <\/span><\/li>\n<li>T<span class=\"fontstyle0\">avolo cm. 160 x 90 x h. 74 aus Aluminium mit hellgrauer Platte in Holzoptik und wei\u00dfen Beinen<\/span><\/li>\n<li>Das Esstischset wird in einem Bausatz geliefert<\/li>\n<li>Sendung bestehend aus 4 Paketen; Gesamtgewicht kg 56,6<\/li>\n<li>Praktisch und vielseitig<\/li>\n<li>Robust und widerstandsf\u00e4hig<\/li>\n<li>Bequeme Sitzgelegenheiten<\/li>\n<li>Leichte Reinigung<\/li>\n<li>Hergestellt in China<\/li>\n<\/ul>\n<p><img loading=\"lazy\" decoding=\"async\" class=\"aligncenter wp-image-6672\" src=\"https:\/\/www.elettrowebstore.com\/EWS_Store\/wp-content\/uploads\/2020\/04\/salottino-dining-set-portovenere-DSA10_4.jpg\" alt=\"Portovenere Tisch + 6 St\u00fchle Esstisch-Set DSA10\" width=\"800\" height=\"488\" srcset=\"https:\/\/www.elettrowebstore.com\/EWS_Store\/wp-content\/uploads\/salottino-dining-set-portovenere-DSA10_4.jpg 1024w, https:\/\/www.elettrowebstore.com\/EWS_Store\/wp-content\/uploads\/salottino-dining-set-portovenere-DSA10_4-600x366.jpg 600w, https:\/\/www.elettrowebstore.com\/EWS_Store\/wp-content\/uploads\/salottino-dining-set-portovenere-DSA10_4-768x468.jpg 768w\" sizes=\"auto, (max-width: 800px) 100vw, 800px\" \/><\/p>\n<p>&nbsp;<\/p>\n<h2><strong>Einzelheiten der <\/strong><strong>Esszimmergarnitur Portovenere DSA10<\/strong><\/h2>\n<p>Das Produkt wird geliefert <strong>in Bausatzform<\/strong>. Die Montage des Portovenere Tisch + 6 St\u00fchle Esstisch-Set DSA10 liegt in der Verantwortung des Kunden. Alle notwendigen Teile sind im Paket enthalten. Sollten Kleinteile fehlen (was selten vorkommen kann), k\u00f6nnen diese leicht in Baum\u00e4rkten gefunden werden.<\/p>\n<p>Das Portovenere Dining Set DSA10 besteht aus lackiertem Aluminium; daher ist es ratsam, zur Reinigung keine bleichmittel- oder salzs\u00e4urehaltigen Reinigungsmittel zu verwenden, da diese die Oberfl\u00e4che besch\u00e4digen k\u00f6nnten. Verwenden Sie daher nicht scheuernde Reinigungsmittel, die f\u00fcr dieses Material geeignet sind.<\/p>\n<p>&nbsp;<\/p>\n<h2><strong>Garantie<\/strong><\/h2>\n<p>Das Produkt ist abgedeckt durch <a href=\"https:\/\/www.elettrowebstore.com\/due-anni-di-garanzia-su-ogni-prodotto-acquistato\/\"><strong>gesetzliche Garantie<\/strong><\/a>gem\u00e4\u00df der entsprechenden Seite auf unserer Website, die wir Sie bitten zu lesen. Wir bieten auch klare Informationen \u00fcber die Aus\u00fcbung der <a href=\"https:\/\/www.elettrowebstore.com\/diritto-di-recesso-restituzione-prodotti\/\"><strong>R\u00fccktrittsrecht<\/strong><\/a>.<\/p>\n<p>F\u00fcr Gartenm\u00f6bel gibt es auf dem nationalen Hoheitsgebiet keine autorisierten Kundendienstzentren (CAT). Der Einbau von Produkten und Ersatzteilen liegt in der alleinigen Verantwortung des K\u00e4ufers.<\/p>\n<p><strong>Outdoor-M\u00f6bel sind zwar f\u00fcr den Aufenthalt im Freien konzipiert, brauchen aber auch Pflege und Aufmerksamkeit<\/strong>insbesondere bei Artikeln aus empfindlichen Materialien. Daher bedeutet der Kauf eines Gartenprodukts nicht, dass man einen unzerst\u00f6rbaren oder wartungsfreien Gegenstand kauft. Im Gegenteil, einige Materialien wie H\u00f6lzer, Harze, nicht verzinkter Stahl erfordern Pflege, Reinigung und Aufmerksamkeit. Bei Gegenst\u00e4nden wie Sonnenschirmen und Pavillons muss der Segeleffekt bei schlechtem Wetter vermieden werden (Sonnenschirme m\u00fcssen geschlossen werden). Bei starkem Regen oder Schnee sind die Konstruktionen m\u00f6glicherweise nicht stabil genug, um dem standzuhalten.<\/p>\n<p>Daher empfehlen wir allen Kunden, vor dem Kauf ihre Bed\u00fcrfnisse und die Eigenschaften des Produkts sorgf\u00e4ltig zu pr\u00fcfen.<\/p>\n<p>Weder die Hersteller noch ElettroWebStore k\u00f6nnen im Rahmen der Garantie oder des Kundendienstes Artikel ersetzen, die, obwohl sie erst k\u00fcrzlich gekauft wurden, abgenutzt sind oder sich in ihrem urspr\u00fcnglichen Zustand verschlechtert haben.<\/p>\n<p>Weitere Informationen zu den einschl\u00e4gigen Rechtsvorschriften finden Sie auf der Website der<a href=\"http:\/\/www.agcm.it\/consumatore\/decalogo\/5102-garanzia-del-venditore-guida-per-il-consumatore.html\"><strong>Beh\u00f6rde f\u00fcr Wettbewerb und Markt<\/strong><\/a>.<\/p>\n<p>Um die Qualit\u00e4t des Produkts zu verbessern, beh\u00e4lt sich der Hersteller das Recht vor, die Materialien und technischen Merkmale des Artikels ohne vorherige Ank\u00fcndigung zu \u00e4ndern.  Dar\u00fcber hinaus sind die Beschreibungen und Bilder hier angegeben sind daher indikativ und kann leicht von dem Endprodukt abweichen.<\/p>\n<p>&nbsp;<\/p>\n<h2><strong>Lieferzeiten und Produktverf\u00fcgbarkeit<br \/>\n<\/strong><\/h2>\n<p>Outdoor-M\u00f6bel sind importierte Produkte. Ihre Verf\u00fcgbarkeit kann ohne Vorank\u00fcndigung variieren, auch wenn die Website angibt, dass die Waren verf\u00fcgbar sind. Aus diesem Grund laden wir Sie ein, sich in dringenden F\u00e4llen oder f\u00fcr ausf\u00fchrlichere Informationen an <a href=\"https:\/\/www.elettrowebstore.com\/contatta-lo-staff-di-elettrowebstore\/\"><strong>Kontaktaufnahme per E-Mail<\/strong><\/a> zur weiteren Kl\u00e4rung.<\/p>\n<p>Wenn das Produkt in einem unserer Lager zur sofortigen Lieferung verf\u00fcgbar ist, kann es sofort bestellt werden. Es wird dann von ElettroWebStore versandt<strong> innerhalb von 30 Arbeitstagen ab dem Datum des Kaufs<\/strong>.<\/p>\n<p>Dar\u00fcber hinaus sind alle Sendungen von ElettroWebStore frachtfrei!<\/p>\n<p>Neben den unten genannten Kurierdiensten nutzt ElettroWebStore auch andere landesweit t\u00e4tige Spediteure mit lokalen Korrespondenten f\u00fcr den Versand gro\u00dfvolumiger Sendungen. Letztere sind in der Regel auf den Versand und die Zustellung sperriger Sendungen spezialisiert, da sie \u00fcber spezifische lokale Korrespondenten auf dem nationalen Gebiet verf\u00fcgen.<\/p>\n<p>Wir erinnern Sie daran:<\/p>\n<ol>\n<li>Die Waren werden im Erdgeschoss zur Stra\u00dfe hin geliefert. Es gibt keine Lieferung auf dem Boden, wenn nicht ausdr\u00fccklich mit ElettroWebStore vereinbart;<\/li>\n<li>In Anbetracht des Volumens vieler Au\u00dfenm\u00f6bel ist es immer ratsam, die Pakete vor dem Entladen sorgf\u00e4ltig zu pr\u00fcfen und auf dem Transportdokument oder am Terminal des Spediteurs alle \u00e4u\u00dferen M\u00e4ngel des Produkts zu vermerken.<\/li>\n<\/ol>\n<p><a href=\"https:\/\/www.elettrowebstore.com\/spedizioni-consegne-prodotti-italia-estero\/\"><img loading=\"lazy\" decoding=\"async\" class=\"aligncenter wp-image-5149 size-full\" src=\"https:\/\/www.elettrowebstore.com\/EWS_Store\/wp-content\/uploads\/2020\/04\/elettrowebstore-spedizione-con-corrieri-brt-sda-dhl_n75nxd.jpg\" alt=\"ElettroWebStore versendet mit schnellen Kurieren BRT SDA DHL\" width=\"649\" height=\"175\" srcset=\"https:\/\/www.elettrowebstore.com\/EWS_Store\/wp-content\/uploads\/elettrowebstore-spedizione-con-corrieri-brt-sda-dhl_n75nxd.jpg 649w, https:\/\/www.elettrowebstore.com\/EWS_Store\/wp-content\/uploads\/elettrowebstore-spedizione-con-corrieri-brt-sda-dhl_n75nxd-600x162.jpg 600w\" sizes=\"auto, (max-width: 649px) 100vw, 649px\" \/><\/a><\/p>\n<p>&nbsp;<\/p>\n<h2><strong>Akzeptierte Zahlungsmittel<\/strong><\/h2>\n<p><strong>Auf der Website von ElettroWebStore k\u00f6nnen Sie mit allen g\u00e4ngigen Methoden bezahlen<\/strong>sowohl internetspezifische (z. B. Prepaid-Karten) als auch traditionelle (z. B. klassische Kreditkarten).<\/p>\n<p><a href=\"https:\/\/www.elettrowebstore.com\/pagamenti-sicuri-sul-sito-elettrowebstore\/\"><img loading=\"lazy\" decoding=\"async\" class=\"aligncenter size-full wp-image-5151\" src=\"https:\/\/www.elettrowebstore.com\/EWS_Store\/wp-content\/uploads\/2020\/04\/elettrowebstore-pagamenti_berj9q.jpg\" alt=\"Auf der Website von ElettroWebStore akzeptierte Zahlungsarten\" width=\"649\" height=\"226\" srcset=\"https:\/\/www.elettrowebstore.com\/EWS_Store\/wp-content\/uploads\/elettrowebstore-pagamenti_berj9q.jpg 649w, https:\/\/www.elettrowebstore.com\/EWS_Store\/wp-content\/uploads\/elettrowebstore-pagamenti_berj9q-600x209.jpg 600w\" sizes=\"auto, (max-width: 649px) 100vw, 649px\" \/><\/a><\/p>\n<p>&nbsp;<\/p>\n<p>Alle Zahlungen werden \u00fcber die <a href=\"https:\/\/www.paypal.com\/it\/webapps\/mpp\/paypal-safety-and-security\"><strong>Paypal<\/strong><\/a>. Auch wenn Sie nicht \u00fcber Paypal verf\u00fcgen, k\u00f6nnen Sie bezahlen, ohne sich zu registrieren und Ihre Anmeldedaten zu speichern. Sie m\u00fcssen lediglich Ihre Daten auf den Paypal-Seiten eingeben.<\/p>\n<p>In keinem Fall <a href=\"http:\/\/www.elettrowebstore.com\"><strong>ElettroWebStore<\/strong><\/a> Ihre Zahlungskartendaten zu verwalten oder von ihnen Kenntnis zu erlangen. In der Tat <a href=\"http:\/\/www.elettrowebstore.com\"><strong>ElettroWebStore<\/strong><\/a> wird nur angezeigt, ob die Zahlung erfolgt ist oder nicht!<\/p>\n<p>Unsere Website verwendet HTTPS-Protokolle, die hohe Sicherheitsstandards f\u00fcr die Nutzer garantieren!<\/p>","protected":false},"excerpt":{"rendered":"<p>Portovenere Tisch + 6 St\u00fchle Esstischset DSA10 mit Tisch 160\u00d790 cm und sechs Seilst\u00fchlen, alle aus Aluminium. Kissen in Esche Farbe mit abnehmbaren Bez\u00fcgen. <span class=\"fontstyle0\"><span style=\"color: #ff0000\"><strong>Kostenloser Versand inklusive!<\/strong><\/span><br \/>\n<\/span><\/p>","protected":false},"featured_media":6720,"template":"","meta":[],"product_brand":[],"product_cat":[18],"product_tag":[387,838,816,335,338,818,840,839,820,822,328,821],"class_list":{"0":"post-6657","1":"product","2":"type-product","3":"status-publish","4":"has-post-thumbnail","6":"product_cat-arredo_giardino_esterno_outdoor","7":"product_tag-alluminio","8":"product_tag-dining-set","9":"product_tag-dsa10","10":"product_tag-esterno","11":"product_tag-giardino","12":"product_tag-outdoor","13":"product_tag-poltroncine","14":"product_tag-porto-venere","15":"product_tag-portovenere","16":"product_tag-sedie","17":"product_tag-set","18":"product_tag-tavolo","19":"product_shipping_class-garden","21":"first","22":"outofstock","23":"sale","24":"taxable","25":"shipping-taxable","26":"purchasable","27":"product-type-simple"},"_links":{"self":[{"href":"https:\/\/www.elettrowebstore.com\/de\/wp-json\/wp\/v2\/product\/6657","targetHints":{"allow":["GET"]}}],"collection":[{"href":"https:\/\/www.elettrowebstore.com\/de\/wp-json\/wp\/v2\/product"}],"about":[{"href":"https:\/\/www.elettrowebstore.com\/de\/wp-json\/wp\/v2\/types\/product"}],"wp:featuredmedia":[{"embeddable":true,"href":"https:\/\/www.elettrowebstore.com\/de\/wp-json\/wp\/v2\/media\/6720"}],"wp:attachment":[{"href":"https:\/\/www.elettrowebstore.com\/de\/wp-json\/wp\/v2\/media?parent=6657"}],"wp:term":[{"taxonomy":"product_brand","embeddable":true,"href":"https:\/\/www.elettrowebstore.com\/de\/wp-json\/wp\/v2\/product_brand?post=6657"},{"taxonomy":"product_cat","embeddable":true,"href":"https:\/\/www.elettrowebstore.com\/de\/wp-json\/wp\/v2\/product_cat?post=6657"},{"taxonomy":"product_tag","embeddable":true,"href":"https:\/\/www.elettrowebstore.com\/de\/wp-json\/wp\/v2\/product_tag?post=6657"}],"curies":[{"name":"wp","href":"https:\/\/api.w.org\/{rel}","templated":true}]}}