{"id":6576,"date":"2019-03-06T16:20:59","date_gmt":"2019-03-06T15:20:59","guid":{"rendered":"https:\/\/www.elettrowebstore.com\/?post_type=product&#038;p=6576"},"modified":"2025-01-17T18:01:00","modified_gmt":"2025-01-17T17:01:00","slug":"gazebo-6x3-metri-poliestere-telaio-alluminio-gaz063","status":"publish","type":"product","link":"https:\/\/www.elettrowebstore.com\/de\/shop\/gazebo-6x3-meter-polyester-aluminium-rahmen-gaz063\/","title":{"rendered":"Gartenlaube 6\u00d73 Meter Polyester-Aluminium-Rahmen GAZ063"},"content":{"rendered":"<h2><strong>Gartenlaube 6\u00d73 Meter Polyester-Aluminium-Rahmen GAZ063<\/strong><\/h2>\n<p>Gazebo 6\u00d73 Meter Polyester-Aluminiumrahmen GAZ063 rechteckig. Sch\u00f6ner Pavillon mit gro\u00dfz\u00fcgigen Abmessungen von 18 Quadratmetern \u00fcberdacht.<\/p>\n<p><img loading=\"lazy\" decoding=\"async\" class=\"aligncenter wp-image-6578\" src=\"https:\/\/www.elettrowebstore.com\/EWS_Store\/wp-content\/uploads\/2020\/04\/gazebo-6x3-greenwood-alluminio-poliestere-1.jpg\" alt=\"Gazebo 6x3 Meter Polyester-Aluminium-Rahmen GAZ063\" width=\"800\" height=\"640\" srcset=\"https:\/\/www.elettrowebstore.com\/EWS_Store\/wp-content\/uploads\/gazebo-6x3-greenwood-alluminio-poliestere-1.jpg 1280w, https:\/\/www.elettrowebstore.com\/EWS_Store\/wp-content\/uploads\/gazebo-6x3-greenwood-alluminio-poliestere-1-600x480.jpg 600w, https:\/\/www.elettrowebstore.com\/EWS_Store\/wp-content\/uploads\/gazebo-6x3-greenwood-alluminio-poliestere-1-768x614.jpg 768w\" sizes=\"auto, (max-width: 800px) 100vw, 800px\" \/><\/p>\n<p>&nbsp;<\/p>\n<p>Dieses Produkt ist ausgestattet mit einem <strong>Vollaluminiumrahmen<\/strong>. Der Aluminiumrahmen vermeidet n\u00e4mlich im Gegensatz zu Eisenprodukten Rostflecken, die von der Struktur ausgehen k\u00f6nnen.<\/p>\n<p>Das Dach dieses 6\u00d73-Pavillons besteht aus <strong>harzbeschichtetes Polyester, Gewicht 350 Gramm<\/strong> pro Quadratmeter. Harzbeschichtetes Polyester ist ein Material, das eine gute Best\u00e4ndigkeit gegen Wasserdurchl\u00e4ssigkeit aufweist. Es handelt sich nicht um ein wasserabweisendes Produkt, aber die Harzbeschichtung verleiht dem Polyestergewebe Festigkeit. Dies tr\u00e4gt dazu bei, das Eindringen von Regenwasser zu begrenzen.<\/p>\n<p>I <strong>Aluminiumstangen mit einem Durchmesser von 100 Millimetern<\/strong>d.h. 10 Zentimeter im Querschnitt, garantieren eine gute Abdichtung. In der Tat ist das Produkt robust und stabil.<\/p>\n<p>Das Windschott und der Schirm (auch Flyer genannt) sind biskuitfarben, w\u00e4hrend der Rest des Pavillons ecrufarben ist.<\/p>\n<p>&nbsp;<\/p>\n<p><img loading=\"lazy\" decoding=\"async\" class=\"aligncenter wp-image-6580\" src=\"https:\/\/www.elettrowebstore.com\/EWS_Store\/wp-content\/uploads\/2020\/04\/gazebo-6x3-greenwood-alluminio-poliestere-3.jpg\" alt=\"Gazebo 6x3 Meter Polyester-Aluminium-Rahmen GAZ063\" width=\"800\" height=\"640\" srcset=\"https:\/\/www.elettrowebstore.com\/EWS_Store\/wp-content\/uploads\/gazebo-6x3-greenwood-alluminio-poliestere-3.jpg 1280w, https:\/\/www.elettrowebstore.com\/EWS_Store\/wp-content\/uploads\/gazebo-6x3-greenwood-alluminio-poliestere-3-600x480.jpg 600w, https:\/\/www.elettrowebstore.com\/EWS_Store\/wp-content\/uploads\/gazebo-6x3-greenwood-alluminio-poliestere-3-768x614.jpg 768w\" sizes=\"auto, (max-width: 800px) 100vw, 800px\" \/><\/p>\n<h2><\/h2>\n<h2><strong>Details zum 6\u00d73 Meter gro\u00dfen Polyester-Pavillon GAZ063 mit Aluminiumrahmen<\/strong><\/h2>\n<p>Das Produkt wird geliefert <strong>in Bausatzform<\/strong>. Der Gartenpavillon GAZ063 wird vom Kunden montiert. Alle erforderlichen Teile sind in der Verpackung enthalten. Sollten Kleinteile fehlen (was selten vorkommt), k\u00f6nnen diese in Baum\u00e4rkten leicht beschafft werden.<\/p>\n<p>Le <strong>Seitenvorh\u00e4nge sind vorhanden<\/strong>. Sie werden sogar direkt in der Verpackung geliefert.<\/p>\n<p>Moskitovorh\u00e4nge, d.h. Moskitonetze, sind nicht inbegriffen; diese sind separat \u00fcber den unten stehenden Link erh\u00e4ltlich.<\/p>\n<p>Der Aluminiumrahmen dieses Produkts garantiert eine ausgezeichnete Wetterbest\u00e4ndigkeit. Aufgrund unserer Erfahrung empfehlen wir jedoch, auf die mitgelieferten Schrauben und Bolzen zu achten. Wenn Sie Rostflecken sehen, sollten Sie die Schrauben und Bolzen ersetzen, indem Sie das entsprechende Material in einem Baumarkt kaufen. Wir empfehlen den Kauf von Beschl\u00e4gen aus italienischem Edelstahl.<\/p>\n<p>Die Beine sind mit F\u00fc\u00dfen mit gro\u00dfer, vorgebohrter runder Standfl\u00e4che ausgestattet, die eine Verankerung im Boden oder auf speziellen Fliesen oder Beton erm\u00f6glichen.<\/p>\n<p><img loading=\"lazy\" decoding=\"async\" class=\"aligncenter wp-image-6579\" src=\"https:\/\/www.elettrowebstore.com\/EWS_Store\/wp-content\/uploads\/2020\/04\/gazebo-6x3-greenwood-alluminio-poliestere-4.jpg\" alt=\"Gazebo 6x3 Meter Polyester-Aluminium-Rahmen GAZ063\" width=\"800\" height=\"640\" srcset=\"https:\/\/www.elettrowebstore.com\/EWS_Store\/wp-content\/uploads\/gazebo-6x3-greenwood-alluminio-poliestere-4.jpg 1280w, https:\/\/www.elettrowebstore.com\/EWS_Store\/wp-content\/uploads\/gazebo-6x3-greenwood-alluminio-poliestere-4-600x480.jpg 600w, https:\/\/www.elettrowebstore.com\/EWS_Store\/wp-content\/uploads\/gazebo-6x3-greenwood-alluminio-poliestere-4-768x614.jpg 768w\" sizes=\"auto, (max-width: 800px) 100vw, 800px\" \/><\/p>\n<p>&nbsp;<\/p>\n<h2><strong>Technische Daten<\/strong><\/h2>\n<ul>\n<li>Rechteckige Gartenlaube 600\u00d7300 cm<\/li>\n<li>Gesamth\u00f6he am h\u00f6chsten Punkt: 290 Zentimeter<\/li>\n<li>\u00d8 100 mm Maststruktur.<\/li>\n<li>Aluminiumrahmen mit anthrazitfarbener Epoxidharzlackierung<\/li>\n<li>Polyester 350 g harzbeschichtet ecru<\/li>\n<li>Mit Windschutzscheibe und biskuitfarbener Lenkradmanschette<\/li>\n<li>Komplett mit Seitenvorh\u00e4ngen<\/li>\n<li>Gesamtgewicht: 65 kg<\/li>\n<li>Hergestellt in China<\/li>\n<li><a href=\"https:\/\/www.elettrowebstore.com\/shop\/ac063-set-zanzariere-per-gazebo-gaz063\/\"><strong>Optionale Moskito-Vorh\u00e4nge (Moskitonetze) (AC063)<\/strong><\/a><\/li>\n<\/ul>\n<p><img loading=\"lazy\" decoding=\"async\" class=\"aligncenter wp-image-6581\" src=\"https:\/\/www.elettrowebstore.com\/EWS_Store\/wp-content\/uploads\/2020\/04\/gazebo-6x3-greenwood-alluminio-poliestere-2.jpg\" alt=\"Gazebo 6x3 Meter Polyester-Aluminium-Rahmen GAZ063\" width=\"640\" height=\"800\" srcset=\"https:\/\/www.elettrowebstore.com\/EWS_Store\/wp-content\/uploads\/gazebo-6x3-greenwood-alluminio-poliestere-2.jpg 1024w, https:\/\/www.elettrowebstore.com\/EWS_Store\/wp-content\/uploads\/gazebo-6x3-greenwood-alluminio-poliestere-2-600x750.jpg 600w, https:\/\/www.elettrowebstore.com\/EWS_Store\/wp-content\/uploads\/gazebo-6x3-greenwood-alluminio-poliestere-2-768x960.jpg 768w\" sizes=\"auto, (max-width: 640px) 100vw, 640px\" \/><\/p>\n<p><img loading=\"lazy\" decoding=\"async\" class=\"aligncenter wp-image-6583\" src=\"https:\/\/www.elettrowebstore.com\/EWS_Store\/wp-content\/uploads\/2020\/04\/gazebo-6x3-greenwood-alluminio-poliestere-6.jpg\" alt=\"Gazebo 6x3 Meter Polyester-Aluminium-Rahmen GAZ063\" width=\"800\" height=\"640\" srcset=\"https:\/\/www.elettrowebstore.com\/EWS_Store\/wp-content\/uploads\/gazebo-6x3-greenwood-alluminio-poliestere-6.jpg 1280w, https:\/\/www.elettrowebstore.com\/EWS_Store\/wp-content\/uploads\/gazebo-6x3-greenwood-alluminio-poliestere-6-600x480.jpg 600w, https:\/\/www.elettrowebstore.com\/EWS_Store\/wp-content\/uploads\/gazebo-6x3-greenwood-alluminio-poliestere-6-768x614.jpg 768w\" sizes=\"auto, (max-width: 800px) 100vw, 800px\" \/><\/p>\n<p>&nbsp;<\/p>\n<h2><strong>Andere Ersatzteile f\u00fcr die Gartenlaube GAZ063<\/strong><\/h2>\n<p>Im ElettroWebStore finden Sie alle Ersatzteile f\u00fcr die betreffenden Produkte. Wenn sogar einige von ihnen nicht ver\u00f6ffentlicht sind, k\u00f6nnen Sie immer <a href=\"https:\/\/www.elettrowebstore.com\/contatta-lo-staff-di-elettrowebstore\/\"><strong>kontaktieren Sie uns<\/strong><\/a> und geben Sie alle geforderten Informationen an.<\/p>\n<p>Insbesondere haben wir die folgenden Teile f\u00fcr den GAZ063:<\/p>\n<ul>\n<li><a href=\"https:\/\/www.elettrowebstore.com\/shop\/ac064-set-tende-laterali-per-gazebo-gaz063\/\"><strong>Satz Seitenvorh\u00e4nge AC064<\/strong><\/a><\/li>\n<li><a href=\"https:\/\/www.elettrowebstore.com\/shop\/cop063-copertura-per-gazebo-gaz063\/\"><strong>COP063 Pavillon-Abdeckung<\/strong><\/a><\/li>\n<\/ul>\n<p>Wenn Sie stattdessen die <a href=\"https:\/\/www.elettrowebstore.com\/shop\/gazebo-6x3-metri-poliestere-telaio-alluminio-gaz063\/\"><strong>GAZ063 6\u00d73 Meter Polyester-Pavillon mit Aluminiumrahmen<\/strong><\/a>k\u00f6nnen Sie diese Anzeige besuchen und sie zum niedrigsten Preis im Internet finden!<\/p>\n<p>&nbsp;<\/p>\n<h2><strong>Garantie<\/strong><\/h2>\n<p>Das Produkt ist abgedeckt durch <a href=\"https:\/\/www.elettrowebstore.com\/due-anni-di-garanzia-su-ogni-prodotto-acquistato\/\"><strong>gesetzliche Garantie<\/strong><\/a>gem\u00e4\u00df der entsprechenden Seite auf unserer Website, die wir Sie bitten zu lesen. Wir bieten auch klare Informationen \u00fcber die Aus\u00fcbung der <a href=\"https:\/\/www.elettrowebstore.com\/diritto-di-recesso-restituzione-prodotti\/\"><strong>R\u00fccktrittsrecht<\/strong><\/a>.<\/p>\n<p>F\u00fcr Gartenm\u00f6bel gibt es auf dem nationalen Hoheitsgebiet keine autorisierten Kundendienstzentren (CAT). Der Einbau von Produkten und Ersatzteilen liegt in der alleinigen Verantwortung des K\u00e4ufers.<\/p>\n<p><strong>Outdoor-M\u00f6bel sind zwar f\u00fcr den Aufenthalt im Freien konzipiert, brauchen aber auch Pflege und Aufmerksamkeit<\/strong>insbesondere bei Artikeln aus empfindlichen Materialien. Daher bedeutet der Kauf eines Gartenprodukts nicht, dass man einen unzerst\u00f6rbaren oder wartungsfreien Gegenstand kauft. Im Gegenteil, einige Materialien wie H\u00f6lzer, Harze, nicht verzinkter Stahl erfordern Pflege, Reinigung und Aufmerksamkeit. Bei Gegenst\u00e4nden wie Sonnenschirmen und Pavillons muss der Segeleffekt bei schlechtem Wetter vermieden werden (Sonnenschirme m\u00fcssen geschlossen werden). Bei starkem Regen oder Schnee sind die Konstruktionen m\u00f6glicherweise nicht stabil genug, um dem standzuhalten.<\/p>\n<p>Daher empfehlen wir allen Kunden, vor dem Kauf ihre Bed\u00fcrfnisse und die Eigenschaften des Produkts sorgf\u00e4ltig zu pr\u00fcfen.<\/p>\n<p>Weder die Hersteller noch ElettroWebStore k\u00f6nnen im Rahmen der Garantie oder des Kundendienstes Artikel ersetzen, die, obwohl sie erst k\u00fcrzlich gekauft wurden, abgenutzt sind oder sich in ihrem urspr\u00fcnglichen Zustand verschlechtert haben.<\/p>\n<p>Weitere Informationen zu den einschl\u00e4gigen Rechtsvorschriften finden Sie auf der Website der<a href=\"http:\/\/www.agcm.it\/consumatore\/decalogo\/5102-garanzia-del-venditore-guida-per-il-consumatore.html\"><strong>Beh\u00f6rde f\u00fcr Wettbewerb und Markt<\/strong><\/a>.<\/p>\n<p>Um die Qualit\u00e4t des Produkts zu verbessern, beh\u00e4lt sich der Hersteller das Recht vor, die Materialien und technischen Merkmale des Artikels ohne vorherige Ank\u00fcndigung zu \u00e4ndern.  Dar\u00fcber hinaus sind die Beschreibungen und Bilder hier angegeben sind daher indikativ und kann leicht von dem Endprodukt abweichen.<\/p>\n<p>&nbsp;<\/p>\n<h2><strong>Lieferzeiten und Produktverf\u00fcgbarkeit<br \/>\n<\/strong><\/h2>\n<p>Outdoor-M\u00f6bel sind importierte Produkte. Ihre Verf\u00fcgbarkeit kann ohne Vorank\u00fcndigung variieren, auch wenn die Website angibt, dass die Waren verf\u00fcgbar sind. Aus diesem Grund laden wir Sie ein, sich in dringenden F\u00e4llen oder f\u00fcr ausf\u00fchrlichere Informationen an <a href=\"https:\/\/www.elettrowebstore.com\/contatta-lo-staff-di-elettrowebstore\/\"><strong>Kontaktaufnahme per E-Mail<\/strong><\/a> zur weiteren Kl\u00e4rung.<\/p>\n<p>Wenn das Produkt in einem unserer Lager zur sofortigen Lieferung verf\u00fcgbar ist, kann es sofort bestellt werden. Es wird dann von ElettroWebStore versandt<strong> innerhalb von 10 Arbeitstagen ab dem Datum des Kaufs<\/strong>.<\/p>\n<p>Dar\u00fcber hinaus sind alle Sendungen von ElettroWebStore frachtfrei!<\/p>\n<p>Neben den unten genannten Kurierdiensten nutzt ElettroWebStore auch andere landesweit t\u00e4tige Spediteure mit lokalen Korrespondenten f\u00fcr den Versand gro\u00dfvolumiger Sendungen. Letztere sind in der Regel auf den Versand und die Zustellung sperriger Sendungen spezialisiert, da sie \u00fcber spezifische lokale Korrespondenten auf dem nationalen Gebiet verf\u00fcgen.<\/p>\n<p>Wir erinnern Sie daran:<\/p>\n<ol>\n<li>Die Waren werden ausschlie\u00dflich an die Stra\u00dfe geliefert. Es gibt keine Lieferung auf dem Boden, es sei denn, ausdr\u00fccklich mit ElettroWebStore vereinbart;<\/li>\n<li>In Anbetracht des Volumens vieler Au\u00dfenm\u00f6bel ist es immer ratsam, die Pakete vor dem Entladen sorgf\u00e4ltig zu pr\u00fcfen und auf dem Transportdokument oder am Terminal des Spediteurs alle \u00e4u\u00dferen M\u00e4ngel des Produkts zu vermerken.<\/li>\n<\/ol>\n<p><img loading=\"lazy\" decoding=\"async\" class=\"aligncenter size-full wp-image-41372\" src=\"https:\/\/www.elettrowebstore.com\/EWS_Store\/wp-content\/uploads\/.\/elettrowebstore-spedizione-con-corrieri-brt-sda-dhl-nexive-ld.jpg\" alt=\"Dies sind die Kuriere, mit denen ElettroWebStore.com versendet\" width=\"800\" height=\"189\" srcset=\"https:\/\/www.elettrowebstore.com\/EWS_Store\/wp-content\/uploads\/elettrowebstore-spedizione-con-corrieri-brt-sda-dhl-nexive-ld.jpg 800w, https:\/\/www.elettrowebstore.com\/EWS_Store\/wp-content\/uploads\/elettrowebstore-spedizione-con-corrieri-brt-sda-dhl-nexive-ld-600x142.jpg 600w, https:\/\/www.elettrowebstore.com\/EWS_Store\/wp-content\/uploads\/elettrowebstore-spedizione-con-corrieri-brt-sda-dhl-nexive-ld-768x181.jpg 768w\" sizes=\"auto, (max-width: 800px) 100vw, 800px\" \/><\/p>\n<p>&nbsp;<\/p>\n<h2><strong>Akzeptierte Zahlungsmittel<\/strong><\/h2>\n<p><strong>Auf der Website von ElettroWebStore k\u00f6nnen Sie mit allen g\u00e4ngigen Methoden bezahlen<\/strong>sowohl internetspezifische (z. B. Prepaid-Karten) als auch traditionelle (z. B. klassische Kreditkarten).<\/p>\n<p><img loading=\"lazy\" decoding=\"async\" class=\"aligncenter size-full wp-image-41371\" src=\"https:\/\/www.elettrowebstore.com\/EWS_Store\/wp-content\/uploads\/.\/elettrowebstore-pagamenti-accettati-ld.jpg\" alt=\"Dies sind die von ElettroWebStore.com akzeptierten Zahlungsarten\" width=\"800\" height=\"199\" srcset=\"https:\/\/www.elettrowebstore.com\/EWS_Store\/wp-content\/uploads\/elettrowebstore-pagamenti-accettati-ld.jpg 800w, https:\/\/www.elettrowebstore.com\/EWS_Store\/wp-content\/uploads\/elettrowebstore-pagamenti-accettati-ld-600x149.jpg 600w, https:\/\/www.elettrowebstore.com\/EWS_Store\/wp-content\/uploads\/elettrowebstore-pagamenti-accettati-ld-768x191.jpg 768w\" sizes=\"auto, (max-width: 800px) 100vw, 800px\" \/><\/p>\n<p>&nbsp;<\/p>\n<p>Alle Zahlungen werden \u00fcber die <a href=\"https:\/\/www.paypal.com\/it\/webapps\/mpp\/paypal-safety-and-security\"><strong>Paypal<\/strong><\/a>. Auch wenn Sie nicht \u00fcber Paypal verf\u00fcgen, k\u00f6nnen Sie bezahlen, ohne sich zu registrieren und Ihre Anmeldedaten zu speichern. Sie m\u00fcssen lediglich Ihre Daten auf den Paypal-Seiten eingeben.<\/p>\n<p>In keinem Fall <a href=\"http:\/\/www.elettrowebstore.com\"><strong>ElettroWebStore<\/strong><\/a> Ihre Zahlungskartendaten zu verwalten oder von ihnen Kenntnis zu erlangen. In der Tat <a href=\"http:\/\/www.elettrowebstore.com\"><strong>ElettroWebStore<\/strong><\/a> wird nur angezeigt, ob die Zahlung erfolgt ist oder nicht!<\/p>\n<p>Unsere Website verwendet HTTPS-Protokolle, die hohe Sicherheitsstandards f\u00fcr die Nutzer garantieren!<\/p>","protected":false},"excerpt":{"rendered":"<p>6\u00d73 Meter gro\u00dfer Pavillon aus Polyester mit Aluminiumrahmen und einer 350 Gramm pro Quadratmeter schweren Plane, inklusive Seitenvorh\u00e4ngen und solider Struktur<\/p>","protected":false},"featured_media":6578,"template":"","meta":[],"product_brand":[],"product_cat":[18],"product_tag":[793,791,387,790,781,792,779,794],"class_list":{"0":"post-6576","1":"product","2":"type-product","3":"status-publish","4":"has-post-thumbnail","6":"product_cat-arredo_giardino_esterno_outdoor","7":"product_tag-350-grammi","8":"product_tag-6x3","9":"product_tag-alluminio","10":"product_tag-gaz063","11":"product_tag-gazebo","12":"product_tag-metri","13":"product_tag-poliestere","14":"product_tag-tende-laterali","15":"product_shipping_class-garden","17":"first","18":"instock","19":"sale","20":"taxable","21":"shipping-taxable","22":"purchasable","23":"product-type-simple"},"_links":{"self":[{"href":"https:\/\/www.elettrowebstore.com\/de\/wp-json\/wp\/v2\/product\/6576","targetHints":{"allow":["GET"]}}],"collection":[{"href":"https:\/\/www.elettrowebstore.com\/de\/wp-json\/wp\/v2\/product"}],"about":[{"href":"https:\/\/www.elettrowebstore.com\/de\/wp-json\/wp\/v2\/types\/product"}],"wp:featuredmedia":[{"embeddable":true,"href":"https:\/\/www.elettrowebstore.com\/de\/wp-json\/wp\/v2\/media\/6578"}],"wp:attachment":[{"href":"https:\/\/www.elettrowebstore.com\/de\/wp-json\/wp\/v2\/media?parent=6576"}],"wp:term":[{"taxonomy":"product_brand","embeddable":true,"href":"https:\/\/www.elettrowebstore.com\/de\/wp-json\/wp\/v2\/product_brand?post=6576"},{"taxonomy":"product_cat","embeddable":true,"href":"https:\/\/www.elettrowebstore.com\/de\/wp-json\/wp\/v2\/product_cat?post=6576"},{"taxonomy":"product_tag","embeddable":true,"href":"https:\/\/www.elettrowebstore.com\/de\/wp-json\/wp\/v2\/product_tag?post=6576"}],"curies":[{"name":"wp","href":"https:\/\/api.w.org\/{rel}","templated":true}]}}