{"id":6572,"date":"2019-03-06T15:54:44","date_gmt":"2019-03-06T14:54:44","guid":{"rendered":"https:\/\/www.elettrowebstore.com\/?post_type=product&#038;p=6572"},"modified":"2025-03-31T15:51:33","modified_gmt":"2025-03-31T13:51:33","slug":"ac063-set-zanzariere-per-gazebo-gaz063","status":"publish","type":"product","link":"https:\/\/www.elettrowebstore.com\/de\/shop\/ac063-gaz063-gazebo-insektenschutzgitter-set\/","title":{"rendered":"AC063 GAZ063 Insektenschutzgitter f\u00fcr Gartenlauben"},"content":{"rendered":"<h2><strong>AC063 GAZ063 Insektenschutzgitter f\u00fcr Gartenlauben<\/strong><\/h2>\n<p>AC063 Moskitonetz-Set f\u00fcr Pavillon GAZ063 ist das Ersatz-Moskitonetz-Set f\u00fcr Pavillon Code GAZ063.<\/p>\n<p>\u00dcber diese Anzeige werden nur Moskitonetze gekauft, sonst nichts. Das gezeigte Bild dient lediglich der Veranschaulichung des montierten Produkts.<\/p>\n<p>Moskitonetze sind ein wirksames Mittel, um das Eindringen von Insekten in das Zelt zu verhindern. Sie m\u00fcssen vom Kunden angebracht werden.<\/p>\n<p>Diese Anzeige bezieht sich nur und ausschlie\u00dflich auf Ersatzteile f\u00fcr die Gartenlaube GAZ063 und insbesondere auf Moskitonetze.<\/p>\n<h2><\/h2>\n<p>Das AC063 Moskitoset besteht aus 6 schwarzen Moskitonetzen, jeweils in den folgenden Gr\u00f6\u00dfen:<\/p>\n<p>- 3,00 m an der L\u00e4ngsseite<\/p>\n<p>- 2,08 m hoch.<\/p>\n<p>Wie auf dem Foto zu sehen ist, ist jedes Moskitonetz, aus dem die <strong>Insektenschutz-Set f\u00fcr Pavillon AC 063<\/strong> kann dank der Haken, die in die daf\u00fcr vorgesehene Schiene passen, am Rahmen des Pavillons befestigt werden. Jedes Moskitonetz endet an der kurzen Seite mit einem praktischen Rei\u00dfverschluss, der \u00fcber die gesamte H\u00f6he des Moskitonetzes verl\u00e4uft und es erm\u00f6glicht, es mit dem n\u00e4chsten St\u00fcck zu verbinden, um einen vollst\u00e4ndigen Insektenschutz zu erhalten. Es gibt insgesamt 6 Moskitonetze, da jedes Netz zusammen mit der Markise an einer der Stangen des Pavillons befestigt werden kann, wie auf dem Foto unten zu sehen ist. Es ist daher m\u00f6glich, jedes Tuch einzeln zu entfalten, um einen oder mehrere Teile der Gartenlaube gleichzeitig oder alle zusammen zu beschatten.<\/p>\n<p>Die Moskitonetze k\u00f6nnen nicht am Boden befestigt werden und enden mit einem Scharnier, das bis zum Boden reicht, was eine Gesamth\u00f6he von 208 cm ergibt. Jedes Moskitonetz wird mit einem 350 g schweren Polyesterrahmen geliefert, um das AC063 Moskitonetz noch haltbarer zu machen.<\/p>\n<p>Das Set <strong>Fliegengitter AC063<\/strong> ist eine <strong>optional<\/strong> des 6\u00d73 Aluminium-Pavillons Modell GAZ063, die beim Kauf des gesamten Pavillons Modell GAZ063 nicht enthalten ist. Wenn Sie die Gartenlaube kaufen, finden Sie im Inneren neben der Aluminiumstruktur und der Abdeckung auch die Seitenvorh\u00e4nge aus 350 g harzbeschichtetem Polyester.<\/p>\n<p>Die M\u00fcckengitter AC063 in dieser Anzeige m\u00fcssen daher unbedingt separat gekauft werden.<\/p>\n<h2><strong>Andere Ersatzteile f\u00fcr die Gartenlaube GAZ063<\/strong><\/h2>\n<p>Im ElettroWebStore finden Sie alle Ersatzteile f\u00fcr die betreffenden Produkte. Wenn sogar einige von ihnen nicht ver\u00f6ffentlicht sind, k\u00f6nnen Sie immer <a href=\"https:\/\/www.elettrowebstore.com\/contatta-lo-staff-di-elettrowebstore\/\"><strong>kontaktieren Sie uns<\/strong><\/a> und geben Sie alle geforderten Informationen an.<\/p>\n<p>Insbesondere haben wir die folgenden Teile f\u00fcr den GAZ063:<\/p>\n<ul>\n<li><a href=\"https:\/\/www.elettrowebstore.com\/shop\/ac064-set-tende-laterali-per-gazebo-gaz063\/\"><strong>Satz Seitenvorh\u00e4nge AC064<\/strong><\/a><\/li>\n<li><a href=\"https:\/\/www.elettrowebstore.com\/shop\/cop063-copertura-per-gazebo-gaz063\/\"><strong>COP063 Pavillon-Abdeckung<\/strong><\/a><\/li>\n<\/ul>\n<p>Wenn Sie stattdessen die <a href=\"https:\/\/www.elettrowebstore.com\/shop\/gazebo-6x3-metri-poliestere-telaio-alluminio-gaz063\/\"><strong>GAZ063 6\u00d73 Meter Polyester-Pavillon mit Aluminiumrahmen<\/strong><\/a>k\u00f6nnen Sie diese Anzeige besuchen und sie zum niedrigsten Preis im Internet finden!<\/p>\n<p>&nbsp;<\/p>\n<h2><strong>Garantie<\/strong><\/h2>\n<p>Das Produkt ist abgedeckt durch <a href=\"https:\/\/www.elettrowebstore.com\/due-anni-di-garanzia-su-ogni-prodotto-acquistato\/\"><strong>gesetzliche Garantie<\/strong><\/a>gem\u00e4\u00df der entsprechenden Seite auf unserer Website, die wir Sie bitten zu lesen. Wir bieten auch klare Informationen \u00fcber die Aus\u00fcbung der <a href=\"https:\/\/www.elettrowebstore.com\/diritto-di-recesso-restituzione-prodotti\/\"><strong>R\u00fccktrittsrecht<\/strong><\/a>.<\/p>\n<p>F\u00fcr Gartenm\u00f6bel gibt es auf dem nationalen Hoheitsgebiet keine autorisierten Kundendienstzentren (CAT). Der Einbau von Produkten und Ersatzteilen liegt in der alleinigen Verantwortung des K\u00e4ufers.<\/p>\n<p><strong>Outdoor-M\u00f6bel sind zwar f\u00fcr den Aufenthalt im Freien konzipiert, brauchen aber auch Pflege und Aufmerksamkeit<\/strong>insbesondere bei Artikeln aus empfindlichen Materialien. Daher bedeutet der Kauf eines Gartenprodukts nicht, dass man einen unzerst\u00f6rbaren oder wartungsfreien Gegenstand kauft. Im Gegenteil, einige Materialien wie H\u00f6lzer, Harze, nicht verzinkter Stahl erfordern Pflege, Reinigung und Aufmerksamkeit. Bei Gegenst\u00e4nden wie Sonnenschirmen und Pavillons muss der Segeleffekt bei schlechtem Wetter vermieden werden (Sonnenschirme m\u00fcssen geschlossen werden). Bei starkem Regen oder Schnee sind die Konstruktionen m\u00f6glicherweise nicht stabil genug, um dem standzuhalten.<\/p>\n<p>Daher empfehlen wir allen Kunden, vor dem Kauf ihre Bed\u00fcrfnisse und die Eigenschaften des Produkts sorgf\u00e4ltig zu pr\u00fcfen.<\/p>\n<p>Weder die Hersteller noch ElettroWebStore k\u00f6nnen im Rahmen der Garantie oder des Kundendienstes Artikel ersetzen, die, obwohl sie erst k\u00fcrzlich gekauft wurden, abgenutzt sind oder sich in ihrem urspr\u00fcnglichen Zustand verschlechtert haben.<\/p>\n<p>Weitere Informationen zu den einschl\u00e4gigen Rechtsvorschriften finden Sie auf der Website der<a href=\"http:\/\/www.agcm.it\/consumatore\/decalogo\/5102-garanzia-del-venditore-guida-per-il-consumatore.html\"><strong>Beh\u00f6rde f\u00fcr Wettbewerb und Markt<\/strong><\/a>.<\/p>\n<p>Um die Qualit\u00e4t des Produkts zu verbessern, beh\u00e4lt sich der Hersteller das Recht vor, die Materialien und technischen Merkmale des Artikels ohne vorherige Ank\u00fcndigung zu \u00e4ndern.  Dar\u00fcber hinaus sind die Beschreibungen und Bilder hier angegeben sind daher indikativ und kann leicht von dem Endprodukt abweichen.<\/p>\n<p>&nbsp;<\/p>\n<h2><strong>Lieferzeiten und Produktverf\u00fcgbarkeit<br \/>\n<\/strong><\/h2>\n<p>Outdoor-M\u00f6bel sind importierte Produkte. Ihre Verf\u00fcgbarkeit kann ohne Vorank\u00fcndigung variieren, auch wenn die Website angibt, dass die Waren verf\u00fcgbar sind. Aus diesem Grund laden wir Sie ein, sich in dringenden F\u00e4llen oder f\u00fcr ausf\u00fchrlichere Informationen an <a href=\"https:\/\/www.elettrowebstore.com\/contatta-lo-staff-di-elettrowebstore\/\"><strong>Kontaktaufnahme per E-Mail<\/strong><\/a> zur weiteren Kl\u00e4rung.<\/p>\n<p>Wenn das Produkt in einem unserer Lager zur sofortigen Lieferung verf\u00fcgbar ist, kann es sofort bestellt werden. Es wird dann von ElettroWebStore versandt<strong> innerhalb von 10 Arbeitstagen ab dem Datum des Kaufs<\/strong>.<\/p>\n<p>Dar\u00fcber hinaus sind alle Sendungen von ElettroWebStore frachtfrei!<\/p>\n<p>Neben den unten genannten Kurierdiensten nutzt ElettroWebStore auch andere landesweit t\u00e4tige Spediteure mit lokalen Korrespondenten f\u00fcr den Versand gro\u00dfvolumiger Sendungen. Letztere sind in der Regel auf den Versand und die Zustellung sperriger Sendungen spezialisiert, da sie \u00fcber spezifische lokale Korrespondenten auf dem nationalen Gebiet verf\u00fcgen.<\/p>\n<p>Wir erinnern Sie daran:<\/p>\n<ol>\n<li>Die Waren werden im Erdgeschoss zur Stra\u00dfe hin geliefert. Es gibt keine Lieferung auf dem Boden, wenn nicht ausdr\u00fccklich mit ElettroWebStore vereinbart;<\/li>\n<li>In Anbetracht des Volumens vieler Au\u00dfenm\u00f6bel ist es immer ratsam, die Pakete vor dem Entladen sorgf\u00e4ltig zu pr\u00fcfen und auf dem Transportdokument oder am Terminal des Spediteurs alle \u00e4u\u00dferen M\u00e4ngel des Produkts zu vermerken.<\/li>\n<\/ol>\n<p>&nbsp;<\/p>\n<h2><strong>Akzeptierte Zahlungsmittel<\/strong><\/h2>\n<p><strong>Auf der Website von ElettroWebStore k\u00f6nnen Sie mit allen g\u00e4ngigen Methoden bezahlen<\/strong>sowohl internetspezifische (z. B. Prepaid-Karten) als auch traditionelle (z. B. klassische Kreditkarten).<\/p>\n<p>&nbsp;<\/p>\n<p>&nbsp;<\/p>\n<p>Alle Zahlungen werden \u00fcber die <a href=\"https:\/\/www.paypal.com\/it\/webapps\/mpp\/paypal-safety-and-security\"><strong>Paypal<\/strong><\/a>. Auch wenn Sie nicht \u00fcber Paypal verf\u00fcgen, k\u00f6nnen Sie bezahlen, ohne sich zu registrieren und Ihre Anmeldedaten zu speichern. Sie m\u00fcssen lediglich Ihre Daten auf den Paypal-Seiten eingeben.<\/p>\n<p>In keinem Fall <a href=\"http:\/\/www.elettrowebstore.com\"><strong>ElettroWebStore<\/strong><\/a> Ihre Zahlungskartendaten zu verwalten oder von ihnen Kenntnis zu erlangen. In der Tat <a href=\"http:\/\/www.elettrowebstore.com\"><strong>ElettroWebStore<\/strong><\/a> wird nur angezeigt, ob die Zahlung erfolgt ist oder nicht!<\/p>\n<p>Unsere Website verwendet HTTPS-Protokolle, die hohe Sicherheitsstandards f\u00fcr die Nutzer garantieren!<\/p>","protected":false},"excerpt":{"rendered":"<p>AC063 Moskitonetz-Set f\u00fcr Pavillon GAZ063 ist das Ersatz-Moskitonetz-Set f\u00fcr Pavillon Code GAZ063.<\/p>","protected":false},"featured_media":6581,"template":"","meta":[],"product_brand":[],"product_cat":[18,776],"product_tag":[777,782,781,783,779,785,784],"class_list":{"0":"post-6572","1":"product","2":"type-product","3":"status-publish","4":"has-post-thumbnail","6":"product_cat-arredo_giardino_esterno_outdoor","7":"product_cat-ricambi_arredo_giardino","8":"product_tag-ac063","9":"product_tag-arredo-giardino","10":"product_tag-gazebo","11":"product_tag-mosquito","12":"product_tag-poliestere","13":"product_tag-tende","14":"product_tag-zanzariere","15":"product_shipping_class-garden","17":"first","18":"instock","19":"sale","20":"taxable","21":"shipping-taxable","22":"purchasable","23":"product-type-simple"},"_links":{"self":[{"href":"https:\/\/www.elettrowebstore.com\/de\/wp-json\/wp\/v2\/product\/6572","targetHints":{"allow":["GET"]}}],"collection":[{"href":"https:\/\/www.elettrowebstore.com\/de\/wp-json\/wp\/v2\/product"}],"about":[{"href":"https:\/\/www.elettrowebstore.com\/de\/wp-json\/wp\/v2\/types\/product"}],"wp:featuredmedia":[{"embeddable":true,"href":"https:\/\/www.elettrowebstore.com\/de\/wp-json\/wp\/v2\/media\/6581"}],"wp:attachment":[{"href":"https:\/\/www.elettrowebstore.com\/de\/wp-json\/wp\/v2\/media?parent=6572"}],"wp:term":[{"taxonomy":"product_brand","embeddable":true,"href":"https:\/\/www.elettrowebstore.com\/de\/wp-json\/wp\/v2\/product_brand?post=6572"},{"taxonomy":"product_cat","embeddable":true,"href":"https:\/\/www.elettrowebstore.com\/de\/wp-json\/wp\/v2\/product_cat?post=6572"},{"taxonomy":"product_tag","embeddable":true,"href":"https:\/\/www.elettrowebstore.com\/de\/wp-json\/wp\/v2\/product_tag?post=6572"}],"curies":[{"name":"wp","href":"https:\/\/api.w.org\/{rel}","templated":true}]}}