{"id":6555,"date":"2019-03-07T19:22:33","date_gmt":"2019-03-07T18:22:33","guid":{"rendered":"https:\/\/www.elettrowebstore.com\/?post_type=product&#038;p=6555"},"modified":"2021-01-18T13:14:13","modified_gmt":"2021-01-18T12:14:13","slug":"xtreme-volante-con-pedaliera-ufficiale-sony-ps4-wh4-3201v","status":"publish","type":"product","link":"https:\/\/www.elettrowebstore.com\/de\/shop\/xtreme-lenkrad-mit-pedal-set-offizielle-sony-ps4-wh4-3201v\/","title":{"rendered":"XTREME Offizielles Sony PS4 WH4-3201V Lenkrad mit Pedalen"},"content":{"rendered":"<h2><strong>XTREME Offizielles Sony PS4 WH4-3201V Lenkrad mit Pedalen<\/strong><\/h2>\n<p style=\"text-align: left\"><strong>XTREME Offizielles Sony PS4 WH4-3201V Lenkrad mit Pedalen<\/strong>\u00a0ist eines der besten Gaming-Lenkr\u00e4der zum Verkauf auf dem italienischen Markt in Bezug auf Preis \/ Leistung. Dieses Produkt verf\u00fcgt \u00fcber die offizielle SONY-Lizenz und volle Kompatibilit\u00e4t mit PlayStation 4-Plattformen.<\/p>\n<p><img loading=\"lazy\" decoding=\"async\" class=\"aligncenter wp-image-6600\" src=\"https:\/\/www.elettrowebstore.com\/EWS_Store\/wp-content\/uploads\/2020\/04\/extreme-volante-pedaliera-ufficiale-sony-ps4-WH4-3201V-2.jpg\" alt=\"XTREME Offizielles Sony PS4 WH4-3201V Lenkrad mit Pedalen\" width=\"640\" height=\"800\" srcset=\"https:\/\/www.elettrowebstore.com\/EWS_Store\/wp-content\/uploads\/extreme-volante-pedaliera-ufficiale-sony-ps4-WH4-3201V-2.jpg 1024w, https:\/\/www.elettrowebstore.com\/EWS_Store\/wp-content\/uploads\/extreme-volante-pedaliera-ufficiale-sony-ps4-WH4-3201V-2-600x750.jpg 600w, https:\/\/www.elettrowebstore.com\/EWS_Store\/wp-content\/uploads\/extreme-volante-pedaliera-ufficiale-sony-ps4-WH4-3201V-2-768x960.jpg 768w\" sizes=\"auto, (max-width: 640px) 100vw, 640px\" \/><\/p>\n<p>Dieses komplette Lenkrad- und Pedalset wird von XTREME hergestellt und hat den Markennamen <strong>Pace Wheel Ps4 4axis x F1<\/strong>.<\/p>\n<p>I <strong>eingebaute Motoren<\/strong> \u00fcbertragen die Vibrationen der Strecke direkt auf das Lenkrad. Dies erm\u00f6glicht es Ihnen, alle Empfindungen zu erleben, was in Ihrem Sitz und in Ihrer Umgebung passiert, wenn das Spiel Vibration unterst\u00fctzt. Dar\u00fcber hinaus sind die Sensoren, mit denen er ausgestattet ist, magnetisch und garantieren eine sehr hohe Empfindlichkeit. Und schlie\u00dflich sorgt das ergonomische Design f\u00fcr Komfort und verhindert Erm\u00fcdung bei l\u00e4ngeren Spielsitzungen.<\/p>\n<p><img loading=\"lazy\" decoding=\"async\" class=\"aligncenter wp-image-6602\" src=\"https:\/\/www.elettrowebstore.com\/EWS_Store\/wp-content\/uploads\/2020\/04\/extreme-volante-pedaliera-ufficiale-sony-ps4-WH4-3201V-4.jpg\" alt=\"XTREME Offizielles Sony PS4 WH4-3201V Lenkrad mit Pedalen\" width=\"800\" height=\"640\" srcset=\"https:\/\/www.elettrowebstore.com\/EWS_Store\/wp-content\/uploads\/extreme-volante-pedaliera-ufficiale-sony-ps4-WH4-3201V-4.jpg 1280w, https:\/\/www.elettrowebstore.com\/EWS_Store\/wp-content\/uploads\/extreme-volante-pedaliera-ufficiale-sony-ps4-WH4-3201V-4-600x480.jpg 600w, https:\/\/www.elettrowebstore.com\/EWS_Store\/wp-content\/uploads\/extreme-volante-pedaliera-ufficiale-sony-ps4-WH4-3201V-4-768x614.jpg 768w\" sizes=\"auto, (max-width: 800px) 100vw, 800px\" \/><\/p>\n<p><img loading=\"lazy\" decoding=\"async\" class=\"aligncenter wp-image-6599\" src=\"https:\/\/www.elettrowebstore.com\/EWS_Store\/wp-content\/uploads\/2020\/04\/extreme-volante-pedaliera-ufficiale-sony-ps4-WH4-3201V-5.jpg\" alt=\"XTREME Offizielles Sony PS4 WH4-3201V Lenkrad mit Pedalen\" width=\"801\" height=\"408\" srcset=\"https:\/\/www.elettrowebstore.com\/EWS_Store\/wp-content\/uploads\/extreme-volante-pedaliera-ufficiale-sony-ps4-WH4-3201V-5.jpg 1280w, https:\/\/www.elettrowebstore.com\/EWS_Store\/wp-content\/uploads\/extreme-volante-pedaliera-ufficiale-sony-ps4-WH4-3201V-5-600x306.jpg 600w, https:\/\/www.elettrowebstore.com\/EWS_Store\/wp-content\/uploads\/extreme-volante-pedaliera-ufficiale-sony-ps4-WH4-3201V-5-768x391.jpg 768w\" sizes=\"auto, (max-width: 801px) 100vw, 801px\" \/><\/p>\n<p>Die Funktionen dieses offiziellen Sony-Lenkrads <strong>den Realismus des Spielerlebnisses erh\u00f6hen<\/strong>.<\/p>\n<p>Dieses offizielle Sony PlayStation 4-Lenkrad ist vollst\u00e4ndig vorw\u00e4rts und r\u00fcckw\u00e4rts verstellbar, sodass es auf Flugzeugen unterschiedlicher Gr\u00f6\u00dfe montiert werden kann.<\/p>\n<p><img loading=\"lazy\" decoding=\"async\" class=\"aligncenter wp-image-6596\" src=\"https:\/\/www.elettrowebstore.com\/EWS_Store\/wp-content\/uploads\/2020\/04\/extreme-volante-pedaliera-ufficiale-sony-ps4-WH4-3201V-8.jpg\" alt=\"XTREME Offizielles Sony PS4 WH4-3201V Lenkrad mit Pedalen\" width=\"800\" height=\"640\" srcset=\"https:\/\/www.elettrowebstore.com\/EWS_Store\/wp-content\/uploads\/extreme-volante-pedaliera-ufficiale-sony-ps4-WH4-3201V-8.jpg 1280w, https:\/\/www.elettrowebstore.com\/EWS_Store\/wp-content\/uploads\/extreme-volante-pedaliera-ufficiale-sony-ps4-WH4-3201V-8-600x480.jpg 600w, https:\/\/www.elettrowebstore.com\/EWS_Store\/wp-content\/uploads\/extreme-volante-pedaliera-ufficiale-sony-ps4-WH4-3201V-8-768x614.jpg 768w\" sizes=\"auto, (max-width: 800px) 100vw, 800px\" \/><\/p>\n<p>Das Pedalboard dieses Kits, das speziell f\u00fcr den professionellen Gaming-Support entwickelt wurde, kann ebenfalls angepasst werden. Die beiden Pedale, die mit einem speziellen Block ausgestattet sind, k\u00f6nnen n\u00e4mlich nach links und rechts verschoben werden. So lassen sich die Pedale optimal ausrichten, je nachdem, wo man gerade spielt.<\/p>\n<p><img loading=\"lazy\" decoding=\"async\" class=\"aligncenter wp-image-6599\" src=\"https:\/\/www.elettrowebstore.com\/EWS_Store\/wp-content\/uploads\/2020\/04\/extreme-volante-pedaliera-ufficiale-sony-ps4-WH4-3201V-5.jpg\" alt=\"XTREME Offizielles Sony PS4 WH4-3201V Lenkrad mit Pedalen\" width=\"801\" height=\"408\" srcset=\"https:\/\/www.elettrowebstore.com\/EWS_Store\/wp-content\/uploads\/extreme-volante-pedaliera-ufficiale-sony-ps4-WH4-3201V-5.jpg 1280w, https:\/\/www.elettrowebstore.com\/EWS_Store\/wp-content\/uploads\/extreme-volante-pedaliera-ufficiale-sony-ps4-WH4-3201V-5-600x306.jpg 600w, https:\/\/www.elettrowebstore.com\/EWS_Store\/wp-content\/uploads\/extreme-volante-pedaliera-ufficiale-sony-ps4-WH4-3201V-5-768x391.jpg 768w\" sizes=\"auto, (max-width: 801px) 100vw, 801px\" \/><\/p>\n<p>&nbsp;<\/p>\n<h2><strong>Technische Daten<\/strong><\/h2>\n<ul>\n<li>Vibrationseffekte f\u00fcr ein realistisches Laufgef\u00fchl<\/li>\n<li>4 Achsen, 12 Tasten<\/li>\n<li>Lenkrad mit perfektem Griff<\/li>\n<li>3 Empfindlichkeitseinstellungen zur Anpassung des Fahrstils<\/li>\n<li>270 Grad Drehung<\/li>\n<li>einstellbare Neigung bis zu 90 Grad<\/li>\n<li>Achsenrichtungskissen-Funktion<\/li>\n<li>Ergonomische Pedale und Klapppedale<\/li>\n<li>abnehmbares Lenkrad<\/li>\n<li>Duale Option: Gamepad- und Gamewheel-Modus<\/li>\n<li>Perfekte Haftung auf der Unterlage und den Saugn\u00e4pfen, die eine ausgezeichnete Stabilit\u00e4t gew\u00e4hrleisten<\/li>\n<li>komplett mit Tischklemme<\/li>\n<li>3 Empfindlichkeitsstufen zur Anpassung an den pers\u00f6nlichen Fahrstil<\/li>\n<li>Produkt komplett mit Lenkrad und Pedalsatz<\/li>\n<li>kompatibel mit Sony Play Station 4<\/li>\n<li>Abmessungen: 400x270x220 mm<\/li>\n<\/ul>\n<p>&nbsp;<\/p>\n<h2><strong>Weitere Informationen zu XTREME Lenkrad mit Pedalen offiziell Sony PS4 WH4-3201V<br \/>\n<\/strong><\/h2>\n<p>Um die Eigenschaften von XTREME Steering Wheel with Pedals official Sony PS4 WH4-3201V besser einsch\u00e4tzen zu k\u00f6nnen, k\u00f6nnen Sie das Produkt ansehen und herunterladen. <a href=\"http:\/\/www.playxtreme.it\/Infinity24\/dms\/ariete_web_site\/manuale%20d'uso\/PACE%20MANUALE%20ITA-ING.pdf\"><strong>technisches Benutzerhandbuch<\/strong><\/a>.<\/p>\n<p>Um die Produktqualit\u00e4t zu verbessern, beh\u00e4lt sich der Hersteller das Recht vor, Materialien und Spezifikationen aus technischen und\/oder produktionstechnischen Gr\u00fcnden ohne vorherige Ank\u00fcndigung zu \u00e4ndern. Die hier gegebenen Beschreibungen und Bilder sind daher indikativ und k\u00f6nnen leicht vom Endprodukt abweichen.<\/p>\n<p>&nbsp;<\/p>\n<h2><strong>Garantie<\/strong><\/h2>\n<p><strong>XTREME HURRICANE Lenkrad mit Pedalsatz WH-3103V<\/strong> ist ein Produkt, das von der originalen ITALIENISCHEN Herstellergarantie (Mindestg\u00fcltigkeit 24 Monate, gem\u00e4\u00df Gesetzesdekret 24\/2002) abgedeckt ist, wenn es von einem Verbraucher gekauft wurde.<\/p>\n<p>Sollte w\u00e4hrend dieses Zeitraums ein Defekt auftreten, der auf die Garantie zur\u00fcckzuf\u00fchren ist, kann das Produkt zusammen mit dem Kaufbeleg zur\u00fcckgeschickt werden, und das Produkt wird nach dem Ermessen des H\u00e4ndlers ohne weitere Kosten repariert oder ersetzt.<\/p>\n<p>Die Garantie gilt nicht, wenn das Produkt aufgrund von Missbrauch, falscher Verwendung, Fahrl\u00e4ssigkeit, Unfall, Ver\u00e4nderung, Manipulation oder aus anderen Gr\u00fcnden, die nicht mit M\u00e4ngeln der urspr\u00fcnglichen Materialien und\/oder der urspr\u00fcnglichen Konstruktion zusammenh\u00e4ngen, besch\u00e4digt wurde.<\/p>\n<p>Dieses Produkt entspricht den Richtlinien 2014\/30 - 2011\/65, die Erkl\u00e4rungen sind verf\u00fcgbar unter <a href=\"http:\/\/www.xtreme.it\"><strong>www.xtreme.it<\/strong><\/a><\/p>\n<p>&nbsp;<\/p>\n<h2><strong>Informationen zur Marke XTREME<\/strong><\/h2>\n<p><span id=\"htvmp_labelText\" class=\"contentText\"><img loading=\"lazy\" decoding=\"async\" class=\"size-full wp-image-6603 alignleft\" src=\"https:\/\/www.elettrowebstore.com\/EWS_Store\/wp-content\/uploads\/2020\/04\/xtreme-logo.png\" alt=\"xtreme offizielles Logo\" width=\"200\" height=\"100\" \/>1995 wurde die Marke \"Xtreme\" geboren, die den Zubeh\u00f6rmarkt betrat und deren hervorragendes Preis-Leistungs-Verh\u00e4ltnis den Verbrauchern in Erinnerung geblieben ist.<\/span><\/p>\n<p><span id=\"htvmp_labelText\" class=\"contentText\">Die Jahre vergehen und Xtreme ist bereits in den Regalen des Fachhandels und vieler gro\u00dfer Elektronikketten zu finden. Seit 2007 l\u00e4uft auch ein umfangreicher Lizenzierungsplan, der die Produktentwicklung und die Marketingma\u00dfnahmen umfasst, wobei Xtreme neben anderen renommierten Marken eine f\u00fchrende Rolle spielt.<br \/>\n<\/span><\/p>\n<p><span id=\"htvmp_labelText\" class=\"contentText\">Ab 2012 wurden neue Produktlinien eingef\u00fchrt, die sich von der urspr\u00fcnglichen Welt der Videospiele und des Spielzubeh\u00f6rs entfernten; die ersten Kopfh\u00f6rer, Headsets und Powerbanks kamen auf den Markt, und es wurde begonnen, Trendph\u00e4nomenen wie Drohnen besondere Aufmerksamkeit zu schenken<\/span>.<\/p>\n<p>&nbsp;<\/p>\n<h2><strong>Lieferfrist<\/strong><\/h2>\n<p>Dieses Produkt ist innerhalb von durchschnittlich 2 Arbeitstagen nach der Bestellung sofort lieferbar.<\/p>\n<p><a href=\"https:\/\/www.elettrowebstore.com\/spedizioni-consegne-prodotti-italia-estero\/\"><img loading=\"lazy\" decoding=\"async\" class=\"aligncenter wp-image-5149 size-full\" src=\"https:\/\/www.elettrowebstore.com\/EWS_Store\/wp-content\/uploads\/2020\/04\/elettrowebstore-spedizione-con-corrieri-brt-sda-dhl_n75nxd.jpg\" alt=\"ElettroWebStore versendet mit schnellen Kurieren BRT SDA DHL\" width=\"649\" height=\"175\" srcset=\"https:\/\/www.elettrowebstore.com\/EWS_Store\/wp-content\/uploads\/elettrowebstore-spedizione-con-corrieri-brt-sda-dhl_n75nxd.jpg 649w, https:\/\/www.elettrowebstore.com\/EWS_Store\/wp-content\/uploads\/elettrowebstore-spedizione-con-corrieri-brt-sda-dhl_n75nxd-600x162.jpg 600w\" sizes=\"auto, (max-width: 649px) 100vw, 649px\" \/><\/a><\/p>\n<p>&nbsp;<\/p>\n<h2><strong>\u00a0Akzeptierte Zahlungsmittel<\/strong><\/h2>\n<p><strong>Auf der Website von ElettroWebStore k\u00f6nnen Sie mit allen g\u00e4ngigen Methoden bezahlen<\/strong>sowohl internetspezifische (z. B. Prepaid-Karten) als auch traditionelle (z. B. klassische Kreditkarten).<\/p>\n<p><a href=\"https:\/\/www.elettrowebstore.com\/pagamenti-sicuri-sul-sito-elettrowebstore\/\"><img loading=\"lazy\" decoding=\"async\" class=\"aligncenter size-full wp-image-5151\" src=\"https:\/\/www.elettrowebstore.com\/EWS_Store\/wp-content\/uploads\/2020\/04\/elettrowebstore-pagamenti_berj9q.jpg\" alt=\"Auf der Website von ElettroWebStore akzeptierte Zahlungsarten\" width=\"649\" height=\"226\" srcset=\"https:\/\/www.elettrowebstore.com\/EWS_Store\/wp-content\/uploads\/elettrowebstore-pagamenti_berj9q.jpg 649w, https:\/\/www.elettrowebstore.com\/EWS_Store\/wp-content\/uploads\/elettrowebstore-pagamenti_berj9q-600x209.jpg 600w\" sizes=\"auto, (max-width: 649px) 100vw, 649px\" \/><\/a><\/p>\n<p>&nbsp;<\/p>\n<p>Alle Zahlungen werden \u00fcber die <a href=\"https:\/\/www.paypal.com\/it\/webapps\/mpp\/paypal-safety-and-security\"><strong>Paypal<\/strong><\/a>. Und auch wenn Sie kein Paypal haben, k\u00f6nnen Sie bezahlen, ohne sich zu registrieren und Ihre Zugangsdaten zu speichern. Sie m\u00fcssen lediglich Ihre Daten auf den Paypal-Seiten eingeben.<\/p>\n<p>Unter keinen Umst\u00e4nden wird ElettroWebStore die Daten Ihrer Zahlungskarte bearbeiten oder davon Kenntnis erhalten. In der Tat, ElettroWebStore wird nur sehen, ob die Zahlung erfolgt ist oder nicht!<\/p>\n<p>Unsere Website verwendet HTTPS-Protokolle, die hohe Sicherheitsstandards f\u00fcr die Nutzer garantieren!<\/p>","protected":false},"excerpt":{"rendered":"<p>XTREME Official Sony PS4 Steering Wheel with Pedals WH4-3201V ist das zertifizierte Produkt zum Spielen der besten Fahrsimulatoren auf der Play Station 4.<\/p>","protected":false},"featured_media":6598,"template":"","meta":[],"product_brand":[],"product_cat":[57,709],"product_tag":[795,797,763,714,766,796,761,421],"class_list":{"0":"post-6555","1":"product","2":"type-product","3":"status-publish","4":"has-post-thumbnail","6":"product_cat-elettronica","7":"product_cat-gaming","8":"product_tag-compatibile","9":"product_tag-force-feedback","10":"product_tag-pedaliera","11":"product_tag-ps4","12":"product_tag-sony","13":"product_tag-ufficiale","14":"product_tag-volante","15":"product_tag-xtreme","16":"product_shipping_class-pe","18":"first","19":"outofstock","20":"sale","21":"taxable","22":"shipping-taxable","23":"purchasable","24":"product-type-simple"},"_links":{"self":[{"href":"https:\/\/www.elettrowebstore.com\/de\/wp-json\/wp\/v2\/product\/6555","targetHints":{"allow":["GET"]}}],"collection":[{"href":"https:\/\/www.elettrowebstore.com\/de\/wp-json\/wp\/v2\/product"}],"about":[{"href":"https:\/\/www.elettrowebstore.com\/de\/wp-json\/wp\/v2\/types\/product"}],"wp:featuredmedia":[{"embeddable":true,"href":"https:\/\/www.elettrowebstore.com\/de\/wp-json\/wp\/v2\/media\/6598"}],"wp:attachment":[{"href":"https:\/\/www.elettrowebstore.com\/de\/wp-json\/wp\/v2\/media?parent=6555"}],"wp:term":[{"taxonomy":"product_brand","embeddable":true,"href":"https:\/\/www.elettrowebstore.com\/de\/wp-json\/wp\/v2\/product_brand?post=6555"},{"taxonomy":"product_cat","embeddable":true,"href":"https:\/\/www.elettrowebstore.com\/de\/wp-json\/wp\/v2\/product_cat?post=6555"},{"taxonomy":"product_tag","embeddable":true,"href":"https:\/\/www.elettrowebstore.com\/de\/wp-json\/wp\/v2\/product_tag?post=6555"}],"curies":[{"name":"wp","href":"https:\/\/api.w.org\/{rel}","templated":true}]}}