{"id":652781,"date":"2023-04-27T10:30:05","date_gmt":"2023-04-27T08:30:05","guid":{"rendered":"https:\/\/www.elettrowebstore.com\/?post_type=product&#038;p=652781"},"modified":"2023-04-28T19:55:17","modified_gmt":"2023-04-28T17:55:17","slug":"reber-salvaspesa-9342nr-macchina-sottovuoto-per-alimenti-rosso-satin","status":"publish","type":"product","link":"https:\/\/www.elettrowebstore.com\/de\/shop\/reber-staubsauger-9342nr-lebensmittel-vakuumiergerat-rot-satiniert\/","title":{"rendered":"Reber Salvaspesa 9342NR Vakuum-Lebensmittelmaschine RED\/SATIN"},"content":{"rendered":"<h2><strong>Reber Salvaspesa 9342NR Vakuum-Lebensmittelmaschine RED\/SATIN<br \/>\n<\/strong><\/h2>\n<p>Das Reber Salvaspesa Vakuumierger\u00e4t Code 9342NR RED\/SATIN ist eine qualitativ hochwertige und wirtschaftliche L\u00f6sung f\u00fcr die Sous-Vide-Konservierung von Lebensmitteln. Sie erm\u00f6glicht das Vakuumieren von Lebensmitteln mit guter Leistung und hohem Vakuumgrad.<\/p>\n<p>Die Reber Salvaspesa 9342 NR Haushalts-Vakuumverpackungsmaschine ist mit einem <strong>32 cm Schwei\u00dfbalken<\/strong>die die Verwendung von Vakuumbeuteln mit einer Breite von bis zu 30 cm erm\u00f6glicht. Die Vorrichtung zum Absaugen der Luft aus den Beuteln ist ausgestattet mit <strong>Saugpumpe mit einer Leistung von bis zu 18 Litern pro Minute<\/strong>. Dar\u00fcber hinaus ist die <strong>das in der Vakuumkammer erreichte Vakuum erreicht 830 Millibar<\/strong>. Dank der internen Elektronikplatine kann die <strong>der Betrieb kann automatisch, aber auch im manuellen Modus erfolgen<\/strong>. Die Reber Salvaspesa Haushalts-Vakuumverpackungsmaschine ist auch in folgenden Ausf\u00fchrungen erh\u00e4ltlich <strong><a href=\"https:\/\/www.elettrowebstore.com\/shop\/reber-salvaspesa-9340n-macchina-sottovuoto-per-alimenti\/\">wei\u00dfe Farbgebung<\/a><\/strong>.<\/p>\n<p>Alle Komponenten der Reber Salvaspesa-Vakuumverpackungsmaschine werden in Italien entwickelt und hergestellt, mit manueller Montage.<\/p>\n<p>Salvaspesa hat mehrere Elemente mit dem <a href=\"https:\/\/www.elettrowebstore.com\/shop\/reber-family-9700n-macchina-sottovuoto-per-alimenti\/\"><strong>Familie Reber 9700N<\/strong><\/a>. Obwohl es billiger ist, hat es die gleiche Leistung in Bezug auf Leistung und Lufteinlass. Auch der Schwei\u00dfbalken ist derselbe. Es fehlt jedoch das professionelle Vakuummeter, die elektromechanischen Tasten und das Magnetventil zur Deckelentriegelung. Insgesamt ist das Ger\u00e4t kleiner und hat eine andere Form.<\/p>\n<p><img loading=\"lazy\" decoding=\"async\" class=\"size-full wp-image-652824 aligncenter\" src=\"https:\/\/www.elettrowebstore.com\/EWS_Store\/wp-content\/uploads\/Reber-Salvaspesa-9342NR-macchina-sottovuoto-per-alimenti-ROSSOSATIN-1.jpg\" alt=\"Reber Salvaspesa 9342NR Vakuum-Lebensmittelmaschine RED\/SATIN\" width=\"800\" height=\"600\" srcset=\"https:\/\/www.elettrowebstore.com\/EWS_Store\/wp-content\/uploads\/Reber-Salvaspesa-9342NR-macchina-sottovuoto-per-alimenti-ROSSOSATIN-1.jpg 800w, https:\/\/www.elettrowebstore.com\/EWS_Store\/wp-content\/uploads\/Reber-Salvaspesa-9342NR-macchina-sottovuoto-per-alimenti-ROSSOSATIN-1-600x450.jpg 600w, https:\/\/www.elettrowebstore.com\/EWS_Store\/wp-content\/uploads\/Reber-Salvaspesa-9342NR-macchina-sottovuoto-per-alimenti-ROSSOSATIN-1-768x576.jpg 768w\" sizes=\"auto, (max-width: 800px) 100vw, 800px\" \/><\/p>\n<h2><strong>Technische Daten<\/strong><\/h2>\n<p>Nachstehend finden Sie die wichtigsten technischen Merkmale der automatischen Vakuumverpackungsmaschine 9342NR von ReberSalvaspesa:<\/p>\n<ul>\n<li>Handventil zum \u00d6ffnen des Deckels<\/li>\n<li>Automatischer Betrieb mit der M\u00f6glichkeit der manuellen Bedienung<\/li>\n<li>Programmierbares Schwei\u00dfen<\/li>\n<li>Energiesparendes System<\/li>\n<li>Kontinuierlicher Betrieb ohne K\u00fchlpausen<\/li>\n<li>Vakuumniveau: -830 mbar<\/li>\n<li>Ansaugleistung: 18 l\/min.<\/li>\n<li>Maximale Leistungsaufnahme: 195 W<\/li>\n<li>L\u00e4nge der Siegelstange: 32 cm<\/li>\n<li>Luftansaugung f\u00fcr Vakuum in Beh\u00e4ltern<\/li>\n<li>Vakuum-Zubeh\u00f6r f\u00fcr Vakuum in ventilierten Beh\u00e4ltern in der Packung enthalten<\/li>\n<li>Verl\u00e4ngerte Aufbewahrungszeiten f\u00fcr Lebensmittel von bis zu 4-5 Mal im Vergleich zur herk\u00f6mmlichen Lagerung<\/li>\n<li>Farbe: ROT\/SATIN<\/li>\n<\/ul>\n<p>&nbsp;<\/p>\n<h2><strong>Beschreibung von Reber Salvaspesa 9342NR Vakuum-Lebensmittelmaschine <\/strong><strong>ROT\/SATIN<\/strong><\/h2>\n<p>Die Reber Salvaspesa 9342NR Lebensmittel-Vakuumiermaschine RED\/SATIN ist ideal f\u00fcr die Verl\u00e4ngerung der Aufbewahrungszeit von Lebensmitteln in der Familie. Er ist mit einem soliden Rahmen aus wei\u00dfem Hartplastik ausgestattet, der seine Festigkeit und sein Design verbessert. Auf diese Weise bleibt seine Langlebigkeit erhalten. Au\u00dferdem ist er im Vergleich zum <a href=\"https:\/\/www.elettrowebstore.com\/shop\/reber-family-macchina-sottovuoto-automatica-9700n\/\" target=\"_blank\" rel=\"noopener\"><strong>Familie<\/strong><\/a>, \u00e8 <strong>kompakter und nimmt weniger Platz ein<\/strong>!<\/p>\n<p>Das Salvaspesa-Vakuumsystem ist leicht zu bedienen. Setzen Sie einfach das Ende des <a href=\"https:\/\/www.elettrowebstore.com\/shop\/rotoli-sottovuoto-goffrati-universali-per-alimenti-royal-pack\/\"><strong>gepr\u00e4gter Vakuumbeutel<\/strong><\/a> in der Saugkammer, die bei ge\u00f6ffnetem Deckel von den schwarzen Dichtungen begrenzt wird. Dann schlie\u00dfen Sie den Deckel \u00fcber dem Beutel und \u00fcben mit der Hand leichten Druck darauf aus. Dann wird die Starttaste gedr\u00fcckt und das Ger\u00e4t startet automatisch.<\/p>\n<p>Im Vergleich zur Vakuummaschine <a href=\"https:\/\/www.elettrowebstore.com\/shop\/reber-family-macchina-sottovuoto-automatica-9700n\/\"><strong>Familie 9700N<\/strong><\/a>der Sinker 9340N <strong>nicht mit einem Magnetventil ausgestattet ist<\/strong>. Daher ist es ratsam, zu Beginn des Ansaugvorgangs mehr Druck auf den Deckel auszu\u00fcben (ohne jedoch zu \u00fcbertreiben!). Um den Deckel am Ende zu l\u00f6sen, muss das schwarze Entl\u00fcftungsventil bewegt werden, damit die Luft einstr\u00f6men kann. Dies ist leicht m\u00f6glich, indem man die T\u00fclle erst auf die eine und dann auf die andere Seite schiebt.<\/p>\n<p>Die Reber Salvaspesa 9342NR Vakuum-Speisemaschine RED\/SATIN ist ausgestattet mit <strong>elektronische Platine<\/strong> mit dem die Schwei\u00dfleistung eingestellt werden kann. Das Schwei\u00dfger\u00e4t kann n\u00e4mlich von einer \"schw\u00e4cheren\" bis zu einer \"st\u00e4rkeren\" Stufe eingestellt werden. Die Wahl erfolgt in Abh\u00e4ngigkeit von der Dicke der verwendeten Beutel. Weitere Hinweise zur Einstellung der Schwei\u00dfleistung des Salvaspesa von Reber finden Sie in der Anleitung in der Verpackung.<\/p>\n<p>&nbsp;<\/p>\n<h3><strong><em>REBER Vakuum-Beutel und -Beutel<\/em><\/strong><\/h3>\n<p>Die wichtigsten Formate von <a href=\"https:\/\/www.elettrowebstore.com\/shop\/reber-buste-e-sacchetti-sottovuoto-goffrati-per-alimenti\/\"><strong>Vakuumbeutel der Marke REBER<\/strong><\/a>. ElettroWebStore gibt Ihnen die M\u00f6glichkeit, REBER lebensmittelgepr\u00fcfte Vakuumbeutel auf der entsprechenden Seite zu kaufen. Folgen Sie dem Link und kaufen Sie sicher von unserer Website.<\/p>\n<p>&nbsp;<\/p>\n<h3><em><strong>Funktionsweise der automatischen Vakuummaschine Salvaspesa by Reber<\/strong><\/em><\/h3>\n<p>Sofort beginnt das Ger\u00e4t, die Luft aus dem Beutel zu saugen. Der Fortschritt des Vorgangs wird auf dem Display angezeigt, das \u00fcber drei Fortschritts-LEDs verf\u00fcgt. Die Maschine ist nicht mit einem Vakuummeter ausgestattet. Diese Maschine ist mit einem <strong>leistungsstarke Vakuumpumpe -830 Millibar<\/strong>Sie k\u00f6nnen bis zu 18 Liter pro Minute ansaugen.<\/p>\n<p>Am Ende des Vakuumierzyklus versiegelt das Ger\u00e4t automatisch den eingelegten Vakuumbeutel. Es ist dann erforderlich <strong>Bet\u00e4tigen Sie das schwarze Gummiventil<\/strong> um Luft zur\u00fcck in die Vakuumkammer zu dr\u00fccken und den Deckel wieder zu \u00f6ffnen.<\/p>\n<p>Dieses Modell ist au\u00dferdem ausgestattet mit <strong>elektronische Platine<\/strong> mit dem die Schwei\u00dfleistung eingestellt werden kann. Diese ist von einer \"schw\u00e4cheren\" bis zu einer \"st\u00e4rkeren\" Stufe einstellbar. Die Wahl erfolgt auf der Grundlage der Dicke der verwendeten Beutel, indem man die Anweisungen in der Bedienungsanleitung in der Verpackung befolgt.<\/p>\n<p>Durch die Verringerung der Schwei\u00dfleistung wird der Vakuum- und Saugzyklus beschleunigt. So k\u00f6nnen Sie l\u00e4nger arbeiten.<\/p>\n<p>Schlie\u00dflich kann der Nutzer w\u00e4hlen, ob er die Salvaspesa <strong>auch im manuellen Modus<\/strong>nach einer einfachen Tastenkonfiguration in der Gebrauchsanweisung.<\/p>\n<p>&nbsp;<\/p>\n<h3><em><strong>Vorteile des Einsatzes der automatischen Vakuumverpackungsmaschine REBER Salvaspesa 9342NR manuell<br \/>\n<\/strong><\/em><\/h3>\n<p>Die automatische Vakuumverpackungsmaschine 9342NR von REBER Salvaspesa ist werkseitig f\u00fcr den automatischen Betrieb programmiert. Sie kann jedoch auf halbautomatischen Betrieb umgestellt werden. Halbautomatischer Betrieb bedeutet, dass die Maschine automatisch die Vakuumphase startet. Um zu schwei\u00dfen, muss der Bediener die Schwei\u00dftaste 4-5 Sekunden lang gedr\u00fcckt halten. Wird die Taste losgelassen, stoppt die Maschine und kann ge\u00f6ffnet werden.<\/p>\n<p><em>Aber ist es besser, die Vakuummaschine im manuellen Modus zu verwenden?<\/em> Die Antwort lautet JA, in bestimmten Situationen. Es handelt sich um Situationen, in denen der Inhalt des Beutels vor dem Zerdr\u00fccken gesch\u00fctzt werden muss oder wenn die eingelegten Lebensmittel besonders zart oder fl\u00fcssigkeitsreich sind. In diesen F\u00e4llen kann der Bediener den Fortschritt des Verfahrens \"auf Sicht\" beurteilen und entscheiden, wann er den Zyklus beenden und verschlie\u00dfen muss.<em><br \/>\n<\/em><\/p>\n<p>Ein weiterer Fall, in dem es sinnvoll sein kann, das manuelle Verfahren anzuwenden, ist die Verwendung von <a href=\"https:\/\/www.elettrowebstore.com\/shop\/royal-pack-ivacuum-buste-sottovuoto-goffrate-per-cottura\/\"><strong>besonders dicke Beutel, wie die der iVacuum-Reihe<\/strong><\/a>. In diesem Fall kann die gr\u00f6\u00dfere Dicke des Vakuumbeutels eine manuelle Einstellung der Ansaugung und der Versiegelung erforderlich machen, um die elektronische Platine nicht neu zu programmieren.<\/p>\n<p>&nbsp;<\/p>\n<h3><em><strong>Wie verwendet man Vakuumrollen?<\/strong> <\/em><\/h3>\n<p>Sie m\u00fcssen zun\u00e4chst auf einer Seite verschwei\u00dft werden und werden dann wie eine Tasche verwendet. Am praktischsten sind die <a href=\"https:\/\/www.elettrowebstore.com\/shop\/rotoli-sottovuoto-goffrati-universali-per-alimenti-royal-pack\/\"><strong>Royal Pack Vakuumrollen<\/strong><\/a>erh\u00e4ltlich in verschiedenen Gr\u00f6\u00dfen (15 cm, 20 cm und 30 cm \u00d6ffnung und 6 m L\u00e4nge).<\/p>\n<p>In diesem Fall m\u00fcssen Sie zuerst das Ende der zu versiegelnden Rolle in das Salvaspesa-Vakuumversiegelungsger\u00e4t einlegen, den Deckel schlie\u00dfen und darauf achten, dass das zu versiegelnde Ende fest auf der Versiegelungsschiene aufliegt. Dr\u00fccken Sie dann die Taste mit dem Symbol f\u00fcr den elektrischen Widerstand, um das Ger\u00e4t im reinen Versiegelungsmodus zu starten.<\/p>\n<p>Nach ein paar Sekunden ist ein Ende der Rolle versiegelt und kann als geeigneter vorgeformter Vakuumbeutel verwendet werden.<\/p>\n<p>&nbsp;<\/p>\n<h3><em><strong>Kann die Platine ihre Werksprogrammierung verlieren?<\/strong><\/em><\/h3>\n<p>Diese Situation kann eintreten, wenn das Ger\u00e4t l\u00e4ngere Zeit nicht benutzt wird oder, was h\u00e4ufiger vorkommt, wenn die beiden elektromechanischen Tasten Gr\u00fcn und Rot versehentlich gleichzeitig in einer bestimmten Reihenfolge gedr\u00fcckt werden.<\/p>\n<p>Sollte dies geschehen, machen Sie sich keine Sorgen. Um die Werkskonfiguration wiederherzustellen (oder die manuelle Konfiguration, wenn Sie dies bevorzugen), befolgen Sie einfach die einfachen Verfahren im mitgelieferten Benutzerhandbuch. Wenn Sie das Benutzerhandbuch nicht mehr haben, <a href=\"http:\/\/www.rebersrl.it\/docs\/Istruzioni%20Sottovuoto%202020%20low%20%20.pdf\"><strong>Sie k\u00f6nnen es direkt von hier herunterladen<\/strong><\/a>.<\/p>\n<p>&nbsp;<\/p>\n<h3><em><strong>Kann die Dichtungsleiste mit der Zeit ihre Wirksamkeit verlieren?<\/strong><\/em><\/h3>\n<p>Ja, das kann vorkommen, wenn die Maschine \u00fcber einen l\u00e4ngeren Zeitraum verwendet wird. Das ist eine nat\u00fcrliche Situation, da die <strong>Schwei\u00dfleiste<\/strong> ist mit einem elektrischen Widerstand ausgestattet, der sich bei hohen Temperaturen erw\u00e4rmt. Mit der Zeit kann er daher seine Wirksamkeit verlieren.<\/p>\n<p>Es gibt zwei sehr praktische L\u00f6sungen f\u00fcr den Fall, dass die mitgelieferte Schwei\u00dfleiste nicht mehr richtig funktioniert. Die erste ist <strong>Neuprogrammierung der elektronischen Platine der Maschine<\/strong> mit einer l\u00e4ngeren Schwei\u00dfzeit. Wenn die Schwei\u00dfleiste an Wirkung verliert (sie verschlei\u00dft, ist aber noch teilweise funktionst\u00fcchtig), kann eine Verl\u00e4ngerung der Schwei\u00dfzykluszeit noch eine Zeit lang gute Ergebnisse erzielen. Bevor Sie die Schwei\u00dfzykluszeit der Vakuummaschine verl\u00e4ngern, empfehlen wir immer, die Maschine auf die Werkseinstellung zur\u00fcckzusetzen. Das liegt daran, dass auch die <strong>Schwei\u00dfzeiten<\/strong> kann im Laufe der Zeit versehentlich \"unprogrammiert\" werden. Daher reicht es oft aus, die Maschine auf den Werkszustand zur\u00fcckzusetzen, um sie wieder zu benutzen.<\/p>\n<p>Die zweite M\u00f6glichkeit ist <strong>eine neue Schwei\u00dfleiste kaufen<\/strong>. ElettroWebStore hat alle Teile, die Sie f\u00fcr die Wartung Ihrer Reber-Vakuumiermaschine ben\u00f6tigen. Sie k\u00f6nnen also sowohl die Siegelschiene, die Dichtungen der Vakuumkammer (die grauen anthrazitfarbenen) als auch die Dichtung f\u00fcr das Vorleistenprofil (die hellgraue am Deckel) kaufen. Auch sie nutzen sich mit der Zeit ab und sollten ersetzt werden. Falls Sie diese Teile nicht leicht finden k\u00f6nnen, <a href=\"https:\/\/www.elettrowebstore.com\/contatta-lo-staff-di-elettrowebstore\/\"><strong>Kontaktieren Sie uns<\/strong><\/a>!<\/p>\n<p>&nbsp;<\/p>\n<h2><strong>Anweisungen zur Verwendung von <\/strong><strong>REBER Salvaspendesa automatische Vakuummaschine 9342NR<\/strong><\/h2>\n<p>Die automatische Haushalts-Vakuumverpackungsmaschine 9342NR ist extrem leistungsstark. Um ihn zu benutzen, befolgen Sie diese einfachen Anweisungen:<\/p>\n<ul>\n<li>Legen Sie die Lebensmittel in den Beutel, wobei zwischen der \u00d6ffnung und den Lebensmitteln ein Freiraum von mindestens 7-10 Zentimetern verbleiben muss.<\/li>\n<li>Legen Sie den offenen Teil des Beutels in die Vakuumkammer, gekennzeichnet durch die schwarzen Siegel<\/li>\n<li>Schlie\u00dfen Sie die Vakuumkammer, indem Sie den Deckel des Salvaspesa 9342NR Vakuumierger\u00e4tes auf den Beutel fallen lassen<\/li>\n<li>Bedienen Sie das Ger\u00e4t mit der gr\u00fcnen Taste (bei manueller Bedienung halten Sie die Taste gedr\u00fcckt)<\/li>\n<li>leichten Druck auf den Deckel des Vakuumierger\u00e4ts 9342NR aus\u00fcben, insbesondere in der Anfangsphase<\/li>\n<li>warten, bis die Maschine den Absaug- und Schwei\u00dfvorgang beendet hat<\/li>\n<li>den Deckel nicht mit Gewalt wieder \u00f6ffnen. Die Salvaspesa 9342NR-Vakuumverpackungsmaschine ist mit einem schwarzen manuellen Ventil zum L\u00f6sen des Deckels am Ende des Vakuum- und Versiegelungszyklus ausgestattet. Bet\u00e4tigen Sie das schwarze Entriegelungsventil einfach mit dem Finger: Ziehen Sie es nach oben und die Luft tritt wieder in die Vakuumkammer ein und der Deckel \u00f6ffnet sich von selbst.<\/li>\n<li>Bei Verwendung eines sehr gro\u00dfen und langen Beutels und generell zur Erleichterung des Vakuumierens der Maschine kann es sinnvoll sein, den Boden des Beutels einige Zentimeter anzuheben, sobald der Vakuumiervorgang begonnen hat. Auf diese Weise wird der Vakuumiervorgang reibungsloser ablaufen, da sich der Beutel an das Niveau der Maschine anpasst.<\/li>\n<\/ul>\n<p>&nbsp;<\/p>\n<h2><strong>Die Marke Reber<\/strong><\/h2>\n<p><b><a href=\"http:\/\/www.rebersrl.it\">Reber S.r.l.<\/a>\u00a0 <\/b>ist in Italien und im Ausland f\u00fchrend in der Herstellung und im Vertrieb von Artikeln f\u00fcr den Haushalt und f\u00fcr Profis. In der Tat sind seine Artikel speziell entwickelt, um sehr zuverl\u00e4ssige Produkte in der Wohnung oder in der eigenen kleinen Werkstatt zu haben, die f\u00fcr eine lange Lebensdauer ausgelegt sind.<\/p>\n<p>Dar\u00fcber hinaus entsprechen alle Motoren und Zubeh\u00f6rteile stets allen geltenden Vorschriften, sowohl in Bezug auf die Fertigungstechnik als auch auf den Kontakt mit Lebensmitteln.<\/p>\n<p>Alle Reber-Artikel werden von einer Konformit\u00e4tserkl\u00e4rung begleitet. Das ist der Grund, warum sie immer maximale Zufriedenheit f\u00fcr alle Benutzer garantieren!<\/p>\n<p>&nbsp;<\/p>\n<h2><strong>Garantie<\/strong><\/h2>\n<p>Das Produkt ist abgedeckt durch <a href=\"https:\/\/www.elettrowebstore.com\/due-anni-di-garanzia-su-ogni-prodotto-acquistato\/\"><strong>gesetzliche Garantie<\/strong><\/a>gem\u00e4\u00df der entsprechenden Seite auf unserer Website, die wir Sie bitten zu lesen. Wir bieten auch klare Informationen \u00fcber die Aus\u00fcbung der <a href=\"https:\/\/www.elettrowebstore.com\/diritto-di-recesso-restituzione-prodotti\/\"><strong>R\u00fccktrittsrecht<\/strong><\/a>.<\/p>\n<p>Sie k\u00f6nnen die gesetzliche Garantiezeit des Produkts verl\u00e4ngern, indem Sie eines unserer <a href=\"https:\/\/www.elettrowebstore.com\/shop\/estensione-di-garanzia-elettrodomestici-3-anni-fino-a-250-euro\/\"><strong>erweiterte Garantiepakete<\/strong><\/a>!<\/p>\n<p>Um die Aus\u00fcbung dieses Rechts zu erleichtern, stellt der Produzent dem Kunden Folgendes zur Verf\u00fcgung <a href=\"http:\/\/www.rebersrl.it\/it\/Site\/assistenza\"><strong>Autorisierte Servicestellen im ganzen Land<\/strong><\/a>.<\/p>\n<p>Weitere Informationen zu den einschl\u00e4gigen Rechtsvorschriften finden Sie auf der Website der<a href=\"http:\/\/www.agcm.it\/consumatore\/decalogo\/5102-garanzia-del-venditore-guida-per-il-consumatore.html\"><strong>Beh\u00f6rde f\u00fcr Wettbewerb und Markt<\/strong><\/a>.<\/p>\n<p>Um die Qualit\u00e4t des Produkts zu verbessern, beh\u00e4lt sich der Hersteller das Recht vor, die Materialien und technischen Merkmale des Artikels ohne vorherige Ank\u00fcndigung zu \u00e4ndern.  Dar\u00fcber hinaus sind die Beschreibungen und Bilder hier angegeben sind daher indikativ und kann leicht von dem Endprodukt abweichen.<\/p>\n<p>&nbsp;<\/p>\n<h2><strong>Lieferfrist<\/strong><\/h2>\n<p>Dieses Produkt ist immer zur sofortigen Lieferung verf\u00fcgbar. Es kann sofort bestellt werden und wird von ElettroWebStore innerhalb von 10 Arbeitstagen nach dem Kaufdatum versandt.<\/p>\n<p>Dar\u00fcber hinaus sind alle Sendungen von ElettroWebStore frachtfrei!<\/p>\n<p><img loading=\"lazy\" decoding=\"async\" class=\"aligncenter size-full wp-image-41372\" src=\"https:\/\/www.elettrowebstore.com\/EWS_Store\/wp-content\/uploads\/.\/elettrowebstore-spedizione-con-corrieri-brt-sda-dhl-nexive-ld.jpg\" alt=\"Dies sind die Kuriere, mit denen ElettroWebStore.com versendet\" width=\"800\" height=\"189\" srcset=\"https:\/\/www.elettrowebstore.com\/EWS_Store\/wp-content\/uploads\/elettrowebstore-spedizione-con-corrieri-brt-sda-dhl-nexive-ld.jpg 800w, https:\/\/www.elettrowebstore.com\/EWS_Store\/wp-content\/uploads\/elettrowebstore-spedizione-con-corrieri-brt-sda-dhl-nexive-ld-600x142.jpg 600w, https:\/\/www.elettrowebstore.com\/EWS_Store\/wp-content\/uploads\/elettrowebstore-spedizione-con-corrieri-brt-sda-dhl-nexive-ld-768x181.jpg 768w\" sizes=\"auto, (max-width: 800px) 100vw, 800px\" \/><\/p>\n<p>&nbsp;<\/p>\n<h2><strong>Akzeptierte Zahlungsmittel<\/strong><\/h2>\n<p><strong>Auf der Website von ElettroWebStore k\u00f6nnen Sie mit allen g\u00e4ngigen Methoden bezahlen<\/strong>sowohl internetspezifische (z. B. Prepaid-Karten) als auch traditionelle (z. B. klassische Kreditkarten).<\/p>\n<p>Um alle akzeptierten Zahlungsarten zu \u00fcberpr\u00fcfen, besuchen Sie bitte unsere Seite auf <a href=\"https:\/\/www.elettrowebstore.com\/pagamenti-sicuri-sul-sito-elettrowebstore\/\" target=\"_blank\" rel=\"noopener\"><strong>Zahlungsm\u00f6glichkeiten auf der Website von ElettroWebStore<\/strong><\/a>. In keinem Fall <strong>ElettroWebStore<\/strong> Ihre Zahlungskartendaten zu verwalten oder von ihnen Kenntnis zu erlangen. In der Tat <strong>ElettroWebStore<\/strong> wird nur angezeigt, ob die Zahlung erfolgt ist oder nicht!<\/p>\n<p>Unsere Website verwendet HTTPS-Protokolle, die hohe Sicherheitsstandards f\u00fcr die Nutzer garantieren!<\/p>\n<p><img loading=\"lazy\" decoding=\"async\" class=\"aligncenter size-full wp-image-41371\" src=\"https:\/\/www.elettrowebstore.com\/EWS_Store\/wp-content\/uploads\/.\/elettrowebstore-pagamenti-accettati-ld.jpg\" alt=\"Dies sind die von ElettroWebStore.com akzeptierten Zahlungsarten\" width=\"800\" height=\"199\" srcset=\"https:\/\/www.elettrowebstore.com\/EWS_Store\/wp-content\/uploads\/elettrowebstore-pagamenti-accettati-ld.jpg 800w, https:\/\/www.elettrowebstore.com\/EWS_Store\/wp-content\/uploads\/elettrowebstore-pagamenti-accettati-ld-600x149.jpg 600w, https:\/\/www.elettrowebstore.com\/EWS_Store\/wp-content\/uploads\/elettrowebstore-pagamenti-accettati-ld-768x191.jpg 768w\" sizes=\"auto, (max-width: 800px) 100vw, 800px\" \/><\/p>","protected":false},"excerpt":{"rendered":"<p><span style=\"color: #ff0000;\"><span style=\"color: #282828;\">Reber Salvaspesa 9342NR Lebensmittel-Vakuumiermaschine ROT\/SATIN, 32 cm Schwei\u00dfbalken, -900 Millibar Vakuum, 18 Liter pro Minute. <\/span><strong>Kostenloser Versand nach Italien!<\/strong><\/span><\/p>","protected":false},"featured_media":652824,"template":"","meta":[],"product_brand":[],"product_cat":[17,61],"product_tag":[2374,2373,77,2704,71,78,68,65,2705,74,70],"class_list":{"0":"post-652781","1":"product","2":"type-product","3":"status-publish","4":"has-post-thumbnail","6":"product_cat-casalinghi-cura-casa","7":"product_cat-macchine-sottovuoto-domestiche","8":"product_tag-830-millibar","9":"product_tag-18-litri-al-minuto","10":"product_tag-190w","11":"product_tag-9342nr","12":"product_tag-automatica","13":"product_tag-barra-32-cm","14":"product_tag-macchina","15":"product_tag-reber","16":"product_tag-rosso-satin","17":"product_tag-salvaspesa","18":"product_tag-sottovuoto","19":"product_shipping_class-pe10","21":"first","22":"instock","23":"sale","24":"featured","25":"taxable","26":"shipping-taxable","27":"purchasable","28":"product-type-simple"},"_links":{"self":[{"href":"https:\/\/www.elettrowebstore.com\/de\/wp-json\/wp\/v2\/product\/652781","targetHints":{"allow":["GET"]}}],"collection":[{"href":"https:\/\/www.elettrowebstore.com\/de\/wp-json\/wp\/v2\/product"}],"about":[{"href":"https:\/\/www.elettrowebstore.com\/de\/wp-json\/wp\/v2\/types\/product"}],"wp:featuredmedia":[{"embeddable":true,"href":"https:\/\/www.elettrowebstore.com\/de\/wp-json\/wp\/v2\/media\/652824"}],"wp:attachment":[{"href":"https:\/\/www.elettrowebstore.com\/de\/wp-json\/wp\/v2\/media?parent=652781"}],"wp:term":[{"taxonomy":"product_brand","embeddable":true,"href":"https:\/\/www.elettrowebstore.com\/de\/wp-json\/wp\/v2\/product_brand?post=652781"},{"taxonomy":"product_cat","embeddable":true,"href":"https:\/\/www.elettrowebstore.com\/de\/wp-json\/wp\/v2\/product_cat?post=652781"},{"taxonomy":"product_tag","embeddable":true,"href":"https:\/\/www.elettrowebstore.com\/de\/wp-json\/wp\/v2\/product_tag?post=652781"}],"curies":[{"name":"wp","href":"https:\/\/api.w.org\/{rel}","templated":true}]}}