{"id":623609,"date":"2022-11-25T14:32:06","date_gmt":"2022-11-25T13:32:06","guid":{"rendered":"https:\/\/www.elettrowebstore.com\/?post_type=product&#038;p=623609"},"modified":"2026-01-27T18:04:43","modified_gmt":"2026-01-27T17:04:43","slug":"reber-piastra-per-tritacarne-manuale-n-10-12","status":"publish","type":"product","link":"https:\/\/www.elettrowebstore.com\/de\/shop\/reber-manuell-wolfsscheibe-n-10-12\/","title":{"rendered":"REBER Handwolfscheibe Nr. 10-12"},"content":{"rendered":"<h2><strong>REBER Handwolfscheibe Nr. 10-12<\/strong><\/h2>\n<p>Die REBER-Handwolfscheibe Nr. 5 ist aus kohlenstoffgeh\u00e4rtetem Stahl C55 gefertigt und ist die ideale Erg\u00e4nzung zum <a href=\"https:\/\/www.elettrowebstore.com\/shop\/tritacarne-manuali-reber\/\"><strong>Reber Hand-Fleischwolf Nr.10 oder Nr.12<\/strong><\/a>. Diese Platte ist nicht aus rostfreiem Stahl hergestellt, <strong>Bei unsachgem\u00e4\u00dfem Gebrauch kann es daher rosten!<br \/>\n<\/strong><\/p>\n<p>Die Platte ist mit verschiedenen Lochdurchmessern erh\u00e4ltlich, die je nach Art des zu zerkleinernden Fleisches ausgew\u00e4hlt werden. Es ist m\u00f6glich, die Gr\u00f6\u00dfe des Lochdurchmessers jeder Platte aus dem Dropdown-Men\u00fc zu w\u00e4hlen.<\/p>\n<p>Es kann vorkommen, dass Platten mit L\u00f6chern in den von Ihnen gew\u00fcnschten Durchmessern nicht verf\u00fcgbar sind. In diesem Fall <a href=\"https:\/\/www.elettrowebstore.com\/contatta-lo-staff-di-elettrowebstore\/\"><strong>Sie k\u00f6nnen uns kontaktieren<\/strong><\/a> und wir werden in der Lage sein, Ihnen die gew\u00fcnschten Informationen mit ein paar zus\u00e4tzlichen Tagen Wartezeit zur Verf\u00fcgung zu stellen!<\/p>\n<p><strong>ACHTUNG! DIE MANUELLE FLEISCHWOLFPLATTE VON REBER IST NICHT MIT ELEKTRISCHEN FLEISCHW\u00d6LFEN DER GLEICHEN MARKE KOMPATIBEL. EBENSO KANN DIE KOMPATIBILIT\u00c4T DER PLATTE MIT MANUELLEN FLEISCHW\u00d6LFEN ANDERER MARKEN IN KEINER WEISE GARANTIERT WERDEN.<\/strong><\/p>\n<p>&nbsp;<\/p>\n<p><img loading=\"lazy\" decoding=\"async\" class=\"size-full wp-image-152228 aligncenter\" src=\"https:\/\/www.elettrowebstore.com\/EWS_Store\/wp-content\/uploads\/REBER-piastra-per-tritacarne-manuale-n.5-1.jpg\" alt=\"REBER Handwolfplatte Nr. 5\" width=\"800\" height=\"600\" srcset=\"https:\/\/www.elettrowebstore.com\/EWS_Store\/wp-content\/uploads\/REBER-piastra-per-tritacarne-manuale-n.5-1.jpg 800w, https:\/\/www.elettrowebstore.com\/EWS_Store\/wp-content\/uploads\/REBER-piastra-per-tritacarne-manuale-n.5-1-600x450.jpg 600w, https:\/\/www.elettrowebstore.com\/EWS_Store\/wp-content\/uploads\/REBER-piastra-per-tritacarne-manuale-n.5-1-768x576.jpg 768w\" sizes=\"auto, (max-width: 800px) 100vw, 800px\" \/><\/p>\n<p>&nbsp;<\/p>\n<h2><strong>Technische Daten\u00a0<\/strong><strong>REBER Handwolfscheibe Nr. 10-12<br \/>\n<\/strong><\/h2>\n<ul>\n<li>\n<div>Hergestellt aus C55-Kohlenstoffstahl<\/div>\n<\/li>\n<li>Abmessungen der Platte: Durchmesser (Kante zu Kante) ca. 67 mm, Dicke 6 mm, mittlerer Lochdurchmesser (wo der Schleifpropeller passt) mm. 10<\/li>\n<li>Zur Verwendung mit den manuellen Fleischw\u00f6lfen Reber Nr. 10 und Nr. 12<\/li>\n<li>Geeignet f\u00fcr den Kontakt mit Lebensmitteln<\/li>\n<li>Verf\u00fcgbare Lochdurchmesser: mm. 4,5 - 6 - 8 - 10 - 12 - 14 - 16 - 18 - 20<\/li>\n<li>Blister oder lose Verpackung<\/li>\n<li>Artikel auf Bestellung<\/li>\n<\/ul>\n<p>&nbsp;<\/p>\n<p><strong>Achtung! Die Fotos der abgebildeten Platten sind nur ein Hinweis auf die Art der Platte, die Sie erhalten werden. Die Anzahl der L\u00f6cher auf der Platte variiert je nach dem gew\u00e4hlten Lochdurchmesser.<br \/>\n<\/strong><\/p>\n<p>&nbsp;<\/p>\n<p>&nbsp;<\/p>\n<p>&nbsp;<\/p>\n<h2><strong>Beschreibung <\/strong><strong>REBER Handwolfscheibe Nr. 10-12<\/strong><\/h2>\n<p><strong>REBER Handwolfscheibe Nr. 10-12<\/strong> wird aus C55-Kohlenstoffstahl hergestellt und ist die ideale Erg\u00e4nzung zu den Reber-Handw\u00f6lfen Nr. 10 und Nr. 12.<\/p>\n<p>Diese Platte ist nicht aus rostfreiem Stahl gefertigt, <strong>Bei unsachgem\u00e4\u00dfem Gebrauch kann es daher rosten!<\/strong> <strong>F\u00fcr eine ordnungsgem\u00e4\u00dfe Verwendung des Produkts empfehlen wir, es nach jedem Gebrauch mit lauwarmem Wasser zu waschen und gr\u00fcndlich zu trocknen.<\/strong><\/p>\n<p>Es ist wichtig, Platten mit L\u00f6chern zu verwenden, die f\u00fcr das zu hackende Fleisch geeignet sind. So kann f\u00fcr relativ mageres Hackfleisch ein Teller mit einer Lochung von 4,5, 6 oder 8 mm verwendet werden. F\u00fcr Wurst oder Blutwurst eignet sich ein Teller mit einer Lochung von 8 bis 12 mm. F\u00fcr Salamimischungen hingegen werden traditionell Platten mit L\u00f6chern von 10 mm oder mehr verwendet. Bei fettem Fleisch oder Fleischmischungen mit hohem Fettanteil schlie\u00dflich wird traditionell zun\u00e4chst ein Teller mit gro\u00dfen L\u00f6chern f\u00fcr einen ersten Durchgang verwendet und ein zweiter Durchgang mit einem Teller mit kleineren L\u00f6chern durchgef\u00fchrt. Es ist auch zu beachten, dass die Verwendung einer Platte mit zu kleinen L\u00f6chern den Mahlvorgang verlangsamen und das Fleisch erhitzen kann.<\/p>\n<p>Es ist m\u00f6glich, die Gr\u00f6\u00dfe des Lochdurchmessers jeder Platte aus dem Dropdown-Men\u00fc auszuw\u00e4hlen.<\/p>\n<p>&nbsp;<\/p>\n<h2><strong>Modalit\u00e4ten der Nutzung <\/strong><strong>REBER Handwolfscheibe Nr. 10-12<\/strong><\/h2>\n<p align=\"left\">Vor dem Gebrauch muss die manuelle Reber-Fleischwolfplatte aus geh\u00e4rtetem Kohlenstoffstahl mit lauwarmem Wasser gewaschen werden. Unmittelbar nach dem Waschen muss das Produkt gr\u00fcndlich getrocknet und in Gebrauch genommen werden.<\/p>\n<p align=\"left\">Nach dem Gebrauch sollte der Stumpf mit lauwarmem Wasser und neutraler Seife abgewaschen und anschlie\u00dfend schnell getrocknet werden.<\/p>\n<p align=\"left\">Durch die erste Reinigung k\u00f6nnen Staub-, Kaschierungs- und Verpackungsr\u00fcckst\u00e4nde entfernt werden. Eventuelle R\u00fcckst\u00e4nde von Verpackungsmaterial sind normal und verschwinden nach der ersten Reinigung.<\/p>\n<p align=\"left\">Die Messer- und Fleischwolfplatten werden mit lebensmittelechten \u00d6len leicht eingefettet. Die Verwendung von lebensmittelechtem \u00d6l verhindert das Rosten. Es ist wichtig, das elektrische Fleischwolfmesser von Reber aus Karbonstahl mit Lebensmittel\u00f6l nachzufetten. Es kann n\u00e4mlich rosten. Das Auftragen einer \u00d6lschicht hingegen verhindert den Angriff von Oxyden und die Bildung von Rost.<\/p>\n<p align=\"left\">Rostbildung ist normal. Es liegt in der Verantwortung des Endverbrauchers, Rostbildung zu verhindern. Im Falle von Rostbildung kann das Produkt NICHT ersetzt werden, da es sich nicht um einen Defekt handelt, sondern um eine normale Verschlechterung des Materials aufgrund mangelnder Wartung.<\/p>\n<p align=\"left\">WARNUNG! Verwenden Sie niemals Teller und Messer aus zwei verschiedenen St\u00e4hlen! Der h\u00e4rtere Stahl wird den weicheren Stahl erodieren und das Fleisch mit Metallr\u00fcckst\u00e4nden f\u00fcllen!<\/p>\n<p>&nbsp;<\/p>\n<h2><strong>REBER Produktinformation<\/strong><\/h2>\n<p><a href=\"http:\/\/www.rebersrl.it\" target=\"_blank\" rel=\"noopener noreferrer\"><img loading=\"lazy\" decoding=\"async\" class=\"alignleft wp-image-5331 size-full\" src=\"https:\/\/www.elettrowebstore.com\/EWS_Store\/wp-content\/uploads\/2020\/04\/reber-logo_rhhra7_53313b98c.png\" alt=\"REBER-Logo\" width=\"250\" height=\"110\" \/><\/a><a href=\"http:\/\/www.rebersrl.it\"><strong>REBER<\/strong> <\/a>ist in Italien und im Ausland f\u00fchrend in der Herstellung und im Vertrieb von Artikeln f\u00fcr den Haushalt und f\u00fcr Profis. In der Tat, seine Artikel sind speziell entwickelt, um sehr zuverl\u00e4ssige Produkte in der Wohnung oder in der Werkstatt zu haben, entworfen, um eine lange Zeit dauern.<\/p>\n<p>Dar\u00fcber hinaus entsprechen alle Motoren und Zubeh\u00f6rteile stets allen geltenden Vorschriften, sowohl in Bezug auf die Fertigungstechnik als auch auf den Kontakt mit Lebensmitteln.<\/p>\n<p>Alle REBER-Artikel werden von einer Konformit\u00e4tserkl\u00e4rung begleitet. Daher garantieren sie immer maximale Zufriedenheit f\u00fcr alle Benutzer!<\/p>\n<p>&nbsp;<\/p>\n<h2><strong>Garantie<\/strong><\/h2>\n<p>Das Produkt ist abgedeckt durch <a href=\"https:\/\/www.elettrowebstore.com\/due-anni-di-garanzia-su-ogni-prodotto-acquistato\/\"><strong>gesetzliche Garantie<\/strong><\/a>gem\u00e4\u00df der entsprechenden Seite auf unserer Website, die wir Sie bitten zu lesen. Wir bieten auch klare Informationen \u00fcber die Aus\u00fcbung der <a href=\"https:\/\/www.elettrowebstore.com\/diritto-di-recesso-restituzione-prodotti\/\"><strong>R\u00fccktrittsrecht<\/strong><\/a>.<\/p>\n<p>Um die Aus\u00fcbung dieses Rechts zu erleichtern, stellt der Hersteller im ganzen Land autorisierte Zentren f\u00fcr technische Unterst\u00fctzung zur Verf\u00fcgung.<\/p>\n<p>Weitere Informationen zu den einschl\u00e4gigen Rechtsvorschriften finden Sie auf der Website der<a href=\"http:\/\/www.agcm.it\/consumatore\/decalogo\/5102-garanzia-del-venditore-guida-per-il-consumatore.html\"><strong>Beh\u00f6rde f\u00fcr Wettbewerb und Markt<\/strong><\/a>.<\/p>\n<p>Um die Qualit\u00e4t des Produkts zu verbessern, beh\u00e4lt sich der Hersteller das Recht vor, die Materialien und technischen Merkmale des Artikels ohne vorherige Ank\u00fcndigung zu \u00e4ndern.  Dar\u00fcber hinaus sind die Beschreibungen und Bilder hier angegeben sind daher indikativ und kann leicht von dem Endprodukt abweichen.<\/p>\n<p>&nbsp;<\/p>\n<h2><strong>Lieferfrist<\/strong><\/h2>\n<p>Dieses Produkt ist NICHT immer sofort lieferbar. In der Tat kann es sofort bestellt werden und wird von ElettroWebStore innerhalb von 15 Arbeitstagen ab dem Kaufdatum versandt.<\/p>\n<p>Dar\u00fcber hinaus sind alle Sendungen von ElettroWebStore frachtfrei!<\/p>\n<p><a href=\"https:\/\/www.elettrowebstore.com\/spedizioni-consegne-prodotti-italia-estero\/\"><img loading=\"lazy\" decoding=\"async\" class=\"aligncenter wp-image-5149 size-full\" src=\"https:\/\/www.elettrowebstore.com\/EWS_Store\/wp-content\/uploads\/2020\/04\/elettrowebstore-spedizione-con-corrieri-brt-sda-dhl_n75nxd.jpg\" alt=\"ElettroWebStore versendet mit schnellen Kurieren BRT SDA DHL\" width=\"649\" height=\"175\" srcset=\"https:\/\/www.elettrowebstore.com\/EWS_Store\/wp-content\/uploads\/elettrowebstore-spedizione-con-corrieri-brt-sda-dhl_n75nxd.jpg 649w, https:\/\/www.elettrowebstore.com\/EWS_Store\/wp-content\/uploads\/elettrowebstore-spedizione-con-corrieri-brt-sda-dhl_n75nxd-600x162.jpg 600w\" sizes=\"auto, (max-width: 649px) 100vw, 649px\" \/><\/a><\/p>\n<p>&nbsp;<\/p>\n<h2><strong>Akzeptierte Zahlungsmittel<\/strong><\/h2>\n<p><strong>Auf der Website von ElettroWebStore k\u00f6nnen Sie mit allen g\u00e4ngigen Methoden bezahlen<\/strong>sowohl internetspezifische (z. B. Prepaid-Karten) als auch traditionelle (z. B. klassische Kreditkarten).<\/p>\n<p><a href=\"https:\/\/www.elettrowebstore.com\/pagamenti-sicuri-sul-sito-elettrowebstore\/\"><img loading=\"lazy\" decoding=\"async\" class=\"aligncenter size-full wp-image-5151\" src=\"https:\/\/www.elettrowebstore.com\/EWS_Store\/wp-content\/uploads\/2020\/04\/elettrowebstore-pagamenti_berj9q.jpg\" alt=\"Auf der Website von ElettroWebStore akzeptierte Zahlungsarten\" width=\"649\" height=\"226\" srcset=\"https:\/\/www.elettrowebstore.com\/EWS_Store\/wp-content\/uploads\/elettrowebstore-pagamenti_berj9q.jpg 649w, https:\/\/www.elettrowebstore.com\/EWS_Store\/wp-content\/uploads\/elettrowebstore-pagamenti_berj9q-600x209.jpg 600w\" sizes=\"auto, (max-width: 649px) 100vw, 649px\" \/><\/a><\/p>\n<p>&nbsp;<\/p>\n<p>Alle Zahlungen werden \u00fcber die <a href=\"https:\/\/www.paypal.com\/it\/webapps\/mpp\/paypal-safety-and-security\"><strong>Paypal<\/strong><\/a>. Auch wenn Sie nicht \u00fcber Paypal verf\u00fcgen, k\u00f6nnen Sie bezahlen, ohne sich zu registrieren und Ihre Anmeldedaten zu speichern. Sie m\u00fcssen lediglich Ihre Daten auf den Paypal-Seiten eingeben.<\/p>\n<p>In keinem Fall <a href=\"http:\/\/www.elettrowebstore.com\"><strong>ElettroWebStore<\/strong><\/a> Ihre Zahlungskartendaten zu verwalten oder von ihnen Kenntnis zu erlangen. In der Tat <a href=\"http:\/\/www.elettrowebstore.com\"><strong>ElettroWebStore<\/strong><\/a> wird nur angezeigt, ob die Zahlung erfolgt ist oder nicht!<\/p>\n<p>Unsere Website verwendet HTTPS-Protokolle, die hohe Sicherheitsstandards f\u00fcr die Nutzer garantieren!<\/p>","protected":false},"excerpt":{"rendered":"<p>Die REBER-Handwolfscheibe Nr. 10-12 wird aus kohlenstoffgeh\u00e4rtetem C55-Stahl hergestellt und ist mit verschiedenen Lochdurchmessern erh\u00e4ltlich.<\/p>","protected":false},"featured_media":152228,"template":"","meta":[],"product_brand":[],"product_cat":[702,984],"product_tag":[2100,407,1728,986,987,351,988,990,1726,985,65,181,350,372],"class_list":{"0":"post-623609","1":"product","2":"type-product","3":"status-publish","4":"has-post-thumbnail","6":"product_cat-ricambi-botta-greenwood-imperia-monferrina-paini-reber","7":"product_cat-piastre-e-coltelli-per-tritacarne-reber","8":"product_tag-4011a","9":"product_tag-acciaio","10":"product_tag-acciaio-temperato-al-carbonio","11":"product_tag-c55","12":"product_tag-carbonio","13":"product_tag-carne","14":"product_tag-fori","15":"product_tag-macinatura","16":"product_tag-numero-5","17":"product_tag-piastra","18":"product_tag-reber","19":"product_tag-trafila","20":"product_tag-tritacarne","21":"product_tag-tritacarne-manuale","22":"product_shipping_class-pe10","24":"first","25":"instock","26":"taxable","27":"shipping-taxable","28":"purchasable","29":"product-type-variable","30":"has-default-attributes"},"_links":{"self":[{"href":"https:\/\/www.elettrowebstore.com\/de\/wp-json\/wp\/v2\/product\/623609","targetHints":{"allow":["GET"]}}],"collection":[{"href":"https:\/\/www.elettrowebstore.com\/de\/wp-json\/wp\/v2\/product"}],"about":[{"href":"https:\/\/www.elettrowebstore.com\/de\/wp-json\/wp\/v2\/types\/product"}],"wp:featuredmedia":[{"embeddable":true,"href":"https:\/\/www.elettrowebstore.com\/de\/wp-json\/wp\/v2\/media\/152228"}],"wp:attachment":[{"href":"https:\/\/www.elettrowebstore.com\/de\/wp-json\/wp\/v2\/media?parent=623609"}],"wp:term":[{"taxonomy":"product_brand","embeddable":true,"href":"https:\/\/www.elettrowebstore.com\/de\/wp-json\/wp\/v2\/product_brand?post=623609"},{"taxonomy":"product_cat","embeddable":true,"href":"https:\/\/www.elettrowebstore.com\/de\/wp-json\/wp\/v2\/product_cat?post=623609"},{"taxonomy":"product_tag","embeddable":true,"href":"https:\/\/www.elettrowebstore.com\/de\/wp-json\/wp\/v2\/product_tag?post=623609"}],"curies":[{"name":"wp","href":"https:\/\/api.w.org\/{rel}","templated":true}]}}