{"id":5965,"date":"2018-11-12T17:54:56","date_gmt":"2018-11-12T16:54:56","guid":{"rendered":"https:\/\/www.elettrowebstore.com\/?post_type=product&#038;p=5965"},"modified":"2021-04-27T11:44:10","modified_gmt":"2021-04-27T09:44:10","slug":"reber-tritacarne-n-22-classico-elettrico-inox-professionale-1800-w-10025ni","status":"publish","type":"product","link":"https:\/\/www.elettrowebstore.com\/de\/shop\/reber-fleischwolf-n-22-classic-elektrisch-edelstahl-professional-1800-w-10025ni\/","title":{"rendered":"REBER Fleischwolf Nr. 22 classic elektrisch Edelstahl Profi 1800 W 10025NI"},"content":{"rendered":"<h2><strong>REBER Fleischwolf Nr. 22 classic elektrisch Edelstahl Profi 1800 W 10025NI<\/strong><\/h2>\n<p>Mit dem REBER Fleischwolf Nr. 22 classic electric stainless steel professional 1800 W 10025NI k\u00f6nnen Sie gro\u00dfe Mengen Fleisch in kurzer Zeit und ohne Anstrengung zerkleinern.<\/p>\n<p>&nbsp;<\/p>\n<p><img loading=\"lazy\" decoding=\"async\" class=\"wp-image-5966 aligncenter\" src=\"https:\/\/res.cloudinary.com\/dl3yepmtd\/images\/w_1024,h_696,c_scale\/v1610984464\/REB10025NI\/REB10025NI.jpg\" width=\"1024\" height=\"696\" \/><\/p>\n<p>&nbsp;<\/p>\n<h2><strong>Technische Daten<\/strong><\/h2>\n<ul>\n<li>Elektrischer Induktionsmotor, Dauerbetrieb<\/li>\n<li><span class=\"fontstyle0\">Gemischtes Getriebe (schr\u00e4gverzahnte und axiale Zahnr\u00e4der) in Metall im \u00d6lbad<\/span><\/li>\n<li>Das verwendete \u00d6l ist vom Typ \"Long Life\" und f\u00fcr den zuf\u00e4lligen Kontakt mit Lebensmitteln geeignet.<\/li>\n<li>Motorverkleidung aus rostfreiem Stahl<\/li>\n<li>Schleifergeh\u00e4use, Propeller und Ringmutter aus rostfreiem Stahl<\/li>\n<li>Platte aus rostfreiem Stahl<\/li>\n<li>St\u00fcndliche Leistung: 70\/160 kg<\/li>\n<li>Inklusive lebensmittelechtem Kunststoffst\u00f6\u00dfel<\/li>\n<li>Mit dem entsprechenden Zubeh\u00f6r auch zum Absacken geeignet (15, 20 und 25 mm Absacktrichter und Kronenst\u00fctze k\u00f6nnen separat erworben werden)<\/li>\n<li>\n<div align=\"left\"><span class=\"fontstyle0\">Abtriebsdrehzahl: 80 U\/min<\/span><\/div>\n<\/li>\n<li><span class=\"fontstyle0\">Effektive Leistung: 1800 W<\/span><\/li>\n<li>\n<div align=\"left\"><span class=\"fontstyle0\">Professioneller Sicherheitsschalter<\/span> mit einer Geschwindigkeit (nur Vorw\u00e4rtsgang)<\/div>\n<\/li>\n<li>\n<div align=\"left\">Platte mit L\u00f6chern von 8 mm Durchmesser und Messer aus rostfreiem Stahl<\/div>\n<\/li>\n<li>Optionale Platten mit verschiedenen Lochdurchmessern sind in geh\u00e4rtetem Stahl und Edelstahl erh\u00e4ltlich<\/li>\n<li>Weiteres Zubeh\u00f6r f\u00fcr den Getriebemotor: Tomatenpresse, Nudelpresse, Fleischwolf aus verzinntem Gusseisen Zubeh\u00f6r Nr. 12\/22\/32<\/li>\n<li><span class=\"fontstyle0\">Stellfl\u00e4che mit montiertem Fleischwolf: cm. 60x26x39<\/span>(h)<\/li>\n<li><span class=\"fontstyle0\">Abmessungen nur des Getriebemotors: 50x26x32(h) cm.<\/span><\/li>\n<li>Gewicht: ca. 35 kg<\/li>\n<\/ul>\n<p>&nbsp;<\/p>\n<h2><strong>Beschreibung<\/strong><\/h2>\n<p>Mit dem REBER Fleischwolf Nr. 22 classic electric stainless steel professional 1800 W 10025NI k\u00f6nnen Sie gro\u00dfe Mengen Fleisch in kurzer Zeit und ohne Anstrengung zerkleinern.<\/p>\n<p>Das Professional Integrated System von Reber erm\u00f6glicht auch die Verwendung von verschiedenen Zubeh\u00f6rteilen an derselben Motoreinheit. Das Zubeh\u00f6r kann einfach installiert werden, ohne dass das Zubeh\u00f6r oder der Motor demontiert werden m\u00fcssen. Volle Kompatibilit\u00e4t mit anderem Zubeh\u00f6r aus dem Reber-Sortiment.<\/p>\n<p>Alle Arten von Zubeh\u00f6r, die auf REBER-Motoren anwendbar sind <a href=\"https:\/\/www.elettrowebstore.com\/categoria-prodotto\/casalinghi\/accessori-per-reber\/\"><strong>sind im ElettroWebStore verf\u00fcgbar<\/strong><\/a>!<\/p>\n<p>&nbsp;<\/p>\n<h2><strong>Garantie<\/strong><\/h2>\n<p>Das Produkt ist abgedeckt durch <a href=\"https:\/\/www.elettrowebstore.com\/due-anni-di-garanzia-su-ogni-prodotto-acquistato\/\"><strong>gesetzliche Garantie<\/strong><\/a>gem\u00e4\u00df der entsprechenden Seite auf unserer Website, die wir Sie bitten zu lesen. Wir bieten auch klare Informationen \u00fcber die Aus\u00fcbung der <a href=\"https:\/\/www.elettrowebstore.com\/diritto-di-recesso-restituzione-prodotti\/\"><strong>R\u00fccktrittsrecht<\/strong><\/a>.<\/p>\n<p>Um die Aus\u00fcbung dieses Rechts zu erleichtern, stellt der Hersteller im ganzen Land autorisierte Zentren f\u00fcr technische Unterst\u00fctzung zur Verf\u00fcgung.<\/p>\n<p>Weitere Informationen zu den einschl\u00e4gigen Rechtsvorschriften finden Sie auf der Website der<a href=\"http:\/\/www.agcm.it\/consumatore\/decalogo\/5102-garanzia-del-venditore-guida-per-il-consumatore.html\"><strong>Beh\u00f6rde f\u00fcr Wettbewerb und Markt<\/strong><\/a>.<\/p>\n<p>Um die Qualit\u00e4t des Produkts zu verbessern, beh\u00e4lt sich der Hersteller das Recht vor, die Materialien und technischen Merkmale des Artikels ohne vorherige Ank\u00fcndigung zu \u00e4ndern.  Dar\u00fcber hinaus sind die Beschreibungen und Bilder hier angegeben sind daher indikativ und kann leicht von dem Endprodukt abweichen.<\/p>\n<p>&nbsp;<\/p>\n<h2><strong>Lieferfrist<\/strong><\/h2>\n<p>Dieses Produkt ist immer zur sofortigen Lieferung verf\u00fcgbar. Es kann sogar sofort bestellt werden und wird von ElettroWebStore innerhalb von 20 Arbeitstagen ab Kaufdatum versandt.<\/p>\n<p>Au\u00dferdem sind alle Sendungen von ElettroWebStore in Italien frachtfrei (au\u00dfer f\u00fcr Sendungen in besonders ung\u00fcnstige Gebiete)!<\/p>\n<p>Wenn Sie von au\u00dferhalb Italiens kaufen, berechnet das System pauschale Versandkosten. Wenn Sie feststellen, dass die Versandkosten im Verh\u00e4ltnis zum Gewicht des von Ihnen gew\u00e4hlten Produkts zu hoch oder unverh\u00e4ltnism\u00e4\u00dfig erscheinen, schlie\u00dfen Sie Ihre Bestellung ab, ohne zu bezahlen und <a href=\"https:\/\/www.elettrowebstore.com\/contatta-lo-staff-di-elettrowebstore\/\"><strong>kontaktieren Sie uns<\/strong><\/a>! Wir werden die Versandkosten im Ausland pr\u00fcfen und ggf. anpassen!<\/p>\n<p><a href=\"https:\/\/www.elettrowebstore.com\/spedizioni-consegne-prodotti-italia-estero\/\"><img loading=\"lazy\" decoding=\"async\" class=\"aligncenter wp-image-5149 size-full\" src=\"https:\/\/www.elettrowebstore.com\/EWS_Store\/wp-content\/uploads\/2020\/04\/elettrowebstore-spedizione-con-corrieri-brt-sda-dhl_n75nxd.jpg\" alt=\"ElettroWebStore versendet mit schnellen Kurieren BRT SDA DHL\" width=\"649\" height=\"175\" srcset=\"https:\/\/www.elettrowebstore.com\/EWS_Store\/wp-content\/uploads\/elettrowebstore-spedizione-con-corrieri-brt-sda-dhl_n75nxd.jpg 649w, https:\/\/www.elettrowebstore.com\/EWS_Store\/wp-content\/uploads\/elettrowebstore-spedizione-con-corrieri-brt-sda-dhl_n75nxd-600x162.jpg 600w\" sizes=\"auto, (max-width: 649px) 100vw, 649px\" \/><\/a><\/p>\n<p>&nbsp;<\/p>\n<h2><strong>Akzeptierte Zahlungsmittel<\/strong><\/h2>\n<p><strong>Auf der Website von ElettroWebStore k\u00f6nnen Sie mit allen g\u00e4ngigen Methoden bezahlen<\/strong>sowohl internetspezifische (z. B. Prepaid-Karten) als auch traditionelle (z. B. klassische Kreditkarten).<\/p>\n<p><a href=\"https:\/\/www.elettrowebstore.com\/pagamenti-sicuri-sul-sito-elettrowebstore\/\"><img loading=\"lazy\" decoding=\"async\" class=\"aligncenter size-full wp-image-5151\" src=\"https:\/\/www.elettrowebstore.com\/EWS_Store\/wp-content\/uploads\/2020\/04\/elettrowebstore-pagamenti_berj9q.jpg\" alt=\"Auf der Website von ElettroWebStore akzeptierte Zahlungsarten\" width=\"649\" height=\"226\" srcset=\"https:\/\/www.elettrowebstore.com\/EWS_Store\/wp-content\/uploads\/elettrowebstore-pagamenti_berj9q.jpg 649w, https:\/\/www.elettrowebstore.com\/EWS_Store\/wp-content\/uploads\/elettrowebstore-pagamenti_berj9q-600x209.jpg 600w\" sizes=\"auto, (max-width: 649px) 100vw, 649px\" \/><\/a><\/p>\n<p>&nbsp;<\/p>\n<p>Alle Zahlungen werden abgewickelt \u00fcber <a href=\"https:\/\/www.paypal.com\/it\/webapps\/mpp\/paypal-safety-and-security\"><strong>Paypal<\/strong><\/a>. Auch wenn Sie kein Paypal haben, k\u00f6nnen Sie bezahlen, ohne sich zu registrieren und Ihre Zugangsdaten zu speichern. Sie m\u00fcssen lediglich Ihre Daten in die entsprechenden Felder eingeben. Das System ist verschl\u00fcsselt und gesch\u00fctzt und Ihre Daten werden in keiner Weise an ElettroWebStore weitergegeben. ElettroWebStore kann nur sehen, ob Ihre Zahlung erfolgt ist oder nicht, und nur die Informationen, die Sie eingeben wollen!<\/p>\n<p>In keinem Fall <a href=\"http:\/\/www.elettrowebstore.com\"><strong>ElettroWebStore<\/strong><\/a> Ihre Zahlungskartendaten zu verwalten oder von ihnen Kenntnis zu erlangen. In der Tat <a href=\"http:\/\/www.elettrowebstore.com\"><strong>ElettroWebStore<\/strong><\/a> wird nur angezeigt, ob die Zahlung erfolgt ist oder nicht!<\/p>\n<p>Unsere Website verwendet HTTPS-Protokolle, die hohe Sicherheitsstandards f\u00fcr die Nutzer garantieren!<\/p>\n<p>&nbsp;<\/p>\n<h2><strong>REBER Produktinformation<\/strong><\/h2>\n<p><a href=\"http:\/\/www.rebersrl.it\"><strong>REBER<\/strong> <\/a>ist in Italien und im Ausland f\u00fchrend in der Herstellung und im Vertrieb von Artikeln f\u00fcr den Haushalt und f\u00fcr Profis. In der Tat, seine Artikel sind speziell entwickelt, um sehr zuverl\u00e4ssige Produkte in der Wohnung oder in der Werkstatt zu haben, entworfen, um eine lange Zeit dauern.<\/p>\n<p>Dar\u00fcber hinaus entsprechen alle Motoren und Zubeh\u00f6rteile stets allen geltenden Vorschriften, sowohl in Bezug auf die Fertigungstechnik als auch auf den Kontakt mit Lebensmitteln.<\/p>\n<p>Alle REBER-Artikel werden von einer Konformit\u00e4tserkl\u00e4rung begleitet. Daher garantieren sie immer maximale Zufriedenheit f\u00fcr alle Benutzer!<\/p>","protected":false},"excerpt":{"rendered":"<h2>Mit dem REBER Fleischwolf Nr. 22 classic electric stainless steel professional 1800 W 10025NI k\u00f6nnen Sie gro\u00dfe Mengen Fleisch in kurzer Zeit und ohne Anstrengung zerkleinern.<\/h2>","protected":false},"featured_media":6131,"template":"","meta":[],"product_brand":[],"product_cat":[17,626],"product_tag":[628,351,201,619,358,99,65,373,350],"class_list":{"0":"post-5965","1":"product","2":"type-product","3":"status-publish","4":"has-post-thumbnail","6":"product_cat-casalinghi-cura-casa","7":"product_cat-tritacarne-elettrici-professionali","8":"product_tag-10025ni","9":"product_tag-carne","10":"product_tag-elettrico","11":"product_tag-elettrodomestico","12":"product_tag-macinato","13":"product_tag-professionale","14":"product_tag-reber","15":"product_tag-trita","16":"product_tag-tritacarne","17":"product_shipping_class-pe10","19":"first","20":"outofstock","21":"sale","22":"taxable","23":"shipping-taxable","24":"purchasable","25":"product-type-simple"},"_links":{"self":[{"href":"https:\/\/www.elettrowebstore.com\/de\/wp-json\/wp\/v2\/product\/5965","targetHints":{"allow":["GET"]}}],"collection":[{"href":"https:\/\/www.elettrowebstore.com\/de\/wp-json\/wp\/v2\/product"}],"about":[{"href":"https:\/\/www.elettrowebstore.com\/de\/wp-json\/wp\/v2\/types\/product"}],"wp:featuredmedia":[{"embeddable":true,"href":"https:\/\/www.elettrowebstore.com\/de\/wp-json\/wp\/v2\/media\/6131"}],"wp:attachment":[{"href":"https:\/\/www.elettrowebstore.com\/de\/wp-json\/wp\/v2\/media?parent=5965"}],"wp:term":[{"taxonomy":"product_brand","embeddable":true,"href":"https:\/\/www.elettrowebstore.com\/de\/wp-json\/wp\/v2\/product_brand?post=5965"},{"taxonomy":"product_cat","embeddable":true,"href":"https:\/\/www.elettrowebstore.com\/de\/wp-json\/wp\/v2\/product_cat?post=5965"},{"taxonomy":"product_tag","embeddable":true,"href":"https:\/\/www.elettrowebstore.com\/de\/wp-json\/wp\/v2\/product_tag?post=5965"}],"curies":[{"name":"wp","href":"https:\/\/api.w.org\/{rel}","templated":true}]}}