{"id":5655,"date":"2018-08-19T17:12:59","date_gmt":"2018-08-19T15:12:59","guid":{"rendered":"https:\/\/www.elettrowebstore.com\/?post_type=product&#038;p=5655"},"modified":"2025-08-25T10:19:25","modified_gmt":"2025-08-25T08:19:25","slug":"reber-cono-filtro-spremipomodoro-grande-acciaio-inox","status":"publish","type":"product","link":"https:\/\/www.elettrowebstore.com\/de\/shop\/reber-edelstahl-grosser-tomatenauspresser-filterkegel\/","title":{"rendered":"Reber Tomatenquetsche Filterkegel gro\u00df Edelstahl"},"content":{"rendered":"<h2><strong>Reber Edelstahl gro\u00dfe Tomatenquetsche Filtert\u00fcte Nr. 5<br \/>\n<\/strong><\/h2>\n<p>Der gro\u00dfe Reber-Tomatenpressen-Filterkonus aus Edelstahl ist das Ersatzteil, das zum Austausch des Filters ben\u00f6tigt wird, in den der Propeller eingesetzt wird. Es handelt sich um ein perforiertes Edelstahlsieb, das f\u00fcr den Kontakt mit Lebensmitteln geeignet ist, f\u00fcr Reber-Tomatenpressen Nr. 5, d.h. f\u00fcr Tomatenpressen mit dem gro\u00dfen Flansch.<\/p>\n<p>Dieses Produkt ist sowohl mit den elektrischen Reber-Tomatenpressen No.5 als auch mit den manuellen Tomatenpressen No.5 kompatibel. Das Produkt ist ausschlie\u00dflich f\u00fcr Reber-Maschinen konzipiert.<\/p>\n<p>Dieses Produkt ist mit drei Arten von L\u00f6chern erh\u00e4ltlich:<\/p>\n<ul>\n<li>5303N, <strong>Standard 1,5 mm L\u00f6cher<\/strong> entspricht in etwa dem, was normalerweise mit der Maschine geliefert wird<\/li>\n<li>5303NP, <strong>kleine, schmale L\u00f6cher von 1,1 Millimetern<\/strong> ideal f\u00fcr eine bessere Filtration der Tomaten bei der Verarbeitung von P\u00fcree<\/li>\n<li>5303NG, <strong>gro\u00dfe, 2,5 mm breite L\u00f6cher<\/strong> ideal f\u00fcr Konfit\u00fcren und andere Prozesse, die weniger Filterung und eine schnellere Ausgabe des gepressten Inhalts erfordern<\/li>\n<\/ul>\n<p>&nbsp;<\/p>\n<p>Das Paket enth\u00e4lt nur das, was auf den Bildern zu sehen ist. Dieses Produkt kann f\u00fcr bereits im Besitz des Kunden befindliche Tomatenso\u00dfenpressen mit Kupplung Nr. 5, d.h. Reber 500, 600 und 1200 Watt Getriebemotoren, verwendet werden. Diese Anzeige beinhaltet nicht den Verkauf der kompletten Tomatenpresse, sondern nur das Ersatzteil, das anstelle des vorhandenen Teils eingesetzt wird.<\/p>\n<p>&nbsp;<\/p>\n<h2><strong>Technische Daten Reber-Tomatenpresse Filterkonus gro\u00df Edelstahl<br \/>\n<\/strong><\/h2>\n<p>Hier sind die wichtigsten Produktmerkmale der Reber Edelstahl-Gro\u00dftomatenpresse Filtert\u00fcte:<\/p>\n<ul>\n<li>aus rostfreiem Edelstahl 18\/10 f\u00fcr den Kontakt mit Lebensmitteln geeignet<\/li>\n<li>Ersatzteil f\u00fcr Tomatenquetsche Zubeh\u00f6r Nr. 5 oder komplette Tomatenquetsche Zubeh\u00f6r Nr. 5 (alle Modelle mit gro\u00dfem Flansch)<\/li>\n<li>Bajonettverschluss<\/li>\n<li>L\u00f6cher mit einem Durchmesser von 1,1 mm, 1,5 mm oder 2,5 mm, nach Wahl des Kunden<\/li>\n<li>ideal f\u00fcr Tomatenp\u00fcree<\/li>\n<\/ul>\n<p>&nbsp;<\/p>\n<h2><strong>REBER Produktinformation<\/strong><\/h2>\n<p><a href=\"http:\/\/www.rebersrl.it\" target=\"_blank\" rel=\"noopener noreferrer\"><img loading=\"lazy\" decoding=\"async\" class=\"alignleft wp-image-5331 size-full\" src=\"https:\/\/www.elettrowebstore.com\/EWS_Store\/wp-content\/uploads\/reber-logo_rhhra7.png\" alt=\"REBER-Logo\" width=\"250\" height=\"110\" \/><\/a><\/p>\n<p><a href=\"http:\/\/www.rebersrl.it\"><strong>REBER<\/strong> <\/a>ist in Italien und im Ausland f\u00fchrend in der Herstellung und im Vertrieb von Artikeln f\u00fcr den Haushalt und f\u00fcr Profis. In der Tat, seine Artikel sind speziell entwickelt, um sehr zuverl\u00e4ssige Produkte in der Wohnung oder in der Werkstatt zu haben, entworfen, um eine lange Zeit dauern.<\/p>\n<p>Dar\u00fcber hinaus entsprechen alle Motoren und Zubeh\u00f6rteile stets allen geltenden Vorschriften, sowohl in Bezug auf die Fertigungstechnik als auch auf den Kontakt mit Lebensmitteln.<\/p>\n<p>Alle REBER-Artikel werden von einer Konformit\u00e4tserkl\u00e4rung begleitet. Daher garantieren sie immer maximale Zufriedenheit f\u00fcr alle Benutzer!<\/p>\n<p>&nbsp;<\/p>\n<h2><strong>Garantie<\/strong><\/h2>\n<p>Das Produkt ist abgedeckt durch <a href=\"https:\/\/www.elettrowebstore.com\/due-anni-di-garanzia-su-ogni-prodotto-acquistato\/\"><strong>gesetzliche Garantie<\/strong><\/a>gem\u00e4\u00df der entsprechenden Seite auf unserer Website, die wir Sie bitten zu lesen. Wir bieten auch klare Informationen \u00fcber die Aus\u00fcbung der <a href=\"https:\/\/www.elettrowebstore.com\/diritto-di-recesso-restituzione-prodotti\/\"><strong>R\u00fccktrittsrecht<\/strong><\/a>.<\/p>\n<p>Um die Aus\u00fcbung dieses Rechts zu erleichtern, stellt der Hersteller im ganzen Land autorisierte Zentren f\u00fcr technische Unterst\u00fctzung zur Verf\u00fcgung.<\/p>\n<p>Weitere Informationen zu den einschl\u00e4gigen Rechtsvorschriften finden Sie auf der Website der<a href=\"http:\/\/www.agcm.it\/consumatore\/decalogo\/5102-garanzia-del-venditore-guida-per-il-consumatore.html\"><strong>Beh\u00f6rde f\u00fcr Wettbewerb und Markt<\/strong><\/a>.<\/p>\n<p>Um die Qualit\u00e4t des Produkts zu verbessern, beh\u00e4lt sich der Hersteller das Recht vor, die Materialien und technischen Merkmale des Artikels ohne vorherige Ank\u00fcndigung zu \u00e4ndern.  Dar\u00fcber hinaus sind die Beschreibungen und Bilder hier angegeben sind daher indikativ und kann leicht von dem Endprodukt abweichen.<\/p>\n<p>&nbsp;<\/p>\n<h2><strong>Lieferfrist<\/strong><\/h2>\n<p>Dieses Produkt ist im Allgemeinen sofort lieferbar. In der Tat kann es sofort bestellt werden und wird von ElettroWebStore innerhalb von 2 Werktagen ab dem Kaufdatum versandt.<\/p>\n<p>&nbsp;<\/p>\n<h2><strong>Akzeptierte Zahlungsmittel<\/strong><\/h2>\n<p><strong>Auf der Website von ElettroWebStore k\u00f6nnen Sie mit allen g\u00e4ngigen Methoden bezahlen<\/strong>sowohl internetspezifische (z. B. Prepaid-Karten) als auch traditionelle (z. B. klassische Kreditkarten).<\/p>\n<p>In keinem Fall <a href=\"http:\/\/www.elettrowebstore.com\"><strong>ElettroWebStore<\/strong><\/a> Ihre Zahlungskartendaten zu verwalten oder von ihnen Kenntnis zu erlangen. In der Tat <a href=\"http:\/\/www.elettrowebstore.com\"><strong>ElettroWebStore<\/strong><\/a> wird nur angezeigt, ob die Zahlung erfolgt ist oder nicht!<\/p>\n<p>Unsere Website verwendet HTTPS-Protokolle, die hohe Sicherheitsstandards f\u00fcr die Nutzer garantieren!<\/p>","protected":false},"excerpt":{"rendered":"<p>Der gro\u00dfe Reber-Tomatenpressen-Filterkonus aus Edelstahl ist das Ersatzteil, das zum Austausch des Filters ben\u00f6tigt wird, in den der Propeller eingesetzt wird. Es handelt sich um ein perforiertes Edelstahlsieb, das f\u00fcr den Kontakt mit Lebensmitteln geeignet ist, f\u00fcr Reber-Tomatenpressen Nr. 5, d.h. f\u00fcr Tomatenpressen mit dem gro\u00dfen Flansch.<\/p>","protected":false},"featured_media":5656,"template":"","meta":[],"product_brand":[],"product_cat":[702,810],"product_tag":[476,1676,2862,1677,407,483,484,94,200,65,478,1675,199],"class_list":{"0":"post-5655","1":"product","2":"type-product","3":"status-publish","4":"has-post-thumbnail","6":"product_cat-ricambi-botta-greenwood-imperia-monferrina-paini-reber","7":"product_cat-ricambi-per-spremipomodoro-e-tritacarne","8":"product_tag-18-10","9":"product_tag-5303n","10":"product_tag-5303ng","11":"product_tag-5303np","12":"product_tag-acciaio","13":"product_tag-cono","14":"product_tag-filtro","15":"product_tag-inox","16":"product_tag-passapomodoro","17":"product_tag-reber","18":"product_tag-ricambio","19":"product_tag-setaccio","20":"product_tag-spremipomodoro","21":"product_shipping_class-pe","23":"first","24":"instock","25":"taxable","26":"shipping-taxable","27":"purchasable","28":"product-type-variable","29":"has-default-attributes"},"_links":{"self":[{"href":"https:\/\/www.elettrowebstore.com\/de\/wp-json\/wp\/v2\/product\/5655","targetHints":{"allow":["GET"]}}],"collection":[{"href":"https:\/\/www.elettrowebstore.com\/de\/wp-json\/wp\/v2\/product"}],"about":[{"href":"https:\/\/www.elettrowebstore.com\/de\/wp-json\/wp\/v2\/types\/product"}],"wp:featuredmedia":[{"embeddable":true,"href":"https:\/\/www.elettrowebstore.com\/de\/wp-json\/wp\/v2\/media\/5656"}],"wp:attachment":[{"href":"https:\/\/www.elettrowebstore.com\/de\/wp-json\/wp\/v2\/media?parent=5655"}],"wp:term":[{"taxonomy":"product_brand","embeddable":true,"href":"https:\/\/www.elettrowebstore.com\/de\/wp-json\/wp\/v2\/product_brand?post=5655"},{"taxonomy":"product_cat","embeddable":true,"href":"https:\/\/www.elettrowebstore.com\/de\/wp-json\/wp\/v2\/product_cat?post=5655"},{"taxonomy":"product_tag","embeddable":true,"href":"https:\/\/www.elettrowebstore.com\/de\/wp-json\/wp\/v2\/product_tag?post=5655"}],"curies":[{"name":"wp","href":"https:\/\/api.w.org\/{rel}","templated":true}]}}