{"id":5186,"date":"2018-05-09T09:57:36","date_gmt":"2018-05-09T07:57:36","guid":{"rendered":"https:\/\/www.elettrowebstore.com\/?post_type=product&#038;p=5186"},"modified":"2021-01-18T12:56:09","modified_gmt":"2021-01-18T11:56:09","slug":"custom-powerbank-batteria-esterna-portatile-capacita-4000-mah-pb40","status":"publish","type":"product","link":"https:\/\/www.elettrowebstore.com\/de\/shop\/custom-powerbank-externe-tragbare-batterie-kapazitat-4000-mah-pb40\/","title":{"rendered":"CUSTOM Powerbank tragbare externe Batterie Kapazit\u00e4t 4000 mAh PB40"},"content":{"rendered":"<h1>CUSTOM Powerbank tragbare externe Batterie Kapazit\u00e4t 4000 mAh PB40<\/h1>\n<h2>CUSTOM Powerbank tragbare externe Batteriekapazit\u00e4t 4000 mAh PB40 in 5 modischen Farben. Schlank, \"cool\" und f\u00fcr alle Lebenslagen geeignet. Verf\u00fcgbare Farben: t\u00fcrkis, rosa, gelb, schwarz und wei\u00df.<\/h2>\n<p>CUSTOM Powerbank portable externe Batteriekapazit\u00e4t 4000 mAh PB40 ist eine leistungsstarke Powerbank in 5 modischen Farben. Schlank, 'cool' und f\u00fcr alle Lebenslagen geeignet. Erh\u00e4ltlich in den Farben: t\u00fcrkis, rosa, gelb, schwarz und wei\u00df.<\/p>\n<p>&nbsp;<\/p>\n<h2><strong>Spezifikationen PB40 Tragbare Powerbank 4000 mAh Kapazit\u00e4t<br \/>\n<\/strong><\/h2>\n<ul>\n<li>Akku: 4000 mAh<\/li>\n<li><span class=\"a-list-item\">LED-Restladungsanzeige<\/span><\/li>\n<li><span class=\"a-list-item\">Fackel<\/span><\/li>\n<li>USB-Ausgang: 5V - 1,5A<\/li>\n<li>Micro USB-Eingang: 5V - 1,5A<\/li>\n<li>USB-Eingang: 5V, 1A<\/li>\n<li>Abmessungen: 90x90x14 mm<\/li>\n<li><span class=\"a-list-item\">Verf\u00fcgbare Farben: aquamarin, rosa, gelb, schwarz, wei\u00df<br \/>\n<\/span><\/li>\n<\/ul>\n<p>&nbsp;<\/p>\n<h2><strong>Beschreibung<\/strong><\/h2>\n<p>PB40 ist eine leistungsstarke Powerbank in 5 modischen Farben. Schlank, \"cool\" und f\u00fcr alle Lebenslagen geeignet. Erh\u00e4ltlich in den Farben: t\u00fcrkis, rosa, gelb, schwarz und wei\u00df.<\/p>\n<p>&nbsp;<\/p>\n<h2><strong>Lieferfrist<\/strong><\/h2>\n<p>Dieses Produkt ist immer zur sofortigen Lieferung verf\u00fcgbar. In der Tat kann es sofort bestellt werden und wird von ElettroWebStore innerhalb von 2 Werktagen ab dem Kaufdatum versandt.<\/p>\n<p>Dar\u00fcber hinaus sind alle Sendungen von ElettroWebStore frachtfrei!<\/p>\n<p><a href=\"https:\/\/www.elettrowebstore.com\/spedizioni-consegne-prodotti-italia-estero\/\"><img loading=\"lazy\" decoding=\"async\" class=\"aligncenter wp-image-5149 size-full\" src=\"https:\/\/www.elettrowebstore.com\/EWS_Store\/wp-content\/uploads\/2020\/04\/elettrowebstore-spedizione-con-corrieri-brt-sda-dhl_n75nxd.jpg\" alt=\"ElettroWebStore versendet mit schnellen Kurieren BRT SDA DHL\" width=\"649\" height=\"175\" srcset=\"https:\/\/www.elettrowebstore.com\/EWS_Store\/wp-content\/uploads\/elettrowebstore-spedizione-con-corrieri-brt-sda-dhl_n75nxd.jpg 649w, https:\/\/www.elettrowebstore.com\/EWS_Store\/wp-content\/uploads\/elettrowebstore-spedizione-con-corrieri-brt-sda-dhl_n75nxd-600x162.jpg 600w\" sizes=\"auto, (max-width: 649px) 100vw, 649px\" \/><\/a><\/p>\n<p>&nbsp;<\/p>\n<h2><strong>Akzeptierte Zahlungsmittel<\/strong><\/h2>\n<p><strong>Auf der Website von ElettroWebStore k\u00f6nnen Sie mit allen g\u00e4ngigen Methoden bezahlen<\/strong>sowohl internetspezifische (z. B. Prepaid-Karten) als auch traditionelle (z. B. klassische Kreditkarten).<\/p>\n<p><a href=\"https:\/\/www.elettrowebstore.com\/pagamenti-sicuri-sul-sito-elettrowebstore\/\"><img loading=\"lazy\" decoding=\"async\" class=\"aligncenter size-full wp-image-5151\" src=\"https:\/\/www.elettrowebstore.com\/EWS_Store\/wp-content\/uploads\/2020\/04\/elettrowebstore-pagamenti_berj9q.jpg\" alt=\"Auf der Website von ElettroWebStore akzeptierte Zahlungsarten\" width=\"649\" height=\"226\" srcset=\"https:\/\/www.elettrowebstore.com\/EWS_Store\/wp-content\/uploads\/elettrowebstore-pagamenti_berj9q.jpg 649w, https:\/\/www.elettrowebstore.com\/EWS_Store\/wp-content\/uploads\/elettrowebstore-pagamenti_berj9q-600x209.jpg 600w\" sizes=\"auto, (max-width: 649px) 100vw, 649px\" \/><\/a><\/p>\n<p>&nbsp;<\/p>\n<p>Alle Zahlungen werden \u00fcber die <a href=\"https:\/\/www.paypal.com\/it\/webapps\/mpp\/paypal-safety-and-security\"><strong>Paypal<\/strong><\/a>. Auch wenn Sie nicht \u00fcber Paypal verf\u00fcgen, k\u00f6nnen Sie bezahlen, ohne sich zu registrieren und Ihre Anmeldedaten zu speichern. Sie m\u00fcssen lediglich Ihre Daten auf den Paypal-Seiten eingeben.<\/p>\n<p>Unter keinen Umst\u00e4nden wird ElettroWebStore die Daten Ihrer Zahlungskarte bearbeiten oder davon Kenntnis erhalten. In der Tat, ElettroWebStore wird nur sehen, ob die Zahlung erfolgt ist oder nicht!<\/p>\n<p>Unsere Website verwendet HTTPS-Protokolle, die hohe Sicherheitsstandards f\u00fcr die Nutzer garantieren!<\/p>\n<p>&nbsp;<\/p>\n<h2><strong>Garantie<\/strong><\/h2>\n<p>ElettroWebStore und Custom gew\u00e4hren auf das Produkt eine Garantie von 24 Monaten nach dem Kauf f\u00fcr Privatanwender und von 12 Monaten f\u00fcr professionelle Anwender.<\/p>\n<p>Sie k\u00f6nnen Custom-Produkte in Sicherheit kaufen. Im Falle eines Problems k\u00f6nnen Sie sich auf das Netz der autorisierten technischen Kundendienststellen verlassen, sofern es in Ihrer Region welche gibt, oder direkt auf Custom oder ElettroWebStore.<\/p>\n<p>Custom vertreibt Qualit\u00e4tsprodukte zu erschwinglichen Preisen! Kaufen Sie mit Vertrauen, ElettroWebStore hilft Ihnen, wenn n\u00f6tig, auch nach dem Verkauf!<\/p>\n<p>PB40 ist ein Produkt, f\u00fcr das die italienische Original-Garantie des Herstellers gilt (g\u00fcltig f\u00fcr mindestens 24 Monate, gem\u00e4\u00df Gesetzesverordnung 24\/2002). Die genauen Garantiebedingungen sind in dem der Verpackung beiliegenden Dokument aufgef\u00fchrt.<\/p>\n<p>&nbsp;<\/p>\n<h2><strong>Weitere Informationen<\/strong><\/h2>\n<p>Um die Produktqualit\u00e4t zu verbessern, beh\u00e4lt sich der Hersteller das Recht vor, Materialien und Spezifikationen aus technischen und\/oder produktionstechnischen Gr\u00fcnden ohne vorherige Ank\u00fcndigung zu \u00e4ndern. Die hier gegebenen Beschreibungen und Bilder sind daher indikativ und k\u00f6nnen leicht vom Endprodukt abweichen.<\/p>\n<p>&nbsp;<\/p>\n<h2><strong>Die individuelle Marke<\/strong><\/h2>\n<p><a href=\"http:\/\/www.customlife.com\/\"><strong>Benutzerdefiniert<\/strong><\/a> S.p.A. ist heute eine Referenz in der Entwicklung und Umsetzung von mechatronischen Druck- und Scanl\u00f6sungen. Das Unternehmen bietet eine breite Palette von Produkten f\u00fcr die Automatisierung von \u00f6ffentlichen Dienstleistungen an.<\/p>\n<p>Das Unternehmen ist in sechs Gesch\u00e4ftsbereiche unterteilt, die auf vertikalen M\u00e4rkten t\u00e4tig sind, um eine strategische Diversifizierung der Aktivit\u00e4ten zu erreichen. Dar\u00fcber hinaus hat Custom in den letzten Jahren eine Reihe von Elektronik- und Mobiltelefonprodukten mit einem ausgezeichneten Preis-Leistungs-Verh\u00e4ltnis eingef\u00fchrt und verf\u00fcgt \u00fcber ein ausgedehntes Servicenetz in ganz Italien.<\/p>\n<p>Obwohl es sich um ein neues Unternehmen auf dem Gebiet der Telefonie und des Zubeh\u00f6rs handelt, pr\u00e4sentiert es sich als seri\u00f6ser und zuverl\u00e4ssiger Partner. Dies verdankt es seiner gro\u00dfen Erfahrung und Professionalit\u00e4t sowie den \"breiten Schultern\" eines Marktf\u00fchrers in den Sektoren, in denen es t\u00e4tig ist.<\/p>","protected":false},"excerpt":{"rendered":"<p>PB40 ist eine leistungsstarke Powerbank in 5 modischen Farben. Schlank, \"cool\" und f\u00fcr alle Lebenslagen geeignet. Erh\u00e4ltlich in den Farben: t\u00fcrkis, rosa, gelb, schwarz und wei\u00df.<\/p>","protected":false},"featured_media":0,"template":"","meta":[],"product_brand":[],"product_cat":[57],"product_tag":[296,214,307,262,303,305],"class_list":{"0":"post-5186","1":"product","2":"type-product","3":"status-publish","5":"product_cat-elettronica","6":"product_tag-batteria","7":"product_tag-custom","8":"product_tag-pb40","9":"product_tag-portatile","10":"product_tag-powerbank","11":"product_tag-ricarica","12":"product_shipping_class-pe","14":"first","15":"outofstock","16":"taxable","17":"shipping-taxable","18":"product-type-variable"},"_links":{"self":[{"href":"https:\/\/www.elettrowebstore.com\/de\/wp-json\/wp\/v2\/product\/5186","targetHints":{"allow":["GET"]}}],"collection":[{"href":"https:\/\/www.elettrowebstore.com\/de\/wp-json\/wp\/v2\/product"}],"about":[{"href":"https:\/\/www.elettrowebstore.com\/de\/wp-json\/wp\/v2\/types\/product"}],"wp:attachment":[{"href":"https:\/\/www.elettrowebstore.com\/de\/wp-json\/wp\/v2\/media?parent=5186"}],"wp:term":[{"taxonomy":"product_brand","embeddable":true,"href":"https:\/\/www.elettrowebstore.com\/de\/wp-json\/wp\/v2\/product_brand?post=5186"},{"taxonomy":"product_cat","embeddable":true,"href":"https:\/\/www.elettrowebstore.com\/de\/wp-json\/wp\/v2\/product_cat?post=5186"},{"taxonomy":"product_tag","embeddable":true,"href":"https:\/\/www.elettrowebstore.com\/de\/wp-json\/wp\/v2\/product_tag?post=5186"}],"curies":[{"name":"wp","href":"https:\/\/api.w.org\/{rel}","templated":true}]}}