{"id":5126,"date":"2018-04-24T07:03:53","date_gmt":"2018-04-24T05:03:53","guid":{"rendered":"https:\/\/www.elettrowebstore.com\/?post_type=product&#038;p=5126"},"modified":"2025-08-07T18:16:12","modified_gmt":"2025-08-07T16:16:12","slug":"reber-accessorio-grattugia-optional-per-motoriduttori","status":"publish","type":"product","link":"https:\/\/www.elettrowebstore.com\/de\/shop\/reber-optionales-reibezubehor-fur-getriebemotoren\/","title":{"rendered":"Reber Reibezubeh\u00f6r f\u00fcr Getriebemotoren 8900N-8910N"},"content":{"rendered":"<h2><strong>Reber Reibezubeh\u00f6r f\u00fcr Getriebemotoren <\/strong><\/h2>\n<p><strong>Reber Reibezubeh\u00f6r f\u00fcr Getriebemotoren<\/strong>die auf den bereits im Besitz des Kunden befindlichen Motor anzuwenden sind.<\/p>\n<p><strong>ACHTUNG! Diese Anzeige bezieht sich nur auf das Reibezubeh\u00f6r und beinhaltet nicht den Motor<\/strong>.<\/p>\n<p>&nbsp;<\/p>\n<h2><strong>Technische Daten<\/strong><\/h2>\n<ul>\n<li>Aluminiumgeh\u00e4use<\/li>\n<li>Verzinkte Stahlzahnwalze<\/li>\n<li>Kunststoffschublade f\u00fcr Lebensmittel<\/li>\n<li>Axialgetriebe mit \"Long Life\"-\u00d6lbad und geeignet f\u00fcr Lebensmittelkontakt<\/li>\n<li>Getestet mit 18-monatigem Parmesan, auch zum Reiben von Brot und Trockenfr\u00fcchten geeignet<\/li>\n<li>Italienische Qualit\u00e4t \"Made in Italy\".<\/li>\n<li>Der unten abgebildete Motor ist nicht im Angebot enthalten. Er wird nur gezeigt, um zu erkl\u00e4ren, wie das Produkt angebracht werden sollte.<\/li>\n<\/ul>\n<p>&nbsp;<\/p>\n<h2><strong>Beschreibung<\/strong><\/h2>\n<p><strong>Reber Reibezubeh\u00f6r f\u00fcr Getriebemotoren<\/strong> ist ideal, um den Motor in ein leistungsstarkes, professionelles Reibeger\u00e4t zu verwandeln. Mit diesem Zubeh\u00f6r erhalten Sie eine sehr leistungsstarke Reibe f\u00fcr harte Produkte.<\/p>\n<p>Die Option Gitter wird an der Vorderseite des Getriebemotors angebracht. Sie ist mit Flansch Nr. 3 f\u00fcr den Einsatz an 400-Watt- und 450-Watt-Motoren und mit Flansch Nr. 5 f\u00fcr den Einsatz an 500-Watt-, 600-Watt- und 1200-Watt-Getriebemotoren erh\u00e4ltlich.<\/p>\n<p>Die Reibe ist nicht ideal f\u00fcr die Verwendung mit Weichk\u00e4se und Lebensmitteln mit geringer Konsistenz.<\/p>\n<p>Diese Reibe eignet sich hervorragend f\u00fcr Hartk\u00e4se wie Parmesan, Grana Padano, etc.<\/p>\n<p>Sie ist mit einer verzinnten Stahlwalze ausgestattet, die nicht rostet. Das K\u00e4setablett ist sehr gro\u00df und besteht aus lebensmittelechtem Kunststoff. Dieses Tablett ist leicht abwaschbar, auch in der Sp\u00fclmaschine, und kann im Falle eines Bruchs f\u00fcr ein paar Euro nachgekauft werden.<\/p>\n<p>Die K\u00e4sepresse ist besonders robust und mit einer R\u00fcckholfeder ausgestattet, so dass sie automatisch in das Innere des Mundes geschoben wird, in den der K\u00e4se eingelegt werden soll.<\/p>\n<p>Die Walze l\u00e4sst sich leicht von der Vorderseite abnehmen, indem man die mit zwei Schrauben befestigte schwarze Kappe entfernt.<\/p>","protected":false},"excerpt":{"rendered":"<p>Optionaler Aufsatz f\u00fcr Reber-Motor. Wahlweise kleiner Aufsatz Nr. 3 f\u00fcr 400\/450 W Motoren oder gro\u00dfer Aufsatz f\u00fcr Nr. 5 500\/600\/1200 W Motoren. <span style=\"color: #ff0000;\"><strong>Kostenloser Versand nach Italien!<\/strong><\/span><\/p>","protected":false},"featured_media":166336,"template":"","meta":[],"product_brand":[],"product_cat":[273,17],"product_tag":[2051,2050,345,376,212,203,346,65],"class_list":{"0":"post-5126","1":"product","2":"type-product","3":"status-publish","4":"has-post-thumbnail","6":"product_cat-accessori-per-reber","7":"product_cat-casalinghi-cura-casa","8":"product_tag-8900n","9":"product_tag-8910n","10":"product_tag-accessorio","11":"product_tag-grattugia","12":"product_tag-n-3","13":"product_tag-n-5","14":"product_tag-optional","15":"product_tag-reber","16":"product_shipping_class-pe","18":"first","19":"instock","20":"taxable","21":"shipping-taxable","22":"purchasable","23":"product-type-variable","24":"has-default-attributes"},"_links":{"self":[{"href":"https:\/\/www.elettrowebstore.com\/de\/wp-json\/wp\/v2\/product\/5126","targetHints":{"allow":["GET"]}}],"collection":[{"href":"https:\/\/www.elettrowebstore.com\/de\/wp-json\/wp\/v2\/product"}],"about":[{"href":"https:\/\/www.elettrowebstore.com\/de\/wp-json\/wp\/v2\/types\/product"}],"wp:featuredmedia":[{"embeddable":true,"href":"https:\/\/www.elettrowebstore.com\/de\/wp-json\/wp\/v2\/media\/166336"}],"wp:attachment":[{"href":"https:\/\/www.elettrowebstore.com\/de\/wp-json\/wp\/v2\/media?parent=5126"}],"wp:term":[{"taxonomy":"product_brand","embeddable":true,"href":"https:\/\/www.elettrowebstore.com\/de\/wp-json\/wp\/v2\/product_brand?post=5126"},{"taxonomy":"product_cat","embeddable":true,"href":"https:\/\/www.elettrowebstore.com\/de\/wp-json\/wp\/v2\/product_cat?post=5126"},{"taxonomy":"product_tag","embeddable":true,"href":"https:\/\/www.elettrowebstore.com\/de\/wp-json\/wp\/v2\/product_tag?post=5126"}],"curies":[{"name":"wp","href":"https:\/\/api.w.org\/{rel}","templated":true}]}}