{"id":4972,"date":"2018-04-17T19:48:04","date_gmt":"2018-04-17T17:48:04","guid":{"rendered":"https:\/\/www.elettrowebstore.com\/?post_type=product&#038;p=4972"},"modified":"2026-03-31T10:17:48","modified_gmt":"2026-03-31T08:17:48","slug":"imperia-trafile-tagli-taglierina-duplex-macchine-pasta","status":"publish","type":"product","link":"https:\/\/www.elettrowebstore.com\/de\/shop\/imperia-schneidet-duplex-nudelmaschinen\/","title":{"rendered":"Imperia Stanzformen Duplex-Nudelmaschinen"},"content":{"rendered":"<h2><strong>Imperia Stanzformen Duplex-Nudelmaschinen<\/strong><\/h2>\n<p>Imperia Stanzformen Duplex Nudelmaschinen f\u00fcr alle manuellen Maschinen und auch f\u00fcr <a href=\"https:\/\/www.elettrowebstore.com\/shop\/imperia-pasta-presto-elettrica-macchina-della-pasta-a-motore-700\/\" target=\"_blank\" rel=\"noopener\"><strong>Nudeln Presto<\/strong><\/a>. Mit einem einzigen Zubeh\u00f6rteil ist es m\u00f6glich, zwei verschiedene Arten von Pasta herzustellen. Das Duplex-Zubeh\u00f6r ist f\u00fcr alle Imperia-Nudelmaschinen wie iPasta, Titania, Pasta Presto geeignet.<\/p>\n<p>&nbsp;<\/p>\n<p>&nbsp;<\/p>\n<h2><strong>Technische Daten Imperia Duplex-Stanzformen f\u00fcr Teigwarenmaschinen<br \/>\n<\/strong><\/h2>\n<p>Die IMPERIA-Duplex-Schneider f\u00fcr Nudelmaschinen sind komplett aus verchromtem, lebensmittelechtem Stahl gefertigt.<\/p>\n<p>Jedes von ihnen verf\u00fcgt \u00fcber alle Eigenschaften, um einen pr\u00e4zisen und qualitativ hochwertigen Schnitt zu erm\u00f6glichen, wobei reichlich Edelstahl verwendet wird. In der Tat ist diese Art von Artikel, im Vergleich zu anderen importierten, sehr schwer.<\/p>\n<p>Wir sprechen von Duplex-Schneiden, weil jeder von ihnen zwei Teigsorten mit unterschiedlichen Blattausf\u00fchrungen darstellt.<\/p>\n<p>Duplexschnitte sind in den folgenden Modellen erh\u00e4ltlich:<\/p>\n<ul>\n<li>Engelshaar mm.1,5 und Trenette mm.4<\/li>\n<li>Engelshaar mm.1,5 und Fettuccine mm.6,5<\/li>\n<li>Tagliatelle mm.2 und Trenette mm.4<\/li>\n<li>Tagliatelle mm.2 und Fettuccine mm.6,5<\/li>\n<li>Engelshaar mm.1,5 und Lasagnette mm.12<\/li>\n<li>Trenette mm.4 und Lasagnette mm.12<\/li>\n<li>Trenette mm.4 und Spaghetti Durchmesser 2 mm.<\/li>\n<li>Lasagnette mm.12 und Spaghetti \u00d8 2 mm.<\/li>\n<li>12 mm und 44 mm Riemen<\/li>\n<\/ul>\n<p>&nbsp;<\/p>\n<h2><strong>Weiteres Zubeh\u00f6r, das separat erworben werden kann<\/strong><\/h2>\n<p>Es ist auch m\u00f6glich, in unserem Shop zus\u00e4tzliches Zubeh\u00f6r f\u00fcr die manuelle Nudelmaschine Imperia iPasta zu erwerben, um die folgenden Nudelarten herzustellen: Tagliatelle, Fettuccine 100:<\/p>\n<ul>\n<li><strong><a href=\"https:\/\/www.elettrowebstore.com\/shop\/imperia-trafile-tagli-simplex-per-macchina-della-pasta\/\">runde Spaghetti Durchmesser mm.2 (einfach geschnitten)<\/a><\/strong><\/li>\n<li><strong><a href=\"https:\/\/www.elettrowebstore.com\/shop\/imperia-trafile-tagli-simplex-per-macchina-della-pasta\/\">Engelshaar mm.0,8 (einfacher Schnitt)<\/a><\/strong><\/li>\n<li><strong><a href=\"https:\/\/www.elettrowebstore.com\/shop\/imperia-trafile-tagli-simplex-per-macchina-della-pasta\/\">Engelshaar mm.1,5 (einfacher Schnitt)<\/a><\/strong><\/li>\n<li><strong><a href=\"https:\/\/www.elettrowebstore.com\/shop\/imperia-trafile-tagli-simplex-per-macchina-della-pasta\/\">Nudeln mm.2 (einfacher Schnitt)<\/a><\/strong><\/li>\n<li><strong><a href=\"https:\/\/www.elettrowebstore.com\/shop\/imperia-trafile-tagli-simplex-per-macchina-della-pasta\/\">Trenette mm.4 (einfacher Schnitt)<\/a><\/strong><\/li>\n<li><strong><a href=\"https:\/\/www.elettrowebstore.com\/shop\/imperia-trafile-tagli-simplex-per-macchina-della-pasta\/\">Fettuccine mm.6,5 (einfach geschnitten)<\/a><\/strong><\/li>\n<li><strong><a href=\"https:\/\/www.elettrowebstore.com\/shop\/imperia-trafile-tagli-simplex-per-macchina-della-pasta\/\">Lasagnette mm.12 (einfacher Schnitt)<\/a><\/strong><\/li>\n<li><strong><a href=\"https:\/\/www.elettrowebstore.com\/shop\/imperia-trafile-tagli-simplex-per-macchina-della-pasta\/\">Pappardelle mm.32 (einfach geschnitten)<\/a><\/strong><\/li>\n<li><strong><a href=\"https:\/\/www.elettrowebstore.com\/shop\/imperia-trafile-tagli-simplex-per-macchina-della-pasta\/\">lasagnette queens mm.12 (Einzelschnitt)<\/a><\/strong><\/li>\n<li><strong><a href=\"https:\/\/www.elettrowebstore.com\/shop\/imperia-trafile-tagli-simplex-per-macchina-della-pasta\/\">Pappardelle Reginette mm.44 (einfach geschnitten)<\/a><\/strong><\/li>\n<li><strong><a href=\"https:\/\/www.elettrowebstore.com\/shop\/imperia-ravioli-maker-accessorio-riavioli-macchine-della-pasta\/\">Raviolini 3\u00d73<\/a><\/strong><\/li>\n<li><strong><a href=\"https:\/\/www.elettrowebstore.com\/shop\/imperia-ravioli-maker-accessorio-riavioli-macchine-della-pasta\/\">Ravioli 5\u00d75<\/a><\/strong><\/li>\n<li><strong><a href=\"https:\/\/www.elettrowebstore.com\/EWS_Store\/prodotto\/imperia-accessorio-millegnocchi-cavatelli-gnocchetti\/\">Cavatelli<\/a><\/strong><\/li>\n<li><strong><a href=\"https:\/\/www.elettrowebstore.com\/EWS_Store\/prodotto\/imperia-accessorio-millegnocchi-cavatelli-gnocchetti\/\">Sardische Gnocchetti<\/a><\/strong><\/li>\n<li><strong><a href=\"https:\/\/www.elettrowebstore.com\/EWS_Store\/prodotto\/imperia-accessorio-millegnocchi-cavatelli-gnocchetti\/\">rigatelli<\/a><\/strong><\/li>\n<li><strong><a href=\"https:\/\/www.elettrowebstore.com\/shop\/imperia-pasta-facile-motore-per-macchina-della-pasta\/\">Motor f\u00fcr Nudeln Facile Nudelmaschine<\/a><\/strong><\/li>\n<\/ul>\n<p>Zus\u00e4tzliche Schnitte f\u00fcr Imperia-Nudelmaschinen gibt es in zwei Kategorien: Simplex und Duplex. Simplex-Schnitte sind Einzelschnitte, d.h. das Zubeh\u00f6r ist nur f\u00fcr eine Art von Nudelschnitt vorgesehen (z.B. nur f\u00fcr Gitarrenteigwaren). Der Duplex-Schneider hingegen ist so konzipiert, dass er zwei Arten von Schnitten aufnehmen kann<\/p>\n<p>Ebenfalls erh\u00e4ltlich ist der Imperia Pasta Facile-Motor, mit dem die Maschine ohne Handkurbel betrieben werden kann.<\/p>\n<p>&nbsp;<\/p>\n<h2><strong>Verf\u00fcgbarkeit IMPERIA Duplex-Stanzformen f\u00fcr Nudelmaschinen<br \/>\n<\/strong><\/h2>\n<p>Alle Duplex-Zuschnitte sind immer sofort lieferbar. Jeder kann innerhalb von 1-2 Werktagen ab dem Datum der Auftragsdefinition geliefert werden.<\/p>\n<p>&nbsp;<\/p>\n<h2><strong>Die Marke Imperia<\/strong><\/h2>\n<p><strong><a href=\"https:\/\/www.imperia.com\">Imperia<\/a><\/strong> wurde offiziell am 3. Februar 1932 als Weiterentwicklung einer kleinen Werkstatt gegr\u00fcndet. Sofort wurde mit der Produktion und dem Verkauf von Nudelmaschinen begonnen. Zun\u00e4chst war der Zielmarkt Italien, aber fast sofort begann der Export. Heute befinden sich die Hauptabnehmer in den Vereinigten Staaten von Amerika, oft Auswanderer, die die Nudelmaschine von Imperia kaufen, um sie als Erinnerung an alte Traditionen zu verwenden.<\/p>\n<p>Seit 2010 hat Imperia die <a href=\"https:\/\/www.la-monferrina.com\/chi_siamo.php\"><strong>La Monferrina<\/strong><\/a>und wird zu Imperia &amp; Monferrina S.p.a. Auf diese Weise spezialisierte sich das Unternehmen auf die Herstellung und den Verkauf von manuellen und elektrischen Nudelmaschinen, von der kleinsten f\u00fcr den Haushalt bis hin zu professionellen Labormaschinen.<\/p>\n<p>&nbsp;<\/p>\n<h2><strong>Garantie<\/strong><\/h2>\n<p>Das Produkt ist abgedeckt durch <a href=\"https:\/\/www.elettrowebstore.com\/due-anni-di-garanzia-su-ogni-prodotto-acquistato\/\"><strong>gesetzliche Garantie<\/strong><\/a>gem\u00e4\u00df der entsprechenden Seite auf unserer Website, die wir Sie bitten zu lesen. Wir bieten auch klare Informationen \u00fcber die Aus\u00fcbung der <a href=\"https:\/\/www.elettrowebstore.com\/diritto-di-recesso-restituzione-prodotti\/\"><strong>R\u00fccktrittsrecht<\/strong><\/a>.<\/p>\n<p><strong>Imperia Pasta Presto elektrische Nudelmaschine 700<\/strong> ist ein sch\u00f6nes Produkt f\u00fcr den Hausgebrauch! <a href=\"https:\/\/www.elettrowebstore.com\/shop\/estensione-di-garanzia-elettrodomestici-3-anni-fino-a-250-euro\/\"><strong>Erweiterte Garantie f\u00fcr weitere 3 Jahre erh\u00e4ltlich!<\/strong><\/a><\/p>\n<p>Um die Aus\u00fcbung dieses Rechts zu erleichtern, stellt der Produzent dem Kunden Folgendes zur Verf\u00fcgung <a href=\"https:\/\/www.retenellarete.it\/la-rete\/?regione=&amp;provincia=&amp;marca=imperia#k_afterSearch\"><strong>Autorisierte Servicestellen im ganzen Land<\/strong><\/a>.<\/p>\n<p>Weitere Informationen zu den einschl\u00e4gigen Rechtsvorschriften finden Sie auf der Website der<a href=\"http:\/\/www.agcm.it\/consumatore\/decalogo\/5102-garanzia-del-venditore-guida-per-il-consumatore.html\"><strong>Beh\u00f6rde f\u00fcr Wettbewerb und Markt<\/strong><\/a>.<\/p>\n<p>Um die Qualit\u00e4t des Produkts zu verbessern, beh\u00e4lt sich der Hersteller das Recht vor, die Materialien und technischen Merkmale des Artikels ohne vorherige Ank\u00fcndigung zu \u00e4ndern.  Dar\u00fcber hinaus sind die Beschreibungen und Bilder hier angegeben sind daher indikativ und kann leicht von dem Endprodukt abweichen.<\/p>\n<p>&nbsp;<\/p>\n<h2><strong>Lieferfrist<\/strong><\/h2>\n<p>Dieses Produkt ist immer zur sofortigen Lieferung verf\u00fcgbar. In der Tat kann es sofort bestellt werden und wird von ElettroWebStore innerhalb von 2 Werktagen ab dem Kaufdatum versandt.<\/p>\n<p>Dar\u00fcber hinaus sind alle Sendungen von ElettroWebStore frachtfrei!<\/p>\n<p>&nbsp;<\/p>\n<h2><strong>Akzeptierte Zahlungsmittel<\/strong><\/h2>\n<p><strong>Auf der Website von ElettroWebStore k\u00f6nnen Sie mit allen g\u00e4ngigen Methoden bezahlen<\/strong>sowohl internetspezifische (z. B. Prepaid-Karten) als auch traditionelle (z. B. klassische Kreditkarten).<\/p>\n<p>Um alle akzeptierten Zahlungsarten zu \u00fcberpr\u00fcfen, besuchen Sie bitte unsere Seite auf <a href=\"https:\/\/www.elettrowebstore.com\/pagamenti-sicuri-sul-sito-elettrowebstore\/\" target=\"_blank\" rel=\"noopener\"><strong>Zahlungsm\u00f6glichkeiten auf der Website von ElettroWebStore<\/strong><\/a>. In keinem Fall <strong>ElettroWebStore<\/strong> Ihre Zahlungskartendaten zu verwalten oder von ihnen Kenntnis zu erlangen. In der Tat <strong>ElettroWebStore<\/strong> wird nur angezeigt, ob die Zahlung erfolgt ist oder nicht!<\/p>\n<p>Unsere Website verwendet HTTPS-Protokolle, die hohe Sicherheitsstandards f\u00fcr die Nutzer garantieren!<\/p>","protected":false},"excerpt":{"rendered":"<ul>\n<li>Original Imperia, hergestellt in Italien<\/li>\n<li>Doppelmatrize f\u00fcr manuelle Nudelmaschinen von Imperia aller Typen<\/li>\n<li>Cutter mit zwei Arten von Schnitten. Die Kombinationen, die gekauft werden k\u00f6nnen, sind im Men\u00fc unten gezeigt<\/li>\n<li>Kann nur mit Haushaltsmaschinen der Linie Imperia verwendet werden<\/li>\n<li>Das Bild ist nur repr\u00e4sentativ<\/li>\n<\/ul>","protected":false},"featured_media":4985,"template":"","meta":[],"product_brand":[],"product_cat":[17,107],"product_tag":[183,1150,182,180,31,23,185,186,32,2731,181,184],"class_list":{"0":"post-4972","1":"product","2":"type-product","3":"status-publish","4":"has-post-thumbnail","6":"product_cat-casalinghi-cura-casa","7":"product_cat-macchine-della-pasta","8":"product_tag-capelli-dangelo","9":"product_tag-cutter","10":"product_tag-doppia","11":"product_tag-duplex","12":"product_tag-fettuccine","13":"product_tag-imperia","14":"product_tag-lasagnette","15":"product_tag-spaghetti","16":"product_tag-tagliatelle","17":"product_tag-taglierina","18":"product_tag-trafila","19":"product_tag-trenette","20":"product_shipping_class-pe","22":"first","23":"instock","24":"sale","25":"taxable","26":"shipping-taxable","27":"purchasable","28":"product-type-variable","29":"has-default-attributes"},"_links":{"self":[{"href":"https:\/\/www.elettrowebstore.com\/de\/wp-json\/wp\/v2\/product\/4972","targetHints":{"allow":["GET"]}}],"collection":[{"href":"https:\/\/www.elettrowebstore.com\/de\/wp-json\/wp\/v2\/product"}],"about":[{"href":"https:\/\/www.elettrowebstore.com\/de\/wp-json\/wp\/v2\/types\/product"}],"wp:featuredmedia":[{"embeddable":true,"href":"https:\/\/www.elettrowebstore.com\/de\/wp-json\/wp\/v2\/media\/4985"}],"wp:attachment":[{"href":"https:\/\/www.elettrowebstore.com\/de\/wp-json\/wp\/v2\/media?parent=4972"}],"wp:term":[{"taxonomy":"product_brand","embeddable":true,"href":"https:\/\/www.elettrowebstore.com\/de\/wp-json\/wp\/v2\/product_brand?post=4972"},{"taxonomy":"product_cat","embeddable":true,"href":"https:\/\/www.elettrowebstore.com\/de\/wp-json\/wp\/v2\/product_cat?post=4972"},{"taxonomy":"product_tag","embeddable":true,"href":"https:\/\/www.elettrowebstore.com\/de\/wp-json\/wp\/v2\/product_tag?post=4972"}],"curies":[{"name":"wp","href":"https:\/\/api.w.org\/{rel}","templated":true}]}}