{"id":42915,"date":"2020-12-17T12:28:14","date_gmt":"2020-12-17T11:28:14","guid":{"rendered":"https:\/\/www.elettrowebstore.com\/?post_type=product&#038;p=42915"},"modified":"2025-03-03T07:34:41","modified_gmt":"2025-03-03T06:34:41","slug":"reber-piastra-per-tritacarne-elettrico-n-5","status":"publish","type":"product","link":"https:\/\/www.elettrowebstore.com\/de\/shop\/reber-elektrischer-fleischwolf-platte-n-5\/","title":{"rendered":"Reber elektrischer Fleischwolf Platte Nr. 5"},"content":{"rendered":"<h2><strong>Reber elektrischer Fleischwolf Platte Nr. 5<\/strong><\/h2>\n<p>Die Reber-Fleischwolfplatte Nr. 5 besteht aus kohlenstoffgeh\u00e4rtetem C55-Stahl und ist die ideale Erg\u00e4nzung zu den elektrischen Reber-Fleischw\u00f6lfen, die den Fleischwolfk\u00f6rper Nr. 5 montieren. Dies ist das Modell, das nicht rostfrei ist. <strong>Daher kann diese Matrize bei unsachgem\u00e4\u00dfer Verwendung rosten!<\/strong><\/p>\n<p>Die Platte ist mit verschiedenen Lochdurchmessern erh\u00e4ltlich, die je nach Art des zu zerkleinernden Fleisches ausgew\u00e4hlt werden. Es ist m\u00f6glich, die Gr\u00f6\u00dfe des Lochdurchmessers jeder Platte aus dem Dropdown-Men\u00fc zu w\u00e4hlen.<\/p>\n<p>Es kann vorkommen, dass Platten mit L\u00f6chern in den von Ihnen gew\u00fcnschten Durchmessern nicht verf\u00fcgbar sind. In diesem Fall <a href=\"https:\/\/www.elettrowebstore.com\/contatta-lo-staff-di-elettrowebstore\/\"><strong>Sie k\u00f6nnen uns kontaktieren<\/strong><\/a> und wir werden in der Lage sein, Ihnen die gew\u00fcnschten Informationen mit ein paar zus\u00e4tzlichen Tagen Wartezeit zur Verf\u00fcgung zu stellen!<\/p>\n<p>F\u00fcr allgemeine Informationen \u00fcber <a href=\"https:\/\/www.elettrowebstore.com\/reber\/\" target=\"_blank\" rel=\"noopener\"><strong>Reber Produkte besuchen Sie die entsprechende Seite<\/strong><\/a>. Um alle Eigenschaften der elektrischen und manuellen Fleischw\u00f6lfe und unser gesamtes Sortiment im Detail analysieren zu k\u00f6nnen, <a href=\"https:\/\/www.elettrowebstore.com\/tritacarne-elettrici-e-manuali\/\" target=\"_blank\" rel=\"noopener\"><strong>Besuchen Sie unsere M\u00fchlen-Seite<\/strong><\/a>.<\/p>\n<p>&nbsp;<\/p>\n<h2><strong>Technische Daten<\/strong><strong><br \/>\n<\/strong><\/h2>\n<ul>\n<li>\n<div>Hergestellt aus C55-Kohlenstoffstahl<\/div>\n<\/li>\n<li>Konzipiert f\u00fcr die Verwendung mit Reber-Elektrow\u00f6lfen, die den Fleischwolfk\u00f6rper Nr. 5 montieren<\/li>\n<li>Geeignet f\u00fcr den Kontakt mit Lebensmitteln<\/li>\n<li>Verf\u00fcgbare Lochdurchmesser: mm. 3 - 4,5 - 6 - 8 - 10 - 12 - 14 - 16 - 18 - 20<\/li>\n<li>Verpackung in Blisterpackungen oder Pappkartons, die mit dem Strichcode des Artikels versehen sind<\/li>\n<\/ul>\n<p><strong>Achtung! Die Fotos der abgebildeten Platten sind nur ein Hinweis auf die Art der Platte, die Sie erhalten.<\/strong><\/p>\n<p>&nbsp;<\/p>\n<h2><strong>Beschreibung<\/strong><\/h2>\n<p>Die REBER-Fleischwolfplatte No.5 besteht aus C55-Kohlenstoffstahl und ist die ideale Erg\u00e4nzung f\u00fcr Reber-Fleischw\u00f6lfe, die den No.5-Fleischwolfk\u00f6rper aufnehmen.<\/p>\n<p>Diese Art von Stahl hat einen H\u00e4rtegrad, der dem von rostfreiem Stahl entspricht, so dass die Haltbarkeit und das Schnittbild des Produkts denen von rostfreiem Stahl sehr \u00e4hnlich sind. Optisch wirkt die Oberfl\u00e4che des Blechs gl\u00e4nzend poliert.<\/p>","protected":false},"excerpt":{"rendered":"<p>Reber-Elektrowolfplatte Nr. 5 aus geh\u00e4rtetem Kohlenstoffstahl. Kann rosten. Muss nach jedem Gebrauch gr\u00fcndlich gewaschen, getrocknet und eingefettet werden. Nur mit Messer aus gleichem Material kompatibel.<\/p>","protected":false},"featured_media":42996,"template":"","meta":[],"product_brand":[],"product_cat":[702,984],"product_tag":[1727,989,407,1728,986,987,351,988,990,1726,985,65,181,350],"class_list":{"0":"post-42915","1":"product","2":"type-product","3":"status-publish","4":"has-post-thumbnail","6":"product_cat-ricambi-botta-greenwood-imperia-monferrina-paini-reber","7":"product_cat-piastre-e-coltelli-per-tritacarne-reber","8":"product_tag-4007a","9":"product_tag-4714a","10":"product_tag-acciaio","11":"product_tag-acciaio-temperato-al-carbonio","12":"product_tag-c55","13":"product_tag-carbonio","14":"product_tag-carne","15":"product_tag-fori","16":"product_tag-macinatura","17":"product_tag-numero-5","18":"product_tag-piastra","19":"product_tag-reber","20":"product_tag-trafila","21":"product_tag-tritacarne","22":"product_shipping_class-pe-leggeri","24":"first","25":"instock","26":"taxable","27":"shipping-taxable","28":"purchasable","29":"product-type-variable","30":"has-default-attributes"},"_links":{"self":[{"href":"https:\/\/www.elettrowebstore.com\/de\/wp-json\/wp\/v2\/product\/42915","targetHints":{"allow":["GET"]}}],"collection":[{"href":"https:\/\/www.elettrowebstore.com\/de\/wp-json\/wp\/v2\/product"}],"about":[{"href":"https:\/\/www.elettrowebstore.com\/de\/wp-json\/wp\/v2\/types\/product"}],"wp:featuredmedia":[{"embeddable":true,"href":"https:\/\/www.elettrowebstore.com\/de\/wp-json\/wp\/v2\/media\/42996"}],"wp:attachment":[{"href":"https:\/\/www.elettrowebstore.com\/de\/wp-json\/wp\/v2\/media?parent=42915"}],"wp:term":[{"taxonomy":"product_brand","embeddable":true,"href":"https:\/\/www.elettrowebstore.com\/de\/wp-json\/wp\/v2\/product_brand?post=42915"},{"taxonomy":"product_cat","embeddable":true,"href":"https:\/\/www.elettrowebstore.com\/de\/wp-json\/wp\/v2\/product_cat?post=42915"},{"taxonomy":"product_tag","embeddable":true,"href":"https:\/\/www.elettrowebstore.com\/de\/wp-json\/wp\/v2\/product_tag?post=42915"}],"curies":[{"name":"wp","href":"https:\/\/api.w.org\/{rel}","templated":true}]}}