{"id":341547,"date":"2022-08-30T11:58:55","date_gmt":"2022-08-30T09:58:55","guid":{"rendered":"https:\/\/www.elettrowebstore.com\/?post_type=product&#038;p=341547"},"modified":"2025-01-16T19:44:58","modified_gmt":"2025-01-16T18:44:58","slug":"estensione-di-garanzia-elettrodomestici-3-anni-fino-a-250-euro","status":"publish","type":"product","link":"https:\/\/www.elettrowebstore.com\/de\/shop\/gerategarantieverlangerung-3-jahre-bis-250-euro\/","title":{"rendered":"3 Jahre Ger\u00e4tegarantieverl\u00e4ngerung bis zu 250 Euro"},"content":{"rendered":"<h2><strong>3 Jahre Ger\u00e4tegarantieverl\u00e4ngerung bis zu 250 Euro<\/strong><\/h2>\n<p>3 Jahre Ger\u00e4tegarantieverl\u00e4ngerung bis zu 250 Euro<\/p>\n<p>Service f\u00fcr weitere 36 Monate nach Ablauf der gesetzlichen Garantie.<\/p>\n<p>Nur bei gleichzeitigem Kauf eines neuen Produkts auf der ElettroWebStore-Website und nur f\u00fcr Produkte mit einem St\u00fcckwert von bis zu 250 Euro.<\/p>\n<p>F\u00fcr weitere Informationen \u00fcber die Garantie, <a href=\"https:\/\/www.elettrowebstore.com\/estensioni-di-garanzia-sui-prodotti-elettrici\/\" target=\"_blank\" rel=\"noopener\"><strong>besuchen Sie die entsprechende Seite mit allen Erkl\u00e4rungen<\/strong><\/a><\/p>\n<p>&nbsp;<\/p>\n<p>&nbsp;<\/p>","protected":false},"excerpt":{"rendered":"<p>Garantieverl\u00e4ngerung 3 Jahre bis zu 250 Euro mit Assistenzservice f\u00fcr weitere 36 Monate ab Ende der gesetzlichen Garantiezeit. Der Service kann nur in Verbindung mit dem Kauf eines Produkts auf der ElettroWebStore-Website und nur f\u00fcr Produkte mit einem St\u00fcckwert von bis zu 250 Euro erworben werden.<\/p>","protected":false},"featured_media":343774,"template":"","meta":[],"product_brand":[],"product_cat":[2629],"product_tag":[2634,2630,2631,2633,2636,2635,2632],"class_list":{"0":"post-341547","1":"product","2":"type-product","3":"status-publish","4":"has-post-thumbnail","6":"product_cat-estensioni-di-garanzia","7":"product_tag-250-euro-massimale","8":"product_tag-estensione","9":"product_tag-garanzia","10":"product_tag-garanzia3","11":"product_tag-polizza","12":"product_tag-prosecuzione","13":"product_tag-servizio-tecnico","14":"product_shipping_class-pe","16":"first","17":"instock","18":"taxable","19":"shipping-taxable","20":"purchasable","21":"product-type-simple"},"_links":{"self":[{"href":"https:\/\/www.elettrowebstore.com\/de\/wp-json\/wp\/v2\/product\/341547","targetHints":{"allow":["GET"]}}],"collection":[{"href":"https:\/\/www.elettrowebstore.com\/de\/wp-json\/wp\/v2\/product"}],"about":[{"href":"https:\/\/www.elettrowebstore.com\/de\/wp-json\/wp\/v2\/types\/product"}],"wp:featuredmedia":[{"embeddable":true,"href":"https:\/\/www.elettrowebstore.com\/de\/wp-json\/wp\/v2\/media\/343774"}],"wp:attachment":[{"href":"https:\/\/www.elettrowebstore.com\/de\/wp-json\/wp\/v2\/media?parent=341547"}],"wp:term":[{"taxonomy":"product_brand","embeddable":true,"href":"https:\/\/www.elettrowebstore.com\/de\/wp-json\/wp\/v2\/product_brand?post=341547"},{"taxonomy":"product_cat","embeddable":true,"href":"https:\/\/www.elettrowebstore.com\/de\/wp-json\/wp\/v2\/product_cat?post=341547"},{"taxonomy":"product_tag","embeddable":true,"href":"https:\/\/www.elettrowebstore.com\/de\/wp-json\/wp\/v2\/product_tag?post=341547"}],"curies":[{"name":"wp","href":"https:\/\/api.w.org\/{rel}","templated":true}]}}