{"id":189108,"date":"2022-06-22T16:31:47","date_gmt":"2022-06-22T14:31:47","guid":{"rendered":"https:\/\/www.elettrowebstore.com\/?post_type=product&#038;p=189108"},"modified":"2024-04-22T09:00:21","modified_gmt":"2024-04-22T07:00:21","slug":"copertura-gazebo-oregon-3x3-in-poliestere-sabbia-cop371","status":"publish","type":"product","link":"https:\/\/www.elettrowebstore.com\/de\/shop\/gazebo-abdeckung-oregon-3x3-polyester-sand-cop371\/","title":{"rendered":"Abdeckung f\u00fcr Eisen-Pavillon Oregon 3X3 in Polyester Sand COP371"},"content":{"rendered":"<h2><strong>Abdeckung f\u00fcr Eisen-Pavillon Oregon 3X3 in Polyester Sand COP371 <\/strong><\/h2>\n<p>Der Pavillon ist eine der am h\u00e4ufigsten verwendeten L\u00f6sungen im Bereich der Au\u00dfenm\u00f6bel. Er eignet sich gut, um im Sommer schattige Pl\u00e4tze zu erhalten und ist einfach zu benutzen, da er leicht auf- und abgebaut werden kann.<\/p>\n<p>Der Eisenpavillon Oregon 3X3 mit Sand und Polyesterabdeckung GAZ371 hat eine mittlere Gr\u00f6\u00dfe von 9 Quadratmetern und eignet sich perfekt f\u00fcr die Einrichtung eines Gartens oder einer gro\u00dfen Terrasse.<\/p>\n<p>Der Umschlag ist in <strong>harzbeschichtetes Polyester <\/strong>Mit einem Gewicht von 210 g ist die Jacke sandfarben und winddicht und bietet eine hervorragende Abdeckung, w\u00e4hrend sie die Sonnenstrahlen filtert. Harzbeschichtetes Polyester ist ein Material, das eine gute Best\u00e4ndigkeit gegen Wasserdurchl\u00e4ssigkeit aufweist. Es handelt sich nicht um ein wasserabweisendes Produkt, aber die Harzbeschichtung verleiht dem Polyestergewebe Festigkeit. Dies tr\u00e4gt dazu bei, das Eindringen von Regenwasser zu begrenzen. Der Pavillon wird komplett mit Seitenvorh\u00e4ngen und ecru-farbenen Moskitovorh\u00e4ngen geliefert.<\/p>\n<p>&nbsp;<\/p>\n<p><img loading=\"lazy\" decoding=\"async\" class=\"size-full wp-image-171097 aligncenter\" src=\"https:\/\/www.elettrowebstore.com\/EWS_Store\/wp-content\/uploads\/gazebo-oregon-in_ferro-3x3-copertura_in_poliestere_sabbia-GAZ371-1.jpg\" alt=\"Oregon Eisen-Pavillon 3X3 Sand Polyester Abdeckung GAZ371\" width=\"800\" height=\"600\" srcset=\"https:\/\/www.elettrowebstore.com\/EWS_Store\/wp-content\/uploads\/gazebo-oregon-in_ferro-3x3-copertura_in_poliestere_sabbia-GAZ371-1.jpg 800w, https:\/\/www.elettrowebstore.com\/EWS_Store\/wp-content\/uploads\/gazebo-oregon-in_ferro-3x3-copertura_in_poliestere_sabbia-GAZ371-1-600x450.jpg 600w, https:\/\/www.elettrowebstore.com\/EWS_Store\/wp-content\/uploads\/gazebo-oregon-in_ferro-3x3-copertura_in_poliestere_sabbia-GAZ371-1-768x576.jpg 768w\" sizes=\"auto, (max-width: 800px) 100vw, 800px\" \/><\/p>\n<h2><\/h2>\n<p>Die Anzeige bezieht sich nur auf den sandfarbenen Polyesterbezug. Der Pavillon wird in dieser Anzeige NICHT verkauft!<\/p>\n<h2><strong>Garantie<\/strong><\/h2>\n<p>Das Produkt ist abgedeckt durch <a href=\"https:\/\/www.elettrowebstore.com\/due-anni-di-garanzia-su-ogni-prodotto-acquistato\/\"><strong>gesetzliche Garantie<\/strong><\/a>gem\u00e4\u00df der entsprechenden Seite auf unserer Website, die wir Sie bitten zu lesen. Wir bieten auch klare Informationen \u00fcber die Aus\u00fcbung der <a href=\"https:\/\/www.elettrowebstore.com\/diritto-di-recesso-restituzione-prodotti\/\"><strong>R\u00fccktrittsrecht<\/strong><\/a>.<\/p>\n<p>F\u00fcr Gartenm\u00f6bel gibt es auf dem nationalen Hoheitsgebiet keine autorisierten Kundendienstzentren (CAT). Der Einbau von Produkten und Ersatzteilen liegt in der alleinigen Verantwortung des K\u00e4ufers.<\/p>\n<p><strong>Outdoor-M\u00f6bel sind zwar f\u00fcr den Aufenthalt im Freien konzipiert, brauchen aber auch Pflege und Aufmerksamkeit<\/strong>insbesondere bei Artikeln aus empfindlichen Materialien. Daher bedeutet der Kauf eines Gartenprodukts nicht, dass man einen unzerst\u00f6rbaren oder wartungsfreien Gegenstand kauft. Im Gegenteil, einige Materialien wie H\u00f6lzer, Harze, nicht verzinkter Stahl erfordern Pflege, Reinigung und Aufmerksamkeit. Bei Gegenst\u00e4nden wie Sonnenschirmen und Pavillons muss der Segeleffekt bei schlechtem Wetter vermieden werden (Sonnenschirme m\u00fcssen geschlossen werden). Bei starkem Regen oder Schnee sind die Konstruktionen m\u00f6glicherweise nicht stabil genug, um dem standzuhalten.<\/p>\n<p>Daher empfehlen wir allen Kunden, vor dem Kauf ihre Bed\u00fcrfnisse und die Eigenschaften des Produkts sorgf\u00e4ltig zu pr\u00fcfen.<\/p>\n<p>Weder die Hersteller noch ElettroWebStore k\u00f6nnen im Rahmen der Garantie oder des Kundendienstes Artikel ersetzen, die, obwohl sie erst k\u00fcrzlich gekauft wurden, abgenutzt sind oder sich in ihrem urspr\u00fcnglichen Zustand verschlechtert haben.<\/p>\n<p>Weitere Informationen zu den einschl\u00e4gigen Rechtsvorschriften finden Sie auf der Website der<a href=\"http:\/\/www.agcm.it\/consumatore\/decalogo\/5102-garanzia-del-venditore-guida-per-il-consumatore.html\"><strong>Beh\u00f6rde f\u00fcr Wettbewerb und Markt<\/strong><\/a>.<\/p>\n<p>Um die Qualit\u00e4t des Produkts zu verbessern, beh\u00e4lt sich der Hersteller das Recht vor, die Materialien und technischen Merkmale des Artikels ohne vorherige Ank\u00fcndigung zu \u00e4ndern.  Dar\u00fcber hinaus sind die Beschreibungen und Bilder hier angegeben sind daher indikativ und kann leicht von dem Endprodukt abweichen.<\/p>\n<p>&nbsp;<\/p>\n<h2><strong>Lieferzeiten und Produktverf\u00fcgbarkeit<br \/>\n<\/strong><\/h2>\n<p>Outdoor-M\u00f6bel sind importierte Produkte. Ihre Verf\u00fcgbarkeit kann ohne Vorank\u00fcndigung variieren, auch wenn die Website angibt, dass die Waren verf\u00fcgbar sind. Aus diesem Grund laden wir Sie ein, sich in dringenden F\u00e4llen oder f\u00fcr ausf\u00fchrlichere Informationen an <a href=\"https:\/\/www.elettrowebstore.com\/contatta-lo-staff-di-elettrowebstore\/\"><strong>Kontaktaufnahme per E-Mail<\/strong><\/a> zur weiteren Kl\u00e4rung.<\/p>\n<p>Wenn das Produkt in einem unserer Lager zur sofortigen Lieferung verf\u00fcgbar ist, kann es sofort bestellt werden. Es wird dann von ElettroWebStore versandt<strong> innerhalb von 10 Arbeitstagen ab dem Datum des Kaufs<\/strong>.<\/p>\n<p>Dar\u00fcber hinaus sind alle Sendungen von ElettroWebStore frachtfrei!<\/p>\n<p>Neben den unten genannten Kurierdiensten nutzt ElettroWebStore auch andere landesweit t\u00e4tige Spediteure mit lokalen Korrespondenten f\u00fcr den Versand gro\u00dfvolumiger Sendungen. Letztere sind in der Regel auf den Versand und die Zustellung sperriger Sendungen spezialisiert, da sie \u00fcber spezifische lokale Korrespondenten auf dem nationalen Gebiet verf\u00fcgen.<\/p>\n<p>Wir erinnern Sie daran:<\/p>\n<ol>\n<li>Die Waren werden im Erdgeschoss zur Stra\u00dfe hin geliefert. Es gibt keine Lieferung auf dem Boden, wenn nicht ausdr\u00fccklich mit ElettroWebStore vereinbart;<\/li>\n<li>In Anbetracht des Volumens vieler Au\u00dfenm\u00f6bel ist es immer ratsam, die Pakete vor dem Entladen sorgf\u00e4ltig zu pr\u00fcfen und auf dem Transportdokument oder am Terminal des Spediteurs alle \u00e4u\u00dferen M\u00e4ngel des Produkts zu vermerken.<\/li>\n<\/ol>\n<p><img loading=\"lazy\" decoding=\"async\" class=\"aligncenter size-full wp-image-41372\" src=\"https:\/\/www.elettrowebstore.com\/EWS_Store\/wp-content\/uploads\/.\/elettrowebstore-spedizione-con-corrieri-brt-sda-dhl-nexive-ld.jpg\" alt=\"Dies sind die Kuriere, mit denen ElettroWebStore.com versendet\" width=\"800\" height=\"189\" srcset=\"https:\/\/www.elettrowebstore.com\/EWS_Store\/wp-content\/uploads\/elettrowebstore-spedizione-con-corrieri-brt-sda-dhl-nexive-ld.jpg 800w, https:\/\/www.elettrowebstore.com\/EWS_Store\/wp-content\/uploads\/elettrowebstore-spedizione-con-corrieri-brt-sda-dhl-nexive-ld-600x142.jpg 600w, https:\/\/www.elettrowebstore.com\/EWS_Store\/wp-content\/uploads\/elettrowebstore-spedizione-con-corrieri-brt-sda-dhl-nexive-ld-768x181.jpg 768w\" sizes=\"auto, (max-width: 800px) 100vw, 800px\" \/><\/p>\n<p>&nbsp;<\/p>\n<h2><strong>Akzeptierte Zahlungsmittel<\/strong><\/h2>\n<p><strong>Auf der Website von ElettroWebStore k\u00f6nnen Sie mit allen g\u00e4ngigen Methoden bezahlen<\/strong>sowohl internetspezifische (z. B. Prepaid-Karten) als auch traditionelle (z. B. klassische Kreditkarten).<\/p>\n<p><img loading=\"lazy\" decoding=\"async\" class=\"aligncenter size-full wp-image-41371\" src=\"https:\/\/www.elettrowebstore.com\/EWS_Store\/wp-content\/uploads\/.\/elettrowebstore-pagamenti-accettati-ld.jpg\" alt=\"Dies sind die von ElettroWebStore.com akzeptierten Zahlungsarten\" width=\"800\" height=\"199\" srcset=\"https:\/\/www.elettrowebstore.com\/EWS_Store\/wp-content\/uploads\/elettrowebstore-pagamenti-accettati-ld.jpg 800w, https:\/\/www.elettrowebstore.com\/EWS_Store\/wp-content\/uploads\/elettrowebstore-pagamenti-accettati-ld-600x149.jpg 600w, https:\/\/www.elettrowebstore.com\/EWS_Store\/wp-content\/uploads\/elettrowebstore-pagamenti-accettati-ld-768x191.jpg 768w\" sizes=\"auto, (max-width: 800px) 100vw, 800px\" \/><\/p>\n<p>&nbsp;<\/p>\n<p>Alle Zahlungen werden \u00fcber die <a href=\"https:\/\/www.paypal.com\/it\/webapps\/mpp\/paypal-safety-and-security\"><strong>Paypal<\/strong><\/a>. Auch wenn Sie nicht \u00fcber Paypal verf\u00fcgen, k\u00f6nnen Sie bezahlen, ohne sich zu registrieren und Ihre Anmeldedaten zu speichern. Sie m\u00fcssen lediglich Ihre Daten auf den Paypal-Seiten eingeben.<\/p>\n<p>In keinem Fall <a href=\"http:\/\/www.elettrowebstore.com\"><strong>ElettroWebStore<\/strong><\/a> Ihre Zahlungskartendaten zu verwalten oder von ihnen Kenntnis zu erlangen. In der Tat <a href=\"http:\/\/www.elettrowebstore.com\"><strong>ElettroWebStore<\/strong><\/a> wird nur angezeigt, ob die Zahlung erfolgt ist oder nicht!<\/p>\n<p>Unsere Website verwendet HTTPS-Protokolle, die hohe Sicherheitsstandards f\u00fcr die Nutzer garantieren!<\/p>","protected":false},"excerpt":{"rendered":"<p>Oregon Eisen Pavillon Abdeckung 3X3, Polyester Sand COP371<\/p>","protected":false},"featured_media":171097,"template":"","meta":[],"product_brand":[],"product_cat":[18],"product_tag":[2331,2591,788,1178,2349,781,792,779],"class_list":{"0":"post-189108","1":"product","2":"type-product","3":"status-publish","4":"has-post-thumbnail","6":"product_cat-arredo_giardino_esterno_outdoor","7":"product_tag-210gr","8":"product_tag-cop371","9":"product_tag-copertura","10":"product_tag-ferro","11":"product_tag-gaz371","12":"product_tag-gazebo","13":"product_tag-metri","14":"product_tag-poliestere","15":"product_shipping_class-garden","17":"first","18":"instock","19":"taxable","20":"shipping-taxable","21":"purchasable","22":"product-type-simple"},"_links":{"self":[{"href":"https:\/\/www.elettrowebstore.com\/de\/wp-json\/wp\/v2\/product\/189108","targetHints":{"allow":["GET"]}}],"collection":[{"href":"https:\/\/www.elettrowebstore.com\/de\/wp-json\/wp\/v2\/product"}],"about":[{"href":"https:\/\/www.elettrowebstore.com\/de\/wp-json\/wp\/v2\/types\/product"}],"wp:featuredmedia":[{"embeddable":true,"href":"https:\/\/www.elettrowebstore.com\/de\/wp-json\/wp\/v2\/media\/171097"}],"wp:attachment":[{"href":"https:\/\/www.elettrowebstore.com\/de\/wp-json\/wp\/v2\/media?parent=189108"}],"wp:term":[{"taxonomy":"product_brand","embeddable":true,"href":"https:\/\/www.elettrowebstore.com\/de\/wp-json\/wp\/v2\/product_brand?post=189108"},{"taxonomy":"product_cat","embeddable":true,"href":"https:\/\/www.elettrowebstore.com\/de\/wp-json\/wp\/v2\/product_cat?post=189108"},{"taxonomy":"product_tag","embeddable":true,"href":"https:\/\/www.elettrowebstore.com\/de\/wp-json\/wp\/v2\/product_tag?post=189108"}],"curies":[{"name":"wp","href":"https:\/\/api.w.org\/{rel}","templated":true}]}}