{"id":181926,"date":"2022-05-13T16:31:43","date_gmt":"2022-05-13T14:31:43","guid":{"rendered":"https:\/\/www.elettrowebstore.com\/?post_type=product&#038;p=181926"},"modified":"2022-05-16T14:54:04","modified_gmt":"2022-05-16T12:54:04","slug":"kit-piastra-base-per-restaurant-elettronica-imperia-krbt-a03","status":"publish","type":"product","link":"https:\/\/www.elettrowebstore.com\/de\/shop\/grundplattenkit-fur-elektronisches-restaurant-imperia-krbt-a03\/","title":{"rendered":"Bausatz Grundplatte f\u00fcr Restaurant-Elektronik Imperia KRBT-A03"},"content":{"rendered":"<h2><strong>Bausatz Grundplatte f\u00fcr Restaurant-Elektronik Imperia KRBT-A03 <\/strong><\/h2>\n<p>Das Imperia KRBT-A03 Electronic Restaurant Base Plate Kit ist das <strong>Ersatz <\/strong>f\u00fcr glatte Abstreifer, die mit der Elettronica Imperia 230V mod.042 kompatibel sind. Bitte beachten Sie, dass das Modell gerade erw\u00e4hnt ist nicht mehr in der Produktion.<\/p>\n<p>Dies ist ein Ersatzteil, das klassifiziert werden kann als <strong>Verbrauchsmaterial<\/strong>. Es ist daher normal, dass es sich abnutzt. Daher ist die Garantie f\u00fcr dieses Ersatzteil auch zeitlich auf den Zeitpunkt des Erhalts begrenzt.<\/p>\n<p>Ersatzteile sind normalerweise immer verf\u00fcgbar. Dennoch ist es immer am besten, ihre Verf\u00fcgbarkeit zu pr\u00fcfen, da einige Teile schwieriger zu finden sein k\u00f6nnen.<\/p>\n<p>Das Imperia KRBT-A03 Electronic Restaurant Base Plate Kit besteht aus genau dem, was auf dem folgenden Bild zu sehen ist:<\/p>\n<p>&nbsp;<\/p>\n<p><img loading=\"lazy\" decoding=\"async\" class=\"size-full wp-image-182364 aligncenter\" src=\"https:\/\/www.elettrowebstore.com\/EWS_Store\/wp-content\/uploads\/IMPERIA-kit-piastra-base-restaurant-elettronica-KRBT-A03-1.jpg\" alt=\"Bausatz Grundplatte f\u00fcr Restaurant-Elektronik Imperia KRBT-A03\" width=\"600\" height=\"600\" srcset=\"https:\/\/www.elettrowebstore.com\/EWS_Store\/wp-content\/uploads\/IMPERIA-kit-piastra-base-restaurant-elettronica-KRBT-A03-1.jpg 600w, https:\/\/www.elettrowebstore.com\/EWS_Store\/wp-content\/uploads\/IMPERIA-kit-piastra-base-restaurant-elettronica-KRBT-A03-1-200x200.jpg 200w, https:\/\/www.elettrowebstore.com\/EWS_Store\/wp-content\/uploads\/IMPERIA-kit-piastra-base-restaurant-elettronica-KRBT-A03-1-100x100.jpg 100w\" sizes=\"auto, (max-width: 600px) 100vw, 600px\" \/><\/p>\n<p>&nbsp;<\/p>\n<h2><strong>Technische Daten Bausatz Grundplatte f\u00fcr Restaurantelektronik Imperia KRBT-A03<br \/>\n<\/strong><\/h2>\n<p>&nbsp;<\/p>\n<ul>\n<li>Grundplatte St.1<\/li>\n<li>anonyme Verpackung<\/li>\n<li>anwendbar auf Imperia Elektronischer Gastst\u00e4ttenausschneider 230V mod.042<\/li>\n<li>Ersatzteilnummer KRBT-A03<\/li>\n<\/ul>\n<p>&nbsp;<\/p>\n<h2><strong>Die Marke Imperia<\/strong><\/h2>\n<p><a href=\"http:\/\/www.imperia.com\" target=\"_blank\" rel=\"noopener noreferrer\"><img loading=\"lazy\" decoding=\"async\" class=\"alignleft wp-image-687\" src=\"https:\/\/www.elettrowebstore.com\/EWS_Store\/wp-content\/uploads\/2020\/04\/imperia-logo_c4iggk_687c588e.jpg\" alt=\"IMPERIA-Logo\" width=\"248\" height=\"59\" \/><\/a>Die Firma Imperia wurde offiziell am 3. Februar 1932 gegr\u00fcndet und ging aus einer kleinen Werkstatt hervor. Sie begann sofort mit dem weltweiten Vertrieb von Nudelmaschinen.<\/p>\n<p>Der Hauptzielmarkt sind die Vereinigten Staaten von Amerika und ihre zahlreichen italienischen Auswanderer. Diese stellen n\u00e4mlich dank der Verwendung von Nudelmaschinen eine Art emotionale Bindung zu den Aromen ihrer fernen Heimat her.<\/p>\n<p>Heute sind die Produkte von Imperia in \u00fcber 70 L\u00e4ndern der Welt zu finden.<\/p>\n<p>Au\u00dferdem findet die Produktion vollst\u00e4ndig in Italien statt und jedes Produkt ist ein hundertprozentiges italienisches Artefakt. Tats\u00e4chlich wird jedes St\u00fcck mit nationalen Arbeitskr\u00e4ften und Rohstoffen hergestellt. Imperia ist echtes Made in Italy.<\/p>\n<p>&nbsp;<\/p>\n<h2><strong>Garantie<\/strong><\/h2>\n<p>Dieser Artikel ist ein Ersatzteil, das als Verbrauchsmaterial definiert werden kann. Er f\u00e4llt daher nicht unter eine herk\u00f6mmliche oder Verbrauchergarantie. Es handelt sich vielmehr um ein Produkt, das der Abnutzung unterliegt.<\/p>\n<p>&nbsp;<\/p>\n<h2><strong>Lieferfrist<\/strong><\/h2>\n<p>Dieses Produkt ist immer zur sofortigen Lieferung verf\u00fcgbar. In der Tat kann es sofort bestellt werden und wird von ElettroWebStore innerhalb von 2 Werktagen ab dem Kaufdatum versandt.<\/p>\n<p>Dar\u00fcber hinaus sind alle Sendungen von ElettroWebStore frachtfrei!<\/p>\n<p><img loading=\"lazy\" decoding=\"async\" class=\"size-full wp-image-41372 aligncenter\" src=\"https:\/\/www.elettrowebstore.com\/EWS_Store\/wp-content\/uploads\/.\/elettrowebstore-spedizione-con-corrieri-brt-sda-dhl-nexive-ld.jpg\" alt=\"Dies sind die Kuriere, mit denen ElettroWebStore.com versendet\" width=\"800\" height=\"189\" srcset=\"https:\/\/www.elettrowebstore.com\/EWS_Store\/wp-content\/uploads\/elettrowebstore-spedizione-con-corrieri-brt-sda-dhl-nexive-ld.jpg 800w, https:\/\/www.elettrowebstore.com\/EWS_Store\/wp-content\/uploads\/elettrowebstore-spedizione-con-corrieri-brt-sda-dhl-nexive-ld-600x142.jpg 600w, https:\/\/www.elettrowebstore.com\/EWS_Store\/wp-content\/uploads\/elettrowebstore-spedizione-con-corrieri-brt-sda-dhl-nexive-ld-768x181.jpg 768w\" sizes=\"auto, (max-width: 800px) 100vw, 800px\" \/><\/p>\n<p>&nbsp;<\/p>\n<h2><strong>Akzeptierte Zahlungsmittel<\/strong><\/h2>\n<p><strong>Auf der Website von ElettroWebStore k\u00f6nnen Sie mit allen g\u00e4ngigen Methoden bezahlen<\/strong>sowohl internetspezifische (z. B. Prepaid-Karten) als auch traditionelle (z. B. klassische Kreditkarten).<\/p>\n<p><img loading=\"lazy\" decoding=\"async\" class=\"size-full wp-image-41371 aligncenter\" src=\"https:\/\/www.elettrowebstore.com\/EWS_Store\/wp-content\/uploads\/.\/elettrowebstore-pagamenti-accettati-ld.jpg\" alt=\"Dies sind die von ElettroWebStore.com akzeptierten Zahlungsarten\" width=\"800\" height=\"199\" srcset=\"https:\/\/www.elettrowebstore.com\/EWS_Store\/wp-content\/uploads\/elettrowebstore-pagamenti-accettati-ld.jpg 800w, https:\/\/www.elettrowebstore.com\/EWS_Store\/wp-content\/uploads\/elettrowebstore-pagamenti-accettati-ld-600x149.jpg 600w, https:\/\/www.elettrowebstore.com\/EWS_Store\/wp-content\/uploads\/elettrowebstore-pagamenti-accettati-ld-768x191.jpg 768w\" sizes=\"auto, (max-width: 800px) 100vw, 800px\" \/><\/p>\n<p>&nbsp;<\/p>\n<p>Alle Zahlungen werden \u00fcber die <a href=\"https:\/\/www.paypal.com\/it\/webapps\/mpp\/paypal-safety-and-security\"><strong>Paypal<\/strong><\/a>. Auch wenn Sie nicht \u00fcber Paypal verf\u00fcgen, k\u00f6nnen Sie bezahlen, ohne sich zu registrieren und Ihre Anmeldedaten zu speichern. Sie m\u00fcssen lediglich Ihre Daten auf den Paypal-Seiten eingeben.<\/p>\n<p>In keinem Fall <a href=\"http:\/\/www.elettrowebstore.com\"><strong>ElettroWebStore<\/strong><\/a> Ihre Zahlungskartendaten zu verwalten oder von ihnen Kenntnis zu erlangen. In der Tat <a href=\"http:\/\/www.elettrowebstore.com\"><strong>ElettroWebStore<\/strong><\/a> wird nur angezeigt, ob die Zahlung erfolgt ist oder nicht!<\/p>\n<p>Unsere Website verwendet HTTPS-Protokolle, die hohe Sicherheitsstandards f\u00fcr die Nutzer garantieren!<\/p>","protected":false},"excerpt":{"rendered":"<p>Die <strong>Bausatz Grundplatte f\u00fcr Restaurant-Elektronik Imperia KRBT-A03 <\/strong>ist das kompatible Ersatzteil f\u00fcr das Restaurant Elettronica Imperia. <span style=\"color: #ed1c24;\"><strong>Kostenloser Versand!<\/strong><\/span><\/p>","protected":false},"featured_media":182364,"template":"","meta":[],"product_brand":[],"product_cat":[17,702],"product_tag":[23,974,2529,265,478,406,30],"class_list":{"0":"post-181926","1":"product","2":"type-product","3":"status-publish","4":"has-post-thumbnail","6":"product_cat-casalinghi-cura-casa","7":"product_cat-ricambi-botta-greenwood-imperia-monferrina-paini-reber","8":"product_tag-imperia","9":"product_tag-kit","10":"product_tag-krbt-a03","11":"product_tag-restaurant","12":"product_tag-ricambio","13":"product_tag-sfoglia","14":"product_tag-sfogliatrice","15":"product_shipping_class-pe","17":"first","18":"instock","19":"taxable","20":"shipping-taxable","21":"purchasable","22":"product-type-simple"},"_links":{"self":[{"href":"https:\/\/www.elettrowebstore.com\/de\/wp-json\/wp\/v2\/product\/181926","targetHints":{"allow":["GET"]}}],"collection":[{"href":"https:\/\/www.elettrowebstore.com\/de\/wp-json\/wp\/v2\/product"}],"about":[{"href":"https:\/\/www.elettrowebstore.com\/de\/wp-json\/wp\/v2\/types\/product"}],"wp:featuredmedia":[{"embeddable":true,"href":"https:\/\/www.elettrowebstore.com\/de\/wp-json\/wp\/v2\/media\/182364"}],"wp:attachment":[{"href":"https:\/\/www.elettrowebstore.com\/de\/wp-json\/wp\/v2\/media?parent=181926"}],"wp:term":[{"taxonomy":"product_brand","embeddable":true,"href":"https:\/\/www.elettrowebstore.com\/de\/wp-json\/wp\/v2\/product_brand?post=181926"},{"taxonomy":"product_cat","embeddable":true,"href":"https:\/\/www.elettrowebstore.com\/de\/wp-json\/wp\/v2\/product_cat?post=181926"},{"taxonomy":"product_tag","embeddable":true,"href":"https:\/\/www.elettrowebstore.com\/de\/wp-json\/wp\/v2\/product_tag?post=181926"}],"curies":[{"name":"wp","href":"https:\/\/api.w.org\/{rel}","templated":true}]}}