{"id":177518,"date":"2022-04-26T16:33:49","date_gmt":"2022-04-26T14:33:49","guid":{"rendered":"https:\/\/www.elettrowebstore.com\/?post_type=product&#038;p=177518"},"modified":"2023-03-01T16:53:07","modified_gmt":"2023-03-01T15:53:07","slug":"lettino-con-ruote-in-alluminio-bianco-textilene-ecru-clat52e","status":"publish","type":"product","link":"https:\/\/www.elettrowebstore.com\/de\/shop\/aluminium-sonnenliege-mit-rollen-weiss-textilene-ecru-clat52e\/","title":{"rendered":"Sonnenliege aus wei\u00dfem Aluminium-Textilene ecru CLAT52E mit Rollen"},"content":{"rendered":"<h2><strong>Sonnenliege aus wei\u00dfem Aluminium-Textilene ecru CLAT52E mit Rollen<\/strong><\/h2>\n<p>Die Sonnenliege CLAT52E aus wei\u00dfem Textilene-Aluminium mit R\u00e4dern ist ideal, um Ihren Au\u00dfenbereich einzurichten und gem\u00fctlich zu gestalten. <span class=\"fontstyle0\">Die Geradlinigkeit des modernen Designs macht ihn anpassungsf\u00e4hig an jeden Einrichtungsstil. Dank seiner zwei R\u00e4der l\u00e4sst er sich bequem bewegen und kann in f\u00fcnf Positionen geneigt werden.<br \/>\n<\/span><\/p>\n<p><img loading=\"lazy\" decoding=\"async\" class=\"size-full wp-image-177525 aligncenter\" src=\"https:\/\/res.cloudinary.com\/dl3yepmtd\/images\/v1650984433\/MOICLAT52E\/lettino-con-ruote-alluminio-bianco-textilene-ecr\u00f9-CLAT52E-1\/lettino-con-ruote-alluminio-bianco-textilene-ecr\u00f9-CLAT52E-1.jpg\" alt=\"Sonnenliege aus wei\u00dfem Aluminium-Textilene ecru CLAT52E mit Rollen\" width=\"600\" height=\"600\" \/><\/p>\n<h2><strong>Beschreibung Kinderbett mit R\u00e4dern aus wei\u00dfem Aluminium Textilene ecru CLAT52E<br \/>\n<\/strong><\/h2>\n<p>Die <strong>Sonnenliege aus wei\u00dfem Aluminium-Textilene ecru CLAT52E mit Rollen<\/strong> hat einen wei\u00dfen Aluminiumrahmen. Der ecrufarbene Sitz ist aus <strong> textilene<\/strong>ein Material, das aus gewebten Polyesterfasern besteht und mit einem PVC-Mantel umh\u00fcllt ist.<\/p>\n<p>Es ist 192 cm lang, 30 cm hoch (vom Boden bis zur Sitzfl\u00e4che) und die Sitzfl\u00e4che ist 70 cm breit. Dieses Bett ist mit R\u00e4dern ausgestattet, um es leicht bewegen zu k\u00f6nnen, und es kann in 5 verschiedene Positionen gekippt werden<\/p>\n<p>Aluminium ist eines der am h\u00e4ufigsten verwendeten Materialien f\u00fcr Au\u00dfenm\u00f6bel. Es macht das Produkt vielseitig und witterungsbest\u00e4ndig und erfordert nur wenig Pflege. Dieses Material ist sogar widerstandsf\u00e4higer gegen Rost. Aluminium ist au\u00dferdem leichter und daher einfacher zu transportieren.<\/p>\n<p>Es wird jedoch empfohlen, den Artikel aufzubewahren, wenn er nicht benutzt wird, und ihn vor Regen zu sch\u00fctzen.<\/p>\n<div>\n<p>&nbsp;<\/p>\n<\/div>\n<h2><strong>Technische Daten<\/strong><\/h2>\n<ul>\n<li>Wei\u00dfer Aluminiumrahmen 40 x 22 mm Rohr<\/li>\n<li>Stapelbar<\/li>\n<li>Abmessungen 192\u00d770 h30 cm (vom Boden bis zum Sitz)<\/li>\n<li>Ausgestattet mit R\u00e4dern<\/li>\n<li>Kippbar in 5 verschiedenen Positionen<\/li>\n<li>Ecru-farbener Sitz aus 600 g Textilene<\/li>\n<li>Praktisch und vielseitig<\/li>\n<li>Leichte Reinigung<\/li>\n<li>Hergestellt in China<\/li>\n<\/ul>\n<p>&nbsp;<\/p>\n<h2><strong>Einzelheiten der <\/strong><strong>Sonnenliege aus wei\u00dfem Aluminium-Textilene ecru CLAT52E mit Rollen<\/strong><\/h2>\n<p>Das Produkt wird geliefert <strong>in Bausatzform<\/strong>. Die Versammlung der <strong>Sonnenliege aus wei\u00dfem Aluminium-Textilene ecru CLAT52E mit Rollen<\/strong> liegt in der Verantwortung des Kunden. Alle notwendigen Teile sind im Paket enthalten. Sollten Kleinteile fehlen (was selten vorkommt), k\u00f6nnen diese leicht in Baum\u00e4rkten besorgt werden.<\/p>\n<p>&nbsp;<\/p>\n<h2><strong>Garantie<\/strong><\/h2>\n<p>Die <strong>Sonnenliege aus wei\u00dfem Aluminium-Textilene ecru CLAT52E mit Rollen<\/strong> wird abgedeckt durch <a href=\"https:\/\/www.elettrowebstore.com\/due-anni-di-garanzia-su-ogni-prodotto-acquistato\/\"><strong>gesetzliche Garantie<\/strong><\/a>gem\u00e4\u00df der entsprechenden Seite auf unserer Website, die wir Sie bitten zu lesen. Wir bieten auch klare Informationen \u00fcber die Aus\u00fcbung der <a href=\"https:\/\/www.elettrowebstore.com\/diritto-di-recesso-restituzione-prodotti\/\"><strong>R\u00fccktrittsrecht<\/strong><\/a>.<\/p>\n<p>F\u00fcr Gartenm\u00f6bel gibt es auf dem nationalen Hoheitsgebiet keine autorisierten Kundendienstzentren (CAT). Der Einbau von Produkten und Ersatzteilen liegt in der alleinigen Verantwortung des K\u00e4ufers.<\/p>\n<p><strong>Outdoor-M\u00f6bel sind zwar f\u00fcr den Aufenthalt im Freien konzipiert, brauchen aber auch Pflege und Aufmerksamkeit<\/strong>insbesondere bei Artikeln aus empfindlichen Materialien. Daher bedeutet der Kauf eines Gartenprodukts nicht, dass man einen unzerst\u00f6rbaren oder wartungsfreien Gegenstand kauft. Im Gegenteil, einige Materialien wie H\u00f6lzer, Harze, nicht verzinkter Stahl erfordern Pflege, Reinigung und Aufmerksamkeit. Bei Gegenst\u00e4nden wie Sonnenschirmen und Pavillons muss der Segeleffekt bei schlechtem Wetter vermieden werden (Sonnenschirme m\u00fcssen geschlossen werden). Bei starkem Regen oder Schnee sind die Konstruktionen m\u00f6glicherweise nicht stabil genug, um dem standzuhalten.<\/p>\n<p>Daher empfehlen wir allen Kunden, vor dem Kauf ihre Bed\u00fcrfnisse und die Eigenschaften des Produkts sorgf\u00e4ltig zu pr\u00fcfen.<\/p>\n<p>Weder die Hersteller noch ElettroWebStore k\u00f6nnen im Rahmen der Garantie oder des Kundendienstes Artikel ersetzen, die, obwohl sie erst k\u00fcrzlich gekauft wurden, abgenutzt sind oder sich in ihrem urspr\u00fcnglichen Zustand verschlechtert haben.<\/p>\n<p>Weitere Informationen zu den einschl\u00e4gigen Rechtsvorschriften finden Sie auf der Website der<a href=\"http:\/\/www.agcm.it\/consumatore\/decalogo\/5102-garanzia-del-venditore-guida-per-il-consumatore.html\"><strong>Beh\u00f6rde f\u00fcr Wettbewerb und Markt<\/strong><\/a>.<\/p>\n<p>Um die Qualit\u00e4t des Produkts zu verbessern, beh\u00e4lt sich der Hersteller das Recht vor, die Materialien und technischen Merkmale des Artikels ohne vorherige Ank\u00fcndigung zu \u00e4ndern.  Dar\u00fcber hinaus sind die Beschreibungen und Bilder hier angegeben sind daher indikativ und kann leicht von dem Endprodukt abweichen.<\/p>\n<p>&nbsp;<\/p>\n<h2><strong>Lieferzeiten und Produktverf\u00fcgbarkeit<br \/>\n<\/strong><\/h2>\n<p>Outdoor-M\u00f6bel sind importierte Produkte. Ihre Verf\u00fcgbarkeit kann ohne Vorank\u00fcndigung variieren, auch wenn die Website angibt, dass die Waren verf\u00fcgbar sind. Aus diesem Grund laden wir Sie ein, sich in dringenden F\u00e4llen oder f\u00fcr ausf\u00fchrlichere Informationen an <a href=\"https:\/\/www.elettrowebstore.com\/contatta-lo-staff-di-elettrowebstore\/\"><strong>Kontaktaufnahme per E-Mail<\/strong><\/a> zur weiteren Kl\u00e4rung.<\/p>\n<p>Wenn das Produkt in einem unserer Lager zur sofortigen Lieferung verf\u00fcgbar ist, kann es sofort bestellt werden. Es wird dann von ElettroWebStore versandt<strong> innerhalb von 10 Arbeitstagen ab dem Datum des Kaufs<\/strong>.<\/p>\n<p>Dar\u00fcber hinaus sind alle Sendungen von ElettroWebStore frachtfrei!<\/p>\n<p>Neben den unten genannten Kurierdiensten nutzt ElettroWebStore auch andere landesweit t\u00e4tige Spediteure mit lokalen Korrespondenten f\u00fcr den Versand gro\u00dfvolumiger Sendungen. Letztere sind in der Regel auf den Versand und die Zustellung sperriger Sendungen spezialisiert, da sie \u00fcber spezifische lokale Korrespondenten auf dem nationalen Gebiet verf\u00fcgen.<\/p>\n<p>Wir erinnern Sie daran:<\/p>\n<ol>\n<li>Die Waren werden im Erdgeschoss zur Stra\u00dfe hin geliefert. Es gibt keine Lieferung auf dem Boden, wenn nicht ausdr\u00fccklich mit ElettroWebStore vereinbart;<\/li>\n<li>In Anbetracht des Volumens vieler Au\u00dfenm\u00f6bel ist es immer ratsam, die Pakete vor dem Entladen sorgf\u00e4ltig zu pr\u00fcfen und auf dem Transportdokument oder am Terminal des Spediteurs alle \u00e4u\u00dferen M\u00e4ngel des Produkts zu vermerken.<\/li>\n<\/ol>\n<p><img loading=\"lazy\" decoding=\"async\" class=\"aligncenter size-full wp-image-41372\" src=\"https:\/\/www.elettrowebstore.com\/EWS_Store\/wp-content\/uploads\/.\/elettrowebstore-spedizione-con-corrieri-brt-sda-dhl-nexive-ld.jpg\" alt=\"Dies sind die Kuriere, mit denen ElettroWebStore.com versendet\" width=\"800\" height=\"189\" srcset=\"https:\/\/www.elettrowebstore.com\/EWS_Store\/wp-content\/uploads\/elettrowebstore-spedizione-con-corrieri-brt-sda-dhl-nexive-ld.jpg 800w, https:\/\/www.elettrowebstore.com\/EWS_Store\/wp-content\/uploads\/elettrowebstore-spedizione-con-corrieri-brt-sda-dhl-nexive-ld-600x142.jpg 600w, https:\/\/www.elettrowebstore.com\/EWS_Store\/wp-content\/uploads\/elettrowebstore-spedizione-con-corrieri-brt-sda-dhl-nexive-ld-768x181.jpg 768w\" sizes=\"auto, (max-width: 800px) 100vw, 800px\" \/><\/p>\n<p>&nbsp;<\/p>\n<h2><strong>Akzeptierte Zahlungsmittel<\/strong><\/h2>\n<p><strong>Auf der Website von ElettroWebStore k\u00f6nnen Sie mit allen g\u00e4ngigen Methoden bezahlen<\/strong>sowohl internetspezifische (z. B. Prepaid-Karten) als auch traditionelle (z. B. klassische Kreditkarten).<\/p>\n<p><img loading=\"lazy\" decoding=\"async\" class=\"aligncenter size-full wp-image-41371\" src=\"https:\/\/www.elettrowebstore.com\/EWS_Store\/wp-content\/uploads\/.\/elettrowebstore-pagamenti-accettati-ld.jpg\" alt=\"Dies sind die von ElettroWebStore.com akzeptierten Zahlungsarten\" width=\"800\" height=\"199\" srcset=\"https:\/\/www.elettrowebstore.com\/EWS_Store\/wp-content\/uploads\/elettrowebstore-pagamenti-accettati-ld.jpg 800w, https:\/\/www.elettrowebstore.com\/EWS_Store\/wp-content\/uploads\/elettrowebstore-pagamenti-accettati-ld-600x149.jpg 600w, https:\/\/www.elettrowebstore.com\/EWS_Store\/wp-content\/uploads\/elettrowebstore-pagamenti-accettati-ld-768x191.jpg 768w\" sizes=\"auto, (max-width: 800px) 100vw, 800px\" \/><\/p>\n<p>&nbsp;<\/p>\n<p>Alle Zahlungen werden \u00fcber die <a href=\"https:\/\/www.paypal.com\/it\/webapps\/mpp\/paypal-safety-and-security\"><strong>Paypal<\/strong><\/a>. Auch wenn Sie nicht \u00fcber Paypal verf\u00fcgen, k\u00f6nnen Sie bezahlen, ohne sich zu registrieren und Ihre Anmeldedaten zu speichern. Sie m\u00fcssen lediglich Ihre Daten auf den Paypal-Seiten eingeben.<\/p>\n<p>In keinem Fall <a href=\"http:\/\/www.elettrowebstore.com\"><strong>ElettroWebStore<\/strong><\/a> Ihre Zahlungskartendaten zu verwalten oder von ihnen Kenntnis zu erlangen. In der Tat <a href=\"http:\/\/www.elettrowebstore.com\"><strong>ElettroWebStore<\/strong><\/a> wird nur angezeigt, ob die Zahlung erfolgt ist oder nicht!<\/p>\n<p>Unsere Website verwendet HTTPS-Protokolle, die hohe Sicherheitsstandards f\u00fcr die Nutzer garantieren!<\/p>","protected":false},"excerpt":{"rendered":"<p>CLAT52E Aluminium-Sonnenliege mit R\u00e4dern, Gestell aus wei\u00dfem Aluminium, Sitz aus ecrufarbenem Textilene <span class=\"fontstyle0\" style=\"color: #ed1c24;\"><strong>Kostenloser Versand inklusive!<\/strong><\/span><\/p>","protected":false},"featured_media":177525,"template":"","meta":[],"product_brand":[],"product_cat":[18],"product_tag":[882,334,666,2450,335,879,338,1459,818,432],"class_list":{"0":"post-177518","1":"product","2":"type-product","3":"status-publish","4":"has-post-thumbnail","6":"product_cat-arredo_giardino_esterno_outdoor","7":"product_tag-arredamento","8":"product_tag-arredo","9":"product_tag-bianco","10":"product_tag-clat52e","11":"product_tag-esterno","12":"product_tag-garden","13":"product_tag-giardino","14":"product_tag-lettino","15":"product_tag-outdoor","16":"product_tag-ruote","17":"product_shipping_class-garden","19":"first","20":"instock","21":"taxable","22":"shipping-taxable","23":"purchasable","24":"product-type-simple"},"_links":{"self":[{"href":"https:\/\/www.elettrowebstore.com\/de\/wp-json\/wp\/v2\/product\/177518","targetHints":{"allow":["GET"]}}],"collection":[{"href":"https:\/\/www.elettrowebstore.com\/de\/wp-json\/wp\/v2\/product"}],"about":[{"href":"https:\/\/www.elettrowebstore.com\/de\/wp-json\/wp\/v2\/types\/product"}],"wp:featuredmedia":[{"embeddable":true,"href":"https:\/\/www.elettrowebstore.com\/de\/wp-json\/wp\/v2\/media\/177525"}],"wp:attachment":[{"href":"https:\/\/www.elettrowebstore.com\/de\/wp-json\/wp\/v2\/media?parent=177518"}],"wp:term":[{"taxonomy":"product_brand","embeddable":true,"href":"https:\/\/www.elettrowebstore.com\/de\/wp-json\/wp\/v2\/product_brand?post=177518"},{"taxonomy":"product_cat","embeddable":true,"href":"https:\/\/www.elettrowebstore.com\/de\/wp-json\/wp\/v2\/product_cat?post=177518"},{"taxonomy":"product_tag","embeddable":true,"href":"https:\/\/www.elettrowebstore.com\/de\/wp-json\/wp\/v2\/product_tag?post=177518"}],"curies":[{"name":"wp","href":"https:\/\/api.w.org\/{rel}","templated":true}]}}