{"id":173017,"date":"2022-04-06T16:25:06","date_gmt":"2022-04-06T14:25:06","guid":{"rendered":"https:\/\/www.elettrowebstore.com\/?post_type=product&#038;p=173017"},"modified":"2022-10-24T11:22:16","modified_gmt":"2022-10-24T09:22:16","slug":"box-in-rete-e-lamiera-per-cani-cm-400x200-h-200-mod-l183","status":"publish","type":"product","link":"https:\/\/www.elettrowebstore.com\/de\/shop\/netz-und-blechbox-fur-hunde-400x200-h-200-cm-mod-l183\/","title":{"rendered":"Maschen- und Blechbox f\u00fcr Hunde cm 400X200 H 200 - MOD.L183"},"content":{"rendered":"<h2><strong>Maschen- und Blechbox f\u00fcr Hunde cm 400X200 H 200 - MOD.L183 <\/strong><\/h2>\n<p>Hundebox aus Netz und Blech cm 400X200 H 200 (H 220 an der h\u00f6chsten Stelle) - MOD.L183 ist eine robuste, gro\u00dfformatige Box aus Netz und Blech f\u00fcr gro\u00dfe Hunde. Es ist geeignet f\u00fcr diejenigen, die einen Garten oder Hof haben.<\/p>\n<p>Die Abmessungen dieser Box sind 400\u00d7200 cm mit einer H\u00f6he von 200 cm (220 cm an der h\u00f6chsten Stelle) und einer mittleren Blechwand, die sie zu einem Zweisitzer macht. Die Vorderseite besteht aus lackierten Gitterpaneelen, w\u00e4hrend die Seiten, die R\u00fcckseite und das Dach aus verzinkten und einbrennlackierten Blechen bestehen.<\/p>\n<p>Im Inneren der Schachteln finden Sie die Anleitung f\u00fcr den korrekten Zusammenbau.<\/p>\n<p>&nbsp;<\/p>\n<p><img loading=\"lazy\" decoding=\"async\" class=\"size-full wp-image-173024 aligncenter\" src=\"https:\/\/res.cloudinary.com\/dl3yepmtd\/images\/v1649256217\/L183\/box-in_rete_e_lamiera-360x180-L183\/box-in_rete_e_lamiera-360x180-L183.jpg\" alt=\"Maschen- und Blechbox f\u00fcr Hunde cm 360X180 H 210 - MOD.L183\" width=\"600\" height=\"600\" srcset=\"https:\/\/www.elettrowebstore.com\/EWS_Store\/wp-content\/uploads\/box-in_rete_e_lamiera-360x180-L183.jpg 600w, https:\/\/www.elettrowebstore.com\/EWS_Store\/wp-content\/uploads\/box-in_rete_e_lamiera-360x180-L183-200x200.jpg 200w, https:\/\/www.elettrowebstore.com\/EWS_Store\/wp-content\/uploads\/box-in_rete_e_lamiera-360x180-L183-100x100.jpg 100w\" sizes=\"auto, (max-width: 600px) 100vw, 600px\" \/><\/p>\n<h2><strong>Technische Merkmale von <\/strong><strong>Maschen- und Blechbox f\u00fcr Hunde cm 400X200 H 200 - MOD.L183 <\/strong><\/h2>\n<ul>\n<li>Einfache Montage durch praktische Anleitung<\/li>\n<li>Abmessungen: 400 x 200 x H 200 cm an der niedrigsten Stelle - 220 cm an der h\u00f6chsten Stelle<\/li>\n<li>Gewicht ca. kg 250<\/li>\n<li>Zweiteilige Trennwand aus Blech<\/li>\n<li>Front mit verzinkten und lackierten Gitterpaneelen<\/li>\n<li>R\u00fcckwand, Seitenw\u00e4nde und Dach mit verzinkten Blechtafeln<\/li>\n<\/ul>\n<div class=\"col-sm-12 desc_prodotto\">\n<p>&nbsp;<\/p>\n<\/div>\n<h2><strong>Garantie<\/strong><\/h2>\n<p>Das Produkt ist abgedeckt durch <a href=\"https:\/\/www.elettrowebstore.com\/due-anni-di-garanzia-su-ogni-prodotto-acquistato\/\"><strong>gesetzliche Garantie<\/strong><\/a>gem\u00e4\u00df der entsprechenden Seite auf unserer Website, die wir Sie bitten zu lesen. Wir bieten auch klare Informationen \u00fcber die Aus\u00fcbung der <a href=\"https:\/\/www.elettrowebstore.com\/diritto-di-recesso-restituzione-prodotti\/\"><strong>R\u00fccktrittsrecht<\/strong><\/a>.<\/p>\n<p>&nbsp;<\/p>\n<h2><strong>Lieferfrist<\/strong><\/h2>\n<p>Dieses Produkt ist verf\u00fcgbar und die Lieferzeit betr\u00e4gt 30 Arbeitstage ab dem Zeitpunkt der Zahlung.<\/p>\n<p>Au\u00dferdem sind alle Sendungen von ElettroWebStore in Italien frachtfrei (au\u00dfer f\u00fcr Sendungen in besonders ung\u00fcnstige Gebiete)!<\/p>\n<p>Wenn Sie von au\u00dferhalb Italiens kaufen, berechnet das System pauschale Versandkosten. Wenn Sie feststellen, dass die Versandkosten im Verh\u00e4ltnis zum Gewicht des von Ihnen gew\u00e4hlten Produkts zu hoch oder unverh\u00e4ltnism\u00e4\u00dfig erscheinen, schlie\u00dfen Sie Ihre Bestellung ab, ohne zu bezahlen und <a href=\"https:\/\/www.elettrowebstore.com\/contatta-lo-staff-di-elettrowebstore\/\"><strong>kontaktieren Sie uns<\/strong><\/a>! Wir werden die Versandkosten im Ausland pr\u00fcfen und ggf. anpassen!<\/p>\n<p><img loading=\"lazy\" decoding=\"async\" class=\"aligncenter size-full wp-image-41372\" src=\"https:\/\/www.elettrowebstore.com\/EWS_Store\/wp-content\/uploads\/.\/elettrowebstore-spedizione-con-corrieri-brt-sda-dhl-nexive-ld.jpg\" alt=\"Dies sind die Kuriere, mit denen ElettroWebStore.com versendet\" width=\"800\" height=\"189\" srcset=\"https:\/\/www.elettrowebstore.com\/EWS_Store\/wp-content\/uploads\/elettrowebstore-spedizione-con-corrieri-brt-sda-dhl-nexive-ld.jpg 800w, https:\/\/www.elettrowebstore.com\/EWS_Store\/wp-content\/uploads\/elettrowebstore-spedizione-con-corrieri-brt-sda-dhl-nexive-ld-600x142.jpg 600w, https:\/\/www.elettrowebstore.com\/EWS_Store\/wp-content\/uploads\/elettrowebstore-spedizione-con-corrieri-brt-sda-dhl-nexive-ld-768x181.jpg 768w\" sizes=\"auto, (max-width: 800px) 100vw, 800px\" \/><\/p>\n<p>&nbsp;<\/p>\n<h2><strong>Akzeptierte Zahlungsmittel<\/strong><\/h2>\n<p><strong>Auf der Website von ElettroWebStore k\u00f6nnen Sie mit allen g\u00e4ngigen Methoden bezahlen<\/strong>sowohl internetspezifische (z. B. Prepaid-Karten) als auch traditionelle (z. B. klassische Kreditkarten).<\/p>\n<p><img loading=\"lazy\" decoding=\"async\" class=\"aligncenter size-full wp-image-41371\" src=\"https:\/\/www.elettrowebstore.com\/EWS_Store\/wp-content\/uploads\/.\/elettrowebstore-pagamenti-accettati-ld.jpg\" alt=\"Dies sind die von ElettroWebStore.com akzeptierten Zahlungsarten\" width=\"800\" height=\"199\" srcset=\"https:\/\/www.elettrowebstore.com\/EWS_Store\/wp-content\/uploads\/elettrowebstore-pagamenti-accettati-ld.jpg 800w, https:\/\/www.elettrowebstore.com\/EWS_Store\/wp-content\/uploads\/elettrowebstore-pagamenti-accettati-ld-600x149.jpg 600w, https:\/\/www.elettrowebstore.com\/EWS_Store\/wp-content\/uploads\/elettrowebstore-pagamenti-accettati-ld-768x191.jpg 768w\" sizes=\"auto, (max-width: 800px) 100vw, 800px\" \/><\/p>\n<p>&nbsp;<\/p>\n<p>Alle Zahlungen werden abgewickelt \u00fcber <a href=\"https:\/\/www.paypal.com\/it\/webapps\/mpp\/paypal-safety-and-security\"><strong>Paypal<\/strong><\/a>. Auch wenn Sie kein Paypal haben, k\u00f6nnen Sie bezahlen, ohne sich zu registrieren und Ihre Zugangsdaten zu speichern. Sie m\u00fcssen lediglich Ihre Daten in die entsprechenden Felder eingeben. Das System ist verschl\u00fcsselt und gesch\u00fctzt und Ihre Daten werden in keiner Weise an ElettroWebStore weitergegeben. ElettroWebStore kann nur sehen, ob Ihre Zahlung erfolgt ist oder nicht, und nur die Informationen, die Sie eingeben wollen!<\/p>\n<p>In keinem Fall <a href=\"http:\/\/www.elettrowebstore.com\"><strong>ElettroWebStore<\/strong><\/a> Ihre Zahlungskartendaten zu verwalten oder von ihnen Kenntnis zu erlangen. In der Tat <a href=\"http:\/\/www.elettrowebstore.com\"><strong>ElettroWebStore<\/strong><\/a> wird nur angezeigt, ob die Zahlung erfolgt ist oder nicht!<\/p>\n<p>Unsere Website verwendet HTTPS-Protokolle, die hohe Sicherheitsstandards f\u00fcr die Nutzer garantieren!<\/p>","protected":false},"excerpt":{"rendered":"<p><strong>Maschen- und Blechbox f\u00fcr Hunde cm 400X200 H 200 - MOD.L183. <span style=\"color: #ed1c24;\">Kostenloser Versand nach Italien!<\/span> <\/strong><\/p>","protected":false},"featured_media":173024,"template":"","meta":[],"product_brand":[],"product_cat":[975],"product_tag":[2650,667,981,42,2391,979,2253],"class_list":{"0":"post-173017","1":"product","2":"type-product","3":"status-publish","4":"has-post-thumbnail","6":"product_cat-articoli-per-animali","7":"product_tag-400x200","8":"product_tag-animali","9":"product_tag-box","10":"product_tag-gabbia","11":"product_tag-l183","12":"product_tag-lamiera","13":"product_tag-rete-e-lamiera","14":"product_shipping_class-garden","16":"first","17":"instock","18":"taxable","19":"shipping-taxable","20":"purchasable","21":"product-type-simple"},"_links":{"self":[{"href":"https:\/\/www.elettrowebstore.com\/de\/wp-json\/wp\/v2\/product\/173017","targetHints":{"allow":["GET"]}}],"collection":[{"href":"https:\/\/www.elettrowebstore.com\/de\/wp-json\/wp\/v2\/product"}],"about":[{"href":"https:\/\/www.elettrowebstore.com\/de\/wp-json\/wp\/v2\/types\/product"}],"wp:featuredmedia":[{"embeddable":true,"href":"https:\/\/www.elettrowebstore.com\/de\/wp-json\/wp\/v2\/media\/173024"}],"wp:attachment":[{"href":"https:\/\/www.elettrowebstore.com\/de\/wp-json\/wp\/v2\/media?parent=173017"}],"wp:term":[{"taxonomy":"product_brand","embeddable":true,"href":"https:\/\/www.elettrowebstore.com\/de\/wp-json\/wp\/v2\/product_brand?post=173017"},{"taxonomy":"product_cat","embeddable":true,"href":"https:\/\/www.elettrowebstore.com\/de\/wp-json\/wp\/v2\/product_cat?post=173017"},{"taxonomy":"product_tag","embeddable":true,"href":"https:\/\/www.elettrowebstore.com\/de\/wp-json\/wp\/v2\/product_tag?post=173017"}],"curies":[{"name":"wp","href":"https:\/\/api.w.org\/{rel}","templated":true}]}}