{"id":172966,"date":"2022-04-06T15:47:47","date_gmt":"2022-04-06T13:47:47","guid":{"rendered":"https:\/\/www.elettrowebstore.com\/?post_type=product&#038;p=172966"},"modified":"2025-09-18T17:07:18","modified_gmt":"2025-09-18T15:07:18","slug":"gabbia-per-gatto-o-cane-cm-150x60-h-75-mod-l60g","status":"publish","type":"product","link":"https:\/\/www.elettrowebstore.com\/de\/shop\/kafig-fur-katze-oder-hund-150x60-h-75-cm-mod-l60g\/","title":{"rendered":"Katzen- oder Hundek\u00e4fig cm 150X60 H 75 MOD. L60G"},"content":{"rendered":"<h2><strong>Katzen- oder Hundek\u00e4fig cm 150X60 H 75 MOD. L60G <\/strong><\/h2>\n<p>La <strong>Katzen- oder Hundek\u00e4fig cm 150X60 H 75 MOD. L60G<\/strong> ist ein stabiler Zweipersonenk\u00e4fig mit Beinen und R\u00e4dern, der Katzen oder Hunde mit einer Grundfl\u00e4che von 150\u00d760 cm und einer Innenh\u00f6he von 60 cm bequem aufnehmen kann.<\/p>\n<p>Er ist mit einem festen Kunststoffgitter und einer herausnehmbaren Trennwand aus Blech ausgestattet. Die Blechschubladen sind ebenfalls herausnehmbar. Die Seitenw\u00e4nde sind aus Blech gefertigt. Das Modell L60 kann auf den K\u00e4fig MOD.L60G gestapelt werden, der mit F\u00fc\u00dfen mit R\u00e4dern ausgestattet ist, um einen K\u00e4fig mit zwei oder mehr F\u00e4chern zu bilden.<\/p>\n<p>Dieser K\u00e4fig ist vollst\u00e4ndig aus<strong> Gitter und verzinkte Bleche<\/strong>Er ist pulverbeschichtet und bei 180 Grad im Ofen geh\u00e4rtet.<\/p>\n<p>&nbsp;<\/p>\n<p>&nbsp;<\/p>\n<h2><strong>Technische Merkmale Katzen- oder Hundek\u00e4fig cm 150X60 H 75 MOD. L60G<br \/>\n<\/strong><\/h2>\n<ul>\n<li>Abmessungen 150x60x h75<\/li>\n<li>Nutzbare Innenh\u00f6he cm 60<\/li>\n<li>Maschenweite 19 x 19 mm und Dicke 1,6 mm<\/li>\n<li>Herausnehmbare Trennwand aus Blech<\/li>\n<li>Seiten aus Blech<\/li>\n<li>Hergestellt aus verzinktem Gitter und Blech, anschlie\u00dfend lackiert<\/li>\n<li>Festes Bodengitter aus Kunststoff<\/li>\n<li>Untere Schubladen aus herausnehmbarem Blech<\/li>\n<li>Zus\u00e4tzliche K\u00e4fige Mod. L60G mit R\u00e4dern (wie auf dem Foto) k\u00f6nnen auf diesen K\u00e4fig Mod. L60 aufgesetzt werden.<\/li>\n<\/ul>\n<h2><\/h2>\n<h2><strong>Garantie<\/strong><\/h2>\n<p>Das Produkt ist abgedeckt durch <a href=\"https:\/\/www.elettrowebstore.com\/due-anni-di-garanzia-su-ogni-prodotto-acquistato\/\" target=\"_blank\" rel=\"noopener\"><strong>gesetzliche Garantie<\/strong><\/a>gem\u00e4\u00df der entsprechenden Seite auf unserer Website, die wir Sie bitten zu lesen.<\/p>\n<p>&nbsp;<\/p>\n<h2><strong>Ausschluss des Widerrufsrechts<\/strong><\/h2>\n<p>Alle auf unserer Website vorgestellten K\u00e4fige sind handgefertigt. Sie werden daher speziell f\u00fcr den Kunden, der sie kauft, zusammengestellt und versandt. Aus diesem Grund ist es nicht m\u00f6glich, beim Kauf dieser Art von Artikeln vom Widerrufsrecht Gebrauch zu machen.<\/p>\n<p>F\u00fcr weitere Informationen besuchen Sie bitte unsere Seite \u00fcber die <a href=\"https:\/\/www.elettrowebstore.com\/diritto-di-recesso-restituzione-prodotti\/\" target=\"_blank\" rel=\"noopener\"><strong>R\u00fccktrittsrecht<\/strong><\/a>.<\/p>\n<p>&nbsp;<\/p>\n<p>&nbsp;<\/p>\n<h2><strong>Lieferfrist<\/strong><\/h2>\n<p><strong>Katzen- oder Hundek\u00e4fig cm 150X60 H 75 MOD. L60G<\/strong> ist verf\u00fcgbar und die Lieferzeiten betragen mindestens 10-15 Arbeitstage ab dem Zeitpunkt der Zahlung und sind nicht verbindlich, da die Artikel oft auf Lager sind. Wir verwenden den BRT-Kurierdienst f\u00fcr den Versand. Dienstleistungen wie z. B. Lieferung auf die Etage, nach Vereinbarung, Gep\u00e4cktr\u00e4ger, sind alle zus\u00e4tzlich und kostenpflichtig. Wenn Sie einen bestimmten Service ben\u00f6tigen, setzen Sie sich bitte vor dem Kauf mit uns in Verbindung, damit wir Ihnen helfen k\u00f6nnen, den richtigen Service f\u00fcr Sie zu w\u00e4hlen!<\/p>\n<p>Au\u00dferdem sind alle Sendungen von ElettroWebStore in Italien frachtfrei (au\u00dfer f\u00fcr Sendungen in besonders ung\u00fcnstige Gebiete)!<\/p>\n<p>Wenn Sie von au\u00dferhalb Italiens kaufen, berechnet das System pauschale Versandkosten. Wenn Sie feststellen, dass die Versandkosten im Verh\u00e4ltnis zum Gewicht des von Ihnen gew\u00e4hlten Produkts zu hoch oder unverh\u00e4ltnism\u00e4\u00dfig erscheinen, schlie\u00dfen Sie Ihre Bestellung ab, ohne zu bezahlen und <a href=\"https:\/\/www.elettrowebstore.com\/contatta-lo-staff-di-elettrowebstore\/\"><strong>kontaktieren Sie uns<\/strong><\/a>! Wir werden die Versandkosten im Ausland pr\u00fcfen und ggf. anpassen!<\/p>\n<p>&nbsp;<\/p>\n<p>&nbsp;<\/p>\n<h2><strong>Akzeptierte Zahlungsmittel<\/strong><\/h2>\n<p><strong>Auf der Website von ElettroWebStore k\u00f6nnen Sie mit allen g\u00e4ngigen Methoden bezahlen<\/strong>sowohl internetspezifische (z. B. Prepaid-Karten) als auch traditionelle (z. B. klassische Kreditkarten).<\/p>\n<p>&nbsp;<\/p>\n<p>In keinem Fall <a href=\"http:\/\/www.elettrowebstore.com\"><strong>ElettroWebStore<\/strong><\/a> Ihre Zahlungskartendaten zu verwalten oder von ihnen Kenntnis zu erlangen. In der Tat <a href=\"http:\/\/www.elettrowebstore.com\"><strong>ElettroWebStore<\/strong><\/a> wird nur angezeigt, ob die Zahlung erfolgt ist oder nicht!<\/p>\n<p>Unsere Website verwendet HTTPS-Protokolle, die hohe Sicherheitsstandards f\u00fcr die Nutzer garantieren!<\/p>","protected":false},"excerpt":{"rendered":"<p><strong>Katzen- oder Hundek\u00e4fig cm 150X60 H 75 MOD. L60G<\/strong>mit R\u00e4dern, Seitenteilen aus Blech, festem Kunststoffgitter, ausziehbarer Schublade und Trennwand<\/p>","protected":false},"featured_media":172974,"template":"","meta":[],"product_brand":[],"product_cat":[975],"product_tag":[667,982,42,1426,2389,979,432],"class_list":{"0":"post-172966","1":"product","2":"type-product","3":"status-publish","4":"has-post-thumbnail","6":"product_cat-articoli-per-animali","7":"product_tag-animali","8":"product_tag-cani","9":"product_tag-gabbia","10":"product_tag-gatti","11":"product_tag-l60g","12":"product_tag-lamiera","13":"product_tag-ruote","14":"product_shipping_class-garden","16":"first","17":"instock","18":"taxable","19":"shipping-taxable","20":"purchasable","21":"product-type-simple"},"_links":{"self":[{"href":"https:\/\/www.elettrowebstore.com\/de\/wp-json\/wp\/v2\/product\/172966","targetHints":{"allow":["GET"]}}],"collection":[{"href":"https:\/\/www.elettrowebstore.com\/de\/wp-json\/wp\/v2\/product"}],"about":[{"href":"https:\/\/www.elettrowebstore.com\/de\/wp-json\/wp\/v2\/types\/product"}],"wp:featuredmedia":[{"embeddable":true,"href":"https:\/\/www.elettrowebstore.com\/de\/wp-json\/wp\/v2\/media\/172974"}],"wp:attachment":[{"href":"https:\/\/www.elettrowebstore.com\/de\/wp-json\/wp\/v2\/media?parent=172966"}],"wp:term":[{"taxonomy":"product_brand","embeddable":true,"href":"https:\/\/www.elettrowebstore.com\/de\/wp-json\/wp\/v2\/product_brand?post=172966"},{"taxonomy":"product_cat","embeddable":true,"href":"https:\/\/www.elettrowebstore.com\/de\/wp-json\/wp\/v2\/product_cat?post=172966"},{"taxonomy":"product_tag","embeddable":true,"href":"https:\/\/www.elettrowebstore.com\/de\/wp-json\/wp\/v2\/product_tag?post=172966"}],"curies":[{"name":"wp","href":"https:\/\/api.w.org\/{rel}","templated":true}]}}