{"id":170284,"date":"2022-04-01T10:13:49","date_gmt":"2022-04-01T08:13:49","guid":{"rendered":"https:\/\/www.elettrowebstore.com\/?post_type=product&#038;p=170284"},"modified":"2023-02-22T09:19:50","modified_gmt":"2023-02-22T08:19:50","slug":"ombrellone-3-x-4-mt-grigio-chiaro-con-palo-laterale-e5047","status":"publish","type":"product","link":"https:\/\/www.elettrowebstore.com\/de\/shop\/3-x-4-m-hellgrauer-sonnenschirm-mit-seitenstange-e5047\/","title":{"rendered":"Hellgrauer 3 x 4 m Schirm mit Seitenstange E5047"},"content":{"rendered":"<h2><strong>Hellgrauer 3 x 4 m Schirm mit Seitenstange E5047<\/strong><\/h2>\n<p>Der 3 x 4 m gro\u00dfe hellgraue Sonnenschirm mit seitlicher Stange E5047 ist eine ideale L\u00f6sung f\u00fcr Au\u00dfenm\u00f6bel; er kann z. B. im Garten oder am Pool aufgestellt werden. Seine solide Struktur besteht aus einem <strong>Seitenpfosten<\/strong> mit kreuzf\u00f6rmigem Sockel. Der \u00d6ffnungsmechanismus ist schwenkbar. Der Schirmbezug ist aus Spuncrylic 240 g hergestellt und hat eine hellgraue Farbe.<\/p>\n<p>Dieser Sonnenschirm wird Ihren Au\u00dfenbereich einzigartig machen, mit Geschmack und Raffinesse!<\/p>\n<p><strong>ACHTUNG: DIE AUF DEM FOTO SICHTBAREN BODENFLIESEN SIND NICHT IM VERKAUFSPAKET ENTHALTEN. SIE M\u00dcSSEN SEPARAT ERWORBEN WERDEN!<\/strong><\/p>\n<p>&nbsp;<\/p>\n<h2><\/h2>\n<p><img loading=\"lazy\" decoding=\"async\" class=\"size-full wp-image-170292 aligncenter\" src=\"https:\/\/res.cloudinary.com\/dl3yepmtd\/images\/w_800,h_600\/v1648802193\/MOIE5047\/ombrellone-3x4-grigio_chiaro--palo_laterale-E5047-1\/ombrellone-3x4-grigio_chiaro--palo_laterale-E5047-1.jpg?_i=AA\" alt=\"Hellgrauer 3 x 4 m Schirm mit Seitenstange E5047\" width=\"800\" height=\"600\" \/><\/p>\n<p>&nbsp;<\/p>\n<h2><strong>Beschreibung Hellgrau 3 x 4 m Schirm mit Seitenstange E5047<\/strong><\/h2>\n<p>Der hellgraue 3 x 4 m Schirm mit Seitenstange E5047 hat eine solide Struktur, die aus einer <strong>Aluminium-Seitenpfosten <\/strong>wei\u00dfes Oval 77 x 53 mm auch mit 8 St\u00e4ben <strong>in Aluminium.<\/strong><\/p>\n<p>Die Aluminiumstruktur hat mehrere Vorteile: Sie ist leichter, aber witterungsbest\u00e4ndig und erfordert wenig Wartung.<\/p>\n<p>Der Schirm E5048 l\u00e4sst sich dank seines Drehgriffs, der eine 360-Grad-Drehung und eine Neigung des Schirmdaches erm\u00f6glicht, sehr frei positionieren.<\/p>\n<p>La <strong>Abdeckung<\/strong>von <strong>Meter 3X4<\/strong>Sie bietet hervorragenden Schutz vor Sonneneinstrahlung und ist hellgrau. Der Bezug ist gewachst und wasserabweisend, aber nicht vollst\u00e4ndig wasserdicht, insbesondere wenn er l\u00e4ngere Zeit der Witterung ausgesetzt ist.<\/p>\n<p>Ein rechteckiger Sonnenschirm mit einer seitlichen Stange ist f\u00fcr G\u00e4rten mit mehr Platz geeignet als Sonnenschirme mit einer zentralen Stange. Diese eignen sich f\u00fcr kleinere Fl\u00e4chen, z. B. eine Terrasse. Dar\u00fcber hinaus ist der au\u00dfermittige Mast f\u00fcr windigere Gebiete zu empfehlen, da die St\u00fctze die Struktur von au\u00dfen h\u00e4lt.<\/p>\n<h2><\/h2>\n<h2><strong>Technische Daten<\/strong><\/h2>\n<ul>\n<li><span class=\"fontstyle0\">Sonnenschirm m. 3\u00d74<br \/>\n<\/span><\/li>\n<li>Ovales Seitenpfostenprofil 77 x 53 mm . wei\u00dfes Aluminium mit Griff<\/li>\n<li>240 g hellgrauer, wasserfester Spuncryl-Bezug<\/li>\n<li>8 Stangen 17x23x1 mm<\/li>\n<li>Schwenkbarer \u00d6ffnungsmechanismus zum Drehen des Sonnenschirms um 360 Grad<\/li>\n<li>Mit winddichtem<\/li>\n<li>Maximale H\u00f6he mit Sockel 2,68 Meter<\/li>\n<li>Kreuzbasis <strong>Fliesen sind nicht enthalten<\/strong><\/li>\n<li>Verpackung: 1 Paket<\/li>\n<li>Robust und widerstandsf\u00e4hig<\/li>\n<li>Hergestellt in China<\/li>\n<\/ul>\n<h2><\/h2>\n<h2><strong>Garantie<\/strong><\/h2>\n<p>Der 3 x 4 m gro\u00dfe hellgraue Sonnenschirm mit seitlichem Mast E5047 ist mit <a href=\"https:\/\/www.elettrowebstore.com\/due-anni-di-garanzia-su-ogni-prodotto-acquistato\/\"><strong>gesetzliche Garantie<\/strong><\/a>gem\u00e4\u00df der entsprechenden Seite auf unserer Website, die wir Sie bitten zu lesen. Wir bieten auch klare Informationen \u00fcber die Aus\u00fcbung der <a href=\"https:\/\/www.elettrowebstore.com\/diritto-di-recesso-restituzione-prodotti\/\"><strong>R\u00fccktrittsrecht<\/strong><\/a>.<\/p>\n<p>F\u00fcr Gartenm\u00f6bel gibt es auf dem nationalen Hoheitsgebiet keine autorisierten Kundendienstzentren (CAT). Der Einbau von Produkten und Ersatzteilen liegt in der alleinigen Verantwortung des K\u00e4ufers.<\/p>\n<p><strong>Outdoor-M\u00f6bel sind zwar f\u00fcr den Aufenthalt im Freien konzipiert, brauchen aber auch Pflege und Aufmerksamkeit<\/strong>insbesondere bei Artikeln aus empfindlichen Materialien. Daher bedeutet der Kauf eines Gartenprodukts nicht, dass man einen unzerst\u00f6rbaren oder wartungsfreien Gegenstand kauft. Im Gegenteil, einige Materialien wie H\u00f6lzer, Harze, nicht verzinkter Stahl erfordern Pflege, Reinigung und Aufmerksamkeit. Bei Gegenst\u00e4nden wie Sonnenschirmen und Pavillons muss der Segeleffekt bei schlechtem Wetter vermieden werden (Sonnenschirme m\u00fcssen geschlossen werden). Bei starkem Regen oder Schnee sind die Konstruktionen m\u00f6glicherweise nicht stabil genug, um dem standzuhalten.<\/p>\n<p>Daher empfehlen wir allen Kunden, vor dem Kauf ihre Bed\u00fcrfnisse und die Eigenschaften des Produkts sorgf\u00e4ltig zu pr\u00fcfen.<\/p>\n<p>Weder die Hersteller noch ElettroWebStore k\u00f6nnen im Rahmen der Garantie oder des Kundendienstes Artikel ersetzen, die, obwohl sie erst k\u00fcrzlich gekauft wurden, abgenutzt sind oder sich in ihrem urspr\u00fcnglichen Zustand verschlechtert haben.<\/p>\n<p>Weitere Informationen zu den einschl\u00e4gigen Rechtsvorschriften finden Sie auf der Website der<a href=\"http:\/\/www.agcm.it\/consumatore\/decalogo\/5102-garanzia-del-venditore-guida-per-il-consumatore.html\"><strong>Beh\u00f6rde f\u00fcr Wettbewerb und Markt<\/strong><\/a>.<\/p>\n<p>Um die Qualit\u00e4t des Produkts zu verbessern, beh\u00e4lt sich der Hersteller das Recht vor, die Materialien und technischen Merkmale des Artikels ohne vorherige Ank\u00fcndigung zu \u00e4ndern.  Dar\u00fcber hinaus sind die Beschreibungen und Bilder hier angegeben sind daher indikativ und kann leicht von dem Endprodukt abweichen.<\/p>\n<p>&nbsp;<\/p>\n<h2><strong>Lieferzeiten und Produktverf\u00fcgbarkeit<br \/>\n<\/strong><\/h2>\n<p>Outdoor-M\u00f6bel sind importierte Produkte. Ihre Verf\u00fcgbarkeit kann ohne Vorank\u00fcndigung variieren, auch wenn die Website angibt, dass die Waren verf\u00fcgbar sind. Aus diesem Grund laden wir Sie ein, sich in dringenden F\u00e4llen oder f\u00fcr ausf\u00fchrlichere Informationen an <a href=\"https:\/\/www.elettrowebstore.com\/contatta-lo-staff-di-elettrowebstore\/\"><strong>Kontaktaufnahme per E-Mail<\/strong><\/a> zur weiteren Kl\u00e4rung.<\/p>\n<p>Wenn das Produkt in einem unserer Lager zur sofortigen Lieferung verf\u00fcgbar ist, kann es sofort bestellt werden. Es wird dann von ElettroWebStore versandt<strong> innerhalb von 10 Arbeitstagen ab dem Datum des Kaufs<\/strong>.<\/p>\n<p>Dar\u00fcber hinaus sind alle Sendungen von ElettroWebStore frachtfrei!<\/p>\n<p>Neben den unten genannten Kurierdiensten nutzt ElettroWebStore auch andere landesweit t\u00e4tige Spediteure mit lokalen Korrespondenten f\u00fcr den Versand gro\u00dfvolumiger Sendungen. Letztere sind in der Regel auf den Versand und die Zustellung sperriger Sendungen spezialisiert, da sie \u00fcber spezifische lokale Korrespondenten auf dem nationalen Gebiet verf\u00fcgen.<\/p>\n<p>Wir erinnern Sie daran:<\/p>\n<ol>\n<li>Die Waren werden im Erdgeschoss zur Stra\u00dfe hin geliefert. Es gibt keine Lieferung auf dem Boden, wenn nicht ausdr\u00fccklich mit ElettroWebStore vereinbart;<\/li>\n<li>In Anbetracht des Volumens vieler Au\u00dfenm\u00f6bel ist es immer ratsam, die Pakete vor dem Entladen sorgf\u00e4ltig zu pr\u00fcfen und auf dem Transportdokument oder am Terminal des Spediteurs alle \u00e4u\u00dferen M\u00e4ngel des Produkts zu vermerken.<\/li>\n<\/ol>\n<p><img loading=\"lazy\" decoding=\"async\" class=\"aligncenter size-full wp-image-41372\" src=\"https:\/\/www.elettrowebstore.com\/EWS_Store\/wp-content\/uploads\/.\/elettrowebstore-spedizione-con-corrieri-brt-sda-dhl-nexive-ld.jpg\" alt=\"Dies sind die Kuriere, mit denen ElettroWebStore.com versendet\" width=\"800\" height=\"189\" srcset=\"https:\/\/www.elettrowebstore.com\/EWS_Store\/wp-content\/uploads\/elettrowebstore-spedizione-con-corrieri-brt-sda-dhl-nexive-ld.jpg 800w, https:\/\/www.elettrowebstore.com\/EWS_Store\/wp-content\/uploads\/elettrowebstore-spedizione-con-corrieri-brt-sda-dhl-nexive-ld-600x142.jpg 600w, https:\/\/www.elettrowebstore.com\/EWS_Store\/wp-content\/uploads\/elettrowebstore-spedizione-con-corrieri-brt-sda-dhl-nexive-ld-768x181.jpg 768w\" sizes=\"auto, (max-width: 800px) 100vw, 800px\" \/><\/p>\n<p>&nbsp;<\/p>\n<h2><strong>Akzeptierte Zahlungsmittel<\/strong><\/h2>\n<p><strong>Auf der Website von ElettroWebStore k\u00f6nnen Sie mit allen g\u00e4ngigen Methoden bezahlen<\/strong>sowohl internetspezifische (z. B. Prepaid-Karten) als auch traditionelle (z. B. klassische Kreditkarten).<\/p>\n<p><img loading=\"lazy\" decoding=\"async\" class=\"aligncenter size-full wp-image-41371\" src=\"https:\/\/www.elettrowebstore.com\/EWS_Store\/wp-content\/uploads\/.\/elettrowebstore-pagamenti-accettati-ld.jpg\" alt=\"Dies sind die von ElettroWebStore.com akzeptierten Zahlungsarten\" width=\"800\" height=\"199\" srcset=\"https:\/\/www.elettrowebstore.com\/EWS_Store\/wp-content\/uploads\/elettrowebstore-pagamenti-accettati-ld.jpg 800w, https:\/\/www.elettrowebstore.com\/EWS_Store\/wp-content\/uploads\/elettrowebstore-pagamenti-accettati-ld-600x149.jpg 600w, https:\/\/www.elettrowebstore.com\/EWS_Store\/wp-content\/uploads\/elettrowebstore-pagamenti-accettati-ld-768x191.jpg 768w\" sizes=\"auto, (max-width: 800px) 100vw, 800px\" \/><\/p>\n<p>Alle Zahlungen werden \u00fcber die <a href=\"https:\/\/www.paypal.com\/it\/webapps\/mpp\/paypal-safety-and-security\"><strong>Paypal<\/strong><\/a>. Auch wenn Sie nicht \u00fcber Paypal verf\u00fcgen, k\u00f6nnen Sie bezahlen, ohne sich zu registrieren und Ihre Anmeldedaten zu speichern. Sie m\u00fcssen lediglich Ihre Daten auf den Paypal-Seiten eingeben.<\/p>\n<p>In keinem Fall <a href=\"http:\/\/www.elettrowebstore.com\"><strong>ElettroWebStore<\/strong><\/a> Ihre Zahlungskartendaten zu verwalten oder von ihnen Kenntnis zu erlangen. In der Tat <a href=\"http:\/\/www.elettrowebstore.com\"><strong>ElettroWebStore<\/strong><\/a> wird nur angezeigt, ob die Zahlung erfolgt ist oder nicht!<\/p>\n<p>Unsere Website verwendet HTTPS-Protokolle, die hohe Sicherheitsstandards f\u00fcr die Nutzer garantieren!<\/p>","protected":false},"excerpt":{"rendered":"<p><strong>Hellgrauer 3 x 4 m Schirm mit Seitenstange E5047<\/strong>mit 360-Grad-Schwenkmechanismus, wei\u00dfer Aluminiumstab<\/p>","protected":false},"featured_media":170292,"template":"","meta":[],"product_brand":[],"product_cat":[18],"product_tag":[1638,882,334,788,2337,335,338,2335,1637,818,2309],"class_list":{"0":"post-170284","1":"product","2":"type-product","3":"status-publish","4":"has-post-thumbnail","6":"product_cat-arredo_giardino_esterno_outdoor","7":"product_tag-3x4","8":"product_tag-arredamento","9":"product_tag-arredo","10":"product_tag-copertura","11":"product_tag-e5047","12":"product_tag-esterno","13":"product_tag-giardino","14":"product_tag-grigio","15":"product_tag-ombrellone","16":"product_tag-outdoor","17":"product_tag-palo-laterale","18":"product_shipping_class-garden","20":"first","21":"instock","22":"taxable","23":"shipping-taxable","24":"purchasable","25":"product-type-simple"},"_links":{"self":[{"href":"https:\/\/www.elettrowebstore.com\/de\/wp-json\/wp\/v2\/product\/170284","targetHints":{"allow":["GET"]}}],"collection":[{"href":"https:\/\/www.elettrowebstore.com\/de\/wp-json\/wp\/v2\/product"}],"about":[{"href":"https:\/\/www.elettrowebstore.com\/de\/wp-json\/wp\/v2\/types\/product"}],"wp:featuredmedia":[{"embeddable":true,"href":"https:\/\/www.elettrowebstore.com\/de\/wp-json\/wp\/v2\/media\/170292"}],"wp:attachment":[{"href":"https:\/\/www.elettrowebstore.com\/de\/wp-json\/wp\/v2\/media?parent=170284"}],"wp:term":[{"taxonomy":"product_brand","embeddable":true,"href":"https:\/\/www.elettrowebstore.com\/de\/wp-json\/wp\/v2\/product_brand?post=170284"},{"taxonomy":"product_cat","embeddable":true,"href":"https:\/\/www.elettrowebstore.com\/de\/wp-json\/wp\/v2\/product_cat?post=170284"},{"taxonomy":"product_tag","embeddable":true,"href":"https:\/\/www.elettrowebstore.com\/de\/wp-json\/wp\/v2\/product_tag?post=170284"}],"curies":[{"name":"wp","href":"https:\/\/api.w.org\/{rel}","templated":true}]}}