{"id":166933,"date":"2022-03-16T16:09:33","date_gmt":"2022-03-16T15:09:33","guid":{"rendered":"https:\/\/www.elettrowebstore.com\/?post_type=product&#038;p=166933"},"modified":"2025-09-18T17:16:58","modified_gmt":"2025-09-18T15:16:58","slug":"voliera-ottagonale-cm-240-diametro-h-270-mod-l22b","status":"publish","type":"product","link":"https:\/\/www.elettrowebstore.com\/de\/shop\/achteckige-voliere-cm-240-durchmesser-h-270-mod-l22b\/","title":{"rendered":"achteckig FLYER cm 240 Durchmesser H 250 - MOD. L22B"},"content":{"rendered":"<h2><strong>achteckig FLYER cm 240 Durchmesser H 250 - MOD. L22B<\/strong><\/h2>\n<p>Der K\u00e4fig\u00a0<strong>Achteckige FLYER cm 240 Durchmesser H 240 - MOD. L22B <\/strong>ist eine robuste Voliere f\u00fcr V\u00f6gel verschiedener Arten. Sie ist f\u00fcr diejenigen geeignet, die einen Garten haben und V\u00f6gel lieben. Die Abmessungen dieser Voliere sind 85 cm auf jeder Seite und 250 cm hoch an der breitesten Stelle. Die Grundfl\u00e4che an der breitesten Stelle betr\u00e4gt 203 cm. Die Gesamtbreite, einschlie\u00dflich des Dach\u00fcberstands, betr\u00e4gt 240 cm.<\/p>\n<p>La <strong>achteckig FLYER cm 240 Durchmesser H 250 - MOD. L22B. <\/strong>Sie hat keinen Boden und keine Beine, sondern steht direkt auf dem Boden und gipfelt in einem Pyramidendach, das eine maximale H\u00f6he von 250 cm erreicht.<\/p>\n<p>Dar\u00fcber hinaus ist die Voliere mit einer 54 x 130 cm gro\u00dfen Fl\u00fcgelt\u00fcr ausgestattet. Diese Voliere ist komplett aus feuerverzinktem Blech und Gitter gefertigt und wird in Kartons in einem praktischen Montageset geliefert. In den Kartons finden Sie eine Anleitung f\u00fcr den korrekten Zusammenbau.<\/p>\n<p>&nbsp;<\/p>\n<p><img loading=\"lazy\" decoding=\"async\" class=\"size-full wp-image-166939 aligncenter\" src=\"https:\/\/www.elettrowebstore.com\/EWS_Store\/wp-content\/uploads\/.\/voliera-ottagonale-L22B.jpg\" alt=\"Achteckiger FLYER cm 240 Durchmesser, H 270 - MOD. L22B\" width=\"800\" height=\"600\" srcset=\"https:\/\/www.elettrowebstore.com\/EWS_Store\/wp-content\/uploads\/voliera-ottagonale-L22B.jpg 800w, https:\/\/www.elettrowebstore.com\/EWS_Store\/wp-content\/uploads\/voliera-ottagonale-L22B-600x450.jpg 600w, https:\/\/www.elettrowebstore.com\/EWS_Store\/wp-content\/uploads\/voliera-ottagonale-L22B-768x576.jpg 768w\" sizes=\"auto, (max-width: 800px) 100vw, 800px\" \/><\/p>\n<h2><strong>Technische Daten des achteckigen FLYER cm 240 Durchmesser H 250 - MOD. L22B<br \/>\n<\/strong><\/h2>\n<ul>\n<li>Abmessungen: cm 85 x Seite - H.cm 250<\/li>\n<li>Ohne Beine und Boden<\/li>\n<li>Mit einer Fl\u00fcgelt\u00fcr mit den Ma\u00dfen 54 x 130 h cm, mit einer 20 x 20 cm gro\u00dfen Gittert\u00fcr, die in ein Paneel eingesetzt ist<\/li>\n<li>Grundfl\u00e4che inkl. Dach cm 240<\/li>\n<li>Masche mm 12 x 25<\/li>\n<\/ul>\n<p>&nbsp;<\/p>\n<h2><strong>Garantie<\/strong><\/h2>\n<p>Das Produkt ist abgedeckt durch <a href=\"https:\/\/www.elettrowebstore.com\/due-anni-di-garanzia-su-ogni-prodotto-acquistato\/\" target=\"_blank\" rel=\"noopener\"><strong>gesetzliche Garantie<\/strong><\/a>gem\u00e4\u00df der entsprechenden Seite auf unserer Website, die wir Sie bitten zu lesen.<\/p>\n<p>&nbsp;<\/p>\n<h2><strong>Ausschluss des Widerrufsrechts<\/strong><\/h2>\n<p>Alle auf unserer Website vorgestellten K\u00e4fige sind handgefertigt. Sie werden daher speziell f\u00fcr den Kunden, der sie kauft, zusammengestellt und versandt. Aus diesem Grund ist es nicht m\u00f6glich, beim Kauf dieser Art von Artikeln vom Widerrufsrecht Gebrauch zu machen.<\/p>\n<p>F\u00fcr weitere Informationen besuchen Sie bitte unsere Seite \u00fcber die <a href=\"https:\/\/www.elettrowebstore.com\/diritto-di-recesso-restituzione-prodotti\/\" target=\"_blank\" rel=\"noopener\"><strong>R\u00fccktrittsrecht<\/strong><\/a>.<\/p>\n<p>&nbsp;<\/p>\n<h2><strong>Lieferfrist<\/strong><\/h2>\n<p>Dieses Produkt ist verf\u00fcgbar und die Lieferzeit betr\u00e4gt mindestens 10 Arbeitstage ab dem Zeitpunkt der Zahlung und ist nicht verbindlich, da Artikel sind oft in Restocking. Wir verwenden den Kurier BRT f\u00fcr den Versand. Dienstleistungen wie die Lieferung auf die Etage, nach Vereinbarung, Portier, sind alle zus\u00e4tzlichen und kostenpflichtig. Wenn Sie einen bestimmten Service ben\u00f6tigen, setzen Sie sich bitte vor dem Kauf mit uns in Verbindung, damit wir Ihnen helfen k\u00f6nnen, den richtigen Service f\u00fcr Sie zu w\u00e4hlen!<\/p>\n<p>Au\u00dferdem sind alle Sendungen von ElettroWebStore in Italien frachtfrei (au\u00dfer f\u00fcr Sendungen in besonders ung\u00fcnstige Gebiete)!<\/p>\n<p>Wenn Sie von au\u00dferhalb Italiens kaufen, berechnet das System pauschale Versandkosten. Wenn Sie feststellen, dass die Versandkosten im Verh\u00e4ltnis zum Gewicht des von Ihnen gew\u00e4hlten Produkts zu hoch oder unverh\u00e4ltnism\u00e4\u00dfig erscheinen, schlie\u00dfen Sie Ihre Bestellung ab, ohne zu bezahlen und <a href=\"https:\/\/www.elettrowebstore.com\/contatta-lo-staff-di-elettrowebstore\/\"><strong>kontaktieren Sie uns<\/strong><\/a>! Wir werden die Versandkosten im Ausland pr\u00fcfen und ggf. anpassen!<\/p>\n<p><img loading=\"lazy\" decoding=\"async\" class=\"aligncenter size-full wp-image-41372\" src=\"https:\/\/www.elettrowebstore.com\/EWS_Store\/wp-content\/uploads\/.\/elettrowebstore-spedizione-con-corrieri-brt-sda-dhl-nexive-ld.jpg\" alt=\"Dies sind die Kuriere, mit denen ElettroWebStore.com versendet\" width=\"800\" height=\"189\" srcset=\"https:\/\/www.elettrowebstore.com\/EWS_Store\/wp-content\/uploads\/elettrowebstore-spedizione-con-corrieri-brt-sda-dhl-nexive-ld.jpg 800w, https:\/\/www.elettrowebstore.com\/EWS_Store\/wp-content\/uploads\/elettrowebstore-spedizione-con-corrieri-brt-sda-dhl-nexive-ld-600x142.jpg 600w, https:\/\/www.elettrowebstore.com\/EWS_Store\/wp-content\/uploads\/elettrowebstore-spedizione-con-corrieri-brt-sda-dhl-nexive-ld-768x181.jpg 768w\" sizes=\"auto, (max-width: 800px) 100vw, 800px\" \/><\/p>\n<p>&nbsp;<\/p>\n<h2><strong>Akzeptierte Zahlungsmittel<\/strong><\/h2>\n<p><strong>Auf der Website von ElettroWebStore k\u00f6nnen Sie mit allen g\u00e4ngigen Methoden bezahlen<\/strong>sowohl internetspezifische (z. B. Prepaid-Karten) als auch traditionelle (z. B. klassische Kreditkarten).<\/p>\n<p><img loading=\"lazy\" decoding=\"async\" class=\"aligncenter size-full wp-image-41371\" src=\"https:\/\/www.elettrowebstore.com\/EWS_Store\/wp-content\/uploads\/.\/elettrowebstore-pagamenti-accettati-ld.jpg\" alt=\"Dies sind die von ElettroWebStore.com akzeptierten Zahlungsarten\" width=\"800\" height=\"199\" srcset=\"https:\/\/www.elettrowebstore.com\/EWS_Store\/wp-content\/uploads\/elettrowebstore-pagamenti-accettati-ld.jpg 800w, https:\/\/www.elettrowebstore.com\/EWS_Store\/wp-content\/uploads\/elettrowebstore-pagamenti-accettati-ld-600x149.jpg 600w, https:\/\/www.elettrowebstore.com\/EWS_Store\/wp-content\/uploads\/elettrowebstore-pagamenti-accettati-ld-768x191.jpg 768w\" sizes=\"auto, (max-width: 800px) 100vw, 800px\" \/><\/p>\n<p>&nbsp;<\/p>\n<p>Alle Zahlungen werden abgewickelt \u00fcber <a href=\"https:\/\/www.paypal.com\/it\/webapps\/mpp\/paypal-safety-and-security\"><strong>Paypal<\/strong><\/a>. Auch wenn Sie kein Paypal haben, k\u00f6nnen Sie bezahlen, ohne sich zu registrieren und Ihre Zugangsdaten zu speichern. Sie m\u00fcssen lediglich Ihre Daten in die entsprechenden Felder eingeben. Das System ist verschl\u00fcsselt und gesch\u00fctzt und Ihre Daten werden in keiner Weise an ElettroWebStore weitergegeben. ElettroWebStore kann nur sehen, ob Ihre Zahlung erfolgt ist oder nicht, und nur die Informationen, die Sie eingeben wollen!<\/p>\n<p>In keinem Fall <a href=\"http:\/\/www.elettrowebstore.com\"><strong>ElettroWebStore<\/strong><\/a> Ihre Zahlungskartendaten zu verwalten oder von ihnen Kenntnis zu erlangen. In der Tat <a href=\"http:\/\/www.elettrowebstore.com\"><strong>ElettroWebStore<\/strong><\/a> wird nur angezeigt, ob die Zahlung erfolgt ist oder nicht!<\/p>\n<p>Unsere Website verwendet HTTPS-Protokolle, die hohe Sicherheitsstandards f\u00fcr die Nutzer garantieren!<\/p>","protected":false},"excerpt":{"rendered":"<p><strong>Achteckiger FLYER cm 240 Durchmesser, H 270 - MOD. L22B<\/strong><\/p>","protected":false},"featured_media":166939,"template":"","meta":[],"product_brand":[],"product_cat":[975],"product_tag":[667,42,2254,979,2255,977],"class_list":{"0":"post-166933","1":"product","2":"type-product","3":"status-publish","4":"has-post-thumbnail","6":"product_cat-articoli-per-animali","7":"product_tag-animali","8":"product_tag-gabbia","9":"product_tag-l22b","10":"product_tag-lamiera","11":"product_tag-ottagonale","12":"product_tag-voliera","13":"product_shipping_class-garden","15":"first","16":"instock","17":"taxable","18":"shipping-taxable","19":"purchasable","20":"product-type-simple"},"_links":{"self":[{"href":"https:\/\/www.elettrowebstore.com\/de\/wp-json\/wp\/v2\/product\/166933","targetHints":{"allow":["GET"]}}],"collection":[{"href":"https:\/\/www.elettrowebstore.com\/de\/wp-json\/wp\/v2\/product"}],"about":[{"href":"https:\/\/www.elettrowebstore.com\/de\/wp-json\/wp\/v2\/types\/product"}],"wp:featuredmedia":[{"embeddable":true,"href":"https:\/\/www.elettrowebstore.com\/de\/wp-json\/wp\/v2\/media\/166939"}],"wp:attachment":[{"href":"https:\/\/www.elettrowebstore.com\/de\/wp-json\/wp\/v2\/media?parent=166933"}],"wp:term":[{"taxonomy":"product_brand","embeddable":true,"href":"https:\/\/www.elettrowebstore.com\/de\/wp-json\/wp\/v2\/product_brand?post=166933"},{"taxonomy":"product_cat","embeddable":true,"href":"https:\/\/www.elettrowebstore.com\/de\/wp-json\/wp\/v2\/product_cat?post=166933"},{"taxonomy":"product_tag","embeddable":true,"href":"https:\/\/www.elettrowebstore.com\/de\/wp-json\/wp\/v2\/product_tag?post=166933"}],"curies":[{"name":"wp","href":"https:\/\/api.w.org\/{rel}","templated":true}]}}