{"id":163895,"date":"2022-02-21T12:05:18","date_gmt":"2022-02-21T11:05:18","guid":{"rendered":"https:\/\/www.elettrowebstore.com\/?post_type=product&#038;p=163895"},"modified":"2026-01-01T06:21:20","modified_gmt":"2026-01-01T05:21:20","slug":"gel-igienizzante-lavamani-alcolico-covid19","status":"publish","type":"product","link":"https:\/\/www.elettrowebstore.com\/de\/shop\/covid19-alkoholisches-handwaschmittel-desinfektionsgel\/","title":{"rendered":"Alkoholisches Handwaschgel covid19"},"content":{"rendered":"<h2><strong>Alkoholisches Handwaschgel covid19<\/strong><\/h2>\n<p>Covid19 Desinfektionsgel f\u00fcr die Handw\u00e4sche auf Alkoholbasis 65%-75%. Hergestellt von <strong><a href=\"https:\/\/arcochimica.it\/chi-siamo\/\" target=\"_blank\" rel=\"noopener\">Arco S.r.l.<\/a><\/strong>, Zeile von <strong><a href=\"https:\/\/arcochimica.it\/prodotti\/arco\/igienizzanti-mani\/hygi-gel\/\" target=\"_blank\" rel=\"noopener\">Hygi-Gel-Desinfektionsmittel<\/a><\/strong>. Es wird in verschiedenen Formaten angeboten. Diese Art von Gel ist antibakteriell, desinfizierend, gegen Keime und Bakterien, desinfizierend (wenn auch nicht \"desinfizierend\" im medizinischen Sinne), bakterizid, virenabt\u00f6tend, professionell, gegen Covid-19.<\/p>\n<p>Dieses Handdesinfektionsgel ist in verschiedenen Verpackungen erh\u00e4ltlich:<\/p>\n<ul>\n<li>Flasche mit 100 ml Verschluss<\/li>\n<li>Spender mit 500 ml Pumpe<\/li>\n<li>5.000-ml-Kanister mit Schraubverschluss<\/li>\n<\/ul>\n<p><img loading=\"lazy\" decoding=\"async\" class=\"aligncenter size-full wp-image-642130\" src=\"https:\/\/res.cloudinary.com\/dl3yepmtd\/images\/w_600,h_600,c_fill\/v1673544418\/GEL\/gel-igienizzante-lavamani-alcolico-covid19-hygi-arco-antibatterico-sanificante-1\/gel-igienizzante-lavamani-alcolico-covid19-hygi-arco-antibatterico-sanificante-1.jpg?_i=AA\" alt=\"gel-hygi-organisches-waschwasser-covid19-hygi-arco-antibakteriell-sanit\u00e4r\" width=\"600\" height=\"600\" srcset=\"https:\/\/www.elettrowebstore.com\/EWS_Store\/wp-content\/uploads\/gel-igienizzante-lavamani-alcolico-covid19-hygi-arco-antibatterico-sanificante-1.jpg 600w, https:\/\/www.elettrowebstore.com\/EWS_Store\/wp-content\/uploads\/gel-igienizzante-lavamani-alcolico-covid19-hygi-arco-antibatterico-sanificante-1-200x200.jpg 200w, https:\/\/www.elettrowebstore.com\/EWS_Store\/wp-content\/uploads\/gel-igienizzante-lavamani-alcolico-covid19-hygi-arco-antibatterico-sanificante-1-100x100.jpg 100w\" sizes=\"auto, (max-width: 600px) 100vw, 600px\" \/><\/p>\n<h2><strong>Technische Daten<\/strong><\/h2>\n<p>Nachstehend finden Sie die wichtigsten technischen Merkmale des alkoholischen Higy Hand Washing Gel 1 100 ml Flasche:<strong><br \/>\n<\/strong><\/p>\n<ul>\n<li>Physikalischer Zustand: Gel<\/li>\n<li>Farbe: farblos<\/li>\n<li>Geruch: Alkohol<\/li>\n<li>PH: 7<\/li>\n<li>Auf Alkoholbasis 65-75%<strong><br \/>\n<\/strong><\/li>\n<\/ul>\n<p>&nbsp;<\/p>\n<h2><strong>Beschreibung<\/strong><\/h2>\n<p>Hygi ist ein Handwaschgel auf Alkoholbasis speziell gegen Covid19. <strong>Erm\u00f6glicht die Desinfektion der H\u00e4nde durch Reiben<\/strong> zwischen ihnen. Die H\u00e4nde werden sanitisiert, ohne dass sie abgesp\u00fclt werden m\u00fcssen.<\/p>\n<p><strong>Nur eine kleine Menge des Produkts und es wirkt in Sekundenschnelle<\/strong>. Es ist ein professionelles, sehr praktisches und bequemes Produkt, das Sie immer bei sich tragen und verwenden k\u00f6nnen, wenn Sie keine Seife und kein Wasser haben. Es ist die ideale L\u00f6sung f\u00fcr diejenigen, die ein Produkt zum Desinfizieren ihrer H\u00e4nde mit sich f\u00fchren m\u00f6chten.<\/p>\n<p>Von dieser Anzeige aus kann das Produkt gekauft werden in <strong>drei verschiedene Pakete<\/strong>. Sie haben die Wahl zwischen der 100-ml-Flasche, die Sie bequem in Ihrer Tasche oder Jacke oder sogar im Auto mitf\u00fchren k\u00f6nnen; dem Spender mit Dosierpumpe, der speziell f\u00fcr die Arbeitsplatte geeignet ist und auf jeder ebenen Fl\u00e4che (Schreibtisch, Schrank, Boden usw.) aufgestellt werden kann; dem 5-Liter-Kanister mit Schraubverschluss, um Ihre eigenen Flaschen oder die bereits gekauften Spender nachf\u00fcllen zu k\u00f6nnen.<\/p>\n<p><strong>Arco Hygi Gel ist ein Handdesinfektionsgel mit einem Alkoholgehalt zwischen 65% und 75%<\/strong>. Dieses Desinfektionsgel zum H\u00e4ndewaschen ist ein professionelles Produkt, das f\u00fcr den Einsatz in besonders gef\u00e4hrlichen Situationen wie Krankenh\u00e4usern, Pflegeheimen usw. entwickelt wurde. Es kann daher sowohl f\u00fcr den privaten als auch f\u00fcr den beruflichen Gebrauch gekauft werden, sogar in \u00f6ffentlichen Einrichtungen wie Bars, Restaurants, Schulen, B\u00fcros, Gesch\u00e4ften usw.<\/p>\n<p>Warnung: Hygi-Gel <strong>kein Desinfektionsmittel<\/strong> weil die Entfernung von Bakterien mechanisch, durch Reiben der H\u00e4nde, erfolgt.<\/p>\n<p>&nbsp;<\/p>\n<h2><strong>Handdesinfektion<\/strong><\/h2>\n<p>Mit diesem stark alkoholhaltigen Desinfektionsgel kann eine starke antibakterielle Wirkung erzielt werden. Das alkoholische Gel hat n\u00e4mlich eine bakterizide Wirkung gegen Keime und Bakterien. Obwohl das Produkt technisch nicht als Desinfektionsmittel eingestuft werden kann, hat es eine wichtige virenabt\u00f6tende Wirkung, um das Risiko einer Infektion mit Covid-19 oder anderen Coronaviren zu verringern.<\/p>\n<p>Die desinfizierende Wirkung wird erreicht, indem man eine kleine Menge des Gels, die etwa 3-4 Reisk\u00f6rnern entspricht, verwendet und die Handfl\u00e4chen und den R\u00fccken kr\u00e4ftig einreibt, wobei man der<a href=\"https:\/\/www.salute.gov.it\/portale\/nuovocoronavirus\/dettaglioNotizieNuovoCoronavirus.jsp?lingua=italiano&amp;menu=notizie&amp;p=dalministero&amp;id=4287\" target=\"_blank\" rel=\"noopener\"><strong>Weltgesundheitsorganisation<\/strong><\/a>.<\/p>\n<p>In der Tat sind es die H\u00e4nde, die der Haupttr\u00e4ger f\u00fcr die Infektion mit dem neuen Coronavirus Sars-cov2 oder covid19 sind. Daher kann eine wirksame H\u00e4ndedesinfektion mit einem Produkt wie Hygi-Gel, das einen hohen Alkoholgehalt aufweist, das Infektionsrisiko schnell und wirksam verringern.<\/p>\n<p>Wir empfehlen, besonders darauf zu achten, wie Sie Ihre H\u00e4nde sorgf\u00e4ltig desinfizieren, um die gew\u00fcnschte Antivirenwirkung zu erzielen.<\/p>\n<p>&nbsp;<\/p>\n<h2><strong>Technische Informationen Alkoholisches Handwaschgel covid19<\/strong><\/h2>\n<ul>\n<li>Relevante identifizierte Verwendungen des Stoffs oder Gemischs und Verwendungen, von denen abgeraten wird: desinfizierendes Handwaschgel<\/li>\n<li>Nur f\u00fcr den vom Hersteller vorgesehenen Zweck verwenden<\/li>\n<li>Inhaltsstoffe: ALCOHOL DENAT (65-75%), AQUA, HYDROXYETHYLCELLULOSE , GLYCERIN, PEG-PPG 20\/6, PEG 75 LANOLIN, PARFUM, CITRIC ACID COSMETIC PRODUCT<\/li>\n<\/ul>\n<p>&nbsp;<\/p>\n<h2><b>Warum<\/b><strong>\u00a0Desinfektionsgel verwenden?<\/strong><\/h2>\n<p>Das Handdesinfektionsgel hat die <strong>Funktion zur Reinigung der H\u00e4nde ohne Wasser und ohne sie abzusp\u00fclen und abzutrocknen<\/strong>. Die Reinigung erfolgt durch Reiben der gelierten L\u00f6sung auf der Oberfl\u00e4che der H\u00e4nde. Die Trocknung erfolgt an der Luft.<\/p>\n<p>Da die <strong>Inhalt ist in der Regel verg\u00e4llter Ethylalkohol<\/strong>Es ist in der Lage, schnell auf die H\u00e4nde einzuwirken und zu verdampfen. Gleichzeitig f\u00fchrt die mechanische Reibung zur Beseitigung von Bakterien und Viren.<\/p>\n<p>Die Hauptaufgabe dieser Produkte besteht darin <strong>Gew\u00e4hrleistung einer guten Handhygiene in allen Situationen, in denen H\u00e4ndewaschen nicht m\u00f6glich ist<\/strong>. Daher ist der Einsatz dieser Produkte nicht nur gegen die Coronavirus-Epidemie ideal, sondern auch in all jenen realen Situationen, in denen man mit Ger\u00e4ten und Elementen in Kontakt kommt, die von vielen Menschen ber\u00fchrt werden k\u00f6nnen. Zum Beispiel Griffe von Einkaufswagen oder Handl\u00e4ufe in Stra\u00dfenbahnen oder Bussen, usw.<\/p>\n<p>&nbsp;<\/p>\n<h2><strong>Wie werden Handdesinfektionsgels verwendet?<\/strong><\/h2>\n<p>Das in dieser Werbung angebotene Desinfektionsgel zum H\u00e4ndewaschen sowie alle konkurrierenden Produkte, <strong>sollte nur und ausschlie\u00dflich an den H\u00e4nden und nicht an anderen K\u00f6rperteilen angewendet werden<\/strong>. Es sollte auch nicht zur Reinigung von Gegenst\u00e4nden oder Oberfl\u00e4chen verwendet werden. Es gibt Produkte, die speziell f\u00fcr diese Art von T\u00e4tigkeit entwickelt wurden.<\/p>\n<p>Alles, was es zur Durchf\u00fchrung seiner Aktion braucht, ist ein<strong> Auftragen einer kleinen Menge Gel auf eine Handfl\u00e4che<\/strong>. Reiben Sie das Handwaschgel dann einfach in die andere Handfl\u00e4che und fahren Sie mit der Reibung fort, bis das Produkt trocken ist. Normalerweise, wenn in normalen Mengen verwendet, <strong>das Verfahren dauert nicht l\u00e4nger als 30 Sekunden oder h\u00f6chstens eine Minute<\/strong>.<\/p>\n<p>Es ist wichtig, daran zu denken, dass es immer gut ist, sich die H\u00e4nde mit Wasser und Seife zu waschen, wann immer es m\u00f6glich ist. Das ist umso wichtiger, wenn sie wirklich schmutzig sind.<\/p>\n<p>Dar\u00fcber hinaus ist die <strong>Handwaschgel sollte nicht \u00fcberm\u00e4\u00dfig verwendet werden<\/strong>insbesondere solche auf Alkoholbasis. Der Alkoholanteil in Handwaschgelen kann die Haut sensibilisieren und die Epidermis r\u00f6ten. Wenn Sie davon ausgehen, dass Sie das Handwaschgel h\u00e4ufig verwenden m\u00fcssen, ist es ratsam, eine L\u00f6sung auf Wasserstoffperoxidbasis zu kaufen, d. h. Wasserstoffperoxid.<\/p>\n<p>&nbsp;<\/p>\n<h2><strong>Wann sollte Handdesinfektionsgel verwendet werden?<\/strong><\/h2>\n<p>Handdesinfektionsgels, die nicht abgesp\u00fclt werden m\u00fcssen, k\u00f6nnen in verschiedenen Situationen n\u00fctzlich sein, z. B:<\/p>\n<ul>\n<li>au\u00dferhalb der Wohnung, bei Ausfl\u00fcgen, wenn man auf der Stra\u00dfe etwas isst, nach dem Anfassen von Gegenst\u00e4nden in einem Gesch\u00e4ft;<\/li>\n<li>auf Reisen, wenn sie mit Stellen in Ber\u00fchrung kommen, die dem Publikumsverkehr ausgesetzt sind, wie z. B. in Flugzeugen, Z\u00fcgen, U-Bahnen oder Bussen;<\/li>\n<li>nach dem Toilettengang, dem Wechseln einer Windel, dem Wegwerfen von Abfall oder dem Anfassen von Schuhen;<\/li>\n<li>jedes Mal, wenn Sie sich die Nase putzen, husten oder niesen;<\/li>\n<li>vor der Behandlung einer Wunde, der Einnahme von Medikamenten und nach dem Ber\u00fchren einer kranken oder verletzten Person;<\/li>\n<li>nach Kontakt mit einem Tier, seinem Spielzeug oder seiner Leine.<\/li>\n<\/ul>\n<p>&nbsp;<\/p>\n<h2><strong>M\u00f6glichkeiten zur Desinfektion der H\u00e4nde mit Handwaschgel<\/strong><\/h2>\n<p>Die Vorgehensweise ist, wie oben erw\u00e4hnt, \u00e4hnlich wie beim H\u00e4ndewaschen mit Seife. Sie tragen eine <strong>eine kleine Menge Gel in einer Handfl\u00e4che, im Prinzip nicht mehr als eine Walnuss, aber noch weniger<\/strong>. Eine Hand wird \u00fcber die andere massiert, um das Produkt von den Fingerspitzen bis zum Handgelenk, zwischen den Fingern und unter den N\u00e4geln (wo die meisten Bakterien nisten) zu verteilen.<\/p>\n<p>Weiter geht es mit dem <strong>Reiben, auch kr\u00e4ftiges Reiben, mindestens drei\u00dfig Sekunden lang<\/strong>. Ringe und Armb\u00e4nder sollten in dieser Phase nach M\u00f6glichkeit abgenommen werden, um die bestm\u00f6gliche Desinfektion zu erm\u00f6glichen.<\/p>\n<p>Sie sollten den Vorgang beenden, wenn Sie das Gef\u00fchl haben, dass das Produkt auf Ihren H\u00e4nden getrocknet ist.<\/p>\n<p>Nach Abschluss des Verfahrens, <strong>keine Notwendigkeit, die H\u00e4nde zu sp\u00fclen<\/strong>. Es ist nicht angebracht, nach Beendigung der Gel-Desinfektion Creme oder Salben auf die H\u00e4nde aufzutragen.<\/p>\n<p>&nbsp;<\/p>\n<h2><strong>Wer stellt dieses Produkt her?<\/strong><\/h2>\n<p>Das in dieser Anzeige angebotene chemische Produkt wird von ARCO S.r.l. hergestellt.<\/p>\n<p>ARCO ist ein nach UNI EN ISO 9001: 2000 und ISO 14001 zertifiziertes Chemieunternehmen, das Produkte f\u00fcr den industriellen Reinigungs- und Desinfektionsmarkt, die Lebensmittelindustrie, die Gastronomie usw. entwickelt und herstellt.<\/p>\n<p>Die Produktion erfolgt im Werk Medolla (MO) in Italien mit einer Reihe von High-Tech-Produktionslinien. Sie erm\u00f6glichen die Herstellung von durchschnittlich 26.000 kg Waschmittel pro Tag.<\/p>\n<p>Weitere Informationen \u00fcber dieses Unternehmen finden Sie unter <a href=\"http:\/\/arcochimica.it\/chi-siamo\/\"><strong>Unternehmenswebsite<\/strong><\/a>.<\/p>","protected":false},"excerpt":{"rendered":"<p>Arco Hygi Alkoholisches Handwaschmittel Sanitising Gel 65%-75%. Antibakteriell, desinfizierend, gegen Keime und Bakterien, bakterient\u00f6tend, virenabt\u00f6tend, professionell, gegen Covid-19. Erh\u00e4ltlich in verschiedenen Verpackungsarten: 100-Milliliter-Flasche mit Verschluss, <span style=\"color: #333333;\">Spender mit 500-Milliliter-Pumpe, <\/span><span style=\"color: #333333;\">5.000-Milliliter-Kanister mit Schraubverschluss. Produkte auf Lager. Versand nach Italien inbegriffen f\u00fcr Bestellungen \u00fcber 100 Euro<\/span><\/p>","protected":false},"featured_media":642130,"template":"","meta":[],"product_brand":[],"product_cat":[1584],"product_tag":[2200,1594,1593,1592,1562,2673,1599,2677,2675,2681,2679,2676,2201,1628,1590,1629,1589,1597,1591,1596,1627,2674,1630,2680,1595,2678],"class_list":{"0":"post-163895","1":"product","2":"type-product","3":"status-publish","4":"has-post-thumbnail","6":"product_cat-dispositivi-anti-covid-19","7":"product_tag-100-ml","8":"product_tag-65-75","9":"product_tag-alcol","10":"product_tag-alcolico","11":"product_tag-anti-covid19","12":"product_tag-antibatterico","13":"product_tag-arco","14":"product_tag-battericida","15":"product_tag-contro-germi-e-batteri","16":"product_tag-coronavirus","17":"product_tag-covid19","18":"product_tag-disinfettante","19":"product_tag-dosatore","20":"product_tag-free","21":"product_tag-gel","22":"product_tag-gel-hand","23":"product_tag-hygi","24":"product_tag-igienizzante","25":"product_tag-lavamani","26":"product_tag-per-mani","27":"product_tag-rinse","28":"product_tag-sanificante","29":"product_tag-sanitizer","30":"product_tag-sarscov2","31":"product_tag-senza-risciacquo","32":"product_tag-viruricida","33":"product_shipping_class-pe","35":"first","36":"instock","37":"featured","38":"taxable","39":"shipping-taxable","40":"purchasable","41":"product-type-variable","42":"has-default-attributes"},"_links":{"self":[{"href":"https:\/\/www.elettrowebstore.com\/de\/wp-json\/wp\/v2\/product\/163895","targetHints":{"allow":["GET"]}}],"collection":[{"href":"https:\/\/www.elettrowebstore.com\/de\/wp-json\/wp\/v2\/product"}],"about":[{"href":"https:\/\/www.elettrowebstore.com\/de\/wp-json\/wp\/v2\/types\/product"}],"wp:featuredmedia":[{"embeddable":true,"href":"https:\/\/www.elettrowebstore.com\/de\/wp-json\/wp\/v2\/media\/642130"}],"wp:attachment":[{"href":"https:\/\/www.elettrowebstore.com\/de\/wp-json\/wp\/v2\/media?parent=163895"}],"wp:term":[{"taxonomy":"product_brand","embeddable":true,"href":"https:\/\/www.elettrowebstore.com\/de\/wp-json\/wp\/v2\/product_brand?post=163895"},{"taxonomy":"product_cat","embeddable":true,"href":"https:\/\/www.elettrowebstore.com\/de\/wp-json\/wp\/v2\/product_cat?post=163895"},{"taxonomy":"product_tag","embeddable":true,"href":"https:\/\/www.elettrowebstore.com\/de\/wp-json\/wp\/v2\/product_tag?post=163895"}],"curies":[{"name":"wp","href":"https:\/\/api.w.org\/{rel}","templated":true}]}}