{"id":154312,"date":"2021-11-16T18:02:58","date_gmt":"2021-11-16T17:02:58","guid":{"rendered":"https:\/\/www.elettrowebstore.com\/?post_type=product&#038;p=154312"},"modified":"2025-02-27T15:06:11","modified_gmt":"2025-02-27T14:06:11","slug":"serie-imbuti-insaccatori-per-tritacarne-reber","status":"publish","type":"product","link":"https:\/\/www.elettrowebstore.com\/de\/shop\/satz-von-drei-trichtern-zum-eintuten-mit-reber-fleischwolf-n-32-4732s\/","title":{"rendered":"Reber Fleischwolf Absacktrichter Serie"},"content":{"rendered":"<h2><strong>Reber Fleischwolf Absacktrichter Serie<\/strong><\/h2>\n<p>Eine Serie von Reber-Fleischwolf-Trichtern mit variablem Durchmesser, die die Wurstherstellung mit elektrischen und manuellen Reber-Fleischw\u00f6lfen erm\u00f6glichen. Die Trichter sind aus lebensmittelechtem Kunststoff gefertigt. Verwenden Sie das Dropdown-Men\u00fc, um die Trichterserie auszuw\u00e4hlen, die mit dem in Ihrem Besitz befindlichen Reber-Fleischwolf kompatibel ist.<\/p>\n<p>&nbsp;<\/p>\n<h2><strong>Verwendung des <\/strong><strong>Reber Fleischwolf Absacktrichter Serie<\/strong><\/h2>\n<p>Die Reber-Wursttrichter f\u00fcr Fleischw\u00f6lfe werden f\u00fcr die Herstellung von W\u00fcrsten und anderen Wurstwaren verwendet. Sie werden am Geh\u00e4use des Reber-Wolfs befestigt, indem das Messer und die Ringmutter entfernt werden. Anstelle des Tellers ist es ratsam, einen <strong>St\u00fctzkrone<\/strong> Kunststoff, nicht im Lieferumfang des Trichters enthalten und separat zu erwerben. Als Alternative zur Krone kann auch eine Platte verwendet werden, sofern sie L\u00f6cher mit einem Durchmesser von 16 mm bis 20 mm aufweist. Sobald die Trichter und die Krone oder die Platte angebracht sind, m\u00fcssen sie mit dem Schleifring verriegelt werden, indem man ihn wieder anschraubt.<\/p>\n<p>Weitere Hinweise und Empfehlungen zur Verwendung finden Sie auf der Website <a href=\"https:\/\/www.rebersrl.it\/docs\/Manuale%20d'uso%20imbuti%20insaccatori.pdf\"><strong>Benutzerhandbuch<\/strong><\/a> des Herstellers.<\/p>\n<p>Die Trichter haben unterschiedliche Auslassdurchmesser, damit verschiedene Wurstsorten hergestellt werden k\u00f6nnen. Je nach Modell des Fleischwolfs \u00e4ndert sich auch der Durchmesser des Trichterbodens. Bitte pr\u00fcfen Sie die Ma\u00dfe und die Kompatibilit\u00e4t im folgenden Abschnitt.<\/p>\n<p>&nbsp;<\/p>\n<h2><strong>Technische Merkmale, Abmessungen und Kompatibilit\u00e4t<\/strong><\/h2>\n<p>Alle Trichter sind aus lebensmittelechtem Kunststoff gefertigt. Garantierte Kompatibilit\u00e4t ausschlie\u00dflich mit elektrischen und manuellen Fleischw\u00f6lfen von Reber. Unten sind die Abmessungen und die Kompatibilit\u00e4t:<\/p>\n<ul>\n<li>Code 4017S Satz mit 3 Fleischwolf-Trichtern Nr. 5: L\u00e4nge cm 14; Bodendurchmesser cm 5,8; Auslassdurchmesser cm 1,5\/2\/2,5<\/li>\n<li>Code 4014S Satz mit 3 Fleischwolf-Trichtern Nr. 8: L\u00e4nge cm 14; Bodendurchmesser cm 7; Auslassdurchmesser cm 1,5\/2\/2,5<\/li>\n<li>Code 4306S Satz mit 2 Fleischwolf-Trichtern Nr. 10\/12: L\u00e4nge cm 12,7; Bodendurchmesser cm 7,6; Auslassdurchmesser cm 1,5\/2,5<\/li>\n<li>Code 4726S Satz mit 3 Fleischwolf-Trichtern Nr. 22: L\u00e4nge cm 14,5; Bodendurchmesser cm 8,8; Auslassdurchmesser cm 1,5\/2\/2,5<\/li>\n<li>Code 4732S Satz mit 3 Fleischwolf-Trichtern Nr. 32: L\u00e4nge cm 14,5; Bodendurchmesser cm 10,2; Auslassdurchmesser cm 1,5\/2\/2,5<\/li>\n<\/ul>\n<p>F\u00fcr weitere Informationen stehen wir Ihnen gerne zur Verf\u00fcgung <a href=\"https:\/\/www.elettrowebstore.com\/contatta-lo-staff-di-elettrowebstore\/\"><strong>kontaktieren Sie uns<\/strong><\/a>.<\/p>","protected":false},"excerpt":{"rendered":"<p>Reber Wurstf\u00fcllertrichter Serie f\u00fcr den Einsatz in elektrischen und manuellen Fleischw\u00f6lfen<\/p>","protected":false},"featured_media":9654452,"template":"","meta":[],"product_brand":[],"product_cat":[273,17,618,370],"product_tag":[1610,2848,2403,2847,1695,2114,836,750,751,2849,65,2850,1608],"class_list":{"0":"post-154312","1":"product","2":"type-product","3":"status-publish","4":"has-post-thumbnail","6":"product_cat-accessori-per-reber","7":"product_cat-casalinghi-cura-casa","8":"product_cat-tritacarne-elettrici","9":"product_cat-tritacarne-manuali","10":"product_tag-15-20-25-mm","11":"product_tag-4014s","12":"product_tag-4017s","13":"product_tag-4306s","14":"product_tag-4726s","15":"product_tag-4732s","16":"product_tag-imbuti","17":"product_tag-insaccare","18":"product_tag-insaccati","19":"product_tag-insaccatori","20":"product_tag-reber","21":"product_tag-salsicce","22":"product_tag-serie","23":"product_shipping_class-pe","25":"first","26":"instock","27":"taxable","28":"shipping-taxable","29":"purchasable","30":"product-type-variable"},"_links":{"self":[{"href":"https:\/\/www.elettrowebstore.com\/de\/wp-json\/wp\/v2\/product\/154312","targetHints":{"allow":["GET"]}}],"collection":[{"href":"https:\/\/www.elettrowebstore.com\/de\/wp-json\/wp\/v2\/product"}],"about":[{"href":"https:\/\/www.elettrowebstore.com\/de\/wp-json\/wp\/v2\/types\/product"}],"wp:featuredmedia":[{"embeddable":true,"href":"https:\/\/www.elettrowebstore.com\/de\/wp-json\/wp\/v2\/media\/9654452"}],"wp:attachment":[{"href":"https:\/\/www.elettrowebstore.com\/de\/wp-json\/wp\/v2\/media?parent=154312"}],"wp:term":[{"taxonomy":"product_brand","embeddable":true,"href":"https:\/\/www.elettrowebstore.com\/de\/wp-json\/wp\/v2\/product_brand?post=154312"},{"taxonomy":"product_cat","embeddable":true,"href":"https:\/\/www.elettrowebstore.com\/de\/wp-json\/wp\/v2\/product_cat?post=154312"},{"taxonomy":"product_tag","embeddable":true,"href":"https:\/\/www.elettrowebstore.com\/de\/wp-json\/wp\/v2\/product_tag?post=154312"}],"curies":[{"name":"wp","href":"https:\/\/api.w.org\/{rel}","templated":true}]}}