{"id":14074,"date":"2020-05-04T21:41:32","date_gmt":"2020-05-04T19:41:32","guid":{"rendered":"https:\/\/www.elettrowebstore.com\/?post_type=product&#038;p=14074"},"modified":"2021-01-18T12:44:14","modified_gmt":"2021-01-18T11:44:14","slug":"mascherine-ffp2-marchio-ce-dispositivi-di-protezione-personale-10-pezzi","status":"publish","type":"product","link":"https:\/\/www.elettrowebstore.com\/de\/shop\/ffp2-masken-ce-kennzeichnung-personliche-schutzausrustung-10-stuck\/","title":{"rendered":"FFP2-Masken CE-gekennzeichnete pers\u00f6nliche Schutzausr\u00fcstung 10 St\u00fcck"},"content":{"rendered":"<h2><strong>FFP2-Masken CE-gekennzeichnete pers\u00f6nliche Schutzausr\u00fcstung 10 St\u00fcck<br \/>\n<\/strong><\/h2>\n<p>FFP2 Masken CE-gekennzeichnete pers\u00f6nliche Schutzausr\u00fcstung 10 St\u00fcck, entwickelt f\u00fcr den professionellen Einsatz in Arbeitsumgebungen. In der Tat, diese Art von Produkt ist CE-gekennzeichnet und ist entworfen, um PSA, d.h. Pers\u00f6nliche Schutzausr\u00fcstung sein. <strong>Diese Anzeige bezieht sich auf den Kauf von 10 Masken.<\/strong><\/p>\n<p><img loading=\"lazy\" decoding=\"async\" class=\"aligncenter size-full wp-image-14016\" src=\"https:\/\/www.elettrowebstore.com\/EWS_Store\/wp-content\/uploads\/2020\/04\/mascherine-ffp2-ce-professionali-certificate-kn95-dispositivo-protezione-individuale-individual-protection-masks-ce-marked.jpg\" alt=\"FFP2 ce professionelle zertifizierte pers\u00f6nliche Schutzausr\u00fcstung Masken\" width=\"800\" height=\"340\" srcset=\"https:\/\/www.elettrowebstore.com\/EWS_Store\/wp-content\/uploads\/mascherine-ffp2-ce-professionali-certificate-kn95-dispositivo-protezione-individuale-individual-protection-masks-ce-marked.jpg 800w, https:\/\/www.elettrowebstore.com\/EWS_Store\/wp-content\/uploads\/mascherine-ffp2-ce-professionali-certificate-kn95-dispositivo-protezione-individuale-individual-protection-masks-ce-marked-600x255.jpg 600w, https:\/\/www.elettrowebstore.com\/EWS_Store\/wp-content\/uploads\/mascherine-ffp2-ce-professionali-certificate-kn95-dispositivo-protezione-individuale-individual-protection-masks-ce-marked-768x326.jpg 768w\" sizes=\"auto, (max-width: 800px) 100vw, 800px\" \/><\/p>\n<p><strong>Das obige Bild ist nur ein Anhaltspunkt<\/strong>. Produkt verf\u00fcgbar.<\/p>\n<p>&nbsp;<\/p>\n<h2><strong>Technische Daten<\/strong><\/h2>\n<ul>\n<li>Herkunftsland: Nicht-EU-L\u00e4nder.<\/li>\n<li>CE-Kennzeichnung: Gem\u00e4\u00df Gesetzesdekret 37\/2010 zur Umsetzung der Richtlinie 2007\/47\/EG, als nicht-invasives Ger\u00e4t zur vor\u00fcbergehenden Verwendung.<\/li>\n<li>Schutzklasse: FFP2, d. h. Schutz gegen Staub, Rauch und feste und fl\u00fcssige Aerosole.<\/li>\n<li>Filterrate: mindestens 94%, d.h. Partikelgr\u00f6\u00dfe bis zu 0,6 Mikrometer<\/li>\n<li>Leckagerate nach au\u00dfen: maximal 8%<\/li>\n<li>Gr\u00f6\u00dfe: Einzigartig<\/li>\n<li>Rohmaterial: Polypropylen-Vliesstoff<\/li>\n<li>Bei einer Temperatur zwischen -5\u00b0 und 40\u00b0C, in einer trockenen Umgebung lagern, nicht dem direkten Sonnenlicht aussetzen<\/li>\n<\/ul>\n<p>&nbsp;<\/p>\n<h2><strong>Pers\u00f6nliche Schutzausr\u00fcstung Gesichtsmaske. Was bedeutet das?<\/strong><\/h2>\n<p>Eine pers\u00f6nliche Schutzausr\u00fcstung, abgek\u00fcrzt PSA, ist ein Hilfsmittel, das von den Arbeitnehmern getragen werden soll. Ihr Zweck ist es, den Arbeitnehmer vor den Risiken zu sch\u00fctzen, die bei der von ihm ausgef\u00fchrten Arbeitst\u00e4tigkeit bestehen.<\/p>\n<p>Dieses Ger\u00e4t ist also obligatorisch, weil es gesetzlich vorgeschrieben ist und auf spezifischen Bestimmungen beruht.<\/p>\n<p>Die FFP2-Maske wird im Allgemeinen in Umgebungen verwendet, in denen D\u00e4mpfe oder Feinstaub vorhanden sind.<\/p>\n<p><strong>Angesichts der Viruskrise COVID-19 ist diese pers\u00f6nliche Schutzausr\u00fcstung das einzige Modell, das f\u00fcr den professionellen Einsatz zertifiziert ist.<\/strong>.<\/p>\n<p>In der Tat ist es sehr wichtig zu betonen, dass <strong>nur und ausschlie\u00dflich CE-zertifizierte PSA am Arbeitsplatz verwendet werden d\u00fcrfen<\/strong>. Um die Vorschriften einzuhalten, d\u00fcrfen keine chirurgischen Masken oder \u00e4hnliche Produkte verwendet werden.<\/p>\n<p>Die FFP2-Maske bietet au\u00dferdem einen ausgezeichneten Kompromiss zwischen der Atmungsfreiheit des Arbeitnehmers und der Filterung. Die Zertifizierung garantiert n\u00e4mlich, dass die Maske auch Viren zur\u00fcckhalten kann, falls der Arbeitnehmer mit ihnen in Kontakt kommt oder ein Virustr\u00e4ger ist, ohne dass die M\u00f6glichkeit, sicher, leise und bequem zu arbeiten, beeintr\u00e4chtigt wird.<\/p>\n<p>Sie muss nach einem Tag Gebrauch ausgetauscht werden und ist nicht waschbar. Es ist daher ratsam, den Arbeitnehmern zu Beginn jeder Schicht eine geeignete Maske zur Verf\u00fcgung zu stellen, bevor sie den Arbeitsplatz betreten.<\/p>\n<p>Andererseits,<strong> das Tragen einer Maske durch den Arbeitnehmer ist keine Option, sondern eine Pflicht<\/strong>. Dies gilt sowohl f\u00fcr den Schutz der eigenen Sicherheit als auch, anl\u00e4sslich des Coronavirus, f\u00fcr die Gesundheit der Arbeitskollegen und die Interessen des Unternehmens.<\/p>\n<p>Daher ist es wichtig, sich f\u00fcr zertifizierte Produkte zu entscheiden, auch wenn diese in der Regel mehr kosten als nicht zertifizierte Produkte oder Produkte, die keine pers\u00f6nliche Schutzausr\u00fcstung sind.<\/p>\n<p>&nbsp;<\/p>\n<h2><strong>Steuergutschrift f\u00fcr die Sanierung von Arbeitspl\u00e4tzen<\/strong><\/h2>\n<p>Dieses Produkt f\u00e4llt unter Artikel 30 des Gesetzesdekrets Nr. 23 vom 8. April 2020 und Artikel 64 des Gesetzesdekrets Nr. 18 vom 17. M\u00e4rz 2020, die die Steuergutschrift f\u00fcr den Kauf von pers\u00f6nlicher Schutzausr\u00fcstung am Arbeitsplatz regeln.<\/p>\n<p>Wenn Sie die Rechnung anfordern, ist es daher auch m\u00f6glich, die 50%-Leistung als Steuergutschrift von Ihren Steuern abzusetzen!<\/p>\n<p>F\u00fcr weitere Informationen besuchen Sie bitte <a href=\"https:\/\/www.ilsole24ore.com\/art\/cresce-l-obbligo-mascherine-ecco-sgravi-dispositivi-protezione-individuale-ADPoliI?refresh_ce=1\"><strong>Il Sole 24 Ore<\/strong><\/a> oder spezialisierte Websites.<\/p>\n<p>&nbsp;<\/p>\n<h2><strong>Lieferfrist<\/strong><\/h2>\n<p>Das Produkt ist derzeit verf\u00fcgbar.<\/p>\n<p>Dar\u00fcber hinaus sind alle Sendungen von ElettroWebStore frachtfrei!<\/p>\n<p><a href=\"https:\/\/www.elettrowebstore.com\/spedizioni-consegne-prodotti-italia-estero\/\"><img loading=\"lazy\" decoding=\"async\" class=\"aligncenter wp-image-5149 size-full\" src=\"https:\/\/www.elettrowebstore.com\/EWS_Store\/wp-content\/uploads\/2020\/04\/elettrowebstore-spedizione-con-corrieri-brt-sda-dhl_n75nxd.jpg\" alt=\"ElettroWebStore versendet mit schnellen Kurieren BRT SDA DHL\" width=\"649\" height=\"175\" srcset=\"https:\/\/www.elettrowebstore.com\/EWS_Store\/wp-content\/uploads\/elettrowebstore-spedizione-con-corrieri-brt-sda-dhl_n75nxd.jpg 649w, https:\/\/www.elettrowebstore.com\/EWS_Store\/wp-content\/uploads\/elettrowebstore-spedizione-con-corrieri-brt-sda-dhl_n75nxd-600x162.jpg 600w\" sizes=\"auto, (max-width: 649px) 100vw, 649px\" \/><\/a><\/p>\n<p>&nbsp;<\/p>\n<h2><strong>Akzeptierte Zahlungsmittel<\/strong><\/h2>\n<p><strong>Auf der Website von ElettroWebStore k\u00f6nnen Sie mit allen g\u00e4ngigen Methoden bezahlen<\/strong>sowohl internetspezifische (z. B. Prepaid-Karten) als auch traditionelle (z. B. klassische Kreditkarten).<\/p>\n<p><a href=\"https:\/\/www.elettrowebstore.com\/pagamenti-sicuri-sul-sito-elettrowebstore\/\"><img loading=\"lazy\" decoding=\"async\" class=\"aligncenter size-full wp-image-5151\" src=\"https:\/\/www.elettrowebstore.com\/EWS_Store\/wp-content\/uploads\/2020\/04\/elettrowebstore-pagamenti_berj9q.jpg\" alt=\"Auf der Website von ElettroWebStore akzeptierte Zahlungsarten\" width=\"649\" height=\"226\" srcset=\"https:\/\/www.elettrowebstore.com\/EWS_Store\/wp-content\/uploads\/elettrowebstore-pagamenti_berj9q.jpg 649w, https:\/\/www.elettrowebstore.com\/EWS_Store\/wp-content\/uploads\/elettrowebstore-pagamenti_berj9q-600x209.jpg 600w\" sizes=\"auto, (max-width: 649px) 100vw, 649px\" \/><\/a><\/p>\n<p>&nbsp;<\/p>\n<p>Alle Zahlungen werden \u00fcber die <a href=\"https:\/\/www.paypal.com\/it\/webapps\/mpp\/paypal-safety-and-security\"><strong>Paypal<\/strong><\/a>. Auch wenn Sie nicht \u00fcber Paypal verf\u00fcgen, k\u00f6nnen Sie bezahlen, ohne sich zu registrieren und Ihre Anmeldedaten zu speichern. Sie m\u00fcssen lediglich Ihre Daten auf den Paypal-Seiten eingeben.<\/p>\n<p>In keinem Fall <a href=\"http:\/\/www.elettrowebstore.com\"><strong>ElettroWebStore<\/strong><\/a> Ihre Zahlungskartendaten zu verwalten oder von ihnen Kenntnis zu erlangen. In der Tat <a href=\"http:\/\/www.elettrowebstore.com\"><strong>ElettroWebStore<\/strong><\/a> wird nur angezeigt, ob die Zahlung erfolgt ist oder nicht!<\/p>\n<p>Unsere Website verwendet HTTPS-Protokolle, die hohe Sicherheitsstandards f\u00fcr die Nutzer garantieren!<\/p>","protected":false},"excerpt":{"rendered":"<p>FFP2-Masken CE-gekennzeichnete pers\u00f6nliche Schutzausr\u00fcstung. <span style=\"color: #ff0000\"><strong>Kostenloser Versand nach Italien!<\/strong><\/span><\/p>","protected":false},"featured_media":14016,"template":"","meta":[],"product_brand":[],"product_cat":[1584,1558],"product_tag":[1564,1562,1563,1566,1561,1559,1560,1565],"class_list":{"0":"post-14074","1":"product","2":"type-product","3":"status-publish","4":"has-post-thumbnail","6":"product_cat-dispositivi-anti-covid-19","7":"product_cat-mascherine","8":"product_tag-a-marchio-ce","9":"product_tag-anti-covid19","10":"product_tag-corona-virus","11":"product_tag-dpi","12":"product_tag-ffp2","13":"product_tag-mascherina","14":"product_tag-mascherine","15":"product_tag-protezione-individuale","16":"product_shipping_class-pe","18":"first","19":"instock","20":"sale","21":"taxable","22":"shipping-taxable","23":"purchasable","24":"product-type-simple"},"_links":{"self":[{"href":"https:\/\/www.elettrowebstore.com\/de\/wp-json\/wp\/v2\/product\/14074","targetHints":{"allow":["GET"]}}],"collection":[{"href":"https:\/\/www.elettrowebstore.com\/de\/wp-json\/wp\/v2\/product"}],"about":[{"href":"https:\/\/www.elettrowebstore.com\/de\/wp-json\/wp\/v2\/types\/product"}],"wp:featuredmedia":[{"embeddable":true,"href":"https:\/\/www.elettrowebstore.com\/de\/wp-json\/wp\/v2\/media\/14016"}],"wp:attachment":[{"href":"https:\/\/www.elettrowebstore.com\/de\/wp-json\/wp\/v2\/media?parent=14074"}],"wp:term":[{"taxonomy":"product_brand","embeddable":true,"href":"https:\/\/www.elettrowebstore.com\/de\/wp-json\/wp\/v2\/product_brand?post=14074"},{"taxonomy":"product_cat","embeddable":true,"href":"https:\/\/www.elettrowebstore.com\/de\/wp-json\/wp\/v2\/product_cat?post=14074"},{"taxonomy":"product_tag","embeddable":true,"href":"https:\/\/www.elettrowebstore.com\/de\/wp-json\/wp\/v2\/product_tag?post=14074"}],"curies":[{"name":"wp","href":"https:\/\/api.w.org\/{rel}","templated":true}]}}