{"id":13516,"date":"2020-02-21T16:31:20","date_gmt":"2020-02-21T15:31:20","guid":{"rendered":"https:\/\/www.elettrowebstore.com\/?post_type=product&#038;p=13516"},"modified":"2025-09-18T17:18:08","modified_gmt":"2025-09-18T15:18:08","slug":"batteria-di-gabbie-cm-100x50-h-180-a-6-posti-mod-l51","status":"publish","type":"product","link":"https:\/\/www.elettrowebstore.com\/de\/shop\/batterie-von-6-stelligen-kafigen-100x50-h-180-cm-mod-l51\/","title":{"rendered":"Satz von 6-stelligen K\u00e4figen CM 100X50 H 180 - MOD. L51"},"content":{"rendered":"<h2><strong>Satz von 6-stelligen K\u00e4figen CM 100X50 H 180 - MOD. L51<\/strong><\/h2>\n<p>La <strong>Batterie von K\u00e4figen cm 100\u00d750 h 180 mit 6 Pl\u00e4tzen mod. L51<\/strong> ist f\u00fcr Tier\u00e4rzte und Vereine gedacht, die mehrere Tiere gleichzeitig sicher unterbringen m\u00fcssen. Er besteht aus drei Modulen mit jeweils zwei K\u00e4figen: Der erste hat Beine und R\u00e4der, die beiden anderen sind stapelbar. Bei Bedarf k\u00f6nnen die Module auch einzeln verwendet werden.<\/p>\n<p>Das erste Modul mit R\u00e4dern erm\u00f6glicht einen einfachen Transport. Die beiden anderen stapelbaren Module k\u00f6nnen entweder \u00fcbereinander montiert oder separat auf dem Boden liegend verwendet werden.<\/p>\n<p>Dieser K\u00e4fig ist vollst\u00e4ndig aus<strong> Gitter und verzinkte Bleche<\/strong>Es ist pulverbeschichtet und bei 180 Grad im Ofen geh\u00e4rtet. Es ist ein <strong>rein italienisches Produkt<\/strong>.<\/p>\n<p>Jedes Modul hat zwei K\u00e4fige mit jeweils einer eigenen T\u00fcr, die unabh\u00e4ngig voneinander ge\u00f6ffnet werden k\u00f6nnen. Die Trennw\u00e4nde zwischen den beiden K\u00e4figen des einzelnen Moduls k\u00f6nnen herausgezogen werden, um einen einzigen 100 cm breiten Raum zu schaffen.<\/p>\n<p><img loading=\"lazy\" decoding=\"async\" class=\"wp-image-13517 aligncenter\" src=\"https:\/\/www.elettrowebstore.com\/EWS_Store\/wp-content\/uploads\/2020\/04\/batteria-gabbie-cani-gatti-lamiera-6_posti-zincata-rete-L51-3.jpg\" alt=\"BATTERIE VON 6-STELLIGEN K\u00c4FIGEN 100X50 H 180 CM - MOD. L51\" width=\"647\" height=\"485\" srcset=\"https:\/\/www.elettrowebstore.com\/EWS_Store\/wp-content\/uploads\/batteria-gabbie-cani-gatti-lamiera-6_posti-zincata-rete-L51-3.jpg 800w, https:\/\/www.elettrowebstore.com\/EWS_Store\/wp-content\/uploads\/batteria-gabbie-cani-gatti-lamiera-6_posti-zincata-rete-L51-3-600x450.jpg 600w, https:\/\/www.elettrowebstore.com\/EWS_Store\/wp-content\/uploads\/batteria-gabbie-cani-gatti-lamiera-6_posti-zincata-rete-L51-3-768x576.jpg 768w\" sizes=\"auto, (max-width: 647px) 100vw, 647px\" \/><\/p>\n<p>Au\u00dferdem hat jeder einzelne K\u00e4fig am Boden ein Gitter, das das Tier von der Kotwanne trennt. Wie Sie auf den Fotos unten sehen k\u00f6nnen, k\u00f6nnen sowohl die einzelne Schale als auch das Gitter entfernt werden, wenn Sie eine bessere Reinigung durchf\u00fchren m\u00f6chten.<\/p>\n<h2><img loading=\"lazy\" decoding=\"async\" class=\"wp-image-13518 aligncenter\" src=\"https:\/\/www.elettrowebstore.com\/EWS_Store\/wp-content\/uploads\/2020\/04\/batteria-gabbie-cani-gatti-lamiera-6_posti-zincata-rete-L51-5.jpg\" alt=\"BATTERIE VON 6-STELLIGEN K\u00c4FIGEN 100X50 H 180 CM - MOD. L51\" width=\"650\" height=\"487\" srcset=\"https:\/\/www.elettrowebstore.com\/EWS_Store\/wp-content\/uploads\/batteria-gabbie-cani-gatti-lamiera-6_posti-zincata-rete-L51-5.jpg 800w, https:\/\/www.elettrowebstore.com\/EWS_Store\/wp-content\/uploads\/batteria-gabbie-cani-gatti-lamiera-6_posti-zincata-rete-L51-5-600x450.jpg 600w, https:\/\/www.elettrowebstore.com\/EWS_Store\/wp-content\/uploads\/batteria-gabbie-cani-gatti-lamiera-6_posti-zincata-rete-L51-5-768x576.jpg 768w\" sizes=\"auto, (max-width: 650px) 100vw, 650px\" \/><\/h2>\n<h2><strong>Technische Daten<\/strong><\/h2>\n<ul>\n<li>Gesamtabmessungen: 100x50x180 h cm<\/li>\n<li>Abmessungen der einzelnen K\u00e4fige: 50x50x60h<\/li>\n<li>sechs Pl\u00e4tze<\/li>\n<li>herausnehmbare Trennw\u00e4nde aus Blech<\/li>\n<li>Quadratische Maschenweite 19\u00d719 mm<\/li>\n<li>Netto-Drahtdurchmesser 1,6 mm<\/li>\n<\/ul>\n<p>&nbsp;<\/p>\n<h2><strong>Garantie<\/strong><\/h2>\n<p>Das Produkt ist abgedeckt durch <a href=\"https:\/\/www.elettrowebstore.com\/due-anni-di-garanzia-su-ogni-prodotto-acquistato\/\" target=\"_blank\" rel=\"noopener\"><strong>gesetzliche Garantie<\/strong><\/a>gem\u00e4\u00df der entsprechenden Seite auf unserer Website, die wir Sie bitten zu lesen.<\/p>\n<p>&nbsp;<\/p>\n<h2><strong>Ausschluss des Widerrufsrechts<\/strong><\/h2>\n<p>Alle auf unserer Website vorgestellten K\u00e4fige sind handgefertigt. Sie werden daher speziell f\u00fcr den Kunden, der sie kauft, zusammengestellt und versandt. Aus diesem Grund ist es nicht m\u00f6glich, beim Kauf dieser Art von Artikeln vom Widerrufsrecht Gebrauch zu machen.<\/p>\n<p>F\u00fcr weitere Informationen besuchen Sie bitte unsere Seite \u00fcber die <a href=\"https:\/\/www.elettrowebstore.com\/diritto-di-recesso-restituzione-prodotti\/\" target=\"_blank\" rel=\"noopener\"><strong>R\u00fccktrittsrecht<\/strong><\/a>.<\/p>\n<p>&nbsp;<\/p>\n<p>&nbsp;<\/p>\n<h2><strong>Lieferfrist<\/strong><\/h2>\n<p>Dieses Produkt ist derzeit NICHT verf\u00fcgbar und die Lieferzeit betr\u00e4gt 40 Arbeitstage ab dem Zeitpunkt der Zahlung. Wir verwenden keine Express-Kuriere, sondern lokale Kuriere, die mit der richtigen Sorgfalt liefern k\u00f6nnen (also keine BRT, SDA, TNT), aber werden Sie vor der Lieferung benachrichtigen.<\/p>\n<p>Au\u00dferdem sind alle Sendungen von ElettroWebStore in Italien frachtfrei (au\u00dfer f\u00fcr Sendungen in besonders ung\u00fcnstige Gebiete)!<\/p>\n<p>Wenn Sie von au\u00dferhalb Italiens kaufen, berechnet das System pauschale Versandkosten. Wenn Sie feststellen, dass die Versandkosten im Verh\u00e4ltnis zum Gewicht des von Ihnen gew\u00e4hlten Produkts zu hoch oder unverh\u00e4ltnism\u00e4\u00dfig erscheinen, schlie\u00dfen Sie Ihre Bestellung ab, ohne zu bezahlen und <a href=\"https:\/\/www.elettrowebstore.com\/contatta-lo-staff-di-elettrowebstore\/\"><strong>kontaktieren Sie uns<\/strong><\/a>! Wir werden die Versandkosten im Ausland pr\u00fcfen und ggf. anpassen!<\/p>\n<p><a href=\"https:\/\/www.elettrowebstore.com\/spedizioni-consegne-prodotti-italia-estero\/\"><img loading=\"lazy\" decoding=\"async\" class=\"aligncenter wp-image-5149 size-full\" src=\"https:\/\/www.elettrowebstore.com\/EWS_Store\/wp-content\/uploads\/2020\/04\/elettrowebstore-spedizione-con-corrieri-brt-sda-dhl_n75nxd.jpg\" alt=\"ElettroWebStore versendet mit schnellen Kurieren BRT SDA DHL\" width=\"649\" height=\"175\" srcset=\"https:\/\/www.elettrowebstore.com\/EWS_Store\/wp-content\/uploads\/elettrowebstore-spedizione-con-corrieri-brt-sda-dhl_n75nxd.jpg 649w, https:\/\/www.elettrowebstore.com\/EWS_Store\/wp-content\/uploads\/elettrowebstore-spedizione-con-corrieri-brt-sda-dhl_n75nxd-600x162.jpg 600w\" sizes=\"auto, (max-width: 649px) 100vw, 649px\" \/><\/a><\/p>\n<p>&nbsp;<\/p>\n<h2><strong>Akzeptierte Zahlungsmittel<\/strong><\/h2>\n<p><strong>Auf der Website von ElettroWebStore k\u00f6nnen Sie mit allen g\u00e4ngigen Methoden bezahlen<\/strong>sowohl internetspezifische (z. B. Prepaid-Karten) als auch traditionelle (z. B. klassische Kreditkarten).<\/p>\n<p><a href=\"https:\/\/www.elettrowebstore.com\/pagamenti-sicuri-sul-sito-elettrowebstore\/\"><img loading=\"lazy\" decoding=\"async\" class=\"aligncenter size-full wp-image-5151\" src=\"https:\/\/www.elettrowebstore.com\/EWS_Store\/wp-content\/uploads\/2020\/04\/elettrowebstore-pagamenti_berj9q.jpg\" alt=\"Auf der Website von ElettroWebStore akzeptierte Zahlungsarten\" width=\"649\" height=\"226\" srcset=\"https:\/\/www.elettrowebstore.com\/EWS_Store\/wp-content\/uploads\/elettrowebstore-pagamenti_berj9q.jpg 649w, https:\/\/www.elettrowebstore.com\/EWS_Store\/wp-content\/uploads\/elettrowebstore-pagamenti_berj9q-600x209.jpg 600w\" sizes=\"auto, (max-width: 649px) 100vw, 649px\" \/><\/a><\/p>\n<p>&nbsp;<\/p>\n<p>Alle Zahlungen werden abgewickelt \u00fcber <a href=\"https:\/\/www.paypal.com\/it\/webapps\/mpp\/paypal-safety-and-security\"><strong>Paypal<\/strong><\/a>. Auch wenn Sie kein Paypal haben, k\u00f6nnen Sie bezahlen, ohne sich zu registrieren und Ihre Zugangsdaten zu speichern. Sie m\u00fcssen lediglich Ihre Daten in die entsprechenden Felder eingeben. Das System ist verschl\u00fcsselt und gesch\u00fctzt und Ihre Daten werden in keiner Weise an ElettroWebStore weitergegeben. ElettroWebStore kann nur sehen, ob Ihre Zahlung erfolgt ist oder nicht, und nur die Informationen, die Sie eingeben wollen!<\/p>\n<p>In keinem Fall <a href=\"http:\/\/www.elettrowebstore.com\"><strong>ElettroWebStore<\/strong><\/a> Ihre Zahlungskartendaten zu verwalten oder von ihnen Kenntnis zu erlangen. In der Tat <a href=\"http:\/\/www.elettrowebstore.com\"><strong>ElettroWebStore<\/strong><\/a> wird nur angezeigt, ob die Zahlung erfolgt ist oder nicht!<\/p>\n<p>Unsere Website verwendet HTTPS-Protokolle, die hohe Sicherheitsstandards f\u00fcr die Nutzer garantieren!<\/p>","protected":false},"excerpt":{"rendered":"<p><strong>Satz von K\u00e4figen CM 100X50 H 180 mit 6 Pl\u00e4tzen - MOD. L51 cm 100x50x180 6 Pl\u00e4tze Art. L51. <span style=\"color: #ed1c24;\">Die Lieferungen werden ab September 2021 wieder aufgenommen.<\/span><br \/>\n<\/strong><\/p>","protected":false},"featured_media":13520,"template":"","meta":[],"product_brand":[],"product_cat":[975],"product_tag":[1428,667,296,982,42,1427,1426,979],"class_list":{"0":"post-13516","1":"product","2":"type-product","3":"status-publish","4":"has-post-thumbnail","6":"product_cat-articoli-per-animali","7":"product_tag-6-posti","8":"product_tag-animali","9":"product_tag-batteria","10":"product_tag-cani","11":"product_tag-gabbia","12":"product_tag-gabbie","13":"product_tag-gatti","14":"product_tag-lamiera","15":"product_shipping_class-garden","17":"first","18":"instock","19":"taxable","20":"shipping-taxable","21":"purchasable","22":"product-type-simple"},"_links":{"self":[{"href":"https:\/\/www.elettrowebstore.com\/de\/wp-json\/wp\/v2\/product\/13516","targetHints":{"allow":["GET"]}}],"collection":[{"href":"https:\/\/www.elettrowebstore.com\/de\/wp-json\/wp\/v2\/product"}],"about":[{"href":"https:\/\/www.elettrowebstore.com\/de\/wp-json\/wp\/v2\/types\/product"}],"wp:featuredmedia":[{"embeddable":true,"href":"https:\/\/www.elettrowebstore.com\/de\/wp-json\/wp\/v2\/media\/13520"}],"wp:attachment":[{"href":"https:\/\/www.elettrowebstore.com\/de\/wp-json\/wp\/v2\/media?parent=13516"}],"wp:term":[{"taxonomy":"product_brand","embeddable":true,"href":"https:\/\/www.elettrowebstore.com\/de\/wp-json\/wp\/v2\/product_brand?post=13516"},{"taxonomy":"product_cat","embeddable":true,"href":"https:\/\/www.elettrowebstore.com\/de\/wp-json\/wp\/v2\/product_cat?post=13516"},{"taxonomy":"product_tag","embeddable":true,"href":"https:\/\/www.elettrowebstore.com\/de\/wp-json\/wp\/v2\/product_tag?post=13516"}],"curies":[{"name":"wp","href":"https:\/\/api.w.org\/{rel}","templated":true}]}}