{"id":12984,"date":"2020-02-13T17:53:08","date_gmt":"2020-02-13T16:53:08","guid":{"rendered":"https:\/\/www.elettrowebstore.com\/?post_type=product&#038;p=12984"},"modified":"2021-06-14T19:22:25","modified_gmt":"2021-06-14T17:22:25","slug":"riempibottiglie-con-erogatore-a-valvola","status":"publish","type":"product","link":"https:\/\/www.elettrowebstore.com\/de\/shop\/flaschenfuller-mit-ventilspender\/","title":{"rendered":"Flaschenf\u00fcller mit Ventilspender"},"content":{"rendered":"<h2><strong>Flaschenf\u00fcller mit Ventilspender<\/strong><\/h2>\n<p>Die <strong>Flaschenf\u00fcller mit Ventilspender<\/strong> ist eine Schale aus Kunststoff, die f\u00fcr den Kontakt mit Lebensmitteln geeignet ist, mit <strong>Fassungsverm\u00f6gen 16 Liter<\/strong>. Dies ist die ideale L\u00f6sung, um Tomatenso\u00dfe in Flaschen oder Gl\u00e4ser abzuf\u00fcllen. In der Tat, mit diesem Flaschenf\u00fcller <strong>die Abf\u00fcllzeiten werden erheblich verk\u00fcrzt<\/strong>.<\/p>\n<p>&nbsp;<\/p>\n<p><img loading=\"lazy\" decoding=\"async\" class=\"size-full wp-image-12987 aligncenter\" src=\"https:\/\/www.elettrowebstore.com\/EWS_Store\/wp-content\/uploads\/2020\/04\/Riempibottiglie-con-erogatore-a-valvola-01.jpg\" alt=\"Flaschenf\u00fcller mit Ventilspender\" width=\"800\" height=\"600\" srcset=\"https:\/\/www.elettrowebstore.com\/EWS_Store\/wp-content\/uploads\/Riempibottiglie-con-erogatore-a-valvola-01.jpg 800w, https:\/\/www.elettrowebstore.com\/EWS_Store\/wp-content\/uploads\/Riempibottiglie-con-erogatore-a-valvola-01-600x450.jpg 600w, https:\/\/www.elettrowebstore.com\/EWS_Store\/wp-content\/uploads\/Riempibottiglie-con-erogatore-a-valvola-01-768x576.jpg 768w\" sizes=\"auto, (max-width: 800px) 100vw, 800px\" \/><\/p>\n<p>&nbsp;<\/p>\n<h2><strong>Technische Merkmale des <\/strong><strong>Flaschenf\u00fcller mit Ventilspender<\/strong><\/h2>\n<p>Im Folgenden werden die Merkmale der <strong>Flaschenf\u00fcller mit Ventilspender<\/strong>:<\/p>\n<ul>\n<li>Kunststoffkonstruktion f\u00fcr den Kontakt mit Lebensmitteln geeignet<\/li>\n<li>Fassungsverm\u00f6gen: 16 Liter<\/li>\n<li>inklusive Ventild\u00fcse<\/li>\n<li>Durchmesser der Flaschenabf\u00fcllschale (von Kante zu Kante): 42 cm.<\/li>\n<li>Durchmesser des Flascheneinf\u00fcllschachts (innen): 37 cm.<\/li>\n<li>H\u00f6he der Flaschenablage: 21 cm.<\/li>\n<li>Lochdurchmesser im Inneren der Flaschenf\u00fcllschale: cm. 3,5<\/li>\n<li>Durchmesser der Ventild\u00fcse: cm. 4.3<\/li>\n<li>L\u00e4nge der Ventild\u00fcse: 7 cm<\/li>\n<li>Gewicht der Flaschenabf\u00fcllschale und des Ventilspenders: kg 0,47<\/li>\n<\/ul>\n<p><img loading=\"lazy\" decoding=\"async\" class=\"size-large wp-image-13184 aligncenter\" src=\"https:\/\/www.elettrowebstore.com\/EWS_Store\/wp-content\/uploads\/2020\/04\/riempibottiglia-erogatore_a_valcola-erogatore-pomodoro-conserva_di_pomodoro-bottiglie-2.jpg\" alt=\"Flaschenf\u00fcller mit Ventilspender\" width=\"800\" height=\"600\" srcset=\"https:\/\/www.elettrowebstore.com\/EWS_Store\/wp-content\/uploads\/riempibottiglia-erogatore_a_valcola-erogatore-pomodoro-conserva_di_pomodoro-bottiglie-2.jpg 800w, https:\/\/www.elettrowebstore.com\/EWS_Store\/wp-content\/uploads\/riempibottiglia-erogatore_a_valcola-erogatore-pomodoro-conserva_di_pomodoro-bottiglie-2-600x450.jpg 600w, https:\/\/www.elettrowebstore.com\/EWS_Store\/wp-content\/uploads\/riempibottiglia-erogatore_a_valcola-erogatore-pomodoro-conserva_di_pomodoro-bottiglie-2-768x576.jpg 768w\" sizes=\"auto, (max-width: 800px) 100vw, 800px\" \/><\/p>\n<h2><strong>Beschreibung<\/strong><\/h2>\n<p>Die <strong>Flaschenf\u00fcller mit Ventilspender<\/strong> ist eine Schale aus Kunststoff, die f\u00fcr den Kontakt mit Lebensmitteln geeignet ist, mit <strong>Fassungsverm\u00f6gen 16 Liter<\/strong>. Dies ist die ideale L\u00f6sung, um Tomatenso\u00dfe in Flaschen oder Gl\u00e4ser abzuf\u00fcllen. In der Tat, mit diesem Flaschenf\u00fcller <strong>die Abf\u00fcllzeiten werden erheblich verk\u00fcrzt<\/strong>.<\/p>\n<p><strong>Die Verwendung des Produkts ist sehr einfach<\/strong>. Nach der Herstellung der Tomatensauce, z. B. mit <a href=\"https:\/\/www.elettrowebstore.com\/shop\/reber-spremipomodoro-elettrico-n-5-hp-040-500-watt-9004n\/\"><strong>REBER Elektrische Tomatenpresse n.5 HP 0.40 500 Watt 9004N<\/strong><\/a>Wenn die Flaschen oder Gl\u00e4ser voll sind, wird das Becken mit So\u00dfe gef\u00fcllt; auf dem Boden des Beckens wird eine Platte mit den zu f\u00fcllenden Flaschen oder Gl\u00e4sern aufgestellt; dann wird der Spender in die Flaschen oder Gl\u00e4ser eingesetzt und die Vorrichtung angehoben; wenn die Flaschen oder Gl\u00e4ser voll sind, muss das Ventil des Spenders gel\u00f6st werden, damit die So\u00dfe nicht aus dem Becken flie\u00dft.<\/p>\n<p><img loading=\"lazy\" decoding=\"async\" class=\"size-large wp-image-13174 aligncenter\" src=\"https:\/\/www.elettrowebstore.com\/EWS_Store\/wp-content\/uploads\/2020\/04\/riempibottiglia-erogatore_a_valcola-erogatore-pomodoro-conserva_di_pomodoro-bottiglie-4.jpg\" alt=\"Flaschenf\u00fcller mit Ventilspender\" width=\"600\" height=\"800\" \/><\/p>\n<h2><strong>Garantie<\/strong><\/h2>\n<p>Das Produkt ist abgedeckt durch <a href=\"https:\/\/www.elettrowebstore.com\/due-anni-di-garanzia-su-ogni-prodotto-acquistato\/\"><strong>gesetzliche Garantie<\/strong><\/a>gem\u00e4\u00df der entsprechenden Seite auf unserer Website, die wir Sie bitten zu lesen. Wir bieten auch klare Informationen \u00fcber die Aus\u00fcbung der <a href=\"https:\/\/www.elettrowebstore.com\/diritto-di-recesso-restituzione-prodotti\/\"><strong>R\u00fccktrittsrecht<\/strong><\/a>.<\/p>\n<p>Um die Aus\u00fcbung dieses Rechts zu erleichtern, stellt der Hersteller im ganzen Land autorisierte Zentren f\u00fcr technische Unterst\u00fctzung zur Verf\u00fcgung.<\/p>\n<p>Weitere Informationen zu den einschl\u00e4gigen Rechtsvorschriften finden Sie auf der Website der<a href=\"http:\/\/www.agcm.it\/consumatore\/decalogo\/5102-garanzia-del-venditore-guida-per-il-consumatore.html\"><strong>Beh\u00f6rde f\u00fcr Wettbewerb und Markt<\/strong><\/a>.<\/p>\n<p>Um die Qualit\u00e4t des Produkts zu verbessern, beh\u00e4lt sich der Hersteller das Recht vor, die Materialien und technischen Merkmale des Artikels ohne vorherige Ank\u00fcndigung zu \u00e4ndern.  Dar\u00fcber hinaus sind die Beschreibungen und Bilder hier angegeben sind daher indikativ und kann leicht von dem Endprodukt abweichen.<\/p>\n<p>&nbsp;<\/p>\n<h2><strong>Lieferfrist<\/strong><\/h2>\n<p>Dieses Produkt ist immer zur sofortigen Lieferung verf\u00fcgbar. In der Tat kann es sofort bestellt werden und wird von ElettroWebStore innerhalb von 2 Werktagen ab dem Kaufdatum versandt.<\/p>\n<p>Dar\u00fcber hinaus sind alle Sendungen von ElettroWebStore frachtfrei!<\/p>\n<p><a href=\"https:\/\/www.elettrowebstore.com\/spedizioni-consegne-prodotti-italia-estero\/\"><img loading=\"lazy\" decoding=\"async\" class=\"aligncenter wp-image-5149 size-full\" src=\"https:\/\/www.elettrowebstore.com\/EWS_Store\/wp-content\/uploads\/2020\/04\/elettrowebstore-spedizione-con-corrieri-brt-sda-dhl_n75nxd.jpg\" alt=\"ElettroWebStore versendet mit schnellen Kurieren BRT SDA DHL\" width=\"649\" height=\"175\" srcset=\"https:\/\/www.elettrowebstore.com\/EWS_Store\/wp-content\/uploads\/elettrowebstore-spedizione-con-corrieri-brt-sda-dhl_n75nxd.jpg 649w, https:\/\/www.elettrowebstore.com\/EWS_Store\/wp-content\/uploads\/elettrowebstore-spedizione-con-corrieri-brt-sda-dhl_n75nxd-600x162.jpg 600w\" sizes=\"auto, (max-width: 649px) 100vw, 649px\" \/><\/a><\/p>\n<p>&nbsp;<\/p>\n<h2><strong>Akzeptierte Zahlungsmittel<\/strong><\/h2>\n<p><strong>Auf der Website von ElettroWebStore k\u00f6nnen Sie mit allen g\u00e4ngigen Methoden bezahlen<\/strong>sowohl internetspezifische (z. B. Prepaid-Karten) als auch traditionelle (z. B. klassische Kreditkarten).<\/p>\n<p><a href=\"https:\/\/www.elettrowebstore.com\/pagamenti-sicuri-sul-sito-elettrowebstore\/\"><img loading=\"lazy\" decoding=\"async\" class=\"aligncenter size-full wp-image-5151\" src=\"https:\/\/www.elettrowebstore.com\/EWS_Store\/wp-content\/uploads\/2020\/04\/elettrowebstore-pagamenti_berj9q.jpg\" alt=\"Auf der Website von ElettroWebStore akzeptierte Zahlungsarten\" width=\"649\" height=\"226\" srcset=\"https:\/\/www.elettrowebstore.com\/EWS_Store\/wp-content\/uploads\/elettrowebstore-pagamenti_berj9q.jpg 649w, https:\/\/www.elettrowebstore.com\/EWS_Store\/wp-content\/uploads\/elettrowebstore-pagamenti_berj9q-600x209.jpg 600w\" sizes=\"auto, (max-width: 649px) 100vw, 649px\" \/><\/a><\/p>\n<p>&nbsp;<\/p>\n<p>Alle Zahlungen werden \u00fcber die <a href=\"https:\/\/www.paypal.com\/it\/webapps\/mpp\/paypal-safety-and-security\"><strong>Paypal<\/strong><\/a>. Auch wenn Sie nicht \u00fcber Paypal verf\u00fcgen, k\u00f6nnen Sie bezahlen, ohne sich zu registrieren und Ihre Anmeldedaten zu speichern. Sie m\u00fcssen lediglich Ihre Daten auf den Paypal-Seiten eingeben.<\/p>\n<p>In keinem Fall <a href=\"http:\/\/www.elettrowebstore.com\"><strong>ElettroWebStore<\/strong><\/a> Ihre Zahlungskartendaten zu verwalten oder von ihnen Kenntnis zu erlangen. In der Tat <a href=\"http:\/\/www.elettrowebstore.com\"><strong>ElettroWebStore<\/strong><\/a> wird nur angezeigt, ob die Zahlung erfolgt ist oder nicht!<\/p>\n<p>Unsere Website verwendet HTTPS-Protokolle, die hohe Sicherheitsstandards f\u00fcr die Nutzer garantieren!<\/p>","protected":false},"excerpt":{"rendered":"<p>Der Flaschenf\u00fcller mit Ventilspender ist ein Beh\u00e4lter aus lebensmittelechtem Kunststoff mit einem Fassungsverm\u00f6gen von 16 Litern. <span style=\"color: #ed1c24\"><strong>Kostenloser Versand!<\/strong><\/span><\/p>","protected":false},"featured_media":12987,"template":"","meta":[],"product_brand":[],"product_cat":[273,17],"product_tag":[1386,1387,1388,347,1385,1384,1383,1008],"class_list":{"0":"post-12984","1":"product","2":"type-product","3":"status-publish","4":"has-post-thumbnail","6":"product_cat-accessori-per-reber","7":"product_cat-casalinghi-cura-casa","8":"product_tag-bottiglie","9":"product_tag-erogatore","10":"product_tag-erogatore-a-valvola","11":"product_tag-pomodoro","12":"product_tag-riempi","13":"product_tag-riempibottiglia","14":"product_tag-riempibottiglie","15":"product_tag-salsa","17":"first","18":"outofstock","19":"sale","20":"taxable","21":"shipping-taxable","22":"purchasable","23":"product-type-simple"},"_links":{"self":[{"href":"https:\/\/www.elettrowebstore.com\/de\/wp-json\/wp\/v2\/product\/12984","targetHints":{"allow":["GET"]}}],"collection":[{"href":"https:\/\/www.elettrowebstore.com\/de\/wp-json\/wp\/v2\/product"}],"about":[{"href":"https:\/\/www.elettrowebstore.com\/de\/wp-json\/wp\/v2\/types\/product"}],"wp:featuredmedia":[{"embeddable":true,"href":"https:\/\/www.elettrowebstore.com\/de\/wp-json\/wp\/v2\/media\/12987"}],"wp:attachment":[{"href":"https:\/\/www.elettrowebstore.com\/de\/wp-json\/wp\/v2\/media?parent=12984"}],"wp:term":[{"taxonomy":"product_brand","embeddable":true,"href":"https:\/\/www.elettrowebstore.com\/de\/wp-json\/wp\/v2\/product_brand?post=12984"},{"taxonomy":"product_cat","embeddable":true,"href":"https:\/\/www.elettrowebstore.com\/de\/wp-json\/wp\/v2\/product_cat?post=12984"},{"taxonomy":"product_tag","embeddable":true,"href":"https:\/\/www.elettrowebstore.com\/de\/wp-json\/wp\/v2\/product_tag?post=12984"}],"curies":[{"name":"wp","href":"https:\/\/api.w.org\/{rel}","templated":true}]}}